{"id":1231,"date":"2013-03-18T14:15:59","date_gmt":"2013-03-18T11:15:59","guid":{"rendered":"https:\/\/blogi.eoppimispalvelut.fi\/elavalappi\/?page_id=1231"},"modified":"2014-09-08T14:51:45","modified_gmt":"2014-09-08T11:51:45","slug":"kauppakeskuksen-verkkokauppa","status":"publish","type":"page","link":"https:\/\/blogi.eoppimispalvelut.fi\/elavalappi\/ideoi-ja-kehita\/yhteistyo-rajalla-pa-gransen-kauppakeskuksen-kanssa\/kauppakeskuksen-verkkokauppa\/","title":{"rendered":"Kauppakeskuksen verkkokauppa"},"content":{"rendered":"<p>Osallistu kehitt\u00e4m\u00e4\u00e4n kauppakeskuksen verkkokauppaa! Kerro, mit\u00e4 ominaisuuksia tai toivomuksia sinulla olisi kauppakeskuksen verkkokaupalle? (Esim. laaja valikoima tuotteita, ajanvaraus mahdollisuuksia, erikoistuotteita, lahjalistapalvelu, miten haluaisit toimituksen tms&#8230;?) Kommentoi ja anna palaa mit\u00e4 vain mieleen tulee!<\/p>\n<p><a href=\"https:\/\/blogi.eoppimispalvelut.fi\/elavalappi\/files\/2012\/10\/kuplarivi.png\"><img loading=\"lazy\" decoding=\"async\" class=\"aligncenter size-full wp-image-1082\" alt=\"kuplarivi\" src=\"https:\/\/blogi.eoppimispalvelut.fi\/elavalappi\/files\/2012\/10\/kuplarivi.png\" width=\"3644\" height=\"200\" srcset=\"https:\/\/blogi.eoppimispalvelut.fi\/elavalappi\/files\/2012\/10\/kuplarivi.png 3644w, https:\/\/blogi.eoppimispalvelut.fi\/elavalappi\/files\/2012\/10\/kuplarivi-300x16.png 300w, https:\/\/blogi.eoppimispalvelut.fi\/elavalappi\/files\/2012\/10\/kuplarivi-1024x56.png 1024w\" sizes=\"auto, (max-width: 3644px) 100vw, 3644px\" \/><\/a><\/p>\n","protected":false},"excerpt":{"rendered":"<p>Osallistu kehitt\u00e4m\u00e4\u00e4n kauppakeskuksen verkkokauppaa! Kerro, mit\u00e4 ominaisuuksia tai toivomuksia sinulla olisi kauppakeskuksen verkkokaupalle? (Esim. laaja valikoima tuotteita, ajanvaraus mahdollisuuksia, erikoistuotteita, lahjalistapalvelu, miten haluaisit toimituksen tms&#8230;?) Kommentoi ja anna palaa mit\u00e4 vain mieleen tulee!<\/p>\n","protected":false},"author":643,"featured_media":0,"parent":1462,"menu_order":2,"comment_status":"open","ping_status":"closed","template":"","meta":{"footnotes":""},"class_list":["post-1231","page","type-page","status-publish","hentry"],"_links":{"self":[{"href":"https:\/\/blogi.eoppimispalvelut.fi\/elavalappi\/wp-json\/wp\/v2\/pages\/1231","targetHints":{"allow":["GET"]}}],"collection":[{"href":"https:\/\/blogi.eoppimispalvelut.fi\/elavalappi\/wp-json\/wp\/v2\/pages"}],"about":[{"href":"https:\/\/blogi.eoppimispalvelut.fi\/elavalappi\/wp-json\/wp\/v2\/types\/page"}],"author":[{"embeddable":true,"href":"https:\/\/blogi.eoppimispalvelut.fi\/elavalappi\/wp-json\/wp\/v2\/users\/643"}],"replies":[{"embeddable":true,"href":"https:\/\/blogi.eoppimispalvelut.fi\/elavalappi\/wp-json\/wp\/v2\/comments?post=1231"}],"version-history":[{"count":1,"href":"https:\/\/blogi.eoppimispalvelut.fi\/elavalappi\/wp-json\/wp\/v2\/pages\/1231\/revisions"}],"predecessor-version":[{"id":1232,"href":"https:\/\/blogi.eoppimispalvelut.fi\/elavalappi\/wp-json\/wp\/v2\/pages\/1231\/revisions\/1232"}],"up":[{"embeddable":true,"href":"https:\/\/blogi.eoppimispalvelut.fi\/elavalappi\/wp-json\/wp\/v2\/pages\/1462"}],"wp:attachment":[{"href":"https:\/\/blogi.eoppimispalvelut.fi\/elavalappi\/wp-json\/wp\/v2\/media?parent=1231"}],"curies":[{"name":"wp","href":"https:\/\/api.w.org\/{rel}","templated":true}]}}