{"id":1298,"date":"2013-05-14T09:19:08","date_gmt":"2013-05-14T06:19:08","guid":{"rendered":"https:\/\/blogi.eoppimispalvelut.fi\/elavalappi\/?page_id=1298"},"modified":"2014-09-08T14:47:33","modified_gmt":"2014-09-08T11:47:33","slug":"julkaisu","status":"publish","type":"page","link":"https:\/\/blogi.eoppimispalvelut.fi\/elavalappi\/julkaisuja\/julkaisu\/","title":{"rendered":"Tee-se-itse-YHDESS\u00c4"},"content":{"rendered":"<p>Mist\u00e4 on El\u00e4v\u00e4 Lappi tehty?\u00a0Mist\u00e4 on El\u00e4v\u00e4 Lappi tehty? K\u00e4ytt\u00e4j\u00e4l\u00e4ht\u00f6isyydest\u00e4, yhteiskehitt\u00e4misest\u00e4, avoimesta innovaatiosta. Niist\u00e4 on El\u00e4v\u00e4 Lappi tehty!<\/p>\n<p><a href=\"http:\/\/urn.fi\/URN:ISBN:978-952-5897-58-6\" target=\"_blank\">Lataa El\u00e4v\u00e4 Lappi -hankkeen loppujulkaisu omaksesi verkosta!<\/a><\/p>\n<p style=\"text-align: center\"><a href=\"https:\/\/blogi.eoppimispalvelut.fi\/elavalappi\/files\/2013\/05\/kansi.jpg\"><img loading=\"lazy\" decoding=\"async\" class=\"aligncenter  wp-image-1299\" alt=\"kansi\" src=\"https:\/\/blogi.eoppimispalvelut.fi\/elavalappi\/files\/2013\/05\/kansi.jpg\" width=\"374\" height=\"532\" srcset=\"https:\/\/blogi.eoppimispalvelut.fi\/elavalappi\/files\/2013\/05\/kansi.jpg 1040w, https:\/\/blogi.eoppimispalvelut.fi\/elavalappi\/files\/2013\/05\/kansi-211x300.jpg 211w, https:\/\/blogi.eoppimispalvelut.fi\/elavalappi\/files\/2013\/05\/kansi-721x1024.jpg 721w\" sizes=\"auto, (max-width: 374px) 100vw, 374px\" \/><\/a><\/p>\n","protected":false},"excerpt":{"rendered":"<p>Mist\u00e4 on El\u00e4v\u00e4 Lappi tehty?\u00a0Mist\u00e4 on El\u00e4v\u00e4 Lappi tehty? K\u00e4ytt\u00e4j\u00e4l\u00e4ht\u00f6isyydest\u00e4, yhteiskehitt\u00e4misest\u00e4, avoimesta innovaatiosta. Niist\u00e4 on El\u00e4v\u00e4 Lappi tehty! Lataa El\u00e4v\u00e4 Lappi -hankkeen loppujulkaisu omaksesi verkosta!<\/p>\n","protected":false},"author":643,"featured_media":0,"parent":1459,"menu_order":2,"comment_status":"open","ping_status":"closed","template":"","meta":{"footnotes":""},"class_list":["post-1298","page","type-page","status-publish","hentry"],"_links":{"self":[{"href":"https:\/\/blogi.eoppimispalvelut.fi\/elavalappi\/wp-json\/wp\/v2\/pages\/1298","targetHints":{"allow":["GET"]}}],"collection":[{"href":"https:\/\/blogi.eoppimispalvelut.fi\/elavalappi\/wp-json\/wp\/v2\/pages"}],"about":[{"href":"https:\/\/blogi.eoppimispalvelut.fi\/elavalappi\/wp-json\/wp\/v2\/types\/page"}],"author":[{"embeddable":true,"href":"https:\/\/blogi.eoppimispalvelut.fi\/elavalappi\/wp-json\/wp\/v2\/users\/643"}],"replies":[{"embeddable":true,"href":"https:\/\/blogi.eoppimispalvelut.fi\/elavalappi\/wp-json\/wp\/v2\/comments?post=1298"}],"version-history":[{"count":7,"href":"https:\/\/blogi.eoppimispalvelut.fi\/elavalappi\/wp-json\/wp\/v2\/pages\/1298\/revisions"}],"predecessor-version":[{"id":1461,"href":"https:\/\/blogi.eoppimispalvelut.fi\/elavalappi\/wp-json\/wp\/v2\/pages\/1298\/revisions\/1461"}],"up":[{"embeddable":true,"href":"https:\/\/blogi.eoppimispalvelut.fi\/elavalappi\/wp-json\/wp\/v2\/pages\/1459"}],"wp:attachment":[{"href":"https:\/\/blogi.eoppimispalvelut.fi\/elavalappi\/wp-json\/wp\/v2\/media?parent=1298"}],"curies":[{"name":"wp","href":"https:\/\/api.w.org\/{rel}","templated":true}]}}