{"id":1331,"date":"2013-08-07T21:19:22","date_gmt":"2013-08-07T18:19:22","guid":{"rendered":"https:\/\/blogi.eoppimispalvelut.fi\/elavalappi\/?page_id=1331"},"modified":"2014-09-08T14:37:14","modified_gmt":"2014-09-08T11:37:14","slug":"innovaatioseminaari","status":"publish","type":"page","link":"https:\/\/blogi.eoppimispalvelut.fi\/elavalappi\/about\/innovaatioseminaari\/","title":{"rendered":"Innovaatioseminaari"},"content":{"rendered":"<p>El\u00e4v\u00e4 Lappi -hankkeen innovaatioseminaari tarjosi oivalluksia ideointiin.<\/p>\n<p>Tiistaina 7.5.2013 j\u00e4rjestetyss\u00e4 <a title=\"El\u00e4v\u00e4 Lappi -hankkeen loppuseminaarissa\" href=\"https:\/\/blogi.eoppimispalvelut.fi\/elavalappi\/2013\/05\/14\/innovaatioseminaari-tarjosi-oivalluksia-ideointiin-alan-huipuilta\/\">El\u00e4v\u00e4 Lappi -hankkeen loppuseminaarissa<\/a> keskeisen\u00e4 teemana oli innovaatiot.<\/p>\n<p>Erilaisia tapoja innovoida ja oivaltaa tarjosivat muun muassa Jyrki Vanamo, joka on ollut j\u00e4rjest\u00e4m\u00e4ss\u00e4 huimaan suosioon noussutta Ravintolap\u00e4iv\u00e4-tapahtumaa, sek\u00e4 ideoija ja oivalluttaja Reetta Koski Ideakoski Ky:st\u00e4.<\/p>\n<p>Osana seminaariohjelmaa j\u00e4rjestettiin my\u00f6s talk show, jossa \u00e4\u00e4neen p\u00e4\u00e4siv\u00e4t El\u00e4v\u00e4 Lappi -hankkeen eri osapuolten edustajat &#8211; k\u00e4ytt\u00e4j\u00e4, kehitt\u00e4j\u00e4, hy\u00f6dynt\u00e4j\u00e4, mahdollistaja. Talk show&#8217;n osallistujina n\u00e4htiin Rajalla P\u00e5 Gr\u00e4nsen -kauppakeskuksen johtaja Jukka Korpim\u00e4ki, Team Botnian toimitusjohtaja Risto Alaheikka, palvelumuotoilun ja yhteiskehitt\u00e4misen asiantuntija Essi Kuure Lapin yliopistosta sek\u00e4 opiskelijat Heidi Pikkuhookana (KTAMK) ja Miika Tuominen (RAMK).<\/p>\n<p>Kiitokset aktiivisille osallistujille! Seminaari oli onnistunut &#8211; t\u00e4ynn\u00e4 intoa, innovaatioita ja yhteisty\u00f6t\u00e4!<\/p>\n<p><iframe loading=\"lazy\" title=\"Ela\u0308va\u0308 Lappi -hankkeen innovaatioseminaari\" width=\"640\" height=\"360\" src=\"https:\/\/www.youtube.com\/embed\/3rKvAL9fk10?feature=oembed\" frameborder=\"0\" allow=\"accelerometer; autoplay; clipboard-write; encrypted-media; gyroscope; picture-in-picture; web-share\" referrerpolicy=\"strict-origin-when-cross-origin\" allowfullscreen><\/iframe><\/p>\n<p>&nbsp;<\/p>\n<p>&nbsp;<\/p>\n","protected":false},"excerpt":{"rendered":"<p>El\u00e4v\u00e4 Lappi -hankkeen innovaatioseminaari tarjosi oivalluksia ideointiin. Tiistaina 7.5.2013 j\u00e4rjestetyss\u00e4 El\u00e4v\u00e4 Lappi -hankkeen loppuseminaarissa keskeisen\u00e4 teemana oli innovaatiot. Erilaisia tapoja innovoida ja oivaltaa tarjosivat muun muassa Jyrki Vanamo, joka on ollut j\u00e4rjest\u00e4m\u00e4ss\u00e4 huimaan suosioon noussutta Ravintolap\u00e4iv\u00e4-tapahtumaa, sek\u00e4 ideoija ja oivalluttaja &hellip; <a href=\"https:\/\/blogi.eoppimispalvelut.fi\/elavalappi\/about\/innovaatioseminaari\/\">Continue reading <span class=\"meta-nav\">&rarr;<\/span><\/a><\/p>\n","protected":false},"author":594,"featured_media":0,"parent":2,"menu_order":3,"comment_status":"open","ping_status":"closed","template":"","meta":{"footnotes":""},"class_list":["post-1331","page","type-page","status-publish","hentry"],"_links":{"self":[{"href":"https:\/\/blogi.eoppimispalvelut.fi\/elavalappi\/wp-json\/wp\/v2\/pages\/1331","targetHints":{"allow":["GET"]}}],"collection":[{"href":"https:\/\/blogi.eoppimispalvelut.fi\/elavalappi\/wp-json\/wp\/v2\/pages"}],"about":[{"href":"https:\/\/blogi.eoppimispalvelut.fi\/elavalappi\/wp-json\/wp\/v2\/types\/page"}],"author":[{"embeddable":true,"href":"https:\/\/blogi.eoppimispalvelut.fi\/elavalappi\/wp-json\/wp\/v2\/users\/594"}],"replies":[{"embeddable":true,"href":"https:\/\/blogi.eoppimispalvelut.fi\/elavalappi\/wp-json\/wp\/v2\/comments?post=1331"}],"version-history":[{"count":6,"href":"https:\/\/blogi.eoppimispalvelut.fi\/elavalappi\/wp-json\/wp\/v2\/pages\/1331\/revisions"}],"predecessor-version":[{"id":1337,"href":"https:\/\/blogi.eoppimispalvelut.fi\/elavalappi\/wp-json\/wp\/v2\/pages\/1331\/revisions\/1337"}],"up":[{"embeddable":true,"href":"https:\/\/blogi.eoppimispalvelut.fi\/elavalappi\/wp-json\/wp\/v2\/pages\/2"}],"wp:attachment":[{"href":"https:\/\/blogi.eoppimispalvelut.fi\/elavalappi\/wp-json\/wp\/v2\/media?parent=1331"}],"curies":[{"name":"wp","href":"https:\/\/api.w.org\/{rel}","templated":true}]}}