{"id":1427,"date":"2013-11-05T16:37:38","date_gmt":"2013-11-05T13:37:38","guid":{"rendered":"https:\/\/blogi.eoppimispalvelut.fi\/elavalappi\/?page_id=1427"},"modified":"2014-09-08T14:46:41","modified_gmt":"2014-09-08T11:46:41","slug":"mita-on-living-lab","status":"publish","type":"page","link":"https:\/\/blogi.eoppimispalvelut.fi\/elavalappi\/julkaisuja\/mita-on-living-lab\/","title":{"rendered":"Mit\u00e4 on Living Lab?"},"content":{"rendered":"<p>El\u00e4v\u00e4 Lappi -hanke esittelee: Haluatko l\u00e4hte\u00e4 mukaan kokeilemaan, miten k\u00e4ytt\u00e4j\u00e4l\u00e4ht\u00f6inen Living Lab -toiminta voisi tukea oman yrityksesi tuotteiden tai palveluiden kehitt\u00e4misty\u00f6t\u00e4 ja asiakastyytyv\u00e4isyytt\u00e4?<\/p>\n<p>Tutustu Living Lab -toimintaan paremmin <a href=\"http:\/\/issuu.com\/elavalappi\/docs\/living_lab\">t\u00e4\u00e4ll\u00e4<\/a>.<\/p>\n","protected":false},"excerpt":{"rendered":"<p>El\u00e4v\u00e4 Lappi -hanke esittelee: Haluatko l\u00e4hte\u00e4 mukaan kokeilemaan, miten k\u00e4ytt\u00e4j\u00e4l\u00e4ht\u00f6inen Living Lab -toiminta voisi tukea oman yrityksesi tuotteiden tai palveluiden kehitt\u00e4misty\u00f6t\u00e4 ja asiakastyytyv\u00e4isyytt\u00e4? Tutustu Living Lab -toimintaan paremmin t\u00e4\u00e4ll\u00e4.<\/p>\n","protected":false},"author":594,"featured_media":0,"parent":1459,"menu_order":1,"comment_status":"open","ping_status":"closed","template":"","meta":{"footnotes":""},"class_list":["post-1427","page","type-page","status-publish","hentry"],"_links":{"self":[{"href":"https:\/\/blogi.eoppimispalvelut.fi\/elavalappi\/wp-json\/wp\/v2\/pages\/1427","targetHints":{"allow":["GET"]}}],"collection":[{"href":"https:\/\/blogi.eoppimispalvelut.fi\/elavalappi\/wp-json\/wp\/v2\/pages"}],"about":[{"href":"https:\/\/blogi.eoppimispalvelut.fi\/elavalappi\/wp-json\/wp\/v2\/types\/page"}],"author":[{"embeddable":true,"href":"https:\/\/blogi.eoppimispalvelut.fi\/elavalappi\/wp-json\/wp\/v2\/users\/594"}],"replies":[{"embeddable":true,"href":"https:\/\/blogi.eoppimispalvelut.fi\/elavalappi\/wp-json\/wp\/v2\/comments?post=1427"}],"version-history":[{"count":10,"href":"https:\/\/blogi.eoppimispalvelut.fi\/elavalappi\/wp-json\/wp\/v2\/pages\/1427\/revisions"}],"predecessor-version":[{"id":1439,"href":"https:\/\/blogi.eoppimispalvelut.fi\/elavalappi\/wp-json\/wp\/v2\/pages\/1427\/revisions\/1439"}],"up":[{"embeddable":true,"href":"https:\/\/blogi.eoppimispalvelut.fi\/elavalappi\/wp-json\/wp\/v2\/pages\/1459"}],"wp:attachment":[{"href":"https:\/\/blogi.eoppimispalvelut.fi\/elavalappi\/wp-json\/wp\/v2\/media?parent=1427"}],"curies":[{"name":"wp","href":"https:\/\/api.w.org\/{rel}","templated":true}]}}