{"id":1456,"date":"2014-09-08T14:39:55","date_gmt":"2014-09-08T11:39:55","guid":{"rendered":"https:\/\/blogi.eoppimispalvelut.fi\/elavalappi\/?page_id=1456"},"modified":"2016-08-30T12:03:11","modified_gmt":"2016-08-30T09:03:11","slug":"etusivu","status":"publish","type":"page","link":"https:\/\/blogi.eoppimispalvelut.fi\/elavalappi\/","title":{"rendered":"Jaetaan, vaihdetaan ja annetaan ideoita!"},"content":{"rendered":"<p>T\u00e4m\u00e4 sivusto on lappilaisten ihmisten ja asiantuntijoiden kehitt\u00e4mis- ja ideakanava. Sivuston teemana on kehitt\u00e4mistoiminta. T\u00e4\u00e4ll\u00e4\u00a0julkaistaan ja seurataan kehitt\u00e4miseen liittyvi\u00e4 ajankohtaisia uutisia ja n\u00e4k\u00f6kulmia.<\/p>\n<p>Sivusto toimii my\u00f6s Lapin ammattikorkeakoulun opiskelijoiden oppimisymp\u00e4rist\u00f6n\u00e4.<\/p>\n<p><a href=\"https:\/\/blogi.eoppimispalvelut.fi\/elavalappi\/files\/2014\/09\/Come-on-in.jpg\"><img loading=\"lazy\" decoding=\"async\" class=\" wp-image-1477 aligncenter\" src=\"https:\/\/blogi.eoppimispalvelut.fi\/elavalappi\/files\/2014\/09\/Come-on-in-300x168.jpg\" alt=\"Come on in\" width=\"300\" height=\"168\" srcset=\"https:\/\/blogi.eoppimispalvelut.fi\/elavalappi\/files\/2014\/09\/Come-on-in-300x168.jpg 300w, https:\/\/blogi.eoppimispalvelut.fi\/elavalappi\/files\/2014\/09\/Come-on-in-1024x576.jpg 1024w, https:\/\/blogi.eoppimispalvelut.fi\/elavalappi\/files\/2014\/09\/Come-on-in.jpg 1632w\" sizes=\"auto, (max-width: 300px) 100vw, 300px\" \/><\/a><\/p>\n<p>Vuosina 2010-2013 \u00a0toteutettu <a title=\"El\u00e4v\u00e4 Lappi 2010-2013\" href=\"https:\/\/blogi.eoppimispalvelut.fi\/elavalappi\/about\/\" target=\"_blank\">El\u00e4v\u00e4 Lappi -hanke<\/a> oli\u00a0Lapin korkeakoulujen yhteinen Living Lab -kokonaisuus, jossa kehitettiin ostos-, liikunta- ja luontomatkailupalveluja yhteiskehitt\u00e4misen menetelmin. Hanke ja t\u00e4m\u00e4 sivusto on toteutettu<strong>\u00a0Lapin Liiton EAKR-<\/strong>rahoituksella, muita rahoittajia olivat\u00a0Kemi-Tornion\u00a0ja\u00a0Rovaniemen ammattikorkeakoulut\u00a0sek\u00e4\u00a0Lapin yliopisto.<\/p>\n<p>T\u00e4lt\u00e4 sivustolta l\u00f6ytyy my\u00f6s<strong> Digitaaliset \u00e4lykk\u00e4\u00e4t mobiiliratkaisut<\/strong>\u00a0&#8211;<a href=\"https:\/\/blogi.eoppimispalvelut.fi\/elavalappi\/digitaaliset-alykkaat-mobiiliratkaisut-hanke\/\">hankkeen <\/a>Tornion alueelle kehitett\u00e4v\u00e4n\u00a0<strong><a href=\"https:\/\/blogi.eoppimispalvelut.fi\/elavalappi\/valkky-mobiilisovellus\/\">V\u00e4lkky-mobiilisovelluksen<\/a>\u00a0<\/strong>uutisia.<br \/>\nHanke on alkanut elokuussa 2016 ja jatkuu vuoden 2018 loppupuolelle ja saa rahoituksensa my\u00f6skin Lapin Liiton EAKR-tuesta.<\/p>\n","protected":false},"excerpt":{"rendered":"<p>T\u00e4m\u00e4 sivusto on lappilaisten ihmisten ja asiantuntijoiden kehitt\u00e4mis- ja ideakanava. Sivuston teemana on kehitt\u00e4mistoiminta. T\u00e4\u00e4ll\u00e4\u00a0julkaistaan ja seurataan kehitt\u00e4miseen liittyvi\u00e4 ajankohtaisia uutisia ja n\u00e4k\u00f6kulmia. Sivusto toimii my\u00f6s Lapin ammattikorkeakoulun opiskelijoiden oppimisymp\u00e4rist\u00f6n\u00e4. Vuosina 2010-2013 \u00a0toteutettu El\u00e4v\u00e4 Lappi -hanke oli\u00a0Lapin korkeakoulujen yhteinen Living &hellip; <a href=\"https:\/\/blogi.eoppimispalvelut.fi\/elavalappi\/\">Continue reading <span class=\"meta-nav\">&rarr;<\/span><\/a><\/p>\n","protected":false},"author":643,"featured_media":0,"parent":0,"menu_order":1,"comment_status":"closed","ping_status":"closed","template":"","meta":{"footnotes":""},"class_list":["post-1456","page","type-page","status-publish","hentry"],"_links":{"self":[{"href":"https:\/\/blogi.eoppimispalvelut.fi\/elavalappi\/wp-json\/wp\/v2\/pages\/1456","targetHints":{"allow":["GET"]}}],"collection":[{"href":"https:\/\/blogi.eoppimispalvelut.fi\/elavalappi\/wp-json\/wp\/v2\/pages"}],"about":[{"href":"https:\/\/blogi.eoppimispalvelut.fi\/elavalappi\/wp-json\/wp\/v2\/types\/page"}],"author":[{"embeddable":true,"href":"https:\/\/blogi.eoppimispalvelut.fi\/elavalappi\/wp-json\/wp\/v2\/users\/643"}],"replies":[{"embeddable":true,"href":"https:\/\/blogi.eoppimispalvelut.fi\/elavalappi\/wp-json\/wp\/v2\/comments?post=1456"}],"version-history":[{"count":14,"href":"https:\/\/blogi.eoppimispalvelut.fi\/elavalappi\/wp-json\/wp\/v2\/pages\/1456\/revisions"}],"predecessor-version":[{"id":1548,"href":"https:\/\/blogi.eoppimispalvelut.fi\/elavalappi\/wp-json\/wp\/v2\/pages\/1456\/revisions\/1548"}],"wp:attachment":[{"href":"https:\/\/blogi.eoppimispalvelut.fi\/elavalappi\/wp-json\/wp\/v2\/media?parent=1456"}],"curies":[{"name":"wp","href":"https:\/\/api.w.org\/{rel}","templated":true}]}}