{"id":1459,"date":"2014-09-08T14:46:28","date_gmt":"2014-09-08T11:46:28","guid":{"rendered":"https:\/\/blogi.eoppimispalvelut.fi\/elavalappi\/?page_id=1459"},"modified":"2014-09-08T14:46:28","modified_gmt":"2014-09-08T11:46:28","slug":"julkaisuja","status":"publish","type":"page","link":"https:\/\/blogi.eoppimispalvelut.fi\/elavalappi\/julkaisuja\/","title":{"rendered":"Julkaisuja"},"content":{"rendered":"<p>T\u00e4lt\u00e4 sivulta l\u00f6yd\u00e4t Lapin ammattikorkeakoulun julkaisuja\u00a0liittyen k\u00e4ytt\u00e4j\u00e4l\u00e4ht\u00f6iseen kehitt\u00e4miseen.<\/p>\n","protected":false},"excerpt":{"rendered":"<p>T\u00e4lt\u00e4 sivulta l\u00f6yd\u00e4t Lapin ammattikorkeakoulun julkaisuja\u00a0liittyen k\u00e4ytt\u00e4j\u00e4l\u00e4ht\u00f6iseen kehitt\u00e4miseen.<\/p>\n","protected":false},"author":643,"featured_media":0,"parent":0,"menu_order":3,"comment_status":"open","ping_status":"open","template":"","meta":{"footnotes":""},"class_list":["post-1459","page","type-page","status-publish","hentry"],"_links":{"self":[{"href":"https:\/\/blogi.eoppimispalvelut.fi\/elavalappi\/wp-json\/wp\/v2\/pages\/1459","targetHints":{"allow":["GET"]}}],"collection":[{"href":"https:\/\/blogi.eoppimispalvelut.fi\/elavalappi\/wp-json\/wp\/v2\/pages"}],"about":[{"href":"https:\/\/blogi.eoppimispalvelut.fi\/elavalappi\/wp-json\/wp\/v2\/types\/page"}],"author":[{"embeddable":true,"href":"https:\/\/blogi.eoppimispalvelut.fi\/elavalappi\/wp-json\/wp\/v2\/users\/643"}],"replies":[{"embeddable":true,"href":"https:\/\/blogi.eoppimispalvelut.fi\/elavalappi\/wp-json\/wp\/v2\/comments?post=1459"}],"version-history":[{"count":1,"href":"https:\/\/blogi.eoppimispalvelut.fi\/elavalappi\/wp-json\/wp\/v2\/pages\/1459\/revisions"}],"predecessor-version":[{"id":1460,"href":"https:\/\/blogi.eoppimispalvelut.fi\/elavalappi\/wp-json\/wp\/v2\/pages\/1459\/revisions\/1460"}],"wp:attachment":[{"href":"https:\/\/blogi.eoppimispalvelut.fi\/elavalappi\/wp-json\/wp\/v2\/media?parent=1459"}],"curies":[{"name":"wp","href":"https:\/\/api.w.org\/{rel}","templated":true}]}}