{"id":1462,"date":"2014-09-08T14:51:13","date_gmt":"2014-09-08T11:51:13","guid":{"rendered":"https:\/\/blogi.eoppimispalvelut.fi\/elavalappi\/?page_id=1462"},"modified":"2014-09-08T14:51:13","modified_gmt":"2014-09-08T11:51:13","slug":"yhteistyo-rajalla-pa-gransen-kauppakeskuksen-kanssa","status":"publish","type":"page","link":"https:\/\/blogi.eoppimispalvelut.fi\/elavalappi\/ideoi-ja-kehita\/yhteistyo-rajalla-pa-gransen-kauppakeskuksen-kanssa\/","title":{"rendered":"Yhteisty\u00f6 Rajalla P\u00e5 Gr\u00e4nsen -kauppakeskuksen kanssa"},"content":{"rendered":"<p>Vuosina 2010-2013 El\u00e4v\u00e4 Lappi -hankkeessa toteutettiin tiivist\u00e4 yhteisty\u00f6t\u00e4 Rajalla P\u00e5 Gr\u00e4nsen -kauppakeskuksen kanssa. Verkossa toteutetut k\u00e4ytt\u00e4j\u00e4l\u00e4ht\u00f6iset kyselyt jne. l\u00f6ytyv\u00e4t t\u00e4\u00e4lt\u00e4.<\/p>\n","protected":false},"excerpt":{"rendered":"<p>Vuosina 2010-2013 El\u00e4v\u00e4 Lappi -hankkeessa toteutettiin tiivist\u00e4 yhteisty\u00f6t\u00e4 Rajalla P\u00e5 Gr\u00e4nsen -kauppakeskuksen kanssa. Verkossa toteutetut k\u00e4ytt\u00e4j\u00e4l\u00e4ht\u00f6iset kyselyt jne. l\u00f6ytyv\u00e4t t\u00e4\u00e4lt\u00e4.<\/p>\n","protected":false},"author":643,"featured_media":0,"parent":803,"menu_order":1,"comment_status":"open","ping_status":"open","template":"","meta":{"footnotes":""},"class_list":["post-1462","page","type-page","status-publish","hentry"],"_links":{"self":[{"href":"https:\/\/blogi.eoppimispalvelut.fi\/elavalappi\/wp-json\/wp\/v2\/pages\/1462","targetHints":{"allow":["GET"]}}],"collection":[{"href":"https:\/\/blogi.eoppimispalvelut.fi\/elavalappi\/wp-json\/wp\/v2\/pages"}],"about":[{"href":"https:\/\/blogi.eoppimispalvelut.fi\/elavalappi\/wp-json\/wp\/v2\/types\/page"}],"author":[{"embeddable":true,"href":"https:\/\/blogi.eoppimispalvelut.fi\/elavalappi\/wp-json\/wp\/v2\/users\/643"}],"replies":[{"embeddable":true,"href":"https:\/\/blogi.eoppimispalvelut.fi\/elavalappi\/wp-json\/wp\/v2\/comments?post=1462"}],"version-history":[{"count":1,"href":"https:\/\/blogi.eoppimispalvelut.fi\/elavalappi\/wp-json\/wp\/v2\/pages\/1462\/revisions"}],"predecessor-version":[{"id":1463,"href":"https:\/\/blogi.eoppimispalvelut.fi\/elavalappi\/wp-json\/wp\/v2\/pages\/1462\/revisions\/1463"}],"up":[{"embeddable":true,"href":"https:\/\/blogi.eoppimispalvelut.fi\/elavalappi\/wp-json\/wp\/v2\/pages\/803"}],"wp:attachment":[{"href":"https:\/\/blogi.eoppimispalvelut.fi\/elavalappi\/wp-json\/wp\/v2\/media?parent=1462"}],"curies":[{"name":"wp","href":"https:\/\/api.w.org\/{rel}","templated":true}]}}