{"id":1503,"date":"2016-08-17T13:34:55","date_gmt":"2016-08-17T10:34:55","guid":{"rendered":"https:\/\/blogi.eoppimispalvelut.fi\/elavalappi\/?page_id=1503"},"modified":"2017-03-07T15:29:24","modified_gmt":"2017-03-07T12:29:24","slug":"digitaaliset-alykkaat-mobiiliratkaisut-hanke","status":"publish","type":"page","link":"https:\/\/blogi.eoppimispalvelut.fi\/elavalappi\/valkky-mobiilisovellus\/digitaaliset-alykkaat-mobiiliratkaisut-hanke\/","title":{"rendered":"D\u00c4M-hanke 2016-2018"},"content":{"rendered":"<p><strong>Digitaaliset \u00e4lykk\u00e4\u00e4t mobiiliratkaisut (D\u00c4M)<\/strong> -hankkeen tavoitteena on luoda \u00e4lyk\u00e4st\u00e4 ymp\u00e4rist\u00f6\u00e4 olemassa olevien el\u00e4mys-, kulttuuri- ja muiden\u00a0palvelujen saavutettavuuden ja markkinoinnin lis\u00e4\u00e4miseksi.<\/p>\n<p><strong>V\u00c4LKKY<\/strong>-mobiilisovellus on <strong>Digitaaliset \u00e4lykk\u00e4\u00e4t mobiiliratkaisut<\/strong> -hankkeen p\u00e4\u00e4tulos. Hanke rahoitetaan Euroopan aluekehitysrahaston (EAKR) ja valtion rahoituksella toimintalinjasta Uusimman tiedon ja osaamisen tuottaminen ja hy\u00f6dynt\u00e4minen. Hankkeen toiminta-aika on 1.8.2016-30.8.2018.<\/p>\n<p>Yhteisen tekemisen ja kehitt\u00e4misen kohteena oleva V\u00c4LKKY-mobiilisovellus tarjoaa perustan ja puitteet innovaatioymp\u00e4rist\u00f6n\u00a0syntymiselle.\u00a0Torniolla on erityinen sijainti rajakaupunkina ja Tornion kautta kulkee merkitt\u00e4v\u00e4 m\u00e4\u00e4r\u00e4 matkailijoita, joiden avulla halutaan sovellusta pilotoida ja kertoa saatavilla olevasta tarjonnasta. Sovelluksen kautta pyrit\u00e4\u00e4n\u00a0tavoittamaan kuntalaisten lis\u00e4ksi my\u00f6s matkailijoita ja liitt\u00e4m\u00e4\u00e4n sovellukseen olemassa olevaa ja uutta sis\u00e4lt\u00f6\u00e4.<\/p>\n<p>Hankeen tavoitteina ovat:<br \/>\n&#8211; Luoda \u00e4lyk\u00e4st\u00e4 kaupunkikulttuuria ja toimintatapoja elinkeinoel\u00e4m\u00e4n ja luovan alan yhteisty\u00f6h\u00f6n sen eri\u00a0muodoissaan (tapahtumat, palvelut, tuotteet ja koulutus).<br \/>\n&#8211; V\u00c4LKKY-mobiilisovellus olemassa oleville\u00a0mobiilialustoille.<\/p>\n<div id=\"attachment_1505\" style=\"width: 314px\" class=\"wp-caption alignright\"><img loading=\"lazy\" decoding=\"async\" aria-describedby=\"caption-attachment-1505\" class=\"wp-image-1505 \" src=\"https:\/\/blogi.eoppimispalvelut.fi\/elavalappi\/files\/2016\/08\/v\u00e4lkky.jpg\" alt=\"V\u00c4LKKY-mobiilisovellus\" width=\"304\" height=\"475\" srcset=\"https:\/\/blogi.eoppimispalvelut.fi\/elavalappi\/files\/2016\/08\/v\u00e4lkky.jpg 576w, https:\/\/blogi.eoppimispalvelut.fi\/elavalappi\/files\/2016\/08\/v\u00e4lkky-192x300.jpg 192w\" sizes=\"auto, (max-width: 304px) 100vw, 304px\" \/><p id=\"caption-attachment-1505\" class=\"wp-caption-text\">V\u00c4LKKY-mobiilisovellus<\/p><\/div>\n<p>Digitaalisuus, asiakasl\u00e4ht\u00f6inen toiminta ja osallistaminen ovat toimintatapoja, joita my\u00f6s kulttuurin,\u00a0matkailun ja elinkeinoel\u00e4m\u00e4n toimijat tarvitsevat voidakseen kehitt\u00e4\u00e4 toimintaansa. Toimintatavan tuloksena\u00a0kuntalaisia, yrityksi\u00e4 ja muita sidosryhm\u00e4n edustajia osallistuu yhteis\u00f6llisiin ty\u00f6pajoihin ja syntyy monialaista toimintaa.<br \/>\nLis\u00e4ksi kuntalaiset, yhdistykset ja yritykset ovat mukana toimenpiteiss\u00e4 ja arviointity\u00f6ss\u00e4 (Lappari el\u00e4myspuisto,\u00a0TornioHaparanda matkailutoimisto, Tornionlaakson maakuntamuseo ja El\u00e4v\u00e4 kaupunkikeskusta ry).<\/p>\n<p>D\u00c4M-hankkeessa kehitet\u00e4\u00e4n \u00e4lyk\u00e4st\u00e4 kaupunkikulttuuria sek\u00e4 tapahtuma- ja palvelutarjoomien uudenlaisia kehitt\u00e4mis-ja\u00a0markkinointitapoja, jotka nykyisell\u00e4\u00e4n ovat sirpaleisia ja puutteellisia. Hy\u00f6dynt\u00e4jien, mahdollistajien,\u00a0kehitt\u00e4jien ja k\u00e4ytt\u00e4jien aktivointi l\u00e4pi hankkeen on t\u00e4rke\u00e4\u00e4 tiedon keruun ja palautteen n\u00e4k\u00f6kulmasta.<\/p>\n<p>Laajempana tavoitteena on tukea \u00e4lykk\u00e4iden kaupunkiymp\u00e4rist\u00f6jen toimintakulttuurien kehittymist\u00e4 ja alueen\u00a0elinvoimaa: toimintaa, joilla alueille saadaan houkuteltua ihmisi\u00e4, investointeja ja innovaatioita. Odotamme, ett\u00e4 kaikki\u00a0hy\u00f6tyv\u00e4t yhteisest\u00e4 kehitt\u00e4misest\u00e4, sill\u00e4 tavoitteena on tukea alueen elinkeinoel\u00e4m\u00e4\u00e4 TKI-yhteisty\u00f6n avulla ja luoda<br \/>\n\u00e4lykk\u00e4it\u00e4 k\u00e4ytt\u00e4j\u00e4l\u00e4ht\u00f6isi\u00e4 palveluita. Yrityksille haetaan uudenlaisia tapoja yhdist\u00e4\u00e4 yritystoiminta, el\u00e4mys- ja\u00a0kulttuurialojen monipuolinen tarjonta ja uudentyyppiset teknologiat ja viestint\u00e4tavat: samalla kehitet\u00e4\u00e4n my\u00f6s yritysten<br \/>\nomaa osaamista. T\u00e4ll\u00e4 odotetaan olevan my\u00f6nteisi\u00e4 vaikutuksia alueelle.<\/p>\n<p>&nbsp;<\/p>\n<p>&nbsp;<\/p>\n","protected":false},"excerpt":{"rendered":"<p>Digitaaliset \u00e4lykk\u00e4\u00e4t mobiiliratkaisut (D\u00c4M) -hankkeen tavoitteena on luoda \u00e4lyk\u00e4st\u00e4 ymp\u00e4rist\u00f6\u00e4 olemassa olevien el\u00e4mys-, kulttuuri- ja muiden\u00a0palvelujen saavutettavuuden ja markkinoinnin lis\u00e4\u00e4miseksi. V\u00c4LKKY-mobiilisovellus on Digitaaliset \u00e4lykk\u00e4\u00e4t mobiiliratkaisut -hankkeen p\u00e4\u00e4tulos. Hanke rahoitetaan Euroopan aluekehitysrahaston (EAKR) ja valtion rahoituksella toimintalinjasta Uusimman tiedon ja osaamisen &hellip; <a href=\"https:\/\/blogi.eoppimispalvelut.fi\/elavalappi\/valkky-mobiilisovellus\/digitaaliset-alykkaat-mobiiliratkaisut-hanke\/\">Continue reading <span class=\"meta-nav\">&rarr;<\/span><\/a><\/p>\n","protected":false},"author":6,"featured_media":0,"parent":1497,"menu_order":0,"comment_status":"closed","ping_status":"closed","template":"","meta":{"footnotes":""},"class_list":["post-1503","page","type-page","status-publish","hentry"],"_links":{"self":[{"href":"https:\/\/blogi.eoppimispalvelut.fi\/elavalappi\/wp-json\/wp\/v2\/pages\/1503","targetHints":{"allow":["GET"]}}],"collection":[{"href":"https:\/\/blogi.eoppimispalvelut.fi\/elavalappi\/wp-json\/wp\/v2\/pages"}],"about":[{"href":"https:\/\/blogi.eoppimispalvelut.fi\/elavalappi\/wp-json\/wp\/v2\/types\/page"}],"author":[{"embeddable":true,"href":"https:\/\/blogi.eoppimispalvelut.fi\/elavalappi\/wp-json\/wp\/v2\/users\/6"}],"replies":[{"embeddable":true,"href":"https:\/\/blogi.eoppimispalvelut.fi\/elavalappi\/wp-json\/wp\/v2\/comments?post=1503"}],"version-history":[{"count":7,"href":"https:\/\/blogi.eoppimispalvelut.fi\/elavalappi\/wp-json\/wp\/v2\/pages\/1503\/revisions"}],"predecessor-version":[{"id":1578,"href":"https:\/\/blogi.eoppimispalvelut.fi\/elavalappi\/wp-json\/wp\/v2\/pages\/1503\/revisions\/1578"}],"up":[{"embeddable":true,"href":"https:\/\/blogi.eoppimispalvelut.fi\/elavalappi\/wp-json\/wp\/v2\/pages\/1497"}],"wp:attachment":[{"href":"https:\/\/blogi.eoppimispalvelut.fi\/elavalappi\/wp-json\/wp\/v2\/media?parent=1503"}],"curies":[{"name":"wp","href":"https:\/\/api.w.org\/{rel}","templated":true}]}}