{"id":367,"date":"2011-09-06T09:30:54","date_gmt":"2011-09-06T06:30:54","guid":{"rendered":"https:\/\/blogi.eoppimispalvelut.fi\/elavalappi\/?page_id=367"},"modified":"2014-09-08T14:52:33","modified_gmt":"2014-09-08T11:52:33","slug":"ideoi-ja-kehita","status":"publish","type":"page","link":"https:\/\/blogi.eoppimispalvelut.fi\/elavalappi\/ideoi-ja-kehita\/yhteistyo-rajalla-pa-gransen-kauppakeskuksen-kanssa\/ideoi-ja-kehita\/","title":{"rendered":"Osallistuminen tuote- ja palvelukehitykseen"},"content":{"rendered":"<p>1. Mik\u00e4 saisi sinut sitoutumaan kehitt\u00e4m\u00e4\u00e4n yrityksen tuotteita tai palveluita? Miksi sin\u00e4 l\u00e4htisit mukaan kehitt\u00e4j\u00e4k\u00e4ytt\u00e4j\u00e4ksi?<\/p>\n<p>2. Mik\u00e4 palkitsisi sinua t\u00e4st\u00e4 ty\u00f6st\u00e4? (Vaikuttamisen mahdollisuus, kunniapalkinto, raha, mahdollisuus p\u00e4\u00e4st\u00e4 testaamaan uutta tuotetta\u2026) Kerro, mik\u00e4 sinua motivoi.<\/p>\n","protected":false},"excerpt":{"rendered":"<p>1. Mik\u00e4 saisi sinut sitoutumaan kehitt\u00e4m\u00e4\u00e4n yrityksen tuotteita tai palveluita? Miksi sin\u00e4 l\u00e4htisit mukaan kehitt\u00e4j\u00e4k\u00e4ytt\u00e4j\u00e4ksi? 2. Mik\u00e4 palkitsisi sinua t\u00e4st\u00e4 ty\u00f6st\u00e4? (Vaikuttamisen mahdollisuus, kunniapalkinto, raha, mahdollisuus p\u00e4\u00e4st\u00e4 testaamaan uutta tuotetta\u2026) Kerro, mik\u00e4 sinua motivoi.<\/p>\n","protected":false},"author":243,"featured_media":0,"parent":1462,"menu_order":6,"comment_status":"open","ping_status":"closed","template":"","meta":{"footnotes":""},"class_list":["post-367","page","type-page","status-publish","hentry"],"_links":{"self":[{"href":"https:\/\/blogi.eoppimispalvelut.fi\/elavalappi\/wp-json\/wp\/v2\/pages\/367","targetHints":{"allow":["GET"]}}],"collection":[{"href":"https:\/\/blogi.eoppimispalvelut.fi\/elavalappi\/wp-json\/wp\/v2\/pages"}],"about":[{"href":"https:\/\/blogi.eoppimispalvelut.fi\/elavalappi\/wp-json\/wp\/v2\/types\/page"}],"author":[{"embeddable":true,"href":"https:\/\/blogi.eoppimispalvelut.fi\/elavalappi\/wp-json\/wp\/v2\/users\/243"}],"replies":[{"embeddable":true,"href":"https:\/\/blogi.eoppimispalvelut.fi\/elavalappi\/wp-json\/wp\/v2\/comments?post=367"}],"version-history":[{"count":11,"href":"https:\/\/blogi.eoppimispalvelut.fi\/elavalappi\/wp-json\/wp\/v2\/pages\/367\/revisions"}],"predecessor-version":[{"id":809,"href":"https:\/\/blogi.eoppimispalvelut.fi\/elavalappi\/wp-json\/wp\/v2\/pages\/367\/revisions\/809"}],"up":[{"embeddable":true,"href":"https:\/\/blogi.eoppimispalvelut.fi\/elavalappi\/wp-json\/wp\/v2\/pages\/1462"}],"wp:attachment":[{"href":"https:\/\/blogi.eoppimispalvelut.fi\/elavalappi\/wp-json\/wp\/v2\/media?parent=367"}],"curies":[{"name":"wp","href":"https:\/\/api.w.org\/{rel}","templated":true}]}}