{"id":520,"date":"2011-11-04T08:45:33","date_gmt":"2011-11-04T05:45:33","guid":{"rendered":"https:\/\/blogi.eoppimispalvelut.fi\/elavalappi\/?page_id=520"},"modified":"2014-09-08T14:38:25","modified_gmt":"2014-09-08T11:38:25","slug":"rajalla-living-lab","status":"publish","type":"page","link":"https:\/\/blogi.eoppimispalvelut.fi\/elavalappi\/about\/rajalla-living-lab\/","title":{"rendered":"Rajalla Living Lab"},"content":{"rendered":"<p style=\"text-align: justify\">Rajalla Living Lab on toinen El\u00e4v\u00e4 Lappi -hankkeen pilottikohteista. Rajalla Living Lab keskittyy Tornio-Haaparanta raja-alueen palveluiden kehitt\u00e4miseen osallistaen toimintaan kaikki alueen toimijat. K\u00e4ytt\u00e4ji\u00e4 edustavat alueen asiakkaat, asukkaat ja vierailijat, joita pyrit\u00e4\u00e4n osallistamaan tutkimus- ja kehitt\u00e4mistoimintaan syvemm\u00e4n asiakas-ymm\u00e4rryksen luomiseksi. Toiminta palvelee laajasti kaikkia raja-alueen ja Meri-Lapin toimijoita, niin kaupan alan yrityksi\u00e4 ja liikkeit\u00e4 kuin kehitt\u00e4misorganisaatioita ja matkailutoimijoita.<\/p>\n<div id=\"attachment_537\" style=\"width: 650px\" class=\"wp-caption alignright\"><a href=\"https:\/\/blogi.eoppimispalvelut.fi\/elavalappi\/files\/2011\/11\/Rajalla_toimijat.jpg\"><img loading=\"lazy\" decoding=\"async\" aria-describedby=\"caption-attachment-537\" class=\"size-large wp-image-537\" src=\"https:\/\/blogi.eoppimispalvelut.fi\/elavalappi\/files\/2011\/11\/Rajalla_toimijat-1024x705.jpg\" alt=\"\" width=\"640\" height=\"440\" srcset=\"https:\/\/blogi.eoppimispalvelut.fi\/elavalappi\/files\/2011\/11\/Rajalla_toimijat-1024x705.jpg 1024w, https:\/\/blogi.eoppimispalvelut.fi\/elavalappi\/files\/2011\/11\/Rajalla_toimijat-300x206.jpg 300w\" sizes=\"auto, (max-width: 640px) 100vw, 640px\" \/><\/a><p id=\"caption-attachment-537\" class=\"wp-caption-text\">Rajalla Living Labin eri toimijat<\/p><\/div>\n<p style=\"text-align: justify\">Rajalla Living Labin johdolla on tutkittu mm. palveluiden laatua, asiakkaiden tyytyv\u00e4isyytt\u00e4, asiakask\u00e4ytt\u00e4ytymist\u00e4 ja palvelukokemuksia. Ihmisi\u00e4 on haastateltu, havainnoitu ja aktivoitu piirt\u00e4m\u00e4\u00e4n, n\u00e4yttelem\u00e4\u00e4n ja sanallisesti kuvaamaan omia ostoskokemuksiaan. Sarjakuvien ja muiden visuaalisten keinojen kautta on pyritty madaltamaan kynnyst\u00e4 osallistua ja antaa palautetta palveluista.<\/p>\n<p style=\"text-align: justify\">Rajalla Living Labin kehitt\u00e4misteht\u00e4vien raportit ja muut materiaalit l\u00f6ytyv\u00e4t alasivuilta:\u00a0<a href=\"https:\/\/blogi.eoppimispalvelut.fi\/elavalappi\/rajalla-living-lab\/2010-2011\/\">2010-2011<\/a> ja\u00a0<a href=\"https:\/\/blogi.eoppimispalvelut.fi\/elavalappi\/rajalla-living-lab\/2011-2012\/\">2011-2012<\/a>.<\/p>\n<p style=\"text-align: justify\"><a href=\"https:\/\/blogi.eoppimispalvelut.fi\/elavalappi\/files\/2011\/11\/kuplarivi.png\"><img loading=\"lazy\" decoding=\"async\" class=\"alignleft size-full wp-image-980\" src=\"https:\/\/blogi.eoppimispalvelut.fi\/elavalappi\/files\/2011\/11\/kuplarivi.png\" alt=\"\" width=\"3644\" height=\"200\" srcset=\"https:\/\/blogi.eoppimispalvelut.fi\/elavalappi\/files\/2011\/11\/kuplarivi.png 3644w, https:\/\/blogi.eoppimispalvelut.fi\/elavalappi\/files\/2011\/11\/kuplarivi-300x16.png 300w, https:\/\/blogi.eoppimispalvelut.fi\/elavalappi\/files\/2011\/11\/kuplarivi-1024x56.png 1024w\" sizes=\"auto, (max-width: 3644px) 100vw, 3644px\" \/><\/a><\/p>\n<p>Onko Sinulla ehdotus toteutettavasta kehitt\u00e4misteht\u00e4v\u00e4st\u00e4 tai hyv\u00e4st\u00e4 toimeksiannosta? J\u00e4t\u00e4 kommentti, kiitos!<\/p>\n","protected":false},"excerpt":{"rendered":"<p>Rajalla Living Lab on toinen El\u00e4v\u00e4 Lappi -hankkeen pilottikohteista. Rajalla Living Lab keskittyy Tornio-Haaparanta raja-alueen palveluiden kehitt\u00e4miseen osallistaen toimintaan kaikki alueen toimijat. K\u00e4ytt\u00e4ji\u00e4 edustavat alueen asiakkaat, asukkaat ja vierailijat, joita pyrit\u00e4\u00e4n osallistamaan tutkimus- ja kehitt\u00e4mistoimintaan syvemm\u00e4n asiakas-ymm\u00e4rryksen luomiseksi. Toiminta palvelee &hellip; <a href=\"https:\/\/blogi.eoppimispalvelut.fi\/elavalappi\/about\/rajalla-living-lab\/\">Continue reading <span class=\"meta-nav\">&rarr;<\/span><\/a><\/p>\n","protected":false},"author":241,"featured_media":0,"parent":2,"menu_order":1,"comment_status":"closed","ping_status":"closed","template":"","meta":{"footnotes":""},"class_list":["post-520","page","type-page","status-publish","hentry"],"_links":{"self":[{"href":"https:\/\/blogi.eoppimispalvelut.fi\/elavalappi\/wp-json\/wp\/v2\/pages\/520","targetHints":{"allow":["GET"]}}],"collection":[{"href":"https:\/\/blogi.eoppimispalvelut.fi\/elavalappi\/wp-json\/wp\/v2\/pages"}],"about":[{"href":"https:\/\/blogi.eoppimispalvelut.fi\/elavalappi\/wp-json\/wp\/v2\/types\/page"}],"author":[{"embeddable":true,"href":"https:\/\/blogi.eoppimispalvelut.fi\/elavalappi\/wp-json\/wp\/v2\/users\/241"}],"replies":[{"embeddable":true,"href":"https:\/\/blogi.eoppimispalvelut.fi\/elavalappi\/wp-json\/wp\/v2\/comments?post=520"}],"version-history":[{"count":39,"href":"https:\/\/blogi.eoppimispalvelut.fi\/elavalappi\/wp-json\/wp\/v2\/pages\/520\/revisions"}],"predecessor-version":[{"id":1452,"href":"https:\/\/blogi.eoppimispalvelut.fi\/elavalappi\/wp-json\/wp\/v2\/pages\/520\/revisions\/1452"}],"up":[{"embeddable":true,"href":"https:\/\/blogi.eoppimispalvelut.fi\/elavalappi\/wp-json\/wp\/v2\/pages\/2"}],"wp:attachment":[{"href":"https:\/\/blogi.eoppimispalvelut.fi\/elavalappi\/wp-json\/wp\/v2\/media?parent=520"}],"curies":[{"name":"wp","href":"https:\/\/api.w.org\/{rel}","templated":true}]}}