{"id":526,"date":"2011-11-04T08:46:58","date_gmt":"2011-11-04T05:46:58","guid":{"rendered":"https:\/\/blogi.eoppimispalvelut.fi\/elavalappi\/?page_id=526"},"modified":"2014-09-08T14:38:42","modified_gmt":"2014-09-08T11:38:42","slug":"ounasvaara-living-lab","status":"publish","type":"page","link":"https:\/\/blogi.eoppimispalvelut.fi\/elavalappi\/about\/ounasvaara-living-lab\/","title":{"rendered":"Ounasvaara Living Lab"},"content":{"rendered":"<p style=\"text-align: justify\">Ounasvaara Living Lab on toinen El\u00e4v\u00e4 Lappi -hankkeen pilottikohteista. Ounasvaara Living Labin toiminta keskittyy Ounasvaaran alueelle, joka on ymp\u00e4rivuotinen virkistysalue l\u00e4hell\u00e4 Rovaniemen keskustaa. Ounasvaaraa voidaan pit\u00e4\u00e4 hyvinvoinnin keskittym\u00e4n\u00e4. Siell\u00e4 on monipuoliset liikuntamahdollisuudet, se tarjoaa terveyteen liittyvi\u00e4 hoitoja ja siell\u00e4 sijaitsee Rovaniemen ammattikorkeakoulun terveys- ja liikunta-ala sek\u00e4 Lapin Urheiluopisto. Hyvinvointiteema n\u00e4kyy Living Labin toiminnassa monin tavoin.<\/p>\n<p style=\"text-align: justify\"><a href=\"https:\/\/blogi.eoppimispalvelut.fi\/elavalappi\/category\/uncategorized\/ounasvaara\/\">Lue lis\u00e4\u00e4 Ounasvaara Living Labin toiminnasta blogistamme!<\/a><\/p>\n<p style=\"text-align: justify\"><a href=\"https:\/\/blogi.eoppimispalvelut.fi\/elavalappi\/files\/2011\/08\/Blogi_kuplarivi1.png\"><img loading=\"lazy\" decoding=\"async\" class=\"alignright size-full wp-image-298\" src=\"https:\/\/blogi.eoppimispalvelut.fi\/elavalappi\/files\/2011\/08\/Blogi_kuplarivi1.png\" alt=\"\" width=\"654\" height=\"48\" \/><\/a><\/p>\n","protected":false},"excerpt":{"rendered":"<p>Ounasvaara Living Lab on toinen El\u00e4v\u00e4 Lappi -hankkeen pilottikohteista. Ounasvaara Living Labin toiminta keskittyy Ounasvaaran alueelle, joka on ymp\u00e4rivuotinen virkistysalue l\u00e4hell\u00e4 Rovaniemen keskustaa. Ounasvaaraa voidaan pit\u00e4\u00e4 hyvinvoinnin keskittym\u00e4n\u00e4. Siell\u00e4 on monipuoliset liikuntamahdollisuudet, se tarjoaa terveyteen liittyvi\u00e4 hoitoja ja siell\u00e4 sijaitsee &hellip; <a href=\"https:\/\/blogi.eoppimispalvelut.fi\/elavalappi\/about\/ounasvaara-living-lab\/\">Continue reading <span class=\"meta-nav\">&rarr;<\/span><\/a><\/p>\n","protected":false},"author":241,"featured_media":0,"parent":2,"menu_order":2,"comment_status":"closed","ping_status":"closed","template":"","meta":{"footnotes":""},"class_list":["post-526","page","type-page","status-publish","hentry"],"_links":{"self":[{"href":"https:\/\/blogi.eoppimispalvelut.fi\/elavalappi\/wp-json\/wp\/v2\/pages\/526","targetHints":{"allow":["GET"]}}],"collection":[{"href":"https:\/\/blogi.eoppimispalvelut.fi\/elavalappi\/wp-json\/wp\/v2\/pages"}],"about":[{"href":"https:\/\/blogi.eoppimispalvelut.fi\/elavalappi\/wp-json\/wp\/v2\/types\/page"}],"author":[{"embeddable":true,"href":"https:\/\/blogi.eoppimispalvelut.fi\/elavalappi\/wp-json\/wp\/v2\/users\/241"}],"replies":[{"embeddable":true,"href":"https:\/\/blogi.eoppimispalvelut.fi\/elavalappi\/wp-json\/wp\/v2\/comments?post=526"}],"version-history":[{"count":8,"href":"https:\/\/blogi.eoppimispalvelut.fi\/elavalappi\/wp-json\/wp\/v2\/pages\/526\/revisions"}],"predecessor-version":[{"id":1441,"href":"https:\/\/blogi.eoppimispalvelut.fi\/elavalappi\/wp-json\/wp\/v2\/pages\/526\/revisions\/1441"}],"up":[{"embeddable":true,"href":"https:\/\/blogi.eoppimispalvelut.fi\/elavalappi\/wp-json\/wp\/v2\/pages\/2"}],"wp:attachment":[{"href":"https:\/\/blogi.eoppimispalvelut.fi\/elavalappi\/wp-json\/wp\/v2\/media?parent=526"}],"curies":[{"name":"wp","href":"https:\/\/api.w.org\/{rel}","templated":true}]}}