{"id":798,"date":"2012-02-14T09:16:26","date_gmt":"2012-02-14T09:16:26","guid":{"rendered":"https:\/\/blogi.eoppimispalvelut.fi\/elavalappi\/?page_id=798"},"modified":"2014-09-08T14:53:21","modified_gmt":"2014-09-08T11:53:21","slug":"tapahtumia-rajalla-kauppakeskukseen","status":"publish","type":"page","link":"https:\/\/blogi.eoppimispalvelut.fi\/elavalappi\/ideoi-ja-kehita\/yhteistyo-rajalla-pa-gransen-kauppakeskuksen-kanssa\/tapahtumia-rajalla-kauppakeskukseen\/","title":{"rendered":"Tapahtumia Rajalla Kauppakeskukseen"},"content":{"rendered":"<p>Millaisia tapahtumia sin\u00e4 toivoisit j\u00e4rjestett\u00e4v\u00e4n Rajalla P\u00e5 Gr\u00e4nsen -kauppakeskuksessa Torniossa?<\/p>\n<p><iframe loading=\"lazy\" title=\"Millaisia tapahtumia kaipaisit kauppakeskukseen?\" width=\"640\" height=\"360\" src=\"https:\/\/www.youtube.com\/embed\/8hhuZe4_7Vg?feature=oembed\" frameborder=\"0\" allow=\"accelerometer; autoplay; clipboard-write; encrypted-media; gyroscope; picture-in-picture; web-share\" referrerpolicy=\"strict-origin-when-cross-origin\" allowfullscreen><\/iframe><\/p>\n","protected":false},"excerpt":{"rendered":"<p>Millaisia tapahtumia sin\u00e4 toivoisit j\u00e4rjestett\u00e4v\u00e4n Rajalla P\u00e5 Gr\u00e4nsen -kauppakeskuksessa Torniossa?<\/p>\n","protected":false},"author":241,"featured_media":0,"parent":1462,"menu_order":7,"comment_status":"open","ping_status":"open","template":"","meta":{"footnotes":""},"class_list":["post-798","page","type-page","status-publish","hentry"],"_links":{"self":[{"href":"https:\/\/blogi.eoppimispalvelut.fi\/elavalappi\/wp-json\/wp\/v2\/pages\/798","targetHints":{"allow":["GET"]}}],"collection":[{"href":"https:\/\/blogi.eoppimispalvelut.fi\/elavalappi\/wp-json\/wp\/v2\/pages"}],"about":[{"href":"https:\/\/blogi.eoppimispalvelut.fi\/elavalappi\/wp-json\/wp\/v2\/types\/page"}],"author":[{"embeddable":true,"href":"https:\/\/blogi.eoppimispalvelut.fi\/elavalappi\/wp-json\/wp\/v2\/users\/241"}],"replies":[{"embeddable":true,"href":"https:\/\/blogi.eoppimispalvelut.fi\/elavalappi\/wp-json\/wp\/v2\/comments?post=798"}],"version-history":[{"count":12,"href":"https:\/\/blogi.eoppimispalvelut.fi\/elavalappi\/wp-json\/wp\/v2\/pages\/798\/revisions"}],"predecessor-version":[{"id":815,"href":"https:\/\/blogi.eoppimispalvelut.fi\/elavalappi\/wp-json\/wp\/v2\/pages\/798\/revisions\/815"}],"up":[{"embeddable":true,"href":"https:\/\/blogi.eoppimispalvelut.fi\/elavalappi\/wp-json\/wp\/v2\/pages\/1462"}],"wp:attachment":[{"href":"https:\/\/blogi.eoppimispalvelut.fi\/elavalappi\/wp-json\/wp\/v2\/media?parent=798"}],"curies":[{"name":"wp","href":"https:\/\/api.w.org\/{rel}","templated":true}]}}