{"id":803,"date":"2012-02-14T09:17:20","date_gmt":"2012-02-14T06:17:20","guid":{"rendered":"https:\/\/blogi.eoppimispalvelut.fi\/elavalappi\/?page_id=803"},"modified":"2014-09-08T14:43:13","modified_gmt":"2014-09-08T11:43:13","slug":"ideoi-ja-kehita","status":"publish","type":"page","link":"https:\/\/blogi.eoppimispalvelut.fi\/elavalappi\/ideoi-ja-kehita\/","title":{"rendered":"Ideoi ja kehit\u00e4"},"content":{"rendered":"<p>T\u00e4m\u00e4 on\u00a0avoin kohtaamispaikka idearikkaille ihmisille. Voit jakaa t\u00e4\u00e4ll\u00e4 ideoita, jotka liittyv\u00e4t\u00a0k\u00e4ynniss\u00e4 oleviin Living Lab-pilotteihin\u00a0ja kehitt\u00e4\u00e4 niit\u00e4 eteenp\u00e4in muiden k\u00e4ytt\u00e4jien kanssa. El\u00e4v\u00e4 Lappi-hankeen\u00a0avulla jatkokehitet\u00e4\u00e4n esitettyj\u00e4\u00a0ideoita ja\u00a0ne ovat kaikkien vapaasti n\u00e4ht\u00e4viss\u00e4 ja hy\u00f6dynnett\u00e4viss\u00e4.<\/p>\n","protected":false},"excerpt":{"rendered":"<p>T\u00e4m\u00e4 on\u00a0avoin kohtaamispaikka idearikkaille ihmisille. Voit jakaa t\u00e4\u00e4ll\u00e4 ideoita, jotka liittyv\u00e4t\u00a0k\u00e4ynniss\u00e4 oleviin Living Lab-pilotteihin\u00a0ja kehitt\u00e4\u00e4 niit\u00e4 eteenp\u00e4in muiden k\u00e4ytt\u00e4jien kanssa. El\u00e4v\u00e4 Lappi-hankeen\u00a0avulla jatkokehitet\u00e4\u00e4n esitettyj\u00e4\u00a0ideoita ja\u00a0ne ovat kaikkien vapaasti n\u00e4ht\u00e4viss\u00e4 ja hy\u00f6dynnett\u00e4viss\u00e4.<\/p>\n","protected":false},"author":241,"featured_media":0,"parent":0,"menu_order":4,"comment_status":"open","ping_status":"closed","template":"","meta":{"footnotes":""},"class_list":["post-803","page","type-page","status-publish","hentry"],"_links":{"self":[{"href":"https:\/\/blogi.eoppimispalvelut.fi\/elavalappi\/wp-json\/wp\/v2\/pages\/803","targetHints":{"allow":["GET"]}}],"collection":[{"href":"https:\/\/blogi.eoppimispalvelut.fi\/elavalappi\/wp-json\/wp\/v2\/pages"}],"about":[{"href":"https:\/\/blogi.eoppimispalvelut.fi\/elavalappi\/wp-json\/wp\/v2\/types\/page"}],"author":[{"embeddable":true,"href":"https:\/\/blogi.eoppimispalvelut.fi\/elavalappi\/wp-json\/wp\/v2\/users\/241"}],"replies":[{"embeddable":true,"href":"https:\/\/blogi.eoppimispalvelut.fi\/elavalappi\/wp-json\/wp\/v2\/comments?post=803"}],"version-history":[{"count":4,"href":"https:\/\/blogi.eoppimispalvelut.fi\/elavalappi\/wp-json\/wp\/v2\/pages\/803\/revisions"}],"predecessor-version":[{"id":812,"href":"https:\/\/blogi.eoppimispalvelut.fi\/elavalappi\/wp-json\/wp\/v2\/pages\/803\/revisions\/812"}],"wp:attachment":[{"href":"https:\/\/blogi.eoppimispalvelut.fi\/elavalappi\/wp-json\/wp\/v2\/media?parent=803"}],"curies":[{"name":"wp","href":"https:\/\/api.w.org\/{rel}","templated":true}]}}