{"id":938,"date":"2012-05-16T12:46:54","date_gmt":"2012-05-16T09:46:54","guid":{"rendered":"https:\/\/blogi.eoppimispalvelut.fi\/elavalappi\/?page_id=938"},"modified":"2014-09-08T14:51:56","modified_gmt":"2014-09-08T11:51:56","slug":"nimikilpailu-verkkopalvelulle","status":"publish","type":"page","link":"https:\/\/blogi.eoppimispalvelut.fi\/elavalappi\/ideoi-ja-kehita\/yhteistyo-rajalla-pa-gransen-kauppakeskuksen-kanssa\/nimikilpailu-verkkopalvelulle\/","title":{"rendered":"Nimikilpailu verkkopalvelulle"},"content":{"rendered":"<p style=\"text-align: justify\"><a href=\"http:\/\/www.ramk.fi\/fi.iw3\" target=\"_blank\">Rovaniemen ammattikorkeakoulun<\/a> koordinoiman Ounasvaara Living Labin toiminta keskittyy <a href=\"http:\/\/fi.wikipedia.org\/wiki\/Ounasvaara\" target=\"_blank\">Ounasvaaran alueelle<\/a>, joka on ymp\u00e4rivuotinen virkistysalue l\u00e4hell\u00e4 Rovaniemen keskustaa. Ounasvaaralla on useita yrityksi\u00e4 kuten <a href=\"http:\/\/www.ounasvaara.fi\/\" target=\"_blank\">Ounasvaaran hiihtokeskus<\/a>, <a href=\"http:\/\/www.ounasvaaranpirtit.fi\/pages\/fi\/etusivu.php\" target=\"_blank\">Ounasvaaran Pirtit<\/a> ja <a href=\"http:\/\/www.santasport.fi\/index.php?name=Content&amp;nodeIDX=7\" target=\"_blank\">Santasport<\/a>, jotka palvelevat niin paikallisia kuin matkailijoitakin.<\/p>\n<p style=\"text-align: justify\">El\u00e4v\u00e4 Lappi -hankkeessa on toteutettu verkkopalvelu, jolla pyrit\u00e4\u00e4n kehitt\u00e4m\u00e4\u00e4n Ounasvaaran yritysten tuotteita ja palveluita vastaamaan viel\u00e4 paremmin k\u00e4ytt\u00e4jien tarpeita. Verkkopalveluun voi kuka tahansa j\u00e4tt\u00e4\u00e4 uusia ideoita, joita vied\u00e4\u00e4n k\u00e4ytt\u00e4j\u00e4l\u00e4ht\u00f6isess\u00e4 hengess\u00e4 eteenp\u00e4in. Lis\u00e4ksi k\u00e4ytt\u00e4j\u00e4 voi hakea alueen palveluita eri kriteerien kautta kuten palveluita lapsiperheelle tai\/ja esteett\u00f6mi\u00e4 palveluita. Samanaikaisesti palveluiden tarjoajat saavat tietoa siit\u00e4, millaisista palveluista k\u00e4ytt\u00e4j\u00e4t ovat kiinnostuneita.<\/p>\n<p><a href=\"https:\/\/blogi.eoppimispalvelut.fi\/elavalappi\/files\/2012\/05\/LL-alusta1.jpg\"><img loading=\"lazy\" decoding=\"async\" src=\"https:\/\/blogi.eoppimispalvelut.fi\/elavalappi\/files\/2012\/05\/LL-alusta1.jpg\" alt=\"\" width=\"543\" height=\"167\" \/><\/a><\/p>\n<p style=\"text-align: justify\">Saimme 25.5 menness\u00e4 muutaman uuden nimiehdotuksen Ounasvaaran verkkopalvelulle. Tulemme valitsemaan esitetyist\u00e4 ehdotuksista sopivimman. Kiitos osallistumisesta.<\/p>\n<p style=\"text-align: justify\">Erityiskiitos aktiivisille kehitt\u00e4jille, jota ehdottivat uusia nimi\u00e4 ja saavat palkinnoksi\u00a0 T-paidat.<\/p>\n<p>Nimiehdotukset:<\/p>\n<ol>\n<li>Ounasvaatio<\/li>\n<li>MyOukku<\/li>\n<li>Minun Oukku<\/li>\n<li>Poukku<\/li>\n<li>Loukku<\/li>\n<li>oukkunimun<\/li>\n<\/ol>\n","protected":false},"excerpt":{"rendered":"<p>Rovaniemen ammattikorkeakoulun koordinoiman Ounasvaara Living Labin toiminta keskittyy Ounasvaaran alueelle, joka on ymp\u00e4rivuotinen virkistysalue l\u00e4hell\u00e4 Rovaniemen keskustaa. Ounasvaaralla on useita yrityksi\u00e4 kuten Ounasvaaran hiihtokeskus, Ounasvaaran Pirtit ja Santasport, jotka palvelevat niin paikallisia kuin matkailijoitakin. El\u00e4v\u00e4 Lappi -hankkeessa on toteutettu verkkopalvelu, &hellip; <a href=\"https:\/\/blogi.eoppimispalvelut.fi\/elavalappi\/ideoi-ja-kehita\/yhteistyo-rajalla-pa-gransen-kauppakeskuksen-kanssa\/nimikilpailu-verkkopalvelulle\/\">Continue reading <span class=\"meta-nav\">&rarr;<\/span><\/a><\/p>\n","protected":false},"author":243,"featured_media":0,"parent":1462,"menu_order":3,"comment_status":"open","ping_status":"closed","template":"","meta":{"footnotes":""},"class_list":["post-938","page","type-page","status-publish","hentry"],"_links":{"self":[{"href":"https:\/\/blogi.eoppimispalvelut.fi\/elavalappi\/wp-json\/wp\/v2\/pages\/938","targetHints":{"allow":["GET"]}}],"collection":[{"href":"https:\/\/blogi.eoppimispalvelut.fi\/elavalappi\/wp-json\/wp\/v2\/pages"}],"about":[{"href":"https:\/\/blogi.eoppimispalvelut.fi\/elavalappi\/wp-json\/wp\/v2\/types\/page"}],"author":[{"embeddable":true,"href":"https:\/\/blogi.eoppimispalvelut.fi\/elavalappi\/wp-json\/wp\/v2\/users\/243"}],"replies":[{"embeddable":true,"href":"https:\/\/blogi.eoppimispalvelut.fi\/elavalappi\/wp-json\/wp\/v2\/comments?post=938"}],"version-history":[{"count":12,"href":"https:\/\/blogi.eoppimispalvelut.fi\/elavalappi\/wp-json\/wp\/v2\/pages\/938\/revisions"}],"predecessor-version":[{"id":1465,"href":"https:\/\/blogi.eoppimispalvelut.fi\/elavalappi\/wp-json\/wp\/v2\/pages\/938\/revisions\/1465"}],"up":[{"embeddable":true,"href":"https:\/\/blogi.eoppimispalvelut.fi\/elavalappi\/wp-json\/wp\/v2\/pages\/1462"}],"wp:attachment":[{"href":"https:\/\/blogi.eoppimispalvelut.fi\/elavalappi\/wp-json\/wp\/v2\/media?parent=938"}],"curies":[{"name":"wp","href":"https:\/\/api.w.org\/{rel}","templated":true}]}}