{"id":971,"date":"2012-05-18T05:51:32","date_gmt":"2012-05-18T02:51:32","guid":{"rendered":"https:\/\/blogi.eoppimispalvelut.fi\/elavalappi\/?page_id=971"},"modified":"2014-09-08T14:38:29","modified_gmt":"2014-09-08T11:38:29","slug":"2010-2011","status":"publish","type":"page","link":"https:\/\/blogi.eoppimispalvelut.fi\/elavalappi\/about\/rajalla-living-lab\/2010-2011\/","title":{"rendered":"2010-2011"},"content":{"rendered":"<p style=\"text-align: justify\">Mit\u00e4 Rajalla Living Lab toteutti vuonna 2010-2011?<\/p>\n<p style=\"text-align: justify\"><a href=\"https:\/\/blogi.eoppimispalvelut.fi\/elavalappi\/files\/2011\/11\/caset2010-2011.jpg\"><img loading=\"lazy\" decoding=\"async\" src=\"https:\/\/blogi.eoppimispalvelut.fi\/elavalappi\/files\/2011\/11\/caset2010-2011-1024x578.jpg\" alt=\"\" width=\"640\" height=\"361\" \/><\/a>Syksyll\u00e4 2010 k\u00e4ynnistyi El\u00e4v\u00e4 Lappi -hanke ja Rajalla Living Labin kehitt\u00e4mistoiminta raja-alueen perustutkimuksella. Lataa t\u00e4st\u00e4\u00a0<a href=\"https:\/\/blogi.eoppimispalvelut.fi\/elavalappi\/files\/2011\/11\/Case-Perustutkimus.pdf\">raportti syksyll\u00e4 2010 toteutetusta perustutkimuksesta<\/a>.<\/p>\n<p style=\"text-align: justify\">Yhteiskehitt\u00e4misen menetelmi\u00e4 testattiin ja pilotoitiin Kemi-Tornion ammatti-korkeakoulun taidegalleria-toimeksiannon yhteydess\u00e4. Rajalla Living Lab j\u00e4rjesti kehitt\u00e4misty\u00f6pajoja, joissa luotiin toimintasuunnitelma LiikeGallerialle. Lataa t\u00e4st\u00e4\u00a0<a href=\"https:\/\/blogi.eoppimispalvelut.fi\/elavalappi\/files\/2011\/11\/CASE-Galleria.pdf\">raportti talvella 2010-2011 toteutetusta LiikeGallerian kehitt\u00e4misest\u00e4<\/a>.<\/p>\n<p style=\"text-align: justify\">Perustutkimuksessa toivottiin kauppakeskuksen ymp\u00e4rist\u00f6n siistimist\u00e4 ja valmistumista. Rajatorin (Victorian tori) rakentaminen oli k\u00e4ynniss\u00e4 ja siihen liittyen Rajalla Living Lab j\u00e4rjesti avoimen kehitt\u00e4misty\u00f6pajan torin ideoinnista. Lataa t\u00e4st\u00e4 <a href=\"https:\/\/blogi.eoppimispalvelut.fi\/elavalappi\/files\/2011\/11\/CASE_Rajatori.pdf\">raportti kev\u00e4\u00e4ll\u00e4 2011 toteutetusta Rajatorin kehitt\u00e4misteht\u00e4v\u00e4st\u00e4<\/a>.<\/p>\n<p style=\"text-align: justify\"><iframe loading=\"lazy\" src=\"https:\/\/www.slideshare.net\/slideshow\/embed_code\/10056373\" width=\"640\" height=\"519\" frameborder=\"0\" marginwidth=\"0\" marginheight=\"0\" scrolling=\"no\"><\/iframe><br\/><\/p>\n<p style=\"text-align: justify\"><a href=\"https:\/\/blogi.eoppimispalvelut.fi\/elavalappi\/files\/2011\/08\/Blogi_kuplarivi1.png\"><img loading=\"lazy\" decoding=\"async\" src=\"https:\/\/blogi.eoppimispalvelut.fi\/elavalappi\/files\/2011\/08\/Blogi_kuplarivi1.png\" alt=\"\" width=\"654\" height=\"48\" \/><\/a><\/p>\n<p style=\"text-align: justify\">\n<p style=\"text-align: justify\">\n<p style=\"text-align: justify\">\n","protected":false},"excerpt":{"rendered":"<p>Mit\u00e4 Rajalla Living Lab toteutti vuonna 2010-2011? Syksyll\u00e4 2010 k\u00e4ynnistyi El\u00e4v\u00e4 Lappi -hanke ja Rajalla Living Labin kehitt\u00e4mistoiminta raja-alueen perustutkimuksella. Lataa t\u00e4st\u00e4\u00a0raportti syksyll\u00e4 2010 toteutetusta perustutkimuksesta. Yhteiskehitt\u00e4misen menetelmi\u00e4 testattiin ja pilotoitiin Kemi-Tornion ammatti-korkeakoulun taidegalleria-toimeksiannon yhteydess\u00e4. Rajalla Living Lab j\u00e4rjesti kehitt\u00e4misty\u00f6pajoja, &hellip; <a href=\"https:\/\/blogi.eoppimispalvelut.fi\/elavalappi\/about\/rajalla-living-lab\/2010-2011\/\">Continue reading <span class=\"meta-nav\">&rarr;<\/span><\/a><\/p>\n","protected":false},"author":643,"featured_media":0,"parent":520,"menu_order":1,"comment_status":"closed","ping_status":"closed","template":"","meta":{"footnotes":""},"class_list":["post-971","page","type-page","status-publish","hentry"],"_links":{"self":[{"href":"https:\/\/blogi.eoppimispalvelut.fi\/elavalappi\/wp-json\/wp\/v2\/pages\/971","targetHints":{"allow":["GET"]}}],"collection":[{"href":"https:\/\/blogi.eoppimispalvelut.fi\/elavalappi\/wp-json\/wp\/v2\/pages"}],"about":[{"href":"https:\/\/blogi.eoppimispalvelut.fi\/elavalappi\/wp-json\/wp\/v2\/types\/page"}],"author":[{"embeddable":true,"href":"https:\/\/blogi.eoppimispalvelut.fi\/elavalappi\/wp-json\/wp\/v2\/users\/643"}],"replies":[{"embeddable":true,"href":"https:\/\/blogi.eoppimispalvelut.fi\/elavalappi\/wp-json\/wp\/v2\/comments?post=971"}],"version-history":[{"count":10,"href":"https:\/\/blogi.eoppimispalvelut.fi\/elavalappi\/wp-json\/wp\/v2\/pages\/971\/revisions"}],"predecessor-version":[{"id":984,"href":"https:\/\/blogi.eoppimispalvelut.fi\/elavalappi\/wp-json\/wp\/v2\/pages\/971\/revisions\/984"}],"up":[{"embeddable":true,"href":"https:\/\/blogi.eoppimispalvelut.fi\/elavalappi\/wp-json\/wp\/v2\/pages\/520"}],"wp:attachment":[{"href":"https:\/\/blogi.eoppimispalvelut.fi\/elavalappi\/wp-json\/wp\/v2\/media?parent=971"}],"curies":[{"name":"wp","href":"https:\/\/api.w.org\/{rel}","templated":true}]}}