{"id":973,"date":"2012-05-18T05:56:00","date_gmt":"2012-05-18T02:56:00","guid":{"rendered":"https:\/\/blogi.eoppimispalvelut.fi\/elavalappi\/?page_id=973"},"modified":"2014-09-08T14:38:34","modified_gmt":"2014-09-08T11:38:34","slug":"2011-2012","status":"publish","type":"page","link":"https:\/\/blogi.eoppimispalvelut.fi\/elavalappi\/about\/rajalla-living-lab\/2011-2012\/","title":{"rendered":"2011-2012"},"content":{"rendered":"<p style=\"text-align: justify\">Syksyll\u00e4 2011 liiketalouden opiskelijat toteuttivat <strong>raja-alueen markkinatutkimuksen kolmella eri menetelm\u00e4ll\u00e4<\/strong>: havainnoimalla ihmisi\u00e4 kauppakeskuksessa, haastattelemalla ihmisi\u00e4 raja-alueeseen liittyvist\u00e4 mielikuvista ja ohjeistamalla ihmisi\u00e4 oman ostosk\u00e4ytt\u00e4ytymisen tarkkailuun ja dokumentointiin.\u00a0Lataa t\u00e4st\u00e4\u00a0<a href=\"https:\/\/blogi.eoppimispalvelut.fi\/elavalappi\/files\/2011\/11\/Case-Markkinatutkimus.pdf\">raportti syksyll\u00e4 2011 toteutetusta markkinatutkimuksesta<\/a>\u00a0sek\u00e4 sen eri osa-alueista:<\/p>\n<ul style=\"text-align: justify\">\n<li><a href=\"https:\/\/blogi.eoppimispalvelut.fi\/elavalappi\/files\/2012\/05\/Havainnointiraportti_julkaistava.pdf\">Kauppakeskusasiakkaiden havainnointi<\/a><\/li>\n<li><a href=\"https:\/\/blogi.eoppimispalvelut.fi\/elavalappi\/files\/2011\/11\/Raportti_haastattelu_julkaistava_pieni.pdf\">Haastattelu raja-alueeseen liittyvist\u00e4 mielikuvista<\/a><\/li>\n<li><a href=\"https:\/\/blogi.eoppimispalvelut.fi\/elavalappi\/files\/2011\/11\/P\u00e4iv\u00e4kirjaraportti_julkaistava.pdf\">Itsedokumentointi ja oman ostosk\u00e4ytt\u00e4ytymisen tarkkailu<\/a><\/li>\n<\/ul>\n<p><span style=\"font-size: small\"><a href=\"https:\/\/blogi.eoppimispalvelut.fi\/elavalappi\/files\/2012\/05\/kuplarivi.png\"><img loading=\"lazy\" decoding=\"async\" class=\"alignleft size-full wp-image-978\" src=\"https:\/\/blogi.eoppimispalvelut.fi\/elavalappi\/files\/2012\/05\/kuplarivi.png\" alt=\"\" width=\"3644\" height=\"200\" srcset=\"https:\/\/blogi.eoppimispalvelut.fi\/elavalappi\/files\/2012\/05\/kuplarivi.png 3644w, https:\/\/blogi.eoppimispalvelut.fi\/elavalappi\/files\/2012\/05\/kuplarivi-300x16.png 300w, https:\/\/blogi.eoppimispalvelut.fi\/elavalappi\/files\/2012\/05\/kuplarivi-1024x56.png 1024w\" sizes=\"auto, (max-width: 3644px) 100vw, 3644px\" \/><\/a><\/span><\/p>\n<p style=\"text-align: center\"><a href=\"https:\/\/blogi.eoppimispalvelut.fi\/elavalappi\/files\/2011\/11\/Caset_syksy2011.png\"><img loading=\"lazy\" decoding=\"async\" class=\"aligncenter\" src=\"https:\/\/blogi.eoppimispalvelut.fi\/elavalappi\/files\/2011\/11\/Caset_syksy2011.png\" alt=\"\" width=\"477\" height=\"347\" \/><\/a><\/p>\n<p style=\"text-align: justify\">Syksyll\u00e4 2011 viestinn\u00e4n 2. vuosikurssin opiskelijat ideoivat Rajalla P\u00e5 Gr\u00e4nsen -kauppakeskukselle uusia <strong>mainosivideoita teemalla &#8220;asiakkaan \u00e4\u00e4ni&#8221;<\/strong>. Lataa t\u00e4st\u00e4\u00a0<a href=\"https:\/\/blogi.eoppimispalvelut.fi\/elavalappi\/files\/2011\/11\/Case_Mainosvideot.pdf\">raportti mainosvideoiden ideoinnista<\/a>\u00a0kulttuurimaratonilla.<\/p>\n<p style=\"text-align: justify\"><a href=\"https:\/\/blogi.eoppimispalvelut.fi\/elavalappi\/files\/2012\/05\/kuplarivi.png\"><img loading=\"lazy\" decoding=\"async\" class=\"alignleft size-full wp-image-978\" src=\"https:\/\/blogi.eoppimispalvelut.fi\/elavalappi\/files\/2012\/05\/kuplarivi.png\" alt=\"\" width=\"3644\" height=\"200\" srcset=\"https:\/\/blogi.eoppimispalvelut.fi\/elavalappi\/files\/2012\/05\/kuplarivi.png 3644w, https:\/\/blogi.eoppimispalvelut.fi\/elavalappi\/files\/2012\/05\/kuplarivi-300x16.png 300w, https:\/\/blogi.eoppimispalvelut.fi\/elavalappi\/files\/2012\/05\/kuplarivi-1024x56.png 1024w\" sizes=\"auto, (max-width: 3644px) 100vw, 3644px\" \/><\/a><\/p>\n<p style=\"text-align: justify\">Kev\u00e4\u00e4ll\u00e4 2012 liiketalouden aikuisopiskelijoiden verkkokurssilla jatkettiin markkinatutkimustulosten pureskelua ja hy\u00f6dynt\u00e4mist\u00e4. Tutkimuksen perusteella muodostettiin <strong>seitsem\u00e4n erilaista kauppakeskuksen asiakasheimoa<\/strong>. Ryhm\u00e4ty\u00f6n\u00e4 opiskelijat analysoivat heimojen k\u00e4ytt\u00e4ytymist\u00e4 ja loivat esimerkinomaisen k\u00e4ytt\u00e4j\u00e4persoonan, jolle kehittiv\u00e4t uuden palvelun kauppakeskukseen. Alla on heimo-kohtaiset raportit projektista vapaasti ladattavaksi:<\/p>\n<ul style=\"text-align: justify\">\n<li><a href=\"https:\/\/blogi.eoppimispalvelut.fi\/elavalappi\/files\/2011\/11\/Asianhoitajat.pdf\">Asianhoitajat<\/a>\u00a0&#8211; &#8220;Hoidan kauppakeskuksessa nopeasti vain tarvittavat asiat.&#8221;<\/li>\n<li><a href=\"https:\/\/blogi.eoppimispalvelut.fi\/elavalappi\/files\/2011\/11\/Huokailijat.pdf\">Huokailijat<\/a>\u00a0&#8211; &#8220;T\u00e4\u00e4ll\u00e4 ei ole mit\u00e4\u00e4n minulle, huoh&#8230;&#8221;<\/li>\n<li><a href=\"https:\/\/blogi.eoppimispalvelut.fi\/elavalappi\/files\/2011\/11\/Nuukailijat.pdf\">Nuukailijat<\/a>\u00a0&#8211; &#8220;Mit\u00e4s t\u00e4\u00e4ll\u00e4 on tarjouksessa?&#8221;<\/li>\n<li><a href=\"https:\/\/blogi.eoppimispalvelut.fi\/elavalappi\/files\/2011\/11\/N\u00e4ytt\u00e4ytyj\u00e4t.pdf\">N\u00e4ytt\u00e4ytyj\u00e4t<\/a>\u00a0&#8211; &#8220;Hengaillaan hetki, jos n\u00e4kyisi tuttuja&#8230;&#8221;<\/li>\n<li><a href=\"https:\/\/blogi.eoppimispalvelut.fi\/elavalappi\/files\/2011\/11\/Pikaruokailijat.pdf\">Pikaruokailijat<\/a>\u00a0&#8211; &#8220;Miss\u00e4 on lyhimm\u00e4t jonot? Napataan tuolta jotain!&#8221;<\/li>\n<li><a href=\"https:\/\/blogi.eoppimispalvelut.fi\/elavalappi\/files\/2011\/11\/Shoppailijat.pdf\">Shoppailijat<\/a>\u00a0&#8211; &#8220;Pitk\u00e4isk\u00f6 k\u00e4yd\u00e4 viel\u00e4 tuolla? Katso, miten ihana paita!&#8221;<\/li>\n<li><a href=\"https:\/\/blogi.eoppimispalvelut.fi\/elavalappi\/files\/2011\/11\/Tehoshoppaajat.pdf\">Tehoshoppaajat<\/a>\u00a0&#8211; &#8220;M\u00e4 tarviin nyt sen uuden hameen, eik\u00f6h\u00e4n tuolla ole.&#8221;<\/li>\n<\/ul>\n<p style=\"text-align: left\"><span style=\"font-size: small\"><a href=\"https:\/\/blogi.eoppimispalvelut.fi\/elavalappi\/files\/2012\/05\/kuplarivi.png\"><img loading=\"lazy\" decoding=\"async\" class=\"alignleft size-full wp-image-978\" src=\"https:\/\/blogi.eoppimispalvelut.fi\/elavalappi\/files\/2012\/05\/kuplarivi.png\" alt=\"\" width=\"3644\" height=\"200\" srcset=\"https:\/\/blogi.eoppimispalvelut.fi\/elavalappi\/files\/2012\/05\/kuplarivi.png 3644w, https:\/\/blogi.eoppimispalvelut.fi\/elavalappi\/files\/2012\/05\/kuplarivi-300x16.png 300w, https:\/\/blogi.eoppimispalvelut.fi\/elavalappi\/files\/2012\/05\/kuplarivi-1024x56.png 1024w\" sizes=\"auto, (max-width: 3644px) 100vw, 3644px\" \/><\/a><\/span>Huhtikuussa 2012 liiketalouden opiskelijat toteuttivat kolme erilaista Living Lab -kehitt\u00e4misteht\u00e4v\u00e4\u00e4: <a href=\"https:\/\/blogi.eoppimispalvelut.fi\/elavalappi\/2012\/04\/25\/rajakahakka-ohjelmakonseptin-kehittaminen\/\">Rajakahakka tapahtuman arviointi ja kehitysideat<\/a>, <a href=\"https:\/\/blogi.eoppimispalvelut.fi\/elavalappi\/2012\/05\/08\/daygym-palvelua-kehittamassa\/\">uuden DayGym-palvelun kehitt\u00e4minen<\/a> sek\u00e4 <a href=\"https:\/\/blogi.eoppimispalvelut.fi\/elavalappi\/2012\/05\/02\/kesamarkkinoita-kehittamassa\/\">uuden kes\u00e4markkinat-tapahtuman ideointi<\/a>. Alla olevista linkeist\u00e4 voit ladata toimeksiantojen raportit:<\/p>\n<ul>\n<li><a href=\"https:\/\/blogi.eoppimispalvelut.fi\/elavalappi\/files\/2012\/05\/Rajakahakka_loppuraportti.pdf\">Case Rajakahakka<\/a><\/li>\n<li><a href=\"https:\/\/blogi.eoppimispalvelut.fi\/elavalappi\/files\/2012\/05\/KESAEMARKKINAT_LOPPURAPORTTI.pdf\">Case Kes\u00e4markkinat<\/a><\/li>\n<li>Case DayGym (raportti tulossa)<\/li>\n<\/ul>\n<p>Toimeksiantojen tavoitteena oli uuden palvelun, uuden tapahtuman sek\u00e4 olemassa olevan tapahtuman kehitt\u00e4minen k\u00e4ytt\u00e4j\u00e4l\u00e4ht\u00f6isesti Living Lab -toimintamallin mukaan. Seuraavalla videolla opiskelijat kertovat omin sanoin projekteistaan:<\/p>\n<p><iframe loading=\"lazy\" title=\"El\u00e4v\u00e4 Lappi -hanke mukana AMK-opetuksessa\" width=\"640\" height=\"360\" src=\"https:\/\/www.youtube.com\/embed\/VfTt3VHf87k?feature=oembed\" frameborder=\"0\" allow=\"accelerometer; autoplay; clipboard-write; encrypted-media; gyroscope; picture-in-picture; web-share\" referrerpolicy=\"strict-origin-when-cross-origin\" allowfullscreen><\/iframe><\/p>\n<p><a href=\"https:\/\/blogi.eoppimispalvelut.fi\/elavalappi\/files\/2012\/05\/kuplarivi.png\"><img loading=\"lazy\" decoding=\"async\" class=\"alignright size-full wp-image-978\" src=\"https:\/\/blogi.eoppimispalvelut.fi\/elavalappi\/files\/2012\/05\/kuplarivi.png\" alt=\"\" width=\"3644\" height=\"200\" srcset=\"https:\/\/blogi.eoppimispalvelut.fi\/elavalappi\/files\/2012\/05\/kuplarivi.png 3644w, https:\/\/blogi.eoppimispalvelut.fi\/elavalappi\/files\/2012\/05\/kuplarivi-300x16.png 300w, https:\/\/blogi.eoppimispalvelut.fi\/elavalappi\/files\/2012\/05\/kuplarivi-1024x56.png 1024w\" sizes=\"auto, (max-width: 3644px) 100vw, 3644px\" \/><\/a><\/p>\n<p>&nbsp;<\/p>\n","protected":false},"excerpt":{"rendered":"<p>Syksyll\u00e4 2011 liiketalouden opiskelijat toteuttivat raja-alueen markkinatutkimuksen kolmella eri menetelm\u00e4ll\u00e4: havainnoimalla ihmisi\u00e4 kauppakeskuksessa, haastattelemalla ihmisi\u00e4 raja-alueeseen liittyvist\u00e4 mielikuvista ja ohjeistamalla ihmisi\u00e4 oman ostosk\u00e4ytt\u00e4ytymisen tarkkailuun ja dokumentointiin.\u00a0Lataa t\u00e4st\u00e4\u00a0raportti syksyll\u00e4 2011 toteutetusta markkinatutkimuksesta\u00a0sek\u00e4 sen eri osa-alueista: Kauppakeskusasiakkaiden havainnointi Haastattelu raja-alueeseen liittyvist\u00e4 mielikuvista &hellip; <a href=\"https:\/\/blogi.eoppimispalvelut.fi\/elavalappi\/about\/rajalla-living-lab\/2011-2012\/\">Continue reading <span class=\"meta-nav\">&rarr;<\/span><\/a><\/p>\n","protected":false},"author":643,"featured_media":0,"parent":520,"menu_order":2,"comment_status":"closed","ping_status":"closed","template":"","meta":{"footnotes":""},"class_list":["post-973","page","type-page","status-publish","hentry"],"_links":{"self":[{"href":"https:\/\/blogi.eoppimispalvelut.fi\/elavalappi\/wp-json\/wp\/v2\/pages\/973","targetHints":{"allow":["GET"]}}],"collection":[{"href":"https:\/\/blogi.eoppimispalvelut.fi\/elavalappi\/wp-json\/wp\/v2\/pages"}],"about":[{"href":"https:\/\/blogi.eoppimispalvelut.fi\/elavalappi\/wp-json\/wp\/v2\/types\/page"}],"author":[{"embeddable":true,"href":"https:\/\/blogi.eoppimispalvelut.fi\/elavalappi\/wp-json\/wp\/v2\/users\/643"}],"replies":[{"embeddable":true,"href":"https:\/\/blogi.eoppimispalvelut.fi\/elavalappi\/wp-json\/wp\/v2\/comments?post=973"}],"version-history":[{"count":9,"href":"https:\/\/blogi.eoppimispalvelut.fi\/elavalappi\/wp-json\/wp\/v2\/pages\/973\/revisions"}],"predecessor-version":[{"id":976,"href":"https:\/\/blogi.eoppimispalvelut.fi\/elavalappi\/wp-json\/wp\/v2\/pages\/973\/revisions\/976"}],"up":[{"embeddable":true,"href":"https:\/\/blogi.eoppimispalvelut.fi\/elavalappi\/wp-json\/wp\/v2\/pages\/520"}],"wp:attachment":[{"href":"https:\/\/blogi.eoppimispalvelut.fi\/elavalappi\/wp-json\/wp\/v2\/media?parent=973"}],"curies":[{"name":"wp","href":"https:\/\/api.w.org\/{rel}","templated":true}]}}