{"id":10,"date":"2016-06-30T15:57:02","date_gmt":"2016-06-30T12:57:02","guid":{"rendered":"https:\/\/blogi.eoppimispalvelut.fi\/elma\/?page_id=10"},"modified":"2017-09-25T15:45:08","modified_gmt":"2017-09-25T12:45:08","slug":"tapahtumat","status":"publish","type":"page","link":"https:\/\/blogi.eoppimispalvelut.fi\/elma\/tapahtumat\/","title":{"rendered":"Tapahtumat"},"content":{"rendered":"<div id=\"attachment_324\" style=\"width: 160px\" class=\"wp-caption alignright\"><img loading=\"lazy\" decoding=\"async\" aria-describedby=\"caption-attachment-324\" class=\"wp-image-324 size-thumbnail\" src=\"https:\/\/blogi.eoppimispalvelut.fi\/elma\/files\/2016\/10\/LapinMateriaalipankki_kaverit_AnttiPietikainen_ELMA-150x150.jpg\" alt=\"Lapin materiaalipankki, Antti Pietik\u00e4inen\" width=\"150\" height=\"150\" srcset=\"https:\/\/blogi.eoppimispalvelut.fi\/elma\/files\/2016\/10\/LapinMateriaalipankki_kaverit_AnttiPietikainen_ELMA-150x150.jpg 150w, https:\/\/blogi.eoppimispalvelut.fi\/elma\/files\/2016\/10\/LapinMateriaalipankki_kaverit_AnttiPietikainen_ELMA-50x50.jpg 50w, https:\/\/blogi.eoppimispalvelut.fi\/elma\/files\/2016\/10\/LapinMateriaalipankki_kaverit_AnttiPietikainen_ELMA.jpg 267w\" sizes=\"auto, (max-width: 150px) 100vw, 150px\" \/><p id=\"caption-attachment-324\" class=\"wp-caption-text\">Lapin materiaalipankki, Antti Pietik\u00e4inen<\/p><\/div>\n<p>J\u00e4rjest\u00e4mme tiedotustilaisuuksia yritt\u00e4jille, viranomaisille, asiantuntijoille ja harrastajille.<\/p>\n<p>Syksyn tilaisuuksia:<\/p>\n<ul>\n<li><a href=\"https:\/\/blogi.eoppimispalvelut.fi\/elma\/files\/2016\/06\/Ty\u00f6kirja-Matkailuhevosten-hyvinvointi.docx\"><strong>Ty\u00f6kirja<\/strong> Matkailuhevosten hyvinvointi<\/a><\/li>\n<li><strong>25.8.2017 <\/strong>Rekikoirien hyvinvointip\u00e4iv\u00e4,<br \/>\nRovaniemi-Kittil\u00e4<br \/>\n&gt; <a href=\"https:\/\/blogi.eoppimispalvelut.fi\/elma\/files\/2016\/06\/Ty\u00f6kirja-Rekikoirien-hyvinvointi.docx\">Ty\u00f6kirja Rekikoirien hyvinvointi<\/a><\/li>\n<li><strong>20.9.2017<\/strong> <a href=\"https:\/\/www.facebook.com\/matkailuelaimet\/photos\/a.1607367446237507.1073741828.1585634261744159\/1708781486096102\/?type=3&amp;theater\">El\u00e4inten hyvinvointi matkailuyrityksen viestinn\u00e4ss\u00e4 &#8211; miten ja miksi?<\/a>, Rovaniemi<\/li>\n<li><strong>21.-22.9.2017<\/strong> Lapin matkailuparlamentti, Rovaniemi (mukana ohjelmassa)<\/li>\n<li><strong>1.11.2017<\/strong> <a href=\"http:\/\/www.edulappi.fi\/loader.aspx?id=63351c13-f385-418a-bd6c-0cdbe96c0c94\">Hengiss\u00e4 kev\u00e4\u00e4seen! Hyvinvoinnista ty\u00f6kaluja matkailusesonkiin -seminaari <\/a>, Rovaniemi (j\u00e4rjestet\u00e4\u00e4n yhteisty\u00f6ss\u00e4 muiden hankkeiden kanssa)<\/li>\n<\/ul>\n<p>&nbsp;<\/p>\n<p>Matkailualueilla tiedotustilaisuudet j\u00e4rjestet\u00e4\u00e4n yhteisty\u00f6ss\u00e4 matkailun alueorganisaatioiden kanssa (pvm ja tarkempi paikka vahvistetaan my\u00f6hemmin).<\/p>\n<ul>\n<li>Sodankyl\u00e4, Pyh\u00e4-Luosto 14.6.2017<\/li>\n<li>Rovaniemi syksy 2017<\/li>\n<li>Kittil\u00e4 \/ Levi, 26.9.2017<\/li>\n<li>Inari \/ Saariselk\u00e4<\/li>\n<\/ul>\n","protected":false},"excerpt":{"rendered":"<p>J\u00e4rjest\u00e4mme tiedotustilaisuuksia yritt\u00e4jille, viranomaisille, asiantuntijoille ja harrastajille. Syksyn tilaisuuksia: Ty\u00f6kirja Matkailuhevosten hyvinvointi 25.8.2017 Rekikoirien hyvinvointip\u00e4iv\u00e4, Rovaniemi-Kittil\u00e4 &gt; Ty\u00f6kirja Rekikoirien hyvinvointi 20.9.2017 El\u00e4inten hyvinvointi matkailuyrityksen viestinn\u00e4ss\u00e4 &#8211; miten ja miksi?, Rovaniemi 21.-22.9.2017 Lapin matkailuparlamentti, Rovaniemi (mukana ohjelmassa) 1.11.2017 Hengiss\u00e4 kev\u00e4\u00e4seen! Hyvinvoinnista ty\u00f6kaluja matkailusesonkiin -seminaari , Rovaniemi (j\u00e4rjestet\u00e4\u00e4n yhteisty\u00f6ss\u00e4 muiden hankkeiden kanssa) &nbsp; Matkailualueilla tiedotustilaisuudet j\u00e4rjestet\u00e4\u00e4n yhteisty\u00f6ss\u00e4 [&hellip;]<\/p>\n","protected":false},"author":31,"featured_media":0,"parent":0,"menu_order":4,"comment_status":"closed","ping_status":"closed","template":"","meta":{"footnotes":""},"class_list":["post-10","page","type-page","status-publish","hentry"],"_links":{"self":[{"href":"https:\/\/blogi.eoppimispalvelut.fi\/elma\/wp-json\/wp\/v2\/pages\/10","targetHints":{"allow":["GET"]}}],"collection":[{"href":"https:\/\/blogi.eoppimispalvelut.fi\/elma\/wp-json\/wp\/v2\/pages"}],"about":[{"href":"https:\/\/blogi.eoppimispalvelut.fi\/elma\/wp-json\/wp\/v2\/types\/page"}],"author":[{"embeddable":true,"href":"https:\/\/blogi.eoppimispalvelut.fi\/elma\/wp-json\/wp\/v2\/users\/31"}],"replies":[{"embeddable":true,"href":"https:\/\/blogi.eoppimispalvelut.fi\/elma\/wp-json\/wp\/v2\/comments?post=10"}],"version-history":[{"count":27,"href":"https:\/\/blogi.eoppimispalvelut.fi\/elma\/wp-json\/wp\/v2\/pages\/10\/revisions"}],"predecessor-version":[{"id":587,"href":"https:\/\/blogi.eoppimispalvelut.fi\/elma\/wp-json\/wp\/v2\/pages\/10\/revisions\/587"}],"wp:attachment":[{"href":"https:\/\/blogi.eoppimispalvelut.fi\/elma\/wp-json\/wp\/v2\/media?parent=10"}],"curies":[{"name":"wp","href":"https:\/\/api.w.org\/{rel}","templated":true}]}}