{"id":14,"date":"2016-06-30T15:57:53","date_gmt":"2016-06-30T12:57:53","guid":{"rendered":"https:\/\/blogi.eoppimispalvelut.fi\/elma\/?page_id=14"},"modified":"2018-04-20T11:29:21","modified_gmt":"2018-04-20T08:29:21","slug":"taustamateriaalit","status":"publish","type":"page","link":"https:\/\/blogi.eoppimispalvelut.fi\/elma\/taustamateriaalit\/","title":{"rendered":"Taustamateriaalit"},"content":{"rendered":"<p><strong>LAIT JA ASETUKSET<\/strong><\/p>\n<p><strong>El\u00e4inten hyvinvoinnin yleiset vaatimukset<\/strong><\/p>\n<ul>\n<li><a href=\"http:\/\/www.finlex.fi\/fi\/laki\/ajantasa\/1996\/19960247\" target=\"_blank\" rel=\"noopener\">El\u00e4insuojelulaki 1996\/247<\/a><\/li>\n<li><a href=\"http:\/\/www.finlex.fi\/fi\/laki\/ajantasa\/1996\/19960396\" target=\"_blank\" rel=\"noopener\">El\u00e4insuojeluasetus 1996\/396<\/a><\/li>\n<li><a href=\"http:\/\/www.finlex.fi\/fi\/laki\/alkup\/2006\/20061429\" target=\"_blank\" rel=\"noopener\">Laki el\u00e4inten kuljetuksesta 2006\/1429<\/a><\/li>\n<li><a href=\"http:\/\/eur-lex.europa.eu\/legal-content\/FI\/TXT\/?uri=celex:32005R0001\" target=\"_blank\" rel=\"noopener\">Neuvoston asetus (EY) N:o 1\/2005 el\u00e4inten suojelusta kuljetuksen ja siihen liittyvien toimenpiteiden aikana<\/a><\/li>\n<li><a href=\"http:\/\/eur-lex.europa.eu\/LexUriServ\/LexUriServ.do?uri=OJ:L:2009:303:0001:0030:fi:PDF\" target=\"_blank\" rel=\"noopener\">Neuvoston asetus (EY) N:o 1099\/2009 el\u00e4inten suojelusta lopetuksen yhteydess\u00e4<\/a> (lopetusasetus, tuotantoel\u00e4inten teurastus ja lopetus)<\/li>\n<li><a href=\"http:\/\/www.finlex.fi\/fi\/laki\/alkup\/2013\/20131024\" target=\"_blank\" rel=\"noopener\">MMM:n asetus el\u00e4intautien vastustamiseen liittyvist\u00e4 yleisist\u00e4 vaatimuksista siirrett\u00e4ess\u00e4 el\u00e4vi\u00e4 el\u00e4imi\u00e4, alkioita ja sukusoluja EU:n j\u00e4senvaltioiden v\u00e4lill\u00e4 1024\/2013<\/a><\/li>\n<li><a href=\"http:\/\/www.finlex.fi\/fi\/laki\/alkup\/2013\/20130832\" target=\"_blank\" rel=\"noopener\">MMM:n asetus EU:n ulkopuolelle viet\u00e4ville el\u00e4imille ja el\u00e4imist\u00e4 saaduille tuotteille asetettavista el\u00e4intautivaatimuksista ja teht\u00e4vist\u00e4 tarkastuksista 832\/2013<\/a><\/li>\n<li><a href=\"http:\/\/www.finlex.fi\/fi\/laki\/alkup\/2013\/20131024\" target=\"_blank\" rel=\"noopener\">El\u00e4inl\u00e4\u00e4kint\u00e4huoltolaki 2009\/765<\/a> (el\u00e4inl\u00e4\u00e4k\u00e4ripalveluiden saatavuus ja niiden valvonta)<\/li>\n<li><a href=\"http:\/\/www.finlex.fi\/fi\/laki\/alkup\/2013\/20130441\" target=\"_blank\" rel=\"noopener\">El\u00e4intautilaki 441\/2013<\/a> (tarttuvien el\u00e4intautien ehk\u00e4isy ja v\u00e4hent\u00e4minen)<\/li>\n<li><a href=\"http:\/\/www.finlex.fi\/fi\/laki\/alkup\/2015\/20150517#Lidp1780128\" target=\"_blank\" rel=\"noopener\">Laki el\u00e4imist\u00e4 saatavista sivutuotteista 517\/2015<\/a><\/li>\n<li><a href=\"http:\/\/www.finlex.fi\/fi\/laki\/alkup\/2011\/20111192#Pidp1886656\" target=\"_blank\" rel=\"noopener\">Maa- ja mets\u00e4talousministeri\u00f6n asetus el\u00e4imist\u00e4 saatavien sivutuotteiden ja niist\u00e4 johdettujen tuotteiden ker\u00e4\u00e4misest\u00e4, kuljetuksesta ja h\u00e4vitt\u00e4misest\u00e4 1192\/2011<br \/>\n<\/a><\/li>\n<\/ul>\n<p><strong>Hevosiin liittyv\u00e4 lains\u00e4\u00e4d\u00e4nt\u00f6<\/strong><\/p>\n<ul>\n<li>Evira: <a href=\"https:\/\/blogi.eoppimispalvelut.fi\/elma\/files\/2016\/09\/EVIRA_HEVONEN_el\u00e4insuojelulains\u00e4\u00e4d\u00e4nt\u00f6\u00e4-koottuna.pdf\" target=\"_blank\" rel=\"noopener\">Hevonen &#8211; El\u00e4insuojelulains\u00e4\u00e4d\u00e4nt\u00f6\u00e4 koottuna<\/a><\/li>\n<li><a href=\"http:\/\/www.finlex.fi\/fi\/laki\/ajantasa\/2010\/20100588\" target=\"_blank\" rel=\"noopener\">Valtioneuvoston asetus hevosten suojelusta 2010\/588<\/a><\/li>\n<li><a href=\"http:\/\/ec.europa.eu\/food\/fs\/aw\/aw_legislation\/allfarm\/98-58-ec_fi.pdf\" target=\"_blank\" rel=\"noopener\">Neuvoston direktiivi 98\/58\/EY tuotantoel\u00e4inten suojelusta<\/a> (alkutuotannossa k\u00e4ytett\u00e4vien el\u00e4inten suojelu, hevoset lihantuotantoel\u00e4imen\u00e4)<\/li>\n<\/ul>\n<p><strong>Koiriin liittyv\u00e4 lains\u00e4\u00e4d\u00e4nt\u00f6<\/strong><\/p>\n<ul>\n<li>Evira: Koirat ja kissat &#8211; <a href=\"https:\/\/blogi.eoppimispalvelut.fi\/elma\/files\/2016\/09\/EVIRA_Koirat-ja-kissat_el\u00e4insuopjelulains\u00e4\u00e4d\u00e4nt\u00f6\u00e4-koottuna.pdf\" target=\"_blank\" rel=\"noopener\">El\u00e4insuojelulains\u00e4\u00e4d\u00e4nt\u00f6\u00e4 koottuna<\/a><\/li>\n<li><a href=\"http:\/\/www.finlex.fi\/fi\/laki\/ajantasa\/2010\/20100674\" target=\"_blank\" rel=\"noopener\">Valtioneuvoston asetus koirien, kissojen ja muiden pienikokoisten seura- ja harrastusel\u00e4inten suojelusta 674\/2010<br \/>\n<\/a><\/li>\n<\/ul>\n<p><strong>Poroihin liittyv\u00e4 lains\u00e4\u00e4d\u00e4nt\u00f6<\/strong><\/p>\n<ul>\n<li><a href=\"http:\/\/www.finlex.fi\/fi\/laki\/alkup\/2010\/20100590\" target=\"_blank\" rel=\"noopener\">Valtioneuvoston asetus tarhattavien peurojen suojelusta 590\/2010<\/a><\/li>\n<\/ul>\n<p><strong><br \/>\nOPPAITA JA SUOSITUKSIA<\/strong><\/p>\n<p><strong>Hevoset<\/strong><\/p>\n<ul>\n<li><a href=\"https:\/\/blogi.eoppimispalvelut.fi\/elma\/files\/2016\/09\/Hyvinvoiva-turvallinen-ja-ymp\u00e4rist\u00f6yst\u00e4v\u00e4llinen-talli.pdf\" target=\"_blank\" rel=\"noopener\">Hyvinvoiva, turvallinen ja ymp\u00e4rist\u00f6yst\u00e4v\u00e4llinen talli &#8211; opas vastuulliseen tallitoimintaan<\/a><\/li>\n<li>Suomen Hippos ry: <a href=\"https:\/\/blogi.eoppimispalvelut.fi\/elma\/files\/2016\/09\/Hyv\u00e4-hevosenpito_opas-hevosen-arkeen.pdf\" target=\"_blank\" rel=\"noopener\">Hyv\u00e4 hevosenpito &#8211; opas hevosen arkeen<\/a><\/li>\n<li>ProAgria Oulu: <a href=\"https:\/\/blogi.eoppimispalvelut.fi\/elma\/files\/2016\/09\/Meid\u00e4n-tallikansio.pdf\" target=\"_blank\" rel=\"noopener\">Meid\u00e4n tallikansio<\/a><\/li>\n<li>Maa- ja mets\u00e4talousministeri\u00f6: <a href=\"https:\/\/blogi.eoppimispalvelut.fi\/elma\/files\/2016\/09\/tervejahyvinvoivahevonen.pdf\" target=\"_blank\" rel=\"noopener\">Terve ja hyvinvoiva hevonen<\/a><\/li>\n<li>Turvallisuus- ja kemikaalivirasto: <a href=\"http:\/\/www.tukes.fi\/Tiedostot\/Tukes-ohjeet\/Tukes-ohje_5_2015%20Ratsastuspalveluiden%20turvallisuus.pdf\">Ratsastuspalveluiden turvallisuuden edist\u00e4minen<\/a>. Tukes-ohje 5\/2015<\/li>\n<\/ul>\n<p><strong>Koirat<\/strong><\/p>\n<ul>\n<li>Saavalainen Eija: <a href=\"https:\/\/blogi.eoppimispalvelut.fi\/elma\/files\/2016\/10\/Saavalainen.pdf\" target=\"_blank\" rel=\"noopener\">Suojelevatko el\u00e4insuojelus\u00e4\u00e4d\u00f6kset rekikoiria?<\/a><\/li>\n<li>British Columbia\/Ministry of Agriculture: <a href=\"https:\/\/blogi.eoppimispalvelut.fi\/elma\/files\/2016\/09\/sled_dog_code_of_practice.pdf\" target=\"_blank\" rel=\"noopener\">Sled Dog Code of Practice<\/a><\/li>\n<li>Mush with P.R.I.D.E. <a href=\"https:\/\/blogi.eoppimispalvelut.fi\/elma\/files\/2016\/09\/3rd_edition_guidelines_mushers.pdf\" target=\"_blank\" rel=\"noopener\">Sled Dog Care Guidelines<\/a><\/li>\n<li>Risk of negative effects on the welfare of dogs associated with being housed outdoors or used for sled dog racing, Opinion of the Panel on Animal Health and Welfare of the Norwegian Scientific Committee for Food Safety<\/li>\n<\/ul>\n<p><strong>Porot<\/strong><\/p>\n<ul>\n<li><a href=\"https:\/\/blogi.eoppimispalvelut.fi\/elma\/files\/2016\/09\/Porojen_elavana_kuljetus_2011.pdf\" target=\"_blank\" rel=\"noopener\">Poron el\u00e4v\u00e4n\u00e4 kuljettamisen hyvien toimintatapojen opas<\/a><\/li>\n<li><a href=\"https:\/\/blogi.eoppimispalvelut.fi\/elma\/files\/2016\/09\/Tarhausopas.pdf\" target=\"_blank\" rel=\"noopener\">Porojen talvitarhauksen hyvien toimintatapojen opas<\/a><\/li>\n<li><a href=\"https:\/\/blogi.eoppimispalvelut.fi\/elma\/files\/2016\/09\/Porojen-talviruokinnan-hyvien-toimintatapojen-opas-2.pdf\" target=\"_blank\" rel=\"noopener\">Porojen talviruokinnan hyvien toimintatapojen opas<\/a><\/li>\n<\/ul>\n<p><strong><br \/>\nOPINN\u00c4YTET\u00d6IT\u00c4<\/strong><\/p>\n<ul>\n<li><a href=\"http:\/\/www.theseus.fi\/bitstream\/handle\/10024\/95844\/Hevosmatkailu%20Etela-Karjalassa.pdf;sequence=1\" target=\"_blank\" rel=\"noopener\">Hevosmatkailu Etel\u00e4-Karjalassa<\/a>, Suvi Niemi. Saimaan ammattikorkeakoulu, liiketoiminta ja kulttuuri, hotelli- ja ravintola-alan koulutusohjelma, opinn\u00e4ytety\u00f6 2015.<\/li>\n<li><a href=\"http:\/\/www.theseus.fi\/bitstream\/handle\/10024\/900\/Kangas-Mannisto_Tupuna.pdf?sequence=1\">Hevosmatkailu ja hevosmatkailuyritysten henkil\u00f6st\u00f6n koulutus ja koulutustarve<\/a>, Tupuna Kangas-M\u00e4nnist\u00f6. Satakunnan ammattikorkeakoulu, liiketalouden, matkailun ja viestinn\u00e4n koulutusohjelma, matkailun suuntautumisvaihtoehto, opinn\u00e4ytety\u00f6 2007.<\/li>\n<li>\n<div><a href=\"http:\/\/www.hippolis.fi\/UserFiles\/hippolis\/File\/EquineLife\/hevosten_hyvinvointi_ja_lajinmukainen_kayttaytyminen_seka_niiden_toteutuminen_suomalaisilla_talleilla.pdf\">Hevosten hyvinvointi ja lajinmukainen k\u00e4ytt\u00e4ytyminen sek\u00e4<\/a><\/div>\n<div>niiden toteutuminen suomalaisilla talleilla, Mari Pikkarainen. H\u00e4meen ammattikorkeakoulu, maaseutuelinkeinojen koulutusohjelma, opinn\u00e4ytety\u00f6 2005.<\/div>\n<\/li>\n<li><a href=\"http:\/\/hdl.handle.net\/10138\/165840\">Hevosten koulutus ja hyvinvointi<\/a>, Lotta Armfelt. Helsingin yliopisto, El\u00e4inl\u00e4\u00e4ketieteellinen tiedekunta, lisensiaatintutkielma, 2016.<\/li>\n<li><a href=\"https:\/\/www.theseus.fi\/bitstream\/handle\/10024\/76587\/kari_raty.pdf?sequence=1\" target=\"_blank\" rel=\"noopener\">Hevosten vapaa liikunta<\/a>, Suvituuli Kari, Maiju R\u00e4ty. H\u00e4meen\u00a0ammattikorkeakoulu, Maaseutuelinkeinojen koulutusohjelma. Opinn\u00e4ytety\u00f6 2014.<\/li>\n<li><a href=\"http:\/\/www.hippolis.fi\/UserFiles\/hippolis\/File\/PDF-opparit\/Hevosmatkailu.pdf\">Suomalaisen hevosmatkailun mahdollisuudet<\/a>,\u00a0 Katriina Kaskinen. H\u00e4meen ammattikorkeakoulu, Matkailun koulutusohjelma. Opinn\u00e4ytety\u00f6 2007.<\/li>\n<li>\n<div><a href=\"https:\/\/publications.theseus.fi\/bitstream\/handle\/10024\/11481\/2008-04-10-04.pdf?sequence=1\">Turvallisuussuunnittelu ratsastusvaelluksilla -Case: Starhill Stable<\/a>, Suvi Mattila. Lahden ammattikorkeakoulu, matkailun koulutusohjelma. Opinn\u00e4ytety\u00f6 2007.<\/div>\n<\/li>\n<\/ul>\n","protected":false},"excerpt":{"rendered":"<p>LAIT JA ASETUKSET El\u00e4inten hyvinvoinnin yleiset vaatimukset El\u00e4insuojelulaki 1996\/247 El\u00e4insuojeluasetus 1996\/396 Laki el\u00e4inten kuljetuksesta 2006\/1429 Neuvoston asetus (EY) N:o 1\/2005 el\u00e4inten suojelusta kuljetuksen ja siihen liittyvien toimenpiteiden aikana Neuvoston asetus (EY) N:o 1099\/2009 el\u00e4inten suojelusta lopetuksen yhteydess\u00e4 (lopetusasetus, tuotantoel\u00e4inten teurastus ja lopetus) MMM:n asetus el\u00e4intautien vastustamiseen liittyvist\u00e4 yleisist\u00e4 vaatimuksista siirrett\u00e4ess\u00e4 el\u00e4vi\u00e4 el\u00e4imi\u00e4, alkioita ja sukusoluja [&hellip;]<\/p>\n","protected":false},"author":31,"featured_media":0,"parent":0,"menu_order":0,"comment_status":"closed","ping_status":"closed","template":"","meta":{"footnotes":""},"class_list":["post-14","page","type-page","status-publish","hentry"],"_links":{"self":[{"href":"https:\/\/blogi.eoppimispalvelut.fi\/elma\/wp-json\/wp\/v2\/pages\/14","targetHints":{"allow":["GET"]}}],"collection":[{"href":"https:\/\/blogi.eoppimispalvelut.fi\/elma\/wp-json\/wp\/v2\/pages"}],"about":[{"href":"https:\/\/blogi.eoppimispalvelut.fi\/elma\/wp-json\/wp\/v2\/types\/page"}],"author":[{"embeddable":true,"href":"https:\/\/blogi.eoppimispalvelut.fi\/elma\/wp-json\/wp\/v2\/users\/31"}],"replies":[{"embeddable":true,"href":"https:\/\/blogi.eoppimispalvelut.fi\/elma\/wp-json\/wp\/v2\/comments?post=14"}],"version-history":[{"count":46,"href":"https:\/\/blogi.eoppimispalvelut.fi\/elma\/wp-json\/wp\/v2\/pages\/14\/revisions"}],"predecessor-version":[{"id":635,"href":"https:\/\/blogi.eoppimispalvelut.fi\/elma\/wp-json\/wp\/v2\/pages\/14\/revisions\/635"}],"wp:attachment":[{"href":"https:\/\/blogi.eoppimispalvelut.fi\/elma\/wp-json\/wp\/v2\/media?parent=14"}],"curies":[{"name":"wp","href":"https:\/\/api.w.org\/{rel}","templated":true}]}}