{"id":384,"date":"2016-11-29T13:16:20","date_gmt":"2016-11-29T11:16:20","guid":{"rendered":"https:\/\/blogi.eoppimispalvelut.fi\/elma\/?page_id=384"},"modified":"2016-12-09T10:11:33","modified_gmt":"2016-12-09T08:11:33","slug":"materiaalit","status":"publish","type":"page","link":"https:\/\/blogi.eoppimispalvelut.fi\/elma\/materiaalit\/","title":{"rendered":"Materiaalit"},"content":{"rendered":"<div id=\"attachment_325\" style=\"width: 160px\" class=\"wp-caption alignright\"><img loading=\"lazy\" decoding=\"async\" aria-describedby=\"caption-attachment-325\" class=\"size-thumbnail wp-image-325\" src=\"https:\/\/blogi.eoppimispalvelut.fi\/elma\/files\/2016\/10\/LapinMateriaalipankki_KaisaSiren_ELMA-150x150.jpg\" alt=\"Lapin materiaalipankki, Kaisa Siren\" width=\"150\" height=\"150\" srcset=\"https:\/\/blogi.eoppimispalvelut.fi\/elma\/files\/2016\/10\/LapinMateriaalipankki_KaisaSiren_ELMA-150x150.jpg 150w, https:\/\/blogi.eoppimispalvelut.fi\/elma\/files\/2016\/10\/LapinMateriaalipankki_KaisaSiren_ELMA-50x50.jpg 50w, https:\/\/blogi.eoppimispalvelut.fi\/elma\/files\/2016\/10\/LapinMateriaalipankki_KaisaSiren_ELMA.jpg 287w\" sizes=\"auto, (max-width: 150px) 100vw, 150px\" \/><p id=\"caption-attachment-325\" class=\"wp-caption-text\">Lapin materiaalipankki, Kaisa Siren<\/p><\/div>\n<p>Kokoamme ja tuotamme monipuolisesti tiedotus- ja ohjeistusmateriaalia el\u00e4inten pidosta, ruokinnasta, hoidosta ja k\u00e4sittelyst\u00e4 matkailuty\u00f6k\u00e4ytt\u00f6\u00f6n liittyen. Tietoa v\u00e4litet\u00e4\u00e4n kirjallisesti esimerkiksi artikkeleiden ja julkaisujen kautta sek\u00e4 s\u00e4hk\u00f6isesti videoiden ja oppaiden e-versioiden kautta. Kokoamme kaiken hankkeessa tuotettavan materiaalin n\u00e4ille sivuille.<\/p>\n<p>Kohdasta &#8220;uutiset&#8221; l\u00f6yd\u00e4t mediajulkaisut.<\/p>\n<p>L\u00f6yd\u00e4t paljon valmista tietoa aiheesta sivuston kohdasta \u201dtaustamateriaalit\u201d, olemme koonneet sinne keskeist\u00e4 lains\u00e4\u00e4d\u00e4nt\u00f6\u00e4, oppaita ja suosituksia sek\u00e4 opinn\u00e4ytet\u00f6it\u00e4.<\/p>\n","protected":false},"excerpt":{"rendered":"<p>Kokoamme ja tuotamme monipuolisesti tiedotus- ja ohjeistusmateriaalia el\u00e4inten pidosta, ruokinnasta, hoidosta ja k\u00e4sittelyst\u00e4 matkailuty\u00f6k\u00e4ytt\u00f6\u00f6n liittyen. Tietoa v\u00e4litet\u00e4\u00e4n kirjallisesti esimerkiksi artikkeleiden ja julkaisujen kautta sek\u00e4 s\u00e4hk\u00f6isesti videoiden ja oppaiden e-versioiden kautta. Kokoamme kaiken hankkeessa tuotettavan materiaalin n\u00e4ille sivuille. Kohdasta &#8220;uutiset&#8221; l\u00f6yd\u00e4t mediajulkaisut. L\u00f6yd\u00e4t paljon valmista tietoa aiheesta sivuston kohdasta \u201dtaustamateriaalit\u201d, olemme koonneet sinne keskeist\u00e4 lains\u00e4\u00e4d\u00e4nt\u00f6\u00e4, oppaita [&hellip;]<\/p>\n","protected":false},"author":1862,"featured_media":0,"parent":0,"menu_order":0,"comment_status":"closed","ping_status":"closed","template":"","meta":{"footnotes":""},"class_list":["post-384","page","type-page","status-publish","hentry"],"_links":{"self":[{"href":"https:\/\/blogi.eoppimispalvelut.fi\/elma\/wp-json\/wp\/v2\/pages\/384","targetHints":{"allow":["GET"]}}],"collection":[{"href":"https:\/\/blogi.eoppimispalvelut.fi\/elma\/wp-json\/wp\/v2\/pages"}],"about":[{"href":"https:\/\/blogi.eoppimispalvelut.fi\/elma\/wp-json\/wp\/v2\/types\/page"}],"author":[{"embeddable":true,"href":"https:\/\/blogi.eoppimispalvelut.fi\/elma\/wp-json\/wp\/v2\/users\/1862"}],"replies":[{"embeddable":true,"href":"https:\/\/blogi.eoppimispalvelut.fi\/elma\/wp-json\/wp\/v2\/comments?post=384"}],"version-history":[{"count":6,"href":"https:\/\/blogi.eoppimispalvelut.fi\/elma\/wp-json\/wp\/v2\/pages\/384\/revisions"}],"predecessor-version":[{"id":425,"href":"https:\/\/blogi.eoppimispalvelut.fi\/elma\/wp-json\/wp\/v2\/pages\/384\/revisions\/425"}],"wp:attachment":[{"href":"https:\/\/blogi.eoppimispalvelut.fi\/elma\/wp-json\/wp\/v2\/media?parent=384"}],"curies":[{"name":"wp","href":"https:\/\/api.w.org\/{rel}","templated":true}]}}