{"id":4,"date":"2016-06-30T15:56:05","date_gmt":"2016-06-30T12:56:05","guid":{"rendered":"https:\/\/blogi.eoppimispalvelut.fi\/elma\/?page_id=4"},"modified":"2016-10-02T21:43:03","modified_gmt":"2016-10-02T18:43:03","slug":"etusivu","status":"publish","type":"page","link":"https:\/\/blogi.eoppimispalvelut.fi\/elma\/","title":{"rendered":"Etusivu"},"content":{"rendered":"<p>El\u00e4imill\u00e4 on merkitt\u00e4v\u00e4 rooli lappilaisten matkailupalveluiden tuottamisessa. Lapin matkailuimagolle on t\u00e4rke\u00e4\u00e4, ett\u00e4 asiakkaat voivat varmistua el\u00e4inten hyvinvoinnista ja oikeasta kohtelusta k\u00e4ytt\u00e4miss\u00e4\u00e4n matkailupalveluissa.<\/p>\n<p>Vastuulliset kuluttajat arvostavat el\u00e4inten k\u00e4ytt\u00f6\u00f6n liittyv\u00e4\u00e4 palvelun laatua. El\u00e4inten hyvinvoinnista huolehtiminen ja sen n\u00e4kyv\u00e4ksi tekeminen my\u00f6s asiakkaille tuo lappilaisille matkailutoimijoille mahdollisuuksia vastuullisen liiketoiminnan kehitt\u00e4miseen ja kilpailukyvyn parantamiseen.<\/p>\n<p>El\u00e4inten hyvinvointi matkailupalveluissa -tiedonv\u00e4lityshankkeessa tavoitteemme on varmistaa el\u00e4inten hyvinvoinnin toteutuminen lappilaisissa matkailupalveluissa sek\u00e4 lis\u00e4t\u00e4 matkailuyritt\u00e4jien mahdollisuuksia hy\u00f6dynt\u00e4\u00e4 el\u00e4inten hyvinvointia liiketoiminnassaan.<\/p>\n<p><img loading=\"lazy\" decoding=\"async\" class=\"aligncenter size-full wp-image-292\" src=\"https:\/\/blogi.eoppimispalvelut.fi\/elma\/files\/2016\/09\/Logokooste_ELMA-e1475172872158.png\" alt=\"Logokooste_ELMA\" width=\"1200\" height=\"200\" \/><\/p>\n","protected":false},"excerpt":{"rendered":"<p>El\u00e4imill\u00e4 on merkitt\u00e4v\u00e4 rooli lappilaisten matkailupalveluiden tuottamisessa. Lapin matkailuimagolle on t\u00e4rke\u00e4\u00e4, ett\u00e4 asiakkaat voivat varmistua el\u00e4inten hyvinvoinnista ja oikeasta kohtelusta k\u00e4ytt\u00e4miss\u00e4\u00e4n matkailupalveluissa. Vastuulliset kuluttajat arvostavat el\u00e4inten k\u00e4ytt\u00f6\u00f6n liittyv\u00e4\u00e4 palvelun laatua. El\u00e4inten hyvinvoinnista huolehtiminen ja sen n\u00e4kyv\u00e4ksi tekeminen my\u00f6s asiakkaille tuo lappilaisille matkailutoimijoille mahdollisuuksia vastuullisen liiketoiminnan kehitt\u00e4miseen ja kilpailukyvyn parantamiseen. El\u00e4inten hyvinvointi matkailupalveluissa -tiedonv\u00e4lityshankkeessa tavoitteemme on [&hellip;]<\/p>\n","protected":false},"author":31,"featured_media":0,"parent":0,"menu_order":0,"comment_status":"closed","ping_status":"closed","template":"","meta":{"footnotes":""},"class_list":["post-4","page","type-page","status-publish","hentry"],"_links":{"self":[{"href":"https:\/\/blogi.eoppimispalvelut.fi\/elma\/wp-json\/wp\/v2\/pages\/4","targetHints":{"allow":["GET"]}}],"collection":[{"href":"https:\/\/blogi.eoppimispalvelut.fi\/elma\/wp-json\/wp\/v2\/pages"}],"about":[{"href":"https:\/\/blogi.eoppimispalvelut.fi\/elma\/wp-json\/wp\/v2\/types\/page"}],"author":[{"embeddable":true,"href":"https:\/\/blogi.eoppimispalvelut.fi\/elma\/wp-json\/wp\/v2\/users\/31"}],"replies":[{"embeddable":true,"href":"https:\/\/blogi.eoppimispalvelut.fi\/elma\/wp-json\/wp\/v2\/comments?post=4"}],"version-history":[{"count":22,"href":"https:\/\/blogi.eoppimispalvelut.fi\/elma\/wp-json\/wp\/v2\/pages\/4\/revisions"}],"predecessor-version":[{"id":329,"href":"https:\/\/blogi.eoppimispalvelut.fi\/elma\/wp-json\/wp\/v2\/pages\/4\/revisions\/329"}],"wp:attachment":[{"href":"https:\/\/blogi.eoppimispalvelut.fi\/elma\/wp-json\/wp\/v2\/media?parent=4"}],"curies":[{"name":"wp","href":"https:\/\/api.w.org\/{rel}","templated":true}]}}