{"id":6,"date":"2016-06-30T15:56:25","date_gmt":"2016-06-30T12:56:25","guid":{"rendered":"https:\/\/blogi.eoppimispalvelut.fi\/elma\/?page_id=6"},"modified":"2016-10-02T23:36:18","modified_gmt":"2016-10-02T20:36:18","slug":"hankeinfo","status":"publish","type":"page","link":"https:\/\/blogi.eoppimispalvelut.fi\/elma\/hankeinfo\/","title":{"rendered":"Hankeinfo"},"content":{"rendered":"<p>El\u00e4inten hyvinvointi matkailupalveluissa &#8211; tiedonv\u00e4lityshankkeen tavoitteena on varmistaa el\u00e4inten (rekikoira, poro ja hevonen) hyvinvointi matkailupalveluissa.<\/p>\n<p>Hankkeen toteuttajat:<\/p>\n<ul>\n<li>Lapin ammattikorkeakoulu, p\u00e4\u00e4toteuttaja, matkailupalveluiden sek\u00e4 teollisuus- ja luonnonvara-alojen osaamisalat<\/li>\n<li>Lapin yliopisto, osatoteuttaja, Matkailualan tutkimus- ja koulutusinstituutti<\/li>\n<\/ul>\n<p>Hankkeen toteutusaika on 1.1.2016-31.12.2017 ja sen rahoittaa Lapin ELY-keskus\/Euroopan maaseudun kehitt\u00e4misen maatalousrahasto.<\/p>\n<p>Kokonaisbudjetti on 358 444 \u20ac.<\/p>\n<p>Hankkeen ohjausryhm\u00e4n j\u00e4senet:<\/p>\n<ul>\n<li>Hiukka P\u00e4ivi, Polar Lights Tours Oy<\/li>\n<li>Ikonen Pasi, Hetta Huskies Oy<\/li>\n<li>Kiimamaa Raisa, valvontael\u00e4inl\u00e4\u00e4k\u00e4ri, Tunturi-Lapin ymp\u00e4rist\u00f6terveydenhuolto<\/li>\n<li>Merkku Miia, Arctic Reindeer Oy<\/li>\n<li>Soppela Jussi, Lapin ammattikorkeakoulu, luonnonvara-alat<\/li>\n<li>Teuraj\u00e4rvi Anna-Kaisa, Lapin ELY-keskus<\/li>\n<li>Valkonen Jarno, Lapin yliopisto, yhteiskuntatieteiden tiedekunta<\/li>\n<li>Vola Joonas, Lapin yliopisto Arktinen keskus<\/li>\n<\/ul>\n<p>Katso lis\u00e4tietoja seuraavista dokumenteista:\u00a0<a href=\"https:\/\/blogi.eoppimispalvelut.fi\/elma\/files\/2016\/06\/Hankesuunnitelma-El\u00e4inten-hyvinvointi-matkailupalveluissa.pdf\" target=\"_blank\">hankesuunnitelma<\/a>, <a href=\"https:\/\/blogi.eoppimispalvelut.fi\/elma\/files\/2016\/09\/rahoitusp\u00e4\u00e4t\u00f6s.pdf\" target=\"_blank\">rahoitusp\u00e4\u00e4t\u00f6s<\/a> ja <a href=\"https:\/\/blogi.eoppimispalvelut.fi\/elma\/files\/2016\/06\/ELMA-PP-Esitys.pdf\">hanke-esittely<\/a> (powerpoint).<\/p>\n<p>&nbsp;<\/p>\n","protected":false},"excerpt":{"rendered":"<p>El\u00e4inten hyvinvointi matkailupalveluissa &#8211; tiedonv\u00e4lityshankkeen tavoitteena on varmistaa el\u00e4inten (rekikoira, poro ja hevonen) hyvinvointi matkailupalveluissa. Hankkeen toteuttajat: Lapin ammattikorkeakoulu, p\u00e4\u00e4toteuttaja, matkailupalveluiden sek\u00e4 teollisuus- ja luonnonvara-alojen osaamisalat Lapin yliopisto, osatoteuttaja, Matkailualan tutkimus- ja koulutusinstituutti Hankkeen toteutusaika on 1.1.2016-31.12.2017 ja sen rahoittaa Lapin ELY-keskus\/Euroopan maaseudun kehitt\u00e4misen maatalousrahasto. Kokonaisbudjetti on 358 444 \u20ac. Hankkeen ohjausryhm\u00e4n j\u00e4senet: Hiukka P\u00e4ivi, [&hellip;]<\/p>\n","protected":false},"author":31,"featured_media":0,"parent":0,"menu_order":1,"comment_status":"closed","ping_status":"closed","template":"","meta":{"footnotes":""},"class_list":["post-6","page","type-page","status-publish","hentry"],"_links":{"self":[{"href":"https:\/\/blogi.eoppimispalvelut.fi\/elma\/wp-json\/wp\/v2\/pages\/6","targetHints":{"allow":["GET"]}}],"collection":[{"href":"https:\/\/blogi.eoppimispalvelut.fi\/elma\/wp-json\/wp\/v2\/pages"}],"about":[{"href":"https:\/\/blogi.eoppimispalvelut.fi\/elma\/wp-json\/wp\/v2\/types\/page"}],"author":[{"embeddable":true,"href":"https:\/\/blogi.eoppimispalvelut.fi\/elma\/wp-json\/wp\/v2\/users\/31"}],"replies":[{"embeddable":true,"href":"https:\/\/blogi.eoppimispalvelut.fi\/elma\/wp-json\/wp\/v2\/comments?post=6"}],"version-history":[{"count":15,"href":"https:\/\/blogi.eoppimispalvelut.fi\/elma\/wp-json\/wp\/v2\/pages\/6\/revisions"}],"predecessor-version":[{"id":345,"href":"https:\/\/blogi.eoppimispalvelut.fi\/elma\/wp-json\/wp\/v2\/pages\/6\/revisions\/345"}],"wp:attachment":[{"href":"https:\/\/blogi.eoppimispalvelut.fi\/elma\/wp-json\/wp\/v2\/media?parent=6"}],"curies":[{"name":"wp","href":"https:\/\/api.w.org\/{rel}","templated":true}]}}