{"id":604,"date":"2018-01-19T09:31:16","date_gmt":"2018-01-19T07:31:16","guid":{"rendered":"https:\/\/blogi.eoppimispalvelut.fi\/elma\/?page_id=604"},"modified":"2018-11-01T10:32:52","modified_gmt":"2018-11-01T08:32:52","slug":"julkaisut","status":"publish","type":"page","link":"https:\/\/blogi.eoppimispalvelut.fi\/elma\/julkaisut\/","title":{"rendered":"Julkaisut"},"content":{"rendered":"<p><strong>El\u00e4inten hyvinvointi matkailupalveluissa<\/strong><br \/>\n&#8211; Vinkkej\u00e4 ja hyvi\u00e4 k\u00e4yt\u00e4nt\u00f6j\u00e4 lappilaisten matkailuel\u00e4inten hyvinvointiin<\/p>\n<ul>\n<li><a href=\"https:\/\/blogi.eoppimispalvelut.fi\/elma\/files\/2018\/11\/ELMA_Opaskirja_Suomi_Kaikki_osiot_1-6.pdf\" target=\"_blank\" rel=\"noopener\">El\u00e4inten hyvinvointi matkailupalveluissa- Vinkkej\u00e4 ja hyvi\u00e4 k\u00e4yt\u00e4nt\u00f6j\u00e4 lappilaisten matkailuel\u00e4inten hyvinvointiin (valjakkokoirat, porot, hevoset)<\/a><\/li>\n<li><a href=\"https:\/\/blogi.eoppimispalvelut.fi\/elma\/files\/2018\/11\/ELMA_Opaskirja_Suomi_4_Koira.pdf\" target=\"_blank\" rel=\"noopener\">El\u00e4inten hyvinvointi matkailupalveluissa &#8211; Valjakkokoira<\/a><\/li>\n<li><a href=\"https:\/\/blogi.eoppimispalvelut.fi\/elma\/files\/2018\/11\/ELMA_Opaskirja_Suomi_1-2-3_5Poro.pdf\" target=\"_blank\" rel=\"noopener\">El\u00e4inten hyvinvointi matkailupalveluissa &#8211; Poro<\/a><\/li>\n<li><a href=\"https:\/\/blogi.eoppimispalvelut.fi\/elma\/files\/2018\/11\/ELMA_Opaskirja_Suomi_1-2-3_6Hevonen.pdf\" target=\"_blank\" rel=\"noopener\">El\u00e4inten hyvinvointi matkailupalveluissa &#8211; Hevonen<\/a><\/li>\n<\/ul>\n<p><strong>El\u00e4inmatkailun merkitys Lapissa<\/strong><\/p>\n<p>&#8220;Animal-based Tourism Services in Lapland&#8221; -raportissa kerrotaan <strong>el\u00e4inmatkailun merkityksest\u00e4 Lapissa<\/strong>. Siit\u00e4 on koostettu my\u00f6s keskeiset tulokset esitt\u00e4v\u00e4 infograafi.<\/p>\n<ul>\n<li><a href=\"https:\/\/blogi.eoppimispalvelut.fi\/elma\/files\/2018\/01\/Animal-based-Tourism-Services-in-Lapland_Report_2018.pdf\">Animal-based Tourism Services in Lapland Report 2018<\/a> (raportti, pdf)<\/li>\n<li><a href=\"https:\/\/blogi.eoppimispalvelut.fi\/elma\/files\/2018\/02\/El\u00e4inmatkailu-Lapissa.pdf\">El\u00e4inmatkailu Lapissa<\/a> (infograafi, suomi)<\/li>\n<li><a href=\"https:\/\/blogi.eoppimispalvelut.fi\/elma\/files\/2018\/02\/Animal-based-tourism-services-in-Lapland.pdf\">Animal-based tourism services in Lapland <\/a>(infographic, English)<\/li>\n<\/ul>\n<p>&nbsp;<\/p>\n<p><strong>Lapin matkailijoiden k\u00e4sitykset el\u00e4inmatkailusta<\/strong><\/p>\n<p>&#8220;Lapin matkailijoiden k\u00e4sityksi\u00e4 el\u00e4inmatkailusta&#8221; -raportin tiedot perustuvat selvitykseen, jossa kartoitettiin <strong>Lapin matkailijoiden kulutustottumuksia<\/strong>, <strong>heid\u00e4n asenteitaan el\u00e4imi\u00e4 ja el\u00e4inmatkailua kohtaan<\/strong> sek\u00e4 <strong>vastaajien taustatekij\u00f6iden vaikutusta n\u00e4ihin tekij\u00f6ihin<\/strong>. Siit\u00e4 on koostettu my\u00f6s keskeiset tulokset esitt\u00e4v\u00e4 infograafi.<\/p>\n<ul>\n<li><a href=\"https:\/\/blogi.eoppimispalvelut.fi\/elma\/files\/2018\/02\/Lapin-matkailijoiden-k\u00e4sityksi\u00e4-el\u00e4inmatkailusta.pdf\">Lapin matkailijoiden k\u00e4sityksi\u00e4 el\u00e4inmatkailusta<\/a> (raportti, pdf)<\/li>\n<li><a href=\"https:\/\/blogi.eoppimispalvelut.fi\/elma\/files\/2018\/02\/Lapin-matkailijoiden-k\u00e4sityksi\u00e4-el\u00e4inmatkailusta-1.pdf\">Lapin matkailijoiden k\u00e4sityksi\u00e4 el\u00e4inmatkailusta<\/a> (infograafi, suomi)<\/li>\n<li><a href=\"https:\/\/blogi.eoppimispalvelut.fi\/elma\/files\/2018\/02\/Lapland-Tourists\u2019-Views-on-Animals-Working-in-Tourism.pdf\">Lapland Tourists\u2019 Views on Animals Working in Tourism<\/a> (report in English)<\/li>\n<li><a href=\"https:\/\/blogi.eoppimispalvelut.fi\/elma\/files\/2018\/02\/Lapland-tourists-views-on-animals-working-in-tourism.pdf\">Lapland tourists&#8217; views on animals working in tourism<\/a> (infographic, English)<\/li>\n<\/ul>\n","protected":false},"excerpt":{"rendered":"<p>El\u00e4inten hyvinvointi matkailupalveluissa &#8211; Vinkkej\u00e4 ja hyvi\u00e4 k\u00e4yt\u00e4nt\u00f6j\u00e4 lappilaisten matkailuel\u00e4inten hyvinvointiin El\u00e4inten hyvinvointi matkailupalveluissa- Vinkkej\u00e4 ja hyvi\u00e4 k\u00e4yt\u00e4nt\u00f6j\u00e4 lappilaisten matkailuel\u00e4inten hyvinvointiin (valjakkokoirat, porot, hevoset) El\u00e4inten hyvinvointi matkailupalveluissa &#8211; Valjakkokoira El\u00e4inten hyvinvointi matkailupalveluissa &#8211; Poro El\u00e4inten hyvinvointi matkailupalveluissa &#8211; Hevonen El\u00e4inmatkailun merkitys Lapissa &#8220;Animal-based Tourism Services in Lapland&#8221; -raportissa kerrotaan el\u00e4inmatkailun merkityksest\u00e4 Lapissa. Siit\u00e4 on koostettu [&hellip;]<\/p>\n","protected":false},"author":1862,"featured_media":0,"parent":0,"menu_order":0,"comment_status":"closed","ping_status":"closed","template":"","meta":{"footnotes":""},"class_list":["post-604","page","type-page","status-publish","hentry"],"_links":{"self":[{"href":"https:\/\/blogi.eoppimispalvelut.fi\/elma\/wp-json\/wp\/v2\/pages\/604","targetHints":{"allow":["GET"]}}],"collection":[{"href":"https:\/\/blogi.eoppimispalvelut.fi\/elma\/wp-json\/wp\/v2\/pages"}],"about":[{"href":"https:\/\/blogi.eoppimispalvelut.fi\/elma\/wp-json\/wp\/v2\/types\/page"}],"author":[{"embeddable":true,"href":"https:\/\/blogi.eoppimispalvelut.fi\/elma\/wp-json\/wp\/v2\/users\/1862"}],"replies":[{"embeddable":true,"href":"https:\/\/blogi.eoppimispalvelut.fi\/elma\/wp-json\/wp\/v2\/comments?post=604"}],"version-history":[{"count":14,"href":"https:\/\/blogi.eoppimispalvelut.fi\/elma\/wp-json\/wp\/v2\/pages\/604\/revisions"}],"predecessor-version":[{"id":664,"href":"https:\/\/blogi.eoppimispalvelut.fi\/elma\/wp-json\/wp\/v2\/pages\/604\/revisions\/664"}],"wp:attachment":[{"href":"https:\/\/blogi.eoppimispalvelut.fi\/elma\/wp-json\/wp\/v2\/media?parent=604"}],"curies":[{"name":"wp","href":"https:\/\/api.w.org\/{rel}","templated":true}]}}