{"id":82,"date":"2016-09-14T13:17:05","date_gmt":"2016-09-14T10:17:05","guid":{"rendered":"https:\/\/blogi.eoppimispalvelut.fi\/elma\/?page_id=82"},"modified":"2018-04-20T13:23:58","modified_gmt":"2018-04-20T10:23:58","slug":"matkailuelaimet","status":"publish","type":"page","link":"https:\/\/blogi.eoppimispalvelut.fi\/elma\/matkailuelaimet\/","title":{"rendered":"Matkailuel\u00e4imet"},"content":{"rendered":"<p>Hyvinvoivat hevoset, porot ja valjakkokoirat ovat t\u00e4rke\u00e4 osa koko Lapin matkailuimagoa. El\u00e4inten hyvinvointi ja hyv\u00e4t k\u00e4sittelytavat mahdollistavat el\u00e4inten suoriutumisen ty\u00f6st\u00e4\u00e4n ja ehk\u00e4isev\u00e4t mahdollisten vaaratilanteiden syntymist\u00e4.<\/p>\n<p>Matkailuel\u00e4inten parissa ty\u00f6skenteleviss\u00e4 yrityksiss\u00e4 tapahtuu kuitenkin paljon sellaista el\u00e4imist\u00e4 huolehtimista, mik\u00e4 ei n\u00e4y matkailijalle. Lis\u00e4ksi on olemassa paljon hyvi\u00e4 arkisia k\u00e4yt\u00e4nteit\u00e4, jotka eiv\u00e4t ole kaikkien yritt\u00e4jien tiedossa.<\/p>\n<p>Kokoamme ja tuotamme tietoa n\u00e4iden matkailuel\u00e4inten pidosta, ruokinnasta, hoidosta ja k\u00e4sittelyst\u00e4 ty\u00f6k\u00e4ytt\u00f6\u00f6n liittyen \u2013 kunkin el\u00e4imen lajityypilliset tarpeet huomioiden.<code><div class=\"h5p-iframe-wrapper\"><iframe id=\"h5p-iframe-4\" class=\"h5p-iframe\" data-content-id=\"4\" style=\"height:1px\" src=\"about:blank\" frameBorder=\"0\" scrolling=\"no\" title=\"El\u00e4imet linkit\"><\/iframe><\/div><\/code><\/p>\n","protected":false},"excerpt":{"rendered":"<p>Hyvinvoivat hevoset, porot ja valjakkokoirat ovat t\u00e4rke\u00e4 osa koko Lapin matkailuimagoa. El\u00e4inten hyvinvointi ja hyv\u00e4t k\u00e4sittelytavat mahdollistavat el\u00e4inten suoriutumisen ty\u00f6st\u00e4\u00e4n ja ehk\u00e4isev\u00e4t mahdollisten vaaratilanteiden syntymist\u00e4. Matkailuel\u00e4inten parissa ty\u00f6skenteleviss\u00e4 yrityksiss\u00e4 tapahtuu kuitenkin paljon sellaista el\u00e4imist\u00e4 huolehtimista, mik\u00e4 ei n\u00e4y matkailijalle. Lis\u00e4ksi on olemassa paljon hyvi\u00e4 arkisia k\u00e4yt\u00e4nteit\u00e4, jotka eiv\u00e4t ole kaikkien yritt\u00e4jien tiedossa. Kokoamme ja tuotamme [&hellip;]<\/p>\n","protected":false},"author":1862,"featured_media":0,"parent":0,"menu_order":2,"comment_status":"closed","ping_status":"closed","template":"","meta":{"footnotes":""},"class_list":["post-82","page","type-page","status-publish","hentry","avhec_catgroup-all"],"_links":{"self":[{"href":"https:\/\/blogi.eoppimispalvelut.fi\/elma\/wp-json\/wp\/v2\/pages\/82","targetHints":{"allow":["GET"]}}],"collection":[{"href":"https:\/\/blogi.eoppimispalvelut.fi\/elma\/wp-json\/wp\/v2\/pages"}],"about":[{"href":"https:\/\/blogi.eoppimispalvelut.fi\/elma\/wp-json\/wp\/v2\/types\/page"}],"author":[{"embeddable":true,"href":"https:\/\/blogi.eoppimispalvelut.fi\/elma\/wp-json\/wp\/v2\/users\/1862"}],"replies":[{"embeddable":true,"href":"https:\/\/blogi.eoppimispalvelut.fi\/elma\/wp-json\/wp\/v2\/comments?post=82"}],"version-history":[{"count":19,"href":"https:\/\/blogi.eoppimispalvelut.fi\/elma\/wp-json\/wp\/v2\/pages\/82\/revisions"}],"predecessor-version":[{"id":649,"href":"https:\/\/blogi.eoppimispalvelut.fi\/elma\/wp-json\/wp\/v2\/pages\/82\/revisions\/649"}],"wp:attachment":[{"href":"https:\/\/blogi.eoppimispalvelut.fi\/elma\/wp-json\/wp\/v2\/media?parent=82"}],"curies":[{"name":"wp","href":"https:\/\/api.w.org\/{rel}","templated":true}]}}