{"id":90,"date":"2016-09-15T10:59:55","date_gmt":"2016-09-15T07:59:55","guid":{"rendered":"https:\/\/blogi.eoppimispalvelut.fi\/elma\/?page_id=90"},"modified":"2018-09-03T08:33:27","modified_gmt":"2018-09-03T05:33:27","slug":"valjakkokoirat","status":"publish","type":"page","link":"https:\/\/blogi.eoppimispalvelut.fi\/elma\/valjakkokoirat\/","title":{"rendered":"Valjakkokoirat"},"content":{"rendered":"<p><em>Kuva: Lapin materiaalipankki, Antti Pietik\u00e4inen<\/em><\/p>\n<p>Valjakkokoirat tarjoavat matkailijoille vauhdikkaita lumisia el\u00e4myksi\u00e4. Ohjelmapalveluiden kirjo on laaja, ulottuen aina lyhyist\u00e4\u00a0pikasafareista viikon mittaisiin retkiin. My\u00f6s yritysten koot vaihtelevat \u2013 koiria voi tarhoissa olla muutamista kymmenist\u00e4 useihin satoihin. Matkailualalla k\u00e4ytet\u00e4\u00e4n useita eri koirarotuja, kuten siperian- ja alaskanhuskyj\u00e4, alaskanmalamuutteja\u00a0sek\u00e4 n\u00e4iden erilaisia risteytyksi\u00e4.<\/p>\n<p>Valjakkokoirille j\u00e4rjestet\u00e4\u00e4n my\u00f6s kilpailuita, joissa testataan esimerkiksi nopeutta ja kest\u00e4vyytt\u00e4. Lis\u00e4ksi vetokoirilla\u00a0on oma innokas harrastajakuntansa.<\/p>\n<p>Yrityskohtaisista vaihteluista huolimatta valjakkokoirien hyvinvoinnin taustalla ovat aina samat l\u00e4ht\u00f6kohdat. Koirien asianmukainen pitopaikka, henkisest\u00e4 ja fyysisest\u00e4 hyvinvoinnista huolehtiminen, ty\u00f6kunnon yll\u00e4pit\u00e4minen ja el\u00e4imen yksil\u00f6llinen hoito \u2013 kaikki tekij\u00e4t yhdess\u00e4 varmistavat matkailualalla ty\u00f6skentelevien valjakkokoirien hyvinvoinnin.<\/p>\n<p><em>Hyvinvoiva ty\u00f6ntekij\u00e4 on yrityksen paras k\u00e4yntikortti!<\/em><\/p>\n<h5>Valjakkokoira yritykset<\/h5>\n<div class=\"h5p-iframe-wrapper\"><iframe id=\"h5p-iframe-1\" class=\"h5p-iframe\" data-content-id=\"1\" style=\"height:1px\" src=\"about:blank\" frameBorder=\"0\" scrolling=\"no\" title=\"Valjakkokoira yritykset\"><\/iframe><\/div>\n","protected":false},"excerpt":{"rendered":"<p>Kuva: Lapin materiaalipankki, Antti Pietik\u00e4inen Valjakkokoirat tarjoavat matkailijoille vauhdikkaita lumisia el\u00e4myksi\u00e4. Ohjelmapalveluiden kirjo on laaja, ulottuen aina lyhyist\u00e4\u00a0pikasafareista viikon mittaisiin retkiin. My\u00f6s yritysten koot vaihtelevat \u2013 koiria voi tarhoissa olla muutamista kymmenist\u00e4 useihin satoihin. Matkailualalla k\u00e4ytet\u00e4\u00e4n useita eri koirarotuja, kuten siperian- ja alaskanhuskyj\u00e4, alaskanmalamuutteja\u00a0sek\u00e4 n\u00e4iden erilaisia risteytyksi\u00e4. Valjakkokoirille j\u00e4rjestet\u00e4\u00e4n my\u00f6s kilpailuita, joissa testataan esimerkiksi nopeutta [&hellip;]<\/p>\n","protected":false},"author":1862,"featured_media":253,"parent":0,"menu_order":0,"comment_status":"closed","ping_status":"closed","template":"","meta":{"footnotes":""},"class_list":["post-90","page","type-page","status-publish","has-post-thumbnail","hentry"],"_links":{"self":[{"href":"https:\/\/blogi.eoppimispalvelut.fi\/elma\/wp-json\/wp\/v2\/pages\/90","targetHints":{"allow":["GET"]}}],"collection":[{"href":"https:\/\/blogi.eoppimispalvelut.fi\/elma\/wp-json\/wp\/v2\/pages"}],"about":[{"href":"https:\/\/blogi.eoppimispalvelut.fi\/elma\/wp-json\/wp\/v2\/types\/page"}],"author":[{"embeddable":true,"href":"https:\/\/blogi.eoppimispalvelut.fi\/elma\/wp-json\/wp\/v2\/users\/1862"}],"replies":[{"embeddable":true,"href":"https:\/\/blogi.eoppimispalvelut.fi\/elma\/wp-json\/wp\/v2\/comments?post=90"}],"version-history":[{"count":33,"href":"https:\/\/blogi.eoppimispalvelut.fi\/elma\/wp-json\/wp\/v2\/pages\/90\/revisions"}],"predecessor-version":[{"id":654,"href":"https:\/\/blogi.eoppimispalvelut.fi\/elma\/wp-json\/wp\/v2\/pages\/90\/revisions\/654"}],"wp:featuredmedia":[{"embeddable":true,"href":"https:\/\/blogi.eoppimispalvelut.fi\/elma\/wp-json\/wp\/v2\/media\/253"}],"wp:attachment":[{"href":"https:\/\/blogi.eoppimispalvelut.fi\/elma\/wp-json\/wp\/v2\/media?parent=90"}],"curies":[{"name":"wp","href":"https:\/\/api.w.org\/{rel}","templated":true}]}}