{"id":92,"date":"2016-09-15T10:59:55","date_gmt":"2016-09-15T07:59:55","guid":{"rendered":"https:\/\/blogi.eoppimispalvelut.fi\/elma\/?page_id=92"},"modified":"2017-03-22T09:28:55","modified_gmt":"2017-03-22T07:28:55","slug":"porot","status":"publish","type":"page","link":"https:\/\/blogi.eoppimispalvelut.fi\/elma\/porot\/","title":{"rendered":"Porot"},"content":{"rendered":"<p><em>Kuva: Lapin materiaalipankki, Markus Kiili<\/em><\/p>\n<p>Lapissa harjoitettava porotalous perustuu p\u00e4\u00e4osin lihantuotantoon ja vapaaseen luonnonlaitumien hy\u00f6dynt\u00e4miseen. Porotilat ja matkailuyritykset hy\u00f6dynt\u00e4v\u00e4t kuitenkin poroja my\u00f6s matkailijoille tarjottavissa ohjelmapalveluissa.<\/p>\n<p>Porojen ymp\u00e4rivuotinen tarhaus on perinteist\u00e4 poronhoitoa v\u00e4hemm\u00e4n tunnettua. Matkailuporon kouluttaminen on pitk\u00e4aikainen prosessi. Matkailuporoja tarhataankin usein niiden kesyyden ja arvokkuuden vuoksi, jotta v\u00e4ltyt\u00e4\u00e4n liikenne-, ja petovahingoilta. Matkailun parissa ty\u00f6skentelev\u00e4t porot ovat useimmiten h\u00e4rki\u00e4, eli sukua jatkamattomia urosporoja.<\/p>\n<p>Perinteist\u00e4 poronhoitoa on tutkittu paljon niin Suomessa kuin ulkomailla. Hyvien k\u00e4yt\u00e4nteiden kokoaminen ty\u00f6k\u00e4yt\u00f6ss\u00e4 olevien porojen ymp\u00e4rivuotisesta hoidosta turvaa entist\u00e4 paremmin matkailuporojen hyvinvoinnin.<\/p>\n<p><em>Lappilainen matkailuyritt\u00e4j\u00e4 huolehtii ty\u00f6kaveristaan!<\/em><\/p>\n<h5>Porotilayritykset<\/h5>\n<div class=\"h5p-iframe-wrapper\"><iframe id=\"h5p-iframe-3\" class=\"h5p-iframe\" data-content-id=\"3\" style=\"height:1px\" src=\"about:blank\" frameBorder=\"0\" scrolling=\"no\" title=\"Porotilat\"><\/iframe><\/div>\n<p>&nbsp;<\/p>\n","protected":false},"excerpt":{"rendered":"<p>Kuva: Lapin materiaalipankki, Markus Kiili Lapissa harjoitettava porotalous perustuu p\u00e4\u00e4osin lihantuotantoon ja vapaaseen luonnonlaitumien hy\u00f6dynt\u00e4miseen. Porotilat ja matkailuyritykset hy\u00f6dynt\u00e4v\u00e4t kuitenkin poroja my\u00f6s matkailijoille tarjottavissa ohjelmapalveluissa. Porojen ymp\u00e4rivuotinen tarhaus on perinteist\u00e4 poronhoitoa v\u00e4hemm\u00e4n tunnettua. Matkailuporon kouluttaminen on pitk\u00e4aikainen prosessi. Matkailuporoja tarhataankin usein niiden kesyyden ja arvokkuuden vuoksi, jotta v\u00e4ltyt\u00e4\u00e4n liikenne-, ja petovahingoilta. Matkailun parissa ty\u00f6skentelev\u00e4t porot [&hellip;]<\/p>\n","protected":false},"author":1862,"featured_media":252,"parent":0,"menu_order":0,"comment_status":"closed","ping_status":"closed","template":"","meta":{"footnotes":""},"class_list":["post-92","page","type-page","status-publish","has-post-thumbnail","hentry"],"_links":{"self":[{"href":"https:\/\/blogi.eoppimispalvelut.fi\/elma\/wp-json\/wp\/v2\/pages\/92","targetHints":{"allow":["GET"]}}],"collection":[{"href":"https:\/\/blogi.eoppimispalvelut.fi\/elma\/wp-json\/wp\/v2\/pages"}],"about":[{"href":"https:\/\/blogi.eoppimispalvelut.fi\/elma\/wp-json\/wp\/v2\/types\/page"}],"author":[{"embeddable":true,"href":"https:\/\/blogi.eoppimispalvelut.fi\/elma\/wp-json\/wp\/v2\/users\/1862"}],"replies":[{"embeddable":true,"href":"https:\/\/blogi.eoppimispalvelut.fi\/elma\/wp-json\/wp\/v2\/comments?post=92"}],"version-history":[{"count":21,"href":"https:\/\/blogi.eoppimispalvelut.fi\/elma\/wp-json\/wp\/v2\/pages\/92\/revisions"}],"predecessor-version":[{"id":538,"href":"https:\/\/blogi.eoppimispalvelut.fi\/elma\/wp-json\/wp\/v2\/pages\/92\/revisions\/538"}],"wp:featuredmedia":[{"embeddable":true,"href":"https:\/\/blogi.eoppimispalvelut.fi\/elma\/wp-json\/wp\/v2\/media\/252"}],"wp:attachment":[{"href":"https:\/\/blogi.eoppimispalvelut.fi\/elma\/wp-json\/wp\/v2\/media?parent=92"}],"curies":[{"name":"wp","href":"https:\/\/api.w.org\/{rel}","templated":true}]}}