{"id":94,"date":"2016-09-15T10:27:39","date_gmt":"2016-09-15T07:27:39","guid":{"rendered":"https:\/\/blogi.eoppimispalvelut.fi\/elma\/?page_id=94"},"modified":"2018-09-03T08:32:47","modified_gmt":"2018-09-03T05:32:47","slug":"hevoset","status":"publish","type":"page","link":"https:\/\/blogi.eoppimispalvelut.fi\/elma\/hevoset\/","title":{"rendered":"Hevoset"},"content":{"rendered":"<p><em>Kuva: Lapin materiaalipankki, Terhi Tuovi<\/em><\/p>\n<p>Hevosten tarjoamia matkailun ohjelmapalveluita ovat esimerkiksi eripituiset ratsain teht\u00e4v\u00e4t vaellukset ja rekiretket. Hevosrotujen laaja kirjo mahdollistaa monipuolisen hevosmatkailun tarjonnan ymp\u00e4ri Lappia.<\/p>\n<p>Hevosten suuresta koosta ja lajityypillisest\u00e4 pakok\u00e4ytt\u00e4ytymisest\u00e4 johtuen hevosmatkailussa tulee erityisesti panostaa turvallisuuteen. Yksil\u00f6valinnoilla, kouluttamisella, opettamisella ja ohjelmapalveluiden huolellisella suunnittelulla vaikutetaan palvelun turvallisuuteen ja turvataan matkailun parissa ty\u00f6skentelevien hevosten hyvinvointi.<\/p>\n<p style=\"text-align: left\"><em>Yksil\u00f6t tekev\u00e4t lappilaista matkailua!<\/em><\/p>\n<h5 style=\"text-align: left\">Yritykset Lapissa<\/h5>\n<div class=\"h5p-iframe-wrapper\"><iframe id=\"h5p-iframe-2\" class=\"h5p-iframe\" data-content-id=\"2\" style=\"height:1px\" src=\"about:blank\" frameBorder=\"0\" scrolling=\"no\" title=\"Hevoset\"><\/iframe><\/div>\n","protected":false},"excerpt":{"rendered":"<p>Kuva: Lapin materiaalipankki, Terhi Tuovi Hevosten tarjoamia matkailun ohjelmapalveluita ovat esimerkiksi eripituiset ratsain teht\u00e4v\u00e4t vaellukset ja rekiretket. Hevosrotujen laaja kirjo mahdollistaa monipuolisen hevosmatkailun tarjonnan ymp\u00e4ri Lappia. Hevosten suuresta koosta ja lajityypillisest\u00e4 pakok\u00e4ytt\u00e4ytymisest\u00e4 johtuen hevosmatkailussa tulee erityisesti panostaa turvallisuuteen. Yksil\u00f6valinnoilla, kouluttamisella, opettamisella ja ohjelmapalveluiden huolellisella suunnittelulla vaikutetaan palvelun turvallisuuteen ja turvataan matkailun parissa ty\u00f6skentelevien hevosten hyvinvointi. [&hellip;]<\/p>\n","protected":false},"author":1862,"featured_media":256,"parent":0,"menu_order":0,"comment_status":"closed","ping_status":"closed","template":"","meta":{"footnotes":""},"class_list":["post-94","page","type-page","status-publish","has-post-thumbnail","hentry"],"_links":{"self":[{"href":"https:\/\/blogi.eoppimispalvelut.fi\/elma\/wp-json\/wp\/v2\/pages\/94","targetHints":{"allow":["GET"]}}],"collection":[{"href":"https:\/\/blogi.eoppimispalvelut.fi\/elma\/wp-json\/wp\/v2\/pages"}],"about":[{"href":"https:\/\/blogi.eoppimispalvelut.fi\/elma\/wp-json\/wp\/v2\/types\/page"}],"author":[{"embeddable":true,"href":"https:\/\/blogi.eoppimispalvelut.fi\/elma\/wp-json\/wp\/v2\/users\/1862"}],"replies":[{"embeddable":true,"href":"https:\/\/blogi.eoppimispalvelut.fi\/elma\/wp-json\/wp\/v2\/comments?post=94"}],"version-history":[{"count":29,"href":"https:\/\/blogi.eoppimispalvelut.fi\/elma\/wp-json\/wp\/v2\/pages\/94\/revisions"}],"predecessor-version":[{"id":653,"href":"https:\/\/blogi.eoppimispalvelut.fi\/elma\/wp-json\/wp\/v2\/pages\/94\/revisions\/653"}],"wp:featuredmedia":[{"embeddable":true,"href":"https:\/\/blogi.eoppimispalvelut.fi\/elma\/wp-json\/wp\/v2\/media\/256"}],"wp:attachment":[{"href":"https:\/\/blogi.eoppimispalvelut.fi\/elma\/wp-json\/wp\/v2\/media?parent=94"}],"curies":[{"name":"wp","href":"https:\/\/api.w.org\/{rel}","templated":true}]}}