{"id":99,"date":"2016-09-15T10:59:55","date_gmt":"2016-09-15T07:59:55","guid":{"rendered":"https:\/\/blogi.eoppimispalvelut.fi\/elma\/?page_id=99"},"modified":"2017-12-01T13:09:21","modified_gmt":"2017-12-01T11:09:21","slug":"uutiset","status":"publish","type":"page","link":"https:\/\/blogi.eoppimispalvelut.fi\/elma\/uutiset\/","title":{"rendered":"Uutiset"},"content":{"rendered":"<p><strong>El\u00e4inten hyvinvointi matkailupalveluissa\u00a0-uutiskirje<\/strong><\/p>\n<p>Ajankohtaisista tapahtumista ja uutisista saat parhaiten tietoa hankkeen omasta s\u00e4hk\u00f6isest\u00e4 uutiskirjeest\u00e4. <a href=\"http:\/\/eepurl.com\/ciGcnT\">Tilaa uutiskirjeemme omaan s\u00e4hk\u00f6postiisi t\u00e4st\u00e4<\/a>.<\/p>\n<p>Lis\u00e4ksi olemme koonneet alle koosteen muualla julkaistuista toimintaamme liittyvist\u00e4 uutisista.<\/p>\n<ul>\n<li><a href=\"http:\/\/www.rovakaira.fi\/loader.aspx?id=04b8c7d6-b4a6-4c6f-96c9-d57746f165a8\">&#8220;El\u00e4imi\u00e4 t\u00f6iss\u00e4&#8221;<\/a>, Rovakairan Asiaskaspolar-lehden liite.<\/li>\n<li><a href=\"https:\/\/issuu.com\/lapinliitto\/docs\/biotaloudenhankejulkaisu2017-2018\">&#8220;ELMA opastaa ty\u00f6el\u00e4inten hyv\u00e4\u00e4n hoitoon&#8221;<\/a>, Biotalouden hankejulkaisu 2017-18 s.40-41, Lapin liitto.<\/li>\n<li>&#8220;<a href=\"https:\/\/blogi.eoppimispalvelut.fi\/elma\/files\/2017\/09\/Lappilaiset-yritt\u00e4j\u00e4t-panostavat-rekikoirien-hyvinvointiin.pdf\">Lappilaiset yritt\u00e4j\u00e4t panostavat rekikoirien hyvinvointiin<\/a>&#8220;, Kittil\u00e4 -lehti 13.9.2017<\/li>\n<li><a href=\"https:\/\/www.lapinkansa.fi\/lappi\/nakokulma-elaimen-arvo-matkailussa-200156952\/\">&#8220;El\u00e4imen arvo matkailussa&#8221;<\/a>, Lapin Kansa 5.5.2017<\/li>\n<li><a href=\"https:\/\/blogi.eoppimispalvelut.fi\/elma\/files\/2016\/09\/Matkailubuumin-voittoja-ei-revit\u00e4-huskyn-hyvinvoinnista.pdf\">&#8220;Matkailubuumin voittoja ei revit\u00e4 huskyn hyvinvoinnista&#8221;<\/a>, Koiramme 4\/2017<\/li>\n<li><a href=\"https:\/\/issuu.com\/ulapland\/docs\/kide_1_2017_issuu\/22\">&#8220;Valkea kulta mahdollistaa matkailutoiminnan Lapissa&#8221;<\/a>, Lapin yliopiston tiede- ja taidelehti KIDE 1\/2017 (Mikko \u00c4ij\u00e4l\u00e4)<\/li>\n<li><a href=\"https:\/\/blogi.eoppimispalvelut.fi\/elma\/files\/2017\/02\/Kirjallisuuskatsaus-El\u00e4imet-osana-matkailutoimintaa.pdf\">Kirjallisuuskatsaus El\u00e4imet osana matkailutoimintaa<\/a>, Matkailututkimus 12:2, 2016, (Mikko \u00c4ij\u00e4l\u00e4 &amp; Jose-Carlos Garcia-Rosell &amp; Minni Haanp\u00e4\u00e4)<\/li>\n<li><a href=\"https:\/\/uasjournal.fi\/puheenvuoro\/elainten-hyvinvointi-osana-vastuullista-matkailua\/\" target=\"_blank\" rel=\"noopener\">&#8220;El\u00e4inten hyvinvointi osana vastuullista matkailua&#8221;<\/a>, AMK-lehti \/\/ UAS Journal 4\/2016 (Outi K\u00e4hk\u00f6nen, Karoliina Majuri, Jaana Ojuva ja Mikko \u00c4ij\u00e4l\u00e4)<\/li>\n<li><a href=\"https:\/\/blogi.eoppimispalvelut.fi\/lumenlehti\/2016\/09\/29\/matkailuelainten-hyvinvoinnista-viestiminen-lisaa-matkailupalvelun-turvallisuutta-ja-laatua\/\" target=\"_blank\" rel=\"noopener\">&#8220;Matkailuel\u00e4inten hyvinvoinnista viestiminen lis\u00e4\u00e4 matkailupalvelun turvallisuutta ja laatua&#8221;<\/a>, Lapin ammattikorkeakoulun verkkolehti Lumen 2\/2016 (Karoliina Majuri ja Mikko \u00c4ij\u00e4l\u00e4)<\/li>\n<li><a href=\"https:\/\/blogi.eoppimispalvelut.fi\/elma\/files\/2016\/09\/Abstraktikirja_2016_maaseutututkijatapaaminen.pdf\" target=\"_blank\" rel=\"noopener\">&#8220;Kirjallisuuskatsaus: El\u00e4imet osana matkailutoimintaa&#8221;<\/a>, Maaseutututkijatapaaminen Rovaniemell\u00e4 25.-26.8.2016 (Mikko \u00c4ij\u00e4l\u00e4 &amp; Jose-Carlos Garcia-Rosell &amp; Minni Haanp\u00e4\u00e4 s.40)<\/li>\n<li><a href=\"https:\/\/blogi.eoppimispalvelut.fi\/elma\/files\/2016\/09\/Abstraktikirja_2016_maaseutututkijatapaaminen.pdf\">&#8220;Porojen hyvinvointi matkailupalveluissa&#8221;<\/a>, Maaseutututkijatapaaminen Rovaniemell\u00e4 25.-26.8.2016 (Karoliina Majuri s. 41)<\/li>\n<li><a href=\"https:\/\/blogi.eoppimispalvelut.fi\/elma\/files\/2016\/09\/Abstraktikirja_2016_maaseutututkijatapaaminen.pdf\" target=\"_blank\" rel=\"noopener\">&#8220;Matkailijan turvallisuuskokemus arktisen alueen hevosmatkailupalvelussa&#8221;,<\/a> Maaseutututkijatapaaminen Rovaniemell\u00e4 25.-26.8.2016 (Karoliina Sohlman &amp; Maria Hakkarainen s.42)<\/li>\n<li>&#8220;<a href=\"https:\/\/blogi.eoppimispalvelut.fi\/elma\/files\/2016\/09\/8.7.2016_LapinKansa.pdf\">Matkailija kiitt\u00e4\u00e4, kun husky voi hyvin<\/a>&#8220;<strong>, <\/strong>Lapin Kansa 8.7.2016 <strong><br \/>\n<\/strong><\/li>\n<\/ul>\n<p>&nbsp;<\/p>\n","protected":false},"excerpt":{"rendered":"<p>El\u00e4inten hyvinvointi matkailupalveluissa\u00a0-uutiskirje Ajankohtaisista tapahtumista ja uutisista saat parhaiten tietoa hankkeen omasta s\u00e4hk\u00f6isest\u00e4 uutiskirjeest\u00e4. Tilaa uutiskirjeemme omaan s\u00e4hk\u00f6postiisi t\u00e4st\u00e4. Lis\u00e4ksi olemme koonneet alle koosteen muualla julkaistuista toimintaamme liittyvist\u00e4 uutisista. &#8220;El\u00e4imi\u00e4 t\u00f6iss\u00e4&#8221;, Rovakairan Asiaskaspolar-lehden liite. &#8220;ELMA opastaa ty\u00f6el\u00e4inten hyv\u00e4\u00e4n hoitoon&#8221;, Biotalouden hankejulkaisu 2017-18 s.40-41, Lapin liitto. &#8220;Lappilaiset yritt\u00e4j\u00e4t panostavat rekikoirien hyvinvointiin&#8220;, Kittil\u00e4 -lehti 13.9.2017 &#8220;El\u00e4imen arvo [&hellip;]<\/p>\n","protected":false},"author":1862,"featured_media":0,"parent":0,"menu_order":0,"comment_status":"closed","ping_status":"closed","template":"","meta":{"footnotes":""},"class_list":["post-99","page","type-page","status-publish","hentry"],"_links":{"self":[{"href":"https:\/\/blogi.eoppimispalvelut.fi\/elma\/wp-json\/wp\/v2\/pages\/99","targetHints":{"allow":["GET"]}}],"collection":[{"href":"https:\/\/blogi.eoppimispalvelut.fi\/elma\/wp-json\/wp\/v2\/pages"}],"about":[{"href":"https:\/\/blogi.eoppimispalvelut.fi\/elma\/wp-json\/wp\/v2\/types\/page"}],"author":[{"embeddable":true,"href":"https:\/\/blogi.eoppimispalvelut.fi\/elma\/wp-json\/wp\/v2\/users\/1862"}],"replies":[{"embeddable":true,"href":"https:\/\/blogi.eoppimispalvelut.fi\/elma\/wp-json\/wp\/v2\/comments?post=99"}],"version-history":[{"count":44,"href":"https:\/\/blogi.eoppimispalvelut.fi\/elma\/wp-json\/wp\/v2\/pages\/99\/revisions"}],"predecessor-version":[{"id":599,"href":"https:\/\/blogi.eoppimispalvelut.fi\/elma\/wp-json\/wp\/v2\/pages\/99\/revisions\/599"}],"wp:attachment":[{"href":"https:\/\/blogi.eoppimispalvelut.fi\/elma\/wp-json\/wp\/v2\/media?parent=99"}],"curies":[{"name":"wp","href":"https:\/\/api.w.org\/{rel}","templated":true}]}}