{"id":211,"date":"2023-11-27T11:21:48","date_gmt":"2023-11-27T09:21:48","guid":{"rendered":"https:\/\/blogi.eoppimispalvelut.fi\/ennakoi\/?page_id=211"},"modified":"2024-02-12T15:07:43","modified_gmt":"2024-02-12T13:07:43","slug":"asiantuntijat","status":"publish","type":"page","link":"https:\/\/blogi.eoppimispalvelut.fi\/ennakoi\/asiantuntijat\/","title":{"rendered":"Asiantuntijat"},"content":{"rendered":"<p>[et_pb_section fb_built=&#8221;1&#8243; _builder_version=&#8221;4.20.4&#8243; _module_preset=&#8221;default&#8221; background_color=&#8221;#FFFFFF&#8221; global_colors_info=&#8221;{}&#8221;][et_pb_row _builder_version=&#8221;4.20.4&#8243; _module_preset=&#8221;default&#8221; global_colors_info=&#8221;{}&#8221;][et_pb_column type=&#8221;4_4&#8243; _builder_version=&#8221;4.20.4&#8243; _module_preset=&#8221;default&#8221; global_colors_info=&#8221;{}&#8221;][et_pb_text _builder_version=&#8221;4.20.4&#8243; _module_preset=&#8221;default&#8221; global_colors_info=&#8221;{}&#8221;]<\/p>\n<h1 style=\"text-align: center\">Asiantuntijat<\/h1>\n<p>[\/et_pb_text][\/et_pb_column][\/et_pb_row][et_pb_row _builder_version=&#8221;4.20.4&#8243; _module_preset=&#8221;default&#8221; global_colors_info=&#8221;{}&#8221;][et_pb_column type=&#8221;4_4&#8243; _builder_version=&#8221;4.20.4&#8243; _module_preset=&#8221;default&#8221; global_colors_info=&#8221;{}&#8221;][et_pb_team_member name=&#8221;Sari Arolaakso&#8221; position=&#8221;Projektip\u00e4\u00e4llikk\u00f6 ja ennakoinnin asiantuntija&#8221; image_url=&#8221;https:\/\/blogi.eoppimispalvelut.fi\/ennakoi\/files\/2023\/11\/portrait-sari.png&#8221; image_url_tablet=&#8221;https:\/\/blogi.eoppimispalvelut.fi\/ennakoi\/files\/2023\/11\/portrait-sari.png&#8221; image_url_phone=&#8221;https:\/\/blogi.eoppimispalvelut.fi\/ennakoi\/files\/2023\/11\/portrait-sari.png&#8221; image_url_last_edited=&#8221;on|desktop&#8221; _builder_version=&#8221;4.20.4&#8243; _module_preset=&#8221;default&#8221; custom_css_member_image=&#8221;width: 175px&#8221; border_radii_image=&#8221;on|15px|15px|15px|15px&#8221; border_radii_image_tablet=&#8221;on||||&#8221; border_radii_image_phone=&#8221;on|15px|15px|15px|15px&#8221; border_radii_image_last_edited=&#8221;on|tablet&#8221; global_colors_info=&#8221;{}&#8221; custom_css_member_image_last_edited=&#8221;on|desktop&#8221; custom_css_member_image_phone=&#8221;width: 175px;||margin-left: auto;||margin-right: auto;&#8221; custom_css_member_image_tablet=&#8221;width: 175px&#8221; custom_css_title_last_edited=&#8221;on|phone&#8221; custom_css_title_phone=&#8221;text-align: center;||margin-top: 2rem;&#8221;]<\/p>\n<p>Koulutustausta: Tohtorikoulutuettava 2021-, Oulu yo, TtM, fysioterapia 2007, Jyv\u00e4skyl\u00e4 yo.<\/p>\n<p>Ty\u00f6kokemus: Fysioterapeutti 1995 \u2013 2007, Lehtori 2007 &#8211;<\/p>\n<p>Ydinosaaminen; Ik\u00e4\u00e4ntyneen toimintakyvyn arviointi ja toimintakyvyn fyysisten edellytysten tukemisen menetelm\u00e4t sek\u00e4 geronteknologia.<\/p>\n<p>Yhteystiedot: etunimi.sukunimi@lapinamk.fi, 050-3109334.<\/p>\n<p>[\/et_pb_team_member][\/et_pb_column][\/et_pb_row][et_pb_row _builder_version=&#8221;4.20.4&#8243; _module_preset=&#8221;default&#8221; global_colors_info=&#8221;{}&#8221;][et_pb_column type=&#8221;4_4&#8243; _builder_version=&#8221;4.20.4&#8243; _module_preset=&#8221;default&#8221; global_colors_info=&#8221;{}&#8221;][et_pb_team_member name=&#8221;Tanja Marjanen-Korkala&#8221; position=&#8221;Digitaalisten ja teknologisten ratkaisujen ja ik\u00e4ihmisten palveluneuvonnan ja -ohjauksen asiantuntijana&#8221; image_url=&#8221;https:\/\/blogi.eoppimispalvelut.fi\/ennakoi\/files\/2023\/11\/portrait-tanja.png&#8221; _builder_version=&#8221;4.20.4&#8243; _module_preset=&#8221;default&#8221; custom_css_member_image=&#8221;width: 175px;&#8221; border_radii_image=&#8221;on|15px|15px|15px|15px&#8221; border_radii_image_tablet=&#8221;on|15px|15px|15px|15px&#8221; border_radii_image_phone=&#8221;on|15px|15px|15px|15px&#8221; border_radii_image_last_edited=&#8221;on|desktop&#8221; global_colors_info=&#8221;{}&#8221; custom_css_member_image_last_edited=&#8221;on|phone&#8221; custom_css_member_image_phone=&#8221;width: 175px;||margin-left: auto;||margin-right: auto;&#8221; custom_css_member_image_tablet=&#8221;width: 175px;&#8221; custom_css_title_last_edited=&#8221;on|phone&#8221; custom_css_title_phone=&#8221;text-align: center;||margin-top: 2rem;&#8221;]<\/p>\n<p>Koulutustausta: Ammatillinen opettaja 2021, OAMK, Geronomi (YAMK) 2020, Lapin AMK, P\u00e4ihde- ja mielenterveys erikoisammattitutkinto 2020, DIAK, Geronomi 2016, Lapin AMK, L\u00e4hihoitaja 2009, Ammattiopisto Lappia, Sosiaalialan perusty\u00f6ntekij\u00e4 1994, Kemin Sosiaalioppilaitos.<\/p>\n<p>Ty\u00f6kokemus: Kodinhoitaja 1995 &#8211; 1997, Yritt\u00e4j\u00e4 2000 &#8211; 2005, L\u00e4hihoitaja 2008 &#8211; 2016, Geronomi 2016 &#8211; 2021, Tuntiopettaja 2021-<\/p>\n<p>Ydinosaaminen: Ik\u00e4\u00e4ntyvien ohjaus, palveluohjaus sek\u00e4 palvelutarpeen arviointi. Ik\u00e4\u00e4ntyvien palveluiden kehitt\u00e4minen sek\u00e4 geronteknologia.<\/p>\n<p>Yhteystiedot: etunimi.sukunimi@lapinamk.fi, 040-1593683.<\/p>\n<p>[\/et_pb_team_member][\/et_pb_column][\/et_pb_row][et_pb_row _builder_version=&#8221;4.20.4&#8243; _module_preset=&#8221;default&#8221; global_colors_info=&#8221;{}&#8221;][et_pb_column type=&#8221;4_4&#8243; _builder_version=&#8221;4.20.4&#8243; _module_preset=&#8221;default&#8221; global_colors_info=&#8221;{}&#8221;][et_pb_team_member name=&#8221;Anne Rautio&#8221; position=&#8221;Fyysisen toimintakyvyn tukemisen asiantuntija&#8221; image_url=&#8221;https:\/\/blogi.eoppimispalvelut.fi\/ennakoi\/files\/2023\/11\/portrait-anne.png&#8221; _builder_version=&#8221;4.20.4&#8243; _module_preset=&#8221;default&#8221; custom_css_member_image=&#8221;width: 175px;&#8221; border_radii_image=&#8221;on|15px|15px|15px|15px&#8221; global_colors_info=&#8221;{}&#8221; custom_css_member_image_last_edited=&#8221;on|phone&#8221; custom_css_member_image_phone=&#8221;width: 175px;||margin-left: auto;||margin-right: auto;&#8221; custom_css_member_image_tablet=&#8221;width: 175px;&#8221; custom_css_title_last_edited=&#8221;on|phone&#8221; custom_css_title_phone=&#8221;text-align: center;||margin-top: 2rem;&#8221;]<\/p>\n<p>Koulutustausta: Fysioterapeutti.<\/p>\n<p>Ty\u00f6kokemus: Fysioterapeutti, fysioterapia-alan yritt\u00e4j\u00e4, lehtori.<\/p>\n<p>Ydinosaaminen: Yksil\u00f6n toimintakyvyn arviointi ja tukeminen, siirtoergonomiatoiminta, ty\u00f6fysioterapia.<\/p>\n<p>Yhteystiedot: etunimi.sukunimi@lapinamk.fi, 040-7106835.<\/p>\n<p>[\/et_pb_team_member][\/et_pb_column][\/et_pb_row][et_pb_row _builder_version=&#8221;4.20.4&#8243; _module_preset=&#8221;default&#8221; global_colors_info=&#8221;{}&#8221;][et_pb_column type=&#8221;4_4&#8243; _builder_version=&#8221;4.20.4&#8243; _module_preset=&#8221;default&#8221; global_colors_info=&#8221;{}&#8221;][et_pb_team_member name=&#8221;Mira Oinas-M\u00e4enalanen&#8221; position=&#8221;Terveyden ja hyvinvoinnin asiantuntija&#8221; image_url=&#8221;https:\/\/blogi.eoppimispalvelut.fi\/ennakoi\/files\/2023\/11\/portrait-mira.png&#8221; _builder_version=&#8221;4.20.4&#8243; _module_preset=&#8221;default&#8221; custom_css_member_image=&#8221;width: 175px;&#8221; border_radii_image=&#8221;on|15px|15px|15px|15px&#8221; global_colors_info=&#8221;{}&#8221; custom_css_member_image_last_edited=&#8221;on|phone&#8221; custom_css_member_image_phone=&#8221;width: 175px;||margin-left: auto;||margin-right: auto;&#8221; custom_css_member_image_tablet=&#8221;width: 175px;&#8221; custom_css_title_last_edited=&#8221;on|phone&#8221; custom_css_title_phone=&#8221;text-align: center;||margin-top: 2rem;&#8221;]<\/p>\n<p>Koulutustausta: Terveydenhoitaja 2001, sairaanhoitaja 2002, ty\u00f6terveyshoitaja 2006, sairaanhoitaja (terveyden edist\u00e4minen) YAMK 2008, ammatillinen opettaja 2019.<\/p>\n<p>Ty\u00f6kokemus: Kotisairaanhoito, ty\u00f6terveyshuolto, lehtori Lapin AMK 2021-<\/p>\n<p>Ydinosaaminen: Terveyden edist\u00e4minen, ty\u00f6terveyshuolto.<\/p>\n<p>Yhteystiedot: etunimi.sukunimi@lapinamk.fi, 040-5123630.<\/p>\n<p>[\/et_pb_team_member][\/et_pb_column][\/et_pb_row][et_pb_row _builder_version=&#8221;4.20.4&#8243; _module_preset=&#8221;default&#8221; global_colors_info=&#8221;{}&#8221;][et_pb_column type=&#8221;4_4&#8243; _builder_version=&#8221;4.20.4&#8243; _module_preset=&#8221;default&#8221; global_colors_info=&#8221;{}&#8221;][et_pb_team_member name=&#8221;Mikko Pajula&#8221; position=&#8221;Tieto- ja viestint\u00e4tekniikan asiantuntija&#8221; image_url=&#8221;https:\/\/blogi.eoppimispalvelut.fi\/ennakoi\/files\/2023\/11\/portrait-mikko.png&#8221; _builder_version=&#8221;4.20.4&#8243; _module_preset=&#8221;default&#8221; custom_css_member_image=&#8221;width: 175px;&#8221; border_radii_image=&#8221;on|15px|15px|15px|15px&#8221; global_colors_info=&#8221;{}&#8221; custom_css_member_image_last_edited=&#8221;on|phone&#8221; custom_css_member_image_phone=&#8221;width: 175px;||margin-left: auto;||margin-right: auto;&#8221; custom_css_member_image_tablet=&#8221;width: 175px;&#8221; custom_css_title_last_edited=&#8221;on|phone&#8221; custom_css_title_phone=&#8221;text-align: center;||margin-top: 2rem;&#8221;]<\/p>\n<p>Koulutustausta: Data-analytics and Project management YAMK (Oulun AMK), Tieto- ja viestint\u00e4tekniikan insin\u00f6\u00f6ri (Lapin AMK), Kartoittaja (Stadin ammattiopisto).<\/p>\n<p>Ty\u00f6kokemus: Mittaaja, kartoittaja, projekti-insin\u00f6\u00f6ri, asiantuntija.<\/p>\n<p>Ydinosaaminen: Mobiili-kehitys, paikkatieto, koneoppiminen (kuvantunnistus).<\/p>\n<p>Yhteystiedot: etunimi.sukunimi@lapinamk.fi, 044-4780223.<\/p>\n<p>[\/et_pb_team_member][\/et_pb_column][\/et_pb_row][et_pb_row _builder_version=&#8221;4.20.4&#8243; _module_preset=&#8221;default&#8221; global_colors_info=&#8221;{}&#8221;][et_pb_column type=&#8221;4_4&#8243; _builder_version=&#8221;4.20.4&#8243; _module_preset=&#8221;default&#8221; global_colors_info=&#8221;{}&#8221;][et_pb_team_member name=&#8221;Heikki Saraj\u00e4rvi&#8221; position=&#8221;Tieto- ja viestint\u00e4tekniikan asiantuntija&#8221; image_url=&#8221;https:\/\/blogi.eoppimispalvelut.fi\/ennakoi\/files\/2023\/11\/portrait-missing.png&#8221; _builder_version=&#8221;4.20.4&#8243; _module_preset=&#8221;default&#8221; custom_css_member_image=&#8221;width: 175px;&#8221; border_radii_image=&#8221;on|15px|15px|15px|15px&#8221; global_colors_info=&#8221;{}&#8221; custom_css_member_image_last_edited=&#8221;on|phone&#8221; custom_css_member_image_phone=&#8221;width: 175px;||margin-left: auto;||margin-right: auto;&#8221; custom_css_member_image_tablet=&#8221;width: 175px;&#8221; custom_css_title_last_edited=&#8221;on|phone&#8221; custom_css_title_phone=&#8221;text-align: center;||margin-top: 2rem;&#8221;]<\/p>\n<p>Koulutustausta: Tieto- ja viestint\u00e4tekniikan insin\u00f6\u00f6ri (Lapin AMK).<\/p>\n<p>Ty\u00f6kokemus: Projekti-insin\u00f6\u00f6ri, asiantuntija.<\/p>\n<p>Ydinosaaminen: Web-ohjelmointi.<\/p>\n<p>Yhteystiedot: etunimi.sukunimi@lapinamk.fi.<\/p>\n<p>[\/et_pb_team_member][\/et_pb_column][\/et_pb_row][et_pb_row _builder_version=&#8221;4.20.4&#8243; _module_preset=&#8221;default&#8221; global_colors_info=&#8221;{}&#8221;][et_pb_column type=&#8221;4_4&#8243; _builder_version=&#8221;4.20.4&#8243; _module_preset=&#8221;default&#8221; global_colors_info=&#8221;{}&#8221;][et_pb_team_member name=&#8221;Aku Kuntsi&#8221; position=&#8221;Tieto- ja viestint\u00e4tekniikan asiantuntija&#8221; image_url=&#8221;https:\/\/blogi.eoppimispalvelut.fi\/ennakoi\/files\/2023\/11\/portrait-missing.png&#8221; _builder_version=&#8221;4.20.4&#8243; _module_preset=&#8221;default&#8221; custom_css_member_image=&#8221;width: 175px;&#8221; border_radii_image=&#8221;on|15px|15px|15px|15px&#8221; border_radii_image_tablet=&#8221;on|15px|15px|15px|15px&#8221; border_radii_image_phone=&#8221;on|15px|15px|15px|15px&#8221; border_radii_image_last_edited=&#8221;on|phone&#8221; global_colors_info=&#8221;{}&#8221; custom_css_member_image_last_edited=&#8221;on|phone&#8221; custom_css_member_image_phone=&#8221;width: 175px;||margin-left: auto;||margin-right: auto;&#8221; custom_css_member_image_tablet=&#8221;width: 175px;&#8221; custom_css_title_last_edited=&#8221;on|phone&#8221; custom_css_title_phone=&#8221;text-align: center;||margin-top: 2rem;&#8221;]<\/p>\n<p>Koulutustausta: Tieto- ja viestint\u00e4tekniikan insin\u00f6\u00f6ri (Lapin AMK).<\/p>\n<p>Ty\u00f6kokemus: Projekti-insin\u00f6\u00f6ri, asiantuntija.<\/p>\n<p>Ydinosaaminen: Web- ja mobiiliohjelmointi.<\/p>\n<p>Yhteystiedot: etunimi.sukunimi@lapinamk.fi.<\/p>\n<p>[\/et_pb_team_member][\/et_pb_column][\/et_pb_row][et_pb_row _builder_version=&#8221;4.20.4&#8243; _module_preset=&#8221;default&#8221; global_colors_info=&#8221;{}&#8221;][et_pb_column type=&#8221;4_4&#8243; _builder_version=&#8221;4.20.4&#8243; _module_preset=&#8221;default&#8221; global_colors_info=&#8221;{}&#8221;][et_pb_team_member name=&#8221;Jenna Korhonen&#8221; position=&#8221;Tieto- ja viestint\u00e4tekniikan asiantuntija&#8221; image_url=&#8221;https:\/\/blogi.eoppimispalvelut.fi\/ennakoi\/files\/2023\/11\/portrait-missing.png&#8221; _builder_version=&#8221;4.20.4&#8243; _module_preset=&#8221;default&#8221; hover_enabled=&#8221;0&#8243; custom_css_member_image=&#8221;width: 175px;&#8221; border_radii_image=&#8221;on|15px|15px|15px|15px&#8221; border_radii_image_tablet=&#8221;on|15px|15px|15px|15px&#8221; border_radii_image_phone=&#8221;on|15px|15px|15px|15px&#8221; border_radii_image_last_edited=&#8221;on|phone&#8221; global_colors_info=&#8221;{}&#8221; custom_css_member_image_last_edited=&#8221;on|phone&#8221; custom_css_member_image_phone=&#8221;width: 175px;||margin-left: auto;||margin-right: auto;&#8221; custom_css_member_image_tablet=&#8221;width: 175px;&#8221; custom_css_title_last_edited=&#8221;on|phone&#8221; custom_css_title_phone=&#8221;text-align: center;||margin-top: 2rem;&#8221; sticky_enabled=&#8221;0&#8243;]<\/p>\n<p>Koulutustausta: Graafinen suunnittelija.<\/p>\n<p>Ty\u00f6kokemus: Graafikko, projektisuunnittelija, asiantuntija.<\/p>\n<p>Ydinosaaminen: Graafinen suunnittelu, k\u00e4ytt\u00f6liittym\u00e4suunnittelu.<\/p>\n<p>Yhteystiedot: etunimi.sukunimi@lapinamk.fi, 040 6257072.<\/p>\n<p>[\/et_pb_team_member][\/et_pb_column][\/et_pb_row][\/et_pb_section]<\/p>\n","protected":false},"excerpt":{"rendered":"<p>AsiantuntijatKoulutustausta: Tohtorikoulutuettava 2021-, Oulu yo, TtM, fysioterapia 2007, Jyv\u00e4skyl\u00e4 yo. Ty\u00f6kokemus: Fysioterapeutti 1995 \u2013 2007, Lehtori 2007 &#8211; Ydinosaaminen; Ik\u00e4\u00e4ntyneen toimintakyvyn arviointi ja toimintakyvyn fyysisten edellytysten tukemisen menetelm\u00e4t sek\u00e4 geronteknologia. [&hellip;]<\/p>\n","protected":false},"author":37990,"featured_media":0,"parent":0,"menu_order":0,"comment_status":"closed","ping_status":"closed","template":"","meta":{"_et_pb_use_builder":"on","_et_pb_old_content":"","_et_gb_content_width":"","footnotes":""},"class_list":["post-211","page","type-page","status-publish","hentry"],"_links":{"self":[{"href":"https:\/\/blogi.eoppimispalvelut.fi\/ennakoi\/wp-json\/wp\/v2\/pages\/211","targetHints":{"allow":["GET"]}}],"collection":[{"href":"https:\/\/blogi.eoppimispalvelut.fi\/ennakoi\/wp-json\/wp\/v2\/pages"}],"about":[{"href":"https:\/\/blogi.eoppimispalvelut.fi\/ennakoi\/wp-json\/wp\/v2\/types\/page"}],"author":[{"embeddable":true,"href":"https:\/\/blogi.eoppimispalvelut.fi\/ennakoi\/wp-json\/wp\/v2\/users\/37990"}],"replies":[{"embeddable":true,"href":"https:\/\/blogi.eoppimispalvelut.fi\/ennakoi\/wp-json\/wp\/v2\/comments?post=211"}],"version-history":[{"count":20,"href":"https:\/\/blogi.eoppimispalvelut.fi\/ennakoi\/wp-json\/wp\/v2\/pages\/211\/revisions"}],"predecessor-version":[{"id":310,"href":"https:\/\/blogi.eoppimispalvelut.fi\/ennakoi\/wp-json\/wp\/v2\/pages\/211\/revisions\/310"}],"wp:attachment":[{"href":"https:\/\/blogi.eoppimispalvelut.fi\/ennakoi\/wp-json\/wp\/v2\/media?parent=211"}],"curies":[{"name":"wp","href":"https:\/\/api.w.org\/{rel}","templated":true}]}}