{"id":267,"date":"2024-01-12T11:24:50","date_gmt":"2024-01-12T09:24:50","guid":{"rendered":"https:\/\/blogi.eoppimispalvelut.fi\/ennakoi\/?page_id=267"},"modified":"2025-07-30T14:55:46","modified_gmt":"2025-07-30T11:55:46","slug":"1-tyopaja","status":"publish","type":"page","link":"https:\/\/blogi.eoppimispalvelut.fi\/ennakoi\/1-tyopaja\/","title":{"rendered":"1.ty\u00f6paja"},"content":{"rendered":"<p>[et_pb_section fb_built=&#8221;1&#8243; _builder_version=&#8221;4.20.4&#8243; _module_preset=&#8221;default&#8221; hover_enabled=&#8221;0&#8243; global_colors_info=&#8221;{}&#8221; sticky_enabled=&#8221;0&#8243;][et_pb_row _builder_version=&#8221;4.20.4&#8243; _module_preset=&#8221;default&#8221; global_colors_info=&#8221;{}&#8221;][et_pb_column type=&#8221;4_4&#8243; _builder_version=&#8221;4.20.4&#8243; _module_preset=&#8221;default&#8221; global_colors_info=&#8221;{}&#8221;][et_pb_text _builder_version=&#8221;4.20.4&#8243; _module_preset=&#8221;default&#8221; global_colors_info=&#8221;{}&#8221;]<\/p>\n<h1>Ennakoi-hankkeen kehitt\u00e4misty\u00f6ryhm\u00e4n 1. ty\u00f6paja 16.1.2024<\/h1>\n<p>[\/et_pb_text][et_pb_text _builder_version=&#8221;4.27.4&#8243; _module_preset=&#8221;default&#8221; global_colors_info=&#8221;{}&#8221;]<\/p>\n<p>Ennakoi-hankkeen kehitt\u00e4misty\u00f6ryhm\u00e4 kokoontui ensimm\u00e4iseen ty\u00f6pajaan Lapin ammattikorkeakoulun tiloissa Kemin kampuksella. Hankkeen asiantuntijoiden lis\u00e4ksi paikalla oli hankekunnista kutsuttuja toimijoita Lapin hyvinvointialueelta, 3. sektorilta, Tornion seurakunnasta ja vanhusneuvostosta. Ty\u00f6pajan alussa tarkasteltiin projektip\u00e4\u00e4llikk\u00f6 Sari Arolaakson johdolla Ennakoi- hankkeen tavoitteita ja tulevia toimenpiteit\u00e4. Ty\u00f6pajan tavoitteena oli selkeytt\u00e4\u00e4 ja luoda yhteist\u00e4 ymm\u00e4rryst\u00e4 ennakoivasta toiminnasta ik\u00e4\u00e4ntyneiden kotona asumisen tukemiseksi. Ty\u00f6ryhm\u00e4 tarkasteli muun muassa k\u00e4sitteit\u00e4 prekliiniset liikkumisongelmat ja proaktiivinen vaihe ik\u00e4\u00e4ntyneen toimintakyvyn tukemisessa sek\u00e4 pyrki l\u00f6yt\u00e4m\u00e4\u00e4n tekij\u00f6it\u00e4, jotka voisivat olla ensimm\u00e4isi\u00e4 merkkej\u00e4 kotona asuvan ik\u00e4\u00e4ntyneen itsen\u00e4isen selviytymisen vaikeutumisessa. Yhdess\u00e4 pohdittiin ja innovoitiin my\u00f6s sit\u00e4, millaisilla ennakoivilla toimilla ik\u00e4\u00e4ntyneen itsen\u00e4ist\u00e4 selviytymist\u00e4 voitaisiin tukea ja ket\u00e4 toimijoita t\u00e4ss\u00e4 ty\u00f6ss\u00e4 voisi olla mukana. Ty\u00f6ryhm\u00e4n pohdintojen tulokset l\u00f6ytyv\u00e4t yhteenvetona kuvasta alla.<\/p>\n<p>[\/et_pb_text][et_pb_image src=&#8221;https:\/\/blogi.eoppimispalvelut.fi\/ennakoi\/files\/2024\/01\/1_tyapaja_yhteenveto.jpg&#8221; title_text=&#8221;1_tyapaja_yhteenveto&#8221; _builder_version=&#8221;4.20.4&#8243; _module_preset=&#8221;default&#8221; global_colors_info=&#8221;{}&#8221;][\/et_pb_image][et_pb_text _builder_version=&#8221;4.27.4&#8243; _module_preset=&#8221;default&#8221; global_colors_info=&#8221;{}&#8221;]<\/p>\n<p>Ty\u00f6ryhm\u00e4n ensimm\u00e4isess\u00e4 ty\u00f6pajassa oli kehitysmy\u00f6nteinen ilmapiiri ja aihe tuntui olevan kaikille osallistujille t\u00e4rke\u00e4. Monialainen osallistujajoukko koettiin antoisaksi ja keskustelu osallistujien kesken oli runsasta. Alla teko\u00e4lyn (Copilot) avulla koottu sanapilvi ty\u00f6pajaan osallistuneiden palautteista. Ty\u00f6ryhm\u00e4n ty\u00f6skentely jatkui Torniossa 23.1.-24.<\/p>\n<p>[\/et_pb_text][et_pb_text _builder_version=&#8221;4.27.4&#8243; _module_preset=&#8221;default&#8221; hover_enabled=&#8221;0&#8243; global_colors_info=&#8221;{}&#8221; sticky_enabled=&#8221;0&#8243;]<\/p>\n<p style=\"text-align: center\"><img loading=\"lazy\" decoding=\"async\" src=\"https:\/\/blogi.eoppimispalvelut.fi\/ennakoi\/files\/2025\/07\/Uusi-sanapilvi-monisanaiset-ilmaukset-yhdistetty-Copilot-.png\" width=\"1000\" height=\"500\" alt=\"\" class=\"wp-image-667 alignnone size-full\" srcset=\"https:\/\/blogi.eoppimispalvelut.fi\/ennakoi\/files\/2025\/07\/Uusi-sanapilvi-monisanaiset-ilmaukset-yhdistetty-Copilot-.png 1000w, https:\/\/blogi.eoppimispalvelut.fi\/ennakoi\/files\/2025\/07\/Uusi-sanapilvi-monisanaiset-ilmaukset-yhdistetty-Copilot--980x490.png 980w, https:\/\/blogi.eoppimispalvelut.fi\/ennakoi\/files\/2025\/07\/Uusi-sanapilvi-monisanaiset-ilmaukset-yhdistetty-Copilot--480x240.png 480w\" sizes=\"(min-width: 0px) and (max-width: 480px) 480px, (min-width: 481px) and (max-width: 980px) 980px, (min-width: 981px) 1000px, 100vw\" \/><\/p>\n<p>[\/et_pb_text][\/et_pb_column][\/et_pb_row][\/et_pb_section]<\/p>\n","protected":false},"excerpt":{"rendered":"<p>Ennakoi-hankkeen kehitt\u00e4misty\u00f6ryhm\u00e4n 1. ty\u00f6paja 16.1.2024Ennakoi-hankkeen kehitt\u00e4misty\u00f6ryhm\u00e4 kokoontui ensimm\u00e4iseen ty\u00f6pajaan Lapin ammattikorkeakoulun tiloissa Kemin kampuksella. Hankkeen asiantuntijoiden lis\u00e4ksi paikalla oli hankekunnista kutsuttuja toimijoita Lapin hyvinvointialueelta, 3. sektorilta, Tornion seurakunnasta ja vanhusneuvostosta. [&hellip;]<\/p>\n","protected":false},"author":6341,"featured_media":0,"parent":0,"menu_order":0,"comment_status":"closed","ping_status":"closed","template":"","meta":{"_et_pb_use_builder":"on","_et_pb_old_content":"","_et_gb_content_width":"","footnotes":""},"class_list":["post-267","page","type-page","status-publish","hentry"],"_links":{"self":[{"href":"https:\/\/blogi.eoppimispalvelut.fi\/ennakoi\/wp-json\/wp\/v2\/pages\/267","targetHints":{"allow":["GET"]}}],"collection":[{"href":"https:\/\/blogi.eoppimispalvelut.fi\/ennakoi\/wp-json\/wp\/v2\/pages"}],"about":[{"href":"https:\/\/blogi.eoppimispalvelut.fi\/ennakoi\/wp-json\/wp\/v2\/types\/page"}],"author":[{"embeddable":true,"href":"https:\/\/blogi.eoppimispalvelut.fi\/ennakoi\/wp-json\/wp\/v2\/users\/6341"}],"replies":[{"embeddable":true,"href":"https:\/\/blogi.eoppimispalvelut.fi\/ennakoi\/wp-json\/wp\/v2\/comments?post=267"}],"version-history":[{"count":11,"href":"https:\/\/blogi.eoppimispalvelut.fi\/ennakoi\/wp-json\/wp\/v2\/pages\/267\/revisions"}],"predecessor-version":[{"id":668,"href":"https:\/\/blogi.eoppimispalvelut.fi\/ennakoi\/wp-json\/wp\/v2\/pages\/267\/revisions\/668"}],"wp:attachment":[{"href":"https:\/\/blogi.eoppimispalvelut.fi\/ennakoi\/wp-json\/wp\/v2\/media?parent=267"}],"curies":[{"name":"wp","href":"https:\/\/api.w.org\/{rel}","templated":true}]}}