{"id":280,"date":"2024-01-23T12:36:02","date_gmt":"2024-01-23T10:36:02","guid":{"rendered":"https:\/\/blogi.eoppimispalvelut.fi\/ennakoi\/?page_id=280"},"modified":"2025-07-30T12:05:58","modified_gmt":"2025-07-30T09:05:58","slug":"2-tyopaja","status":"publish","type":"page","link":"https:\/\/blogi.eoppimispalvelut.fi\/ennakoi\/2-tyopaja\/","title":{"rendered":"2. ty\u00f6paja"},"content":{"rendered":"<p>[et_pb_section fb_built=&#8221;1&#8243; _builder_version=&#8221;4.20.4&#8243; _module_preset=&#8221;default&#8221; global_colors_info=&#8221;{}&#8221;][et_pb_row _builder_version=&#8221;4.20.4&#8243; _module_preset=&#8221;default&#8221; global_colors_info=&#8221;{}&#8221;][et_pb_column type=&#8221;4_4&#8243; _builder_version=&#8221;4.20.4&#8243; _module_preset=&#8221;default&#8221; global_colors_info=&#8221;{}&#8221;][et_pb_text _builder_version=&#8221;4.20.4&#8243; _module_preset=&#8221;default&#8221; global_colors_info=&#8221;{}&#8221;]<\/p>\n<h1>Ennakoi -hankkeen kehitt\u00e4misty\u00f6ryhm\u00e4n 2. ty\u00f6paja 23.1.2024<\/h1>\n<p>[\/et_pb_text][et_pb_text _builder_version=&#8221;4.20.4&#8243; _module_preset=&#8221;default&#8221; global_colors_info=&#8221;{}&#8221;]<\/p>\n<p>Kehitt\u00e4misty\u00f6ryhm\u00e4n toinen ty\u00f6paja toteutettiin Torniossa Tornion seurakunnan tiloissa.\u00a0 Ty\u00f6pajaan osallistui kuusi hankkeen kehitt\u00e4j\u00e4ty\u00f6ryhm\u00e4n j\u00e4sent\u00e4 yhdess\u00e4 hankkeen projektip\u00e4\u00e4llik\u00f6n Sari Arolaakson sek\u00e4 hankkeen asiantuntijoiden Tanja Marjanen-Korkalan ja Mira Oinas-M\u00e4enalasen kanssa. Ty\u00f6pajan tavoitteena oli selvitt\u00e4\u00e4 ja selkeytt\u00e4\u00e4 eri toimijoiden rooleja ja vastuita ennakoivan tiedon ker\u00e4\u00e4misess\u00e4 ja hy\u00f6dynt\u00e4misess\u00e4 sek\u00e4 ennakoivien toimien toteuttamisessa. Lis\u00e4ksi ty\u00f6pajassa pohdittiin eri toimijoiden v\u00e4lill\u00e4 tapahtuvan yhteisty\u00f6n ja tiedonsiirron mahdollisuuksia ja haasteita.<\/p>\n<p>Ty\u00f6ryhm\u00e4n pohdintojen tulokset l\u00f6ytyv\u00e4t yhteenvedosta alla.<\/p>\n<p>[\/et_pb_text][et_pb_image src=&#8221;https:\/\/blogi.eoppimispalvelut.fi\/ennakoi\/files\/2024\/02\/Nayttokuva-2024-02-01-103041.png&#8221; title_text=&#8221;N\u00e4ytt\u00f6kuva 2024-02-01 103041&#8243; _builder_version=&#8221;4.20.4&#8243; _module_preset=&#8221;default&#8221; global_colors_info=&#8221;{}&#8221;][\/et_pb_image][et_pb_text _builder_version=&#8221;4.20.4&#8243; _module_preset=&#8221;default&#8221; global_colors_info=&#8221;{}&#8221;]<\/p>\n<p>Ty\u00f6pajassa k\u00e4ytiin innostunutta keskustelua aiheista ja n\u00e4iden asioiden pohtiminen koettiin t\u00e4rke\u00e4ksi. Hankkeen kolmannessa ty\u00f6pajassa 6.2.2024 Tervolassa jatkettiin kehitt\u00e4misty\u00f6t\u00e4 ty\u00f6st\u00e4m\u00e4ll\u00e4 hankekuntien ennakoivan toiminnan mallia.<\/p>\n<p>[\/et_pb_text][\/et_pb_column][\/et_pb_row][\/et_pb_section]<\/p>\n","protected":false},"excerpt":{"rendered":"<p>Ennakoi -hankkeen kehitt\u00e4misty\u00f6ryhm\u00e4n 2. ty\u00f6paja 23.1.2024Kehitt\u00e4misty\u00f6ryhm\u00e4n toinen ty\u00f6paja toteutettiin Torniossa Tornion seurakunnan tiloissa.\u00a0 Ty\u00f6pajaan osallistui kuusi hankkeen kehitt\u00e4j\u00e4ty\u00f6ryhm\u00e4n j\u00e4sent\u00e4 yhdess\u00e4 hankkeen projektip\u00e4\u00e4llik\u00f6n Sari Arolaakson sek\u00e4 hankkeen asiantuntijoiden Tanja Marjanen-Korkalan ja [&hellip;]<\/p>\n","protected":false},"author":4340,"featured_media":0,"parent":0,"menu_order":0,"comment_status":"closed","ping_status":"closed","template":"","meta":{"_et_pb_use_builder":"on","_et_pb_old_content":"","_et_gb_content_width":"","footnotes":""},"class_list":["post-280","page","type-page","status-publish","hentry"],"_links":{"self":[{"href":"https:\/\/blogi.eoppimispalvelut.fi\/ennakoi\/wp-json\/wp\/v2\/pages\/280","targetHints":{"allow":["GET"]}}],"collection":[{"href":"https:\/\/blogi.eoppimispalvelut.fi\/ennakoi\/wp-json\/wp\/v2\/pages"}],"about":[{"href":"https:\/\/blogi.eoppimispalvelut.fi\/ennakoi\/wp-json\/wp\/v2\/types\/page"}],"author":[{"embeddable":true,"href":"https:\/\/blogi.eoppimispalvelut.fi\/ennakoi\/wp-json\/wp\/v2\/users\/4340"}],"replies":[{"embeddable":true,"href":"https:\/\/blogi.eoppimispalvelut.fi\/ennakoi\/wp-json\/wp\/v2\/comments?post=280"}],"version-history":[{"count":6,"href":"https:\/\/blogi.eoppimispalvelut.fi\/ennakoi\/wp-json\/wp\/v2\/pages\/280\/revisions"}],"predecessor-version":[{"id":661,"href":"https:\/\/blogi.eoppimispalvelut.fi\/ennakoi\/wp-json\/wp\/v2\/pages\/280\/revisions\/661"}],"wp:attachment":[{"href":"https:\/\/blogi.eoppimispalvelut.fi\/ennakoi\/wp-json\/wp\/v2\/media?parent=280"}],"curies":[{"name":"wp","href":"https:\/\/api.w.org\/{rel}","templated":true}]}}