{"id":300,"date":"2024-02-12T10:05:46","date_gmt":"2024-02-12T08:05:46","guid":{"rendered":"https:\/\/blogi.eoppimispalvelut.fi\/ennakoi\/?page_id=300"},"modified":"2025-07-30T12:11:51","modified_gmt":"2025-07-30T09:11:51","slug":"3-tyopaja","status":"publish","type":"page","link":"https:\/\/blogi.eoppimispalvelut.fi\/ennakoi\/3-tyopaja\/","title":{"rendered":"3. Ty\u00f6paja"},"content":{"rendered":"<p>[et_pb_section fb_built=&#8221;1&#8243; _builder_version=&#8221;4.20.4&#8243; _module_preset=&#8221;default&#8221; global_colors_info=&#8221;{}&#8221;][et_pb_row _builder_version=&#8221;4.20.4&#8243; _module_preset=&#8221;default&#8221; global_colors_info=&#8221;{}&#8221;][et_pb_column type=&#8221;4_4&#8243; _builder_version=&#8221;4.20.4&#8243; _module_preset=&#8221;default&#8221; global_colors_info=&#8221;{}&#8221;][et_pb_text _builder_version=&#8221;4.27.4&#8243; _module_preset=&#8221;default&#8221; hover_enabled=&#8221;0&#8243; global_colors_info=&#8221;{}&#8221; sticky_enabled=&#8221;0&#8243;]<\/p>\n<h1>Ennakoi -hankkeen kehitt\u00e4misty\u00f6ryhm\u00e4n 3. ty\u00f6paja 6.2.2024<\/h1>\n<p>[\/et_pb_text][et_pb_text _builder_version=&#8221;4.27.4&#8243; _module_preset=&#8221;default&#8221; hover_enabled=&#8221;0&#8243; global_colors_info=&#8221;{}&#8221; sticky_enabled=&#8221;0&#8243;]<\/p>\n<p><span>Kehitt\u00e4misty\u00f6ryhm\u00e4n kolmenteen ty\u00f6pajaan kokoonnuttiin Tervolan kunnan valtuustosaliin ja mukana oli hankkeen asiantuntijoita sek\u00e4 innokkaita kehitt\u00e4j\u00e4ryhm\u00e4n j\u00e4seni\u00e4. Ty\u00f6pajassa oli tarkoituksena aloittaa valmistelut ennakoivan toiminnan mallin kehitt\u00e4miseksi ja erityisesti pohtia kussakin pilotissa hy\u00f6dynnett\u00e4vi\u00e4 digitaalisia ja teknologisia ratkaisuja. Valittujen ratkaisujen avulla on tarkoitus ker\u00e4t\u00e4 tietoa ik\u00e4ihmisten toimintakyvyst\u00e4 ja hy\u00f6dynt\u00e4\u00e4 sit\u00e4 toimintakyvyn tukemiseen t\u00e4ht\u00e4\u00e4v\u00e4n neuvonnan ja ohjauksena tukena. <\/span><\/p>\n<p><span>Ty\u00f6pajassa palattiin viel\u00e4 edellisten ty\u00f6pajojen sis\u00e4lt\u00f6ihin ja erityisesti haluttiin viel\u00e4 tarkentaa ennakoivassa mallissa mahdollisesti hy\u00f6dynnett\u00e4vi\u00e4 eri toimijoita ja heid\u00e4n rooliaan. <em>Kolmannelta sektorilta<\/em> keskusteltuun nousivat esimerkiksi kyl\u00e4yhdistykset, martat, urheiluseurat ja vapaaehtoiset toimijat. Ryhm\u00e4 keskusteli toimijoiden mahdollisuuksista \u201dl\u00f6yt\u00e4\u00e4\u201d ennakoivista toimista hy\u00f6tyv\u00e4t ik\u00e4ihmiset ja v\u00e4litt\u00e4\u00e4 siit\u00e4 tietoa eteenp\u00e4in. S<em>eurakunnan<\/em> tekem\u00e4 monipuolinen ty\u00f6 ik\u00e4ihmisten parissa puhututti; miten he voisivat omassa toiminnassaan l\u00f6yt\u00e4\u00e4 ennakoivasta toiminnasta hy\u00f6tyvi\u00e4 ik\u00e4ihmisi\u00e4 ja miten seurakunta omalta osaltaan voisi neuvonnan ja ohjauksen kautta tukea ik\u00e4\u00e4ntyneen toimintakyky\u00e4 ja ohjata tarvittavan toiminnan pariin. Pohdittiin my\u00f6s sit\u00e4, millaista toimintakyvyn arviointia seurakunnan toimintaan ik\u00e4ihmisten parissa voisi liitty\u00e4<em>. Yksityisi\u00e4 palveluntuottajia ja yrityksi\u00e4<\/em> kaivattiin my\u00f6s mukaan ennakoivaan toimintaan. Tieto yritysten toiminnasta ja tarjolla olevista palveluista pit\u00e4isi olla helpommin ja kootusti saatavilla. Yksityist\u00e4 sektoria toivotaan mukaan kehitt\u00e4misty\u00f6h\u00f6n ja innovoimaan uusia palveluja ja tuotteita ennakoivan toiminnan vahvistamiseksi. <\/span><\/p>\n<p><span>Muitakin toimijoita keskusteluissa tuli esille, mutta erityisesti keskustelua k\u00e4ytiin hyvinvointialueen ja kunnan velvoitteista ja mahdollisuuksista kansalaisten ja eritysesti ik\u00e4\u00e4ntyneiden hyvinvoinnin tukemisessa. Projektip\u00e4\u00e4llikk\u00f6 Sari Arolaakso alusti aiheesta lakien n\u00e4k\u00f6kulmasta ja samalla tarkasteltiin my\u00f6s ik\u00e4teknologian k\u00e4yt\u00f6n kansallista toimintamallia (KATI-mallia). Keskustelua k\u00e4ytiin my\u00f6s HYTE-kertoimen vaikutuksesta hyvinvointialueiden ja kuntien hyvinvoinnin ja terveyden edist\u00e4miseen liittyv\u00e4\u00e4n toimintaan. Totesimme keskustelun j\u00e4lkeen yhteisesti, ett\u00e4 eri toimijoiden roolien selkeytt\u00e4misess\u00e4 on viel\u00e4 paljon teht\u00e4v\u00e4\u00e4. Ennakointia toteuttavien toimijoiden roolien selkeytt\u00e4minen on Ennakoi- hankkeen yhten\u00e4 tavoitteena, joten siihen tullaan viel\u00e4 palaamaan hankkeen edetess\u00e4.<\/span><\/p>\n<p><span>Ty\u00f6pajan lopuksi k\u00e4ytiin keskustelua eri piloteissa hy\u00f6dynnett\u00e4v\u00e4st\u00e4 teknologista ja tarkemmin siihen pureudutaan seuraavassa ty\u00f6pajassa. Seuraava ty\u00f6paja 13.2.2024 Lapin AMKn tiloissa Kemiss\u00e4.<\/span><\/p>\n<p><span><\/span><\/p>\n<p><span>Liitteen\u00e4 oleva diasarja oli kehitt\u00e4misryhm\u00e4n keskustelun pohjana ty\u00f6pajassa.<\/span><\/p>\n<p>[\/et_pb_text][et_pb_button button_url=&#8221;https:\/\/blogi.eoppimispalvelut.fi\/ennakoi\/files\/2024\/02\/Ennakoi-3.tyopaja-KATI-malli-lain-velvoitteita-roolit.pdf&#8221; button_text=&#8221;KATI-malli, lain velvoitteita, roolit -diat&#8221; _builder_version=&#8221;4.20.4&#8243; _module_preset=&#8221;default&#8221; global_colors_info=&#8221;{}&#8221;][\/et_pb_button][\/et_pb_column][\/et_pb_row][\/et_pb_section]<\/p>\n","protected":false},"excerpt":{"rendered":"<p>Ennakoi -hankkeen kehitt\u00e4misty\u00f6ryhm\u00e4n 3. ty\u00f6paja 6.2.2024Kehitt\u00e4misty\u00f6ryhm\u00e4n kolmenteen ty\u00f6pajaan kokoonnuttiin Tervolan kunnan valtuustosaliin ja mukana oli hankkeen asiantuntijoita sek\u00e4 innokkaita kehitt\u00e4j\u00e4ryhm\u00e4n j\u00e4seni\u00e4. Ty\u00f6pajassa oli tarkoituksena aloittaa valmistelut ennakoivan toiminnan mallin kehitt\u00e4miseksi [&hellip;]<\/p>\n","protected":false},"author":4340,"featured_media":0,"parent":0,"menu_order":0,"comment_status":"closed","ping_status":"closed","template":"","meta":{"_et_pb_use_builder":"on","_et_pb_old_content":"","_et_gb_content_width":"","footnotes":""},"class_list":["post-300","page","type-page","status-publish","hentry"],"_links":{"self":[{"href":"https:\/\/blogi.eoppimispalvelut.fi\/ennakoi\/wp-json\/wp\/v2\/pages\/300","targetHints":{"allow":["GET"]}}],"collection":[{"href":"https:\/\/blogi.eoppimispalvelut.fi\/ennakoi\/wp-json\/wp\/v2\/pages"}],"about":[{"href":"https:\/\/blogi.eoppimispalvelut.fi\/ennakoi\/wp-json\/wp\/v2\/types\/page"}],"author":[{"embeddable":true,"href":"https:\/\/blogi.eoppimispalvelut.fi\/ennakoi\/wp-json\/wp\/v2\/users\/4340"}],"replies":[{"embeddable":true,"href":"https:\/\/blogi.eoppimispalvelut.fi\/ennakoi\/wp-json\/wp\/v2\/comments?post=300"}],"version-history":[{"count":5,"href":"https:\/\/blogi.eoppimispalvelut.fi\/ennakoi\/wp-json\/wp\/v2\/pages\/300\/revisions"}],"predecessor-version":[{"id":663,"href":"https:\/\/blogi.eoppimispalvelut.fi\/ennakoi\/wp-json\/wp\/v2\/pages\/300\/revisions\/663"}],"wp:attachment":[{"href":"https:\/\/blogi.eoppimispalvelut.fi\/ennakoi\/wp-json\/wp\/v2\/media?parent=300"}],"curies":[{"name":"wp","href":"https:\/\/api.w.org\/{rel}","templated":true}]}}