{"id":313,"date":"2024-02-21T16:46:58","date_gmt":"2024-02-21T14:46:58","guid":{"rendered":"https:\/\/blogi.eoppimispalvelut.fi\/ennakoi\/?page_id=313"},"modified":"2025-07-30T12:16:33","modified_gmt":"2025-07-30T09:16:33","slug":"4-tyopaja","status":"publish","type":"page","link":"https:\/\/blogi.eoppimispalvelut.fi\/ennakoi\/4-tyopaja\/","title":{"rendered":"4. ty\u00f6paja"},"content":{"rendered":"<p>[et_pb_section fb_built=&#8221;1&#8243; _builder_version=&#8221;4.20.4&#8243; _module_preset=&#8221;default&#8221; global_colors_info=&#8221;{}&#8221;][et_pb_row _builder_version=&#8221;4.20.4&#8243; _module_preset=&#8221;default&#8221; global_colors_info=&#8221;{}&#8221;][et_pb_column type=&#8221;4_4&#8243; _builder_version=&#8221;4.20.4&#8243; _module_preset=&#8221;default&#8221; global_colors_info=&#8221;{}&#8221;][et_pb_text _builder_version=&#8221;4.27.4&#8243; _module_preset=&#8221;default&#8221; hover_enabled=&#8221;0&#8243; global_colors_info=&#8221;{}&#8221; sticky_enabled=&#8221;0&#8243;]<\/p>\n<h1><span data-contrast=\"none\" xml:lang=\"FI-FI\" lang=\"FI-FI\" class=\"TextRun SCXW262988186 BCX0\"><span class=\"NormalTextRun SCXW262988186 BCX0\">Ennakoi -hankkeen kehitt\u00e4misty\u00f6ryhm\u00e4n 4. ty\u00f6paja 13.2.2024<\/span><\/span><span class=\"EOP SCXW262988186 BCX0\" data-ccp-props=\"{&quot;201341983&quot;:0,&quot;335559739&quot;:160,&quot;335559740&quot;:259}\">\u00a0<\/span><\/h1>\n<p>[\/et_pb_text][et_pb_text _builder_version=&#8221;4.27.4&#8243; _module_preset=&#8221;default&#8221; hover_enabled=&#8221;0&#8243; global_colors_info=&#8221;{}&#8221; sticky_enabled=&#8221;0&#8243;]<\/p>\n<p><span data-contrast=\"none\">Kehitt\u00e4misty\u00f6ryhm\u00e4n nelj\u00e4s ty\u00f6paja toteutettiin Lapin Ammattikorkeakoululla 13.2.2024. Ty\u00f6paja aloitettiin innovoimalla yhteisesti pienryhmiss\u00e4 ik\u00e4\u00e4ntyvien kotona asumista tukevia teknologisia ratkaisuja. Ty\u00f6v\u00e4linein\u00e4 oli vaahtokarkkeja, spagettia tikkuina, kuminauhoja, klemmareita sek\u00e4 paperia. Innovointi aiheutti kovaa puheensorinaa, naurun remakkaa sek\u00e4 loistavia ideoita ik\u00e4\u00e4ntyvien arkeen. Kehitt\u00e4j\u00e4ty\u00f6ryhm\u00e4n j\u00e4senet innovoivat uudenlaisia ratkaisuja muun muassa turvallisuuteen, liikkumiseen sek\u00e4 toimintakyvyn tukemiseen liittyviin osa-alueisiin. <\/span><span data-ccp-props=\"{&quot;201341983&quot;:0,&quot;335551550&quot;:6,&quot;335551620&quot;:6,&quot;335559739&quot;:160,&quot;335559740&quot;:259}\">\u00a0<\/span><\/p>\n<p><span data-contrast=\"none\">Ty\u00f6pajassa tutustuttiin my\u00f6s teko\u00e4lyn tuomiin mahdollisuuksiin sek\u00e4 perehdyttiin teko\u00e4lyn kokonaisuuteen hankkeen asiantuntija Mikko Pajulan pit\u00e4m\u00e4n alustuksen kautta. Teko\u00e4lyn k\u00e4ytt\u00f6 ja hy\u00f6dynt\u00e4minen kiinnosti kehitt\u00e4j\u00e4ty\u00f6ryhm\u00e4n j\u00e4seni\u00e4 ja aihe aiheuttikin vilkasta keskustelua. Lukas Aufmesser (Erasmus vaihto-opiskelija, Biomedical Engineering, Technikum Wien) kertoi meille kognitiivisista pelillist\u00e4 ratkaisuista ja p\u00e4\u00e4simmekin haastamaan yhdess\u00e4 kognitiivisia taitojamme. Lis\u00e4ksi tutustuimme erilaisiin teknologisiin ratkaisuihin, joita mahdollisesti hy\u00f6dynnet\u00e4\u00e4n tulevien pilottien yhteydess\u00e4. Tarkastelimme muun muassa Heko-mobiilin sis\u00e4lt\u00f6\u00e4 ja k\u00e4ytt\u00f6\u00e4, iBalancea, YetiMini sek\u00e4 Hublet-tablettia.<\/span><span data-ccp-props=\"{&quot;201341983&quot;:0,&quot;335551550&quot;:6,&quot;335551620&quot;:6,&quot;335559739&quot;:160,&quot;335559740&quot;:259}\">\u00a0<\/span><\/p>\n<p><span data-contrast=\"none\">Kehitt\u00e4misty\u00f6ryhm\u00e4n viides ty\u00f6paja 20.2.2024.\u00a0<\/span><\/p>\n<p>[\/et_pb_text][\/et_pb_column][\/et_pb_row][et_pb_row column_structure=&#8221;1_2,1_2&#8243; _builder_version=&#8221;4.20.4&#8243; _module_preset=&#8221;default&#8221; global_colors_info=&#8221;{}&#8221;][et_pb_column type=&#8221;1_2&#8243; _builder_version=&#8221;4.20.4&#8243; _module_preset=&#8221;default&#8221; global_colors_info=&#8221;{}&#8221;][et_pb_image src=&#8221;https:\/\/blogi.eoppimispalvelut.fi\/ennakoi\/files\/2024\/02\/1.jpg&#8221; title_text=&#8221;1&#8243; align=&#8221;center&#8221; _builder_version=&#8221;4.20.4&#8243; _module_preset=&#8221;default&#8221; max_height=&#8221;500px&#8221; global_colors_info=&#8221;{}&#8221;][\/et_pb_image][\/et_pb_column][et_pb_column type=&#8221;1_2&#8243; _builder_version=&#8221;4.20.4&#8243; _module_preset=&#8221;default&#8221; global_colors_info=&#8221;{}&#8221;][et_pb_image src=&#8221;https:\/\/blogi.eoppimispalvelut.fi\/ennakoi\/files\/2024\/02\/2.jpg&#8221; title_text=&#8221;2&#8243; align=&#8221;center&#8221; _builder_version=&#8221;4.20.4&#8243; _module_preset=&#8221;default&#8221; max_height=&#8221;500px&#8221; global_colors_info=&#8221;{}&#8221;][\/et_pb_image][\/et_pb_column][\/et_pb_row][\/et_pb_section]<\/p>\n","protected":false},"excerpt":{"rendered":"<p>Ennakoi -hankkeen kehitt\u00e4misty\u00f6ryhm\u00e4n 4. ty\u00f6paja 13.2.2024\u00a0Kehitt\u00e4misty\u00f6ryhm\u00e4n nelj\u00e4s ty\u00f6paja toteutettiin Lapin Ammattikorkeakoululla 13.2.2024. Ty\u00f6paja aloitettiin innovoimalla yhteisesti pienryhmiss\u00e4 ik\u00e4\u00e4ntyvien kotona asumista tukevia teknologisia ratkaisuja. Ty\u00f6v\u00e4linein\u00e4 oli vaahtokarkkeja, spagettia tikkuina, kuminauhoja, klemmareita [&hellip;]<\/p>\n","protected":false},"author":4340,"featured_media":0,"parent":0,"menu_order":0,"comment_status":"closed","ping_status":"closed","template":"","meta":{"_et_pb_use_builder":"on","_et_pb_old_content":"","_et_gb_content_width":"","footnotes":""},"class_list":["post-313","page","type-page","status-publish","hentry"],"_links":{"self":[{"href":"https:\/\/blogi.eoppimispalvelut.fi\/ennakoi\/wp-json\/wp\/v2\/pages\/313","targetHints":{"allow":["GET"]}}],"collection":[{"href":"https:\/\/blogi.eoppimispalvelut.fi\/ennakoi\/wp-json\/wp\/v2\/pages"}],"about":[{"href":"https:\/\/blogi.eoppimispalvelut.fi\/ennakoi\/wp-json\/wp\/v2\/types\/page"}],"author":[{"embeddable":true,"href":"https:\/\/blogi.eoppimispalvelut.fi\/ennakoi\/wp-json\/wp\/v2\/users\/4340"}],"replies":[{"embeddable":true,"href":"https:\/\/blogi.eoppimispalvelut.fi\/ennakoi\/wp-json\/wp\/v2\/comments?post=313"}],"version-history":[{"count":4,"href":"https:\/\/blogi.eoppimispalvelut.fi\/ennakoi\/wp-json\/wp\/v2\/pages\/313\/revisions"}],"predecessor-version":[{"id":665,"href":"https:\/\/blogi.eoppimispalvelut.fi\/ennakoi\/wp-json\/wp\/v2\/pages\/313\/revisions\/665"}],"wp:attachment":[{"href":"https:\/\/blogi.eoppimispalvelut.fi\/ennakoi\/wp-json\/wp\/v2\/media?parent=313"}],"curies":[{"name":"wp","href":"https:\/\/api.w.org\/{rel}","templated":true}]}}