{"id":321,"date":"2024-02-21T16:55:02","date_gmt":"2024-02-21T14:55:02","guid":{"rendered":"https:\/\/blogi.eoppimispalvelut.fi\/ennakoi\/?page_id=321"},"modified":"2025-07-30T12:18:38","modified_gmt":"2025-07-30T09:18:38","slug":"5-tyopaja","status":"publish","type":"page","link":"https:\/\/blogi.eoppimispalvelut.fi\/ennakoi\/5-tyopaja\/","title":{"rendered":"5. ty\u00f6paja"},"content":{"rendered":"<p>[et_pb_section fb_built=&#8221;1&#8243; _builder_version=&#8221;4.20.4&#8243; _module_preset=&#8221;default&#8221; global_colors_info=&#8221;{}&#8221;][et_pb_row _builder_version=&#8221;4.20.4&#8243; _module_preset=&#8221;default&#8221; global_colors_info=&#8221;{}&#8221;][et_pb_column type=&#8221;4_4&#8243; _builder_version=&#8221;4.20.4&#8243; _module_preset=&#8221;default&#8221; global_colors_info=&#8221;{}&#8221;][et_pb_text _builder_version=&#8221;4.27.4&#8243; _module_preset=&#8221;default&#8221; hover_enabled=&#8221;0&#8243; global_colors_info=&#8221;{}&#8221; sticky_enabled=&#8221;0&#8243;]<\/p>\n<h1><span data-contrast=\"none\" xml:lang=\"FI-FI\" lang=\"FI-FI\" class=\"TextRun SCXW157984881 BCX8\"><span class=\"NormalTextRun SCXW157984881 BCX8\">Ennakoi -hankkeen kehitt\u00e4misty\u00f6ryhm\u00e4n 5. ty\u00f6paja 20.2.2024<\/span><\/span><span class=\"EOP SCXW157984881 BCX8\" data-ccp-props=\"{&quot;201341983&quot;:0,&quot;335559739&quot;:160,&quot;335559740&quot;:259}\">\u00a0<\/span><\/h1>\n<p>[\/et_pb_text][et_pb_text _builder_version=&#8221;4.27.4&#8243; _module_preset=&#8221;default&#8221; hover_enabled=&#8221;0&#8243; global_colors_info=&#8221;{}&#8221; sticky_enabled=&#8221;0&#8243;]<\/p>\n<p><span data-contrast=\"none\">Kehitt\u00e4misryhm\u00e4n viides ty\u00f6paja toteutettiin 20.2.2024 Lapin Ammattikorkeakoulun tiloissa. Ty\u00f6pajaan osallistui 11 kehitt\u00e4j\u00e4ty\u00f6ryhm\u00e4n j\u00e4sent\u00e4 sek\u00e4 viisi hankkeen asiantuntijaa. Ty\u00f6pajassa keskityttiin tietosuoja ja \u2013turva asioihin, joihin p\u00e4\u00e4simme perehtym\u00e4\u00e4n hankkeen asiantuntija Mikko Pajulan johdolla. Tietosuoja ja \u2013turva asiat her\u00e4ttiv\u00e4tkin paljon kysymyksi\u00e4 ja k\u00e4vimme vilkasta keskustelua aiheen ymp\u00e4rill\u00e4.<\/span><span data-ccp-props=\"{&quot;201341983&quot;:0,&quot;335559739&quot;:160,&quot;335559740&quot;:259}\">\u00a0<\/span><\/p>\n<p><span data-contrast=\"none\">Lis\u00e4ksi tutustuimme erilaisiin teknologisiin ratkaisuihin, joita kehitt\u00e4j\u00e4ty\u00f6ryhm\u00e4n j\u00e4senet p\u00e4\u00e4siv\u00e4t konkreettisesti kokeilemaan. Kokeiltavana olivat muun muassa Heko-mobiilisovellus, iBalance-tasapainon testauslaite, YetiMini -pelillinen ratkaisu sek\u00e4 Hublet tabletti.\u00a0 Kehitt\u00e4j\u00e4ty\u00f6ryhm\u00e4n j\u00e4senet kokivat ennaltaehk\u00e4isevien toimien olevan t\u00e4rkeit\u00e4, joita mahdollisesti teknologisilla ratkaisuilla voitaisiin tukea. Lopuksi pilottien yhdyshenkil\u00f6t valitsivat omissa piloteissaan k\u00e4ytett\u00e4v\u00e4t teknologiset ratkaisut.<\/span><span data-ccp-props=\"{&quot;201341983&quot;:0,&quot;335559739&quot;:160,&quot;335559740&quot;:259}\">\u00a0<\/span><\/p>\n<p>[\/et_pb_text][\/et_pb_column][\/et_pb_row][et_pb_row column_structure=&#8221;1_2,1_2&#8243; _builder_version=&#8221;4.20.4&#8243; _module_preset=&#8221;default&#8221; global_colors_info=&#8221;{}&#8221;][et_pb_column type=&#8221;1_2&#8243; _builder_version=&#8221;4.20.4&#8243; _module_preset=&#8221;default&#8221; background_color=&#8221;#BF4118&#8243; global_colors_info=&#8221;{}&#8221;][et_pb_text _builder_version=&#8221;4.20.4&#8243; _module_preset=&#8221;default&#8221; text_text_color=&#8221;#FFFFFF&#8221; background_color=&#8221;RGBA(255,255,255,0)&#8221; custom_margin=&#8221;20px|20px|20px|20px|false|false&#8221; custom_padding=&#8221;20px|20px|20px|20px|false|false&#8221; global_colors_info=&#8221;{}&#8221;]<\/p>\n<p><span data-contrast=\"auto\"><strong>KEMI<\/strong>: HEKOT- Heko-mobiilisovellus, Ainone Balance, Myonteck, Yetihome<\/span><\/p>\n<p>[\/et_pb_text][et_pb_text _builder_version=&#8221;4.20.4&#8243; _module_preset=&#8221;default&#8221; text_text_color=&#8221;#FFFFFF&#8221; background_color=&#8221;RGBA(255,255,255,0)&#8221; custom_margin=&#8221;20px|20px|20px|20px|false|false&#8221; custom_padding=&#8221;20px|20px|20px|20px|false|false&#8221; global_colors_info=&#8221;{}&#8221;]<\/p>\n<p><span class=\"NormalTextRun SCXW111187598 BCX8\">IK\u00c4TERVEET &#8211; <\/span><span class=\"NormalTextRun SpellingErrorV2Themed SCXW111187598 BCX8\">iBalance<\/span><\/p>\n<p>[\/et_pb_text][et_pb_text _builder_version=&#8221;4.20.4&#8243; _module_preset=&#8221;default&#8221; text_text_color=&#8221;#FFFFFF&#8221; background_color=&#8221;RGBA(255,255,255,0)&#8221; custom_margin=&#8221;20px|20px|20px|20px|false|false&#8221; custom_padding=&#8221;20px|20px|20px|20px|false|false&#8221; global_colors_info=&#8221;{}&#8221;]<\/p>\n<p><span class=\"NormalTextRun SCXW265582072 BCX8\">KUNTO65- <\/span><span class=\"NormalTextRun SpellingErrorV2Themed SCXW265582072 BCX8\">iBalance<\/span><span class=\"NormalTextRun SCXW265582072 BCX8\">, Polar-\u00e4lykello<\/span><\/p>\n<p>[\/et_pb_text][\/et_pb_column][et_pb_column type=&#8221;1_2&#8243; _builder_version=&#8221;4.20.4&#8243; _module_preset=&#8221;default&#8221; background_color=&#8221;#BF4118&#8243; global_colors_info=&#8221;{}&#8221;][et_pb_text _builder_version=&#8221;4.20.4&#8243; _module_preset=&#8221;default&#8221; text_text_color=&#8221;#FFFFFF&#8221; background_color=&#8221;RGBA(255,255,255,0)&#8221; custom_margin=&#8221;20px|20px|20px|20px|false|false&#8221; custom_padding=&#8221;20px|20px|20px|20px|false|false&#8221; global_colors_info=&#8221;{}&#8221;]<\/p>\n<p><span data-contrast=\"auto\" xml:lang=\"FI-FI\" lang=\"FI-FI\" class=\"TextRun SCXW194699807 BCX8\"><span class=\"NormalTextRun SCXW194699807 BCX8\"><strong>TORNIO<\/strong>:<\/span><span class=\"NormalTextRun SCXW194699807 BCX8\"> <\/span><span class=\"NormalTextRun SpellingErrorV2Themed SCXW194699807 BCX8\">Heko<\/span><span class=\"NormalTextRun SCXW194699807 BCX8\">-mobiilisovellus, <\/span><span class=\"NormalTextRun SpellingErrorV2Themed SCXW194699807 BCX8\">Hublet<\/span><span class=\"NormalTextRun SCXW194699807 BCX8\">&#8211; <\/span><span class=\"NormalTextRun SpellingErrorV2Themed SCXW194699807 BCX8\">tablet<\/span><span class=\"NormalTextRun SCXW194699807 BCX8\">, Mahdollisesti my\u00f6s <\/span><span class=\"NormalTextRun SpellingErrorV2Themed SCXW194699807 BCX8\">Digirehab<\/span><\/span><\/p>\n<p>[\/et_pb_text][\/et_pb_column][\/et_pb_row][et_pb_row column_structure=&#8221;1_2,1_2&#8243; _builder_version=&#8221;4.20.4&#8243; _module_preset=&#8221;default&#8221; global_colors_info=&#8221;{}&#8221;][et_pb_column type=&#8221;1_2&#8243; _builder_version=&#8221;4.20.4&#8243; _module_preset=&#8221;default&#8221; background_color=&#8221;#BF4118&#8243; global_colors_info=&#8221;{}&#8221;][et_pb_text _builder_version=&#8221;4.20.4&#8243; _module_preset=&#8221;default&#8221; text_text_color=&#8221;#FFFFFF&#8221; background_color=&#8221;RGBA(255,255,255,0)&#8221; custom_margin=&#8221;20px|20px|20px|20px|false|false&#8221; custom_padding=&#8221;20px|20px|20px|20px|false|false&#8221; global_colors_info=&#8221;{}&#8221;]<\/p>\n<p><span data-contrast=\"auto\" xml:lang=\"FI-FI\" lang=\"FI-FI\" class=\"TextRun SCXW154945369 BCX8\"><span class=\"NormalTextRun SCXW154945369 BCX8\"><strong>TERVOLA<\/strong>: <\/span><span class=\"NormalTextRun SpellingErrorV2Themed SCXW154945369 BCX8\">Heko<\/span><span class=\"NormalTextRun SCXW154945369 BCX8\">-mobiilisovellus, <\/span><span class=\"NormalTextRun SpellingErrorV2Themed SCXW154945369 BCX8\">Ainone<\/span><span class=\"NormalTextRun SCXW154945369 BCX8\"> <\/span><span class=\"NormalTextRun SpellingErrorV2Themed SCXW154945369 BCX8\">B<\/span><span class=\"NormalTextRun SpellingErrorV2Themed SCXW154945369 BCX8\">alance<\/span><span class=\"NormalTextRun SCXW154945369 BCX8\">, <\/span><span class=\"NormalTextRun SpellingErrorV2Themed SCXW154945369 BCX8\">Yetihome<\/span><\/span><span class=\"EOP SCXW154945369 BCX8\" data-ccp-props=\"{&quot;201341983&quot;:0,&quot;335559739&quot;:160,&quot;335559740&quot;:259}\">\u00a0<\/span><\/p>\n<p>[\/et_pb_text][\/et_pb_column][et_pb_column type=&#8221;1_2&#8243; _builder_version=&#8221;4.20.4&#8243; _module_preset=&#8221;default&#8221; background_color=&#8221;#BF4118&#8243; global_colors_info=&#8221;{}&#8221;][et_pb_text _builder_version=&#8221;4.20.4&#8243; _module_preset=&#8221;default&#8221; text_text_color=&#8221;#FFFFFF&#8221; background_color=&#8221;RGBA(255,255,255,0)&#8221; custom_margin=&#8221;20px|20px|20px|20px|false|false&#8221; custom_padding=&#8221;20px|20px|20px|20px|false|false&#8221; global_colors_info=&#8221;{}&#8221;]<\/p>\n<p><span data-contrast=\"auto\" xml:lang=\"FI-FI\" lang=\"FI-FI\" class=\"TextRun SCXW259245251 BCX8\"><span class=\"NormalTextRun SCXW259245251 BCX8\"><strong>ROVANIEMI<\/strong>:<\/span><span class=\"NormalTextRun SCXW259245251 BCX8\"> Datan ker\u00e4\u00e4miseen ja hy\u00f6dynt\u00e4misen j\u00e4rjestelm\u00e4<\/span><\/span><span class=\"EOP SCXW259245251 BCX8\" data-ccp-props=\"{&quot;201341983&quot;:0,&quot;335559739&quot;:160,&quot;335559740&quot;:259}\">\u00a0<\/span><\/p>\n<p>[\/et_pb_text][\/et_pb_column][\/et_pb_row][\/et_pb_section]<\/p>\n","protected":false},"excerpt":{"rendered":"<p>Ennakoi -hankkeen kehitt\u00e4misty\u00f6ryhm\u00e4n 5. ty\u00f6paja 20.2.2024\u00a0Kehitt\u00e4misryhm\u00e4n viides ty\u00f6paja toteutettiin 20.2.2024 Lapin Ammattikorkeakoulun tiloissa. Ty\u00f6pajaan osallistui 11 kehitt\u00e4j\u00e4ty\u00f6ryhm\u00e4n j\u00e4sent\u00e4 sek\u00e4 viisi hankkeen asiantuntijaa. Ty\u00f6pajassa keskityttiin tietosuoja ja \u2013turva asioihin, joihin p\u00e4\u00e4simme [&hellip;]<\/p>\n","protected":false},"author":4340,"featured_media":0,"parent":0,"menu_order":0,"comment_status":"closed","ping_status":"closed","template":"","meta":{"_et_pb_use_builder":"on","_et_pb_old_content":"","_et_gb_content_width":"","footnotes":""},"class_list":["post-321","page","type-page","status-publish","hentry"],"_links":{"self":[{"href":"https:\/\/blogi.eoppimispalvelut.fi\/ennakoi\/wp-json\/wp\/v2\/pages\/321","targetHints":{"allow":["GET"]}}],"collection":[{"href":"https:\/\/blogi.eoppimispalvelut.fi\/ennakoi\/wp-json\/wp\/v2\/pages"}],"about":[{"href":"https:\/\/blogi.eoppimispalvelut.fi\/ennakoi\/wp-json\/wp\/v2\/types\/page"}],"author":[{"embeddable":true,"href":"https:\/\/blogi.eoppimispalvelut.fi\/ennakoi\/wp-json\/wp\/v2\/users\/4340"}],"replies":[{"embeddable":true,"href":"https:\/\/blogi.eoppimispalvelut.fi\/ennakoi\/wp-json\/wp\/v2\/comments?post=321"}],"version-history":[{"count":4,"href":"https:\/\/blogi.eoppimispalvelut.fi\/ennakoi\/wp-json\/wp\/v2\/pages\/321\/revisions"}],"predecessor-version":[{"id":666,"href":"https:\/\/blogi.eoppimispalvelut.fi\/ennakoi\/wp-json\/wp\/v2\/pages\/321\/revisions\/666"}],"wp:attachment":[{"href":"https:\/\/blogi.eoppimispalvelut.fi\/ennakoi\/wp-json\/wp\/v2\/media?parent=321"}],"curies":[{"name":"wp","href":"https:\/\/api.w.org\/{rel}","templated":true}]}}