{"id":340,"date":"2024-04-02T13:24:32","date_gmt":"2024-04-02T10:24:32","guid":{"rendered":"https:\/\/blogi.eoppimispalvelut.fi\/ennakoi\/?page_id=340"},"modified":"2025-07-18T11:48:08","modified_gmt":"2025-07-18T08:48:08","slug":"pilotit","status":"publish","type":"page","link":"https:\/\/blogi.eoppimispalvelut.fi\/ennakoi\/pilotit\/","title":{"rendered":"Pilotit"},"content":{"rendered":"<p>[et_pb_section fb_built=&#8221;1&#8243; _builder_version=&#8221;4.20.4&#8243; _module_preset=&#8221;default&#8221; global_colors_info=&#8221;{}&#8221;][et_pb_row _builder_version=&#8221;4.20.4&#8243; _module_preset=&#8221;default&#8221; global_colors_info=&#8221;{}&#8221;][et_pb_column type=&#8221;4_4&#8243; _builder_version=&#8221;4.20.4&#8243; _module_preset=&#8221;default&#8221; global_colors_info=&#8221;{}&#8221;][et_pb_text _builder_version=&#8221;4.20.4&#8243; _module_preset=&#8221;default&#8221; global_colors_info=&#8221;{}&#8221;]<\/p>\n<h1>Pilotit<\/h1>\n<p>[\/et_pb_text][et_pb_text _builder_version=&#8221;4.20.4&#8243; _module_preset=&#8221;default&#8221; global_colors_info=&#8221;{}&#8221;]<\/p>\n<h2>1. Kemi, HEKO-pilotti<\/h2>\n<p>Ennakoi-hankkeen ensimm\u00e4inen pilotti, jossa toteutettiin Hyvinvointia edist\u00e4v\u00e4t kotik\u00e4ynnit (HEKO) 75-vuotta kyseisn\u00e4 vuonna t\u00e4ytt\u00e4ville kemil\u00e4isille, jotka eiv\u00e4t ole sosiaali- ja terveyspalveluiden piiriss\u00e4, k\u00e4ynnistyi vuoden 2024 alussa Kemiss\u00e4. Kotik\u00e4ynnit, joita oli yhteens\u00e4 49, toteutettiin Lapin ammattikorkeakoulun geronomi- ja terveydenhoitajaopiskelijoiden sek\u00e4 Lapin hyvinvointialueen (Lapha) yhteisty\u00f6n\u00e4. K\u00e4ynneill\u00e4 arvioitiin toimintakyky\u00e4 HEKO-lomakkeella ja annettiin neuvontaa ja ohausta liikuntaan ja ravitsemukseen sek\u00e4 tietoa alueen palveluista.<\/p>\n<p>Kev\u00e4\u00e4ll\u00e4 2025 HEKO-pilotti toteutettiin uudelleen hieman kevennettyn\u00e4. Teknologisena ratkaisuna kokeiltiin OnniTV:n hy\u00f6dynt\u00e4mist\u00e4 aktiivisuuden lis\u00e4\u00e4misess\u00e4.<\/p>\n<p>&nbsp;<\/p>\n<p>[\/et_pb_text][et_pb_button button_url=&#8221;https:\/\/blogi.eoppimispalvelut.fi\/ennakoi\/1-kemi-heko-pilotti\/&#8221; button_text=&#8221;Lue lis\u00e4\u00e4 pilotista&#8221; _builder_version=&#8221;4.20.4&#8243; _module_preset=&#8221;default&#8221; global_colors_info=&#8221;{}&#8221;][\/et_pb_button][et_pb_text _builder_version=&#8221;4.20.4&#8243; _module_preset=&#8221;default&#8221; global_colors_info=&#8221;{}&#8221;]<\/p>\n<h2>2. Kemi, Kunto65-pilotti<\/h2>\n<p>Ennakoi-hankkeen toisessa pilotissa toteutettiin terveystarkastuksia 65- vuotta kyseisen\u00e4 vuonna t\u00e4ytt\u00e4ville kemil\u00e4isille. Elokuun lopussa 2024 alkaneisiin terveystarkastuksiin kutsuttiin henkil\u00f6it\u00e4, jotka eiv\u00e4t viel\u00e4 ole sosiaali- ja terveyspalveluiden piiriss\u00e4. Kunto65 terveystarkastukset toteutettiin yhteisty\u00f6ss\u00e4 Laphan ja Lapin ammattikorkeakoulun Hyvinvointipys\u00e4kin kanssa. Toteutuksessa oli mukana Laphan ja Ennakoi-hankkeen asiantuntijoiden lis\u00e4ksi hoitoty\u00f6n, fysioterapian sek\u00e4 geronomikoulutuksen opiskelijoita.<\/p>\n<p>[\/et_pb_text][et_pb_button button_url=&#8221;https:\/\/blogi.eoppimispalvelut.fi\/ennakoi\/2-kemi-kunto65-pilotti\/&#8221; button_text=&#8221;Lue lis\u00e4\u00e4 pilotista&#8221; _builder_version=&#8221;4.27.0&#8243; _module_preset=&#8221;default&#8221; global_colors_info=&#8221;{}&#8221;][\/et_pb_button][et_pb_text _builder_version=&#8221;4.20.4&#8243; _module_preset=&#8221;default&#8221; global_colors_info=&#8221;{}&#8221;]<\/p>\n<h2>3. Tervola, HEKO-pilotti<\/h2>\n<p>Ennakoi-hankkeen kolmantena pilottina k\u00e4ynnistyi Hyvinvointia edist\u00e4v\u00e4t kotik\u00e4ynnit (HEKO) Tervolassa. Pilotti l\u00e4hti k\u00e4yntiin 2024 syyskuun alussa ja HEKO-k\u00e4ynnit suunnattiin niille 75 -vuotta t\u00e4ytt\u00e4ville tervolalaisille, jotka eiv\u00e4t viel\u00e4 ole sosiaali- ja terveyspalveluiden piiriss\u00e4. K\u00e4ynnit toteutettiin yhteisty\u00f6ss\u00e4 Lapin ammattikorkeakoulun ja Lapha kanssa. Toteutuksessa oli mukana Laphan ja Ennakoi-hankkeen asiantuntijoiden lis\u00e4ksi fysioterapia- ja geronomikoulutuksen opiskelijoita. Kotik\u00e4ynnin toteutuksen yhdess\u00e4 pilotoitiin Lapin AMKissa kehitetty\u00e4 HEKO-mittarin mobiiliversiota.\u00a0 \u00a0\u00a0<\/p>\n<p>[\/et_pb_text][et_pb_button button_url=&#8221;https:\/\/blogi.eoppimispalvelut.fi\/ennakoi\/tervola-heko-pilotti\/&#8221; button_text=&#8221;Lue lis\u00e4\u00e4 pilotista&#8221; _builder_version=&#8221;4.27.0&#8243; _module_preset=&#8221;default&#8221; global_colors_info=&#8221;{}&#8221;][\/et_pb_button][et_pb_text _builder_version=&#8221;4.20.4&#8243; _module_preset=&#8221;default&#8221; global_colors_info=&#8221;{}&#8221;]<\/p>\n<h2>4. Tornio, Etsiv\u00e4n seniority\u00f6n -pilotti<\/h2>\n<p>Ennakoi-hankkeen nelj\u00e4nness\u00e4 pilotissa kehitettiin Torniossa k\u00e4yt\u00f6ss\u00e4 olevaa etsiv\u00e4n seniority\u00f6n mallia. Etsiv\u00e4n seniority\u00f6n malli on kehitetty aiemmin toteutuneessa HopeaKirstu -hankkeessa (2016-2019) ja sit\u00e4 toteuttavat yhteisty\u00f6ss\u00e4 Lapha, Tornion seurakunta ja Torniotupa. Tornion pilotti toteutui 2.9.-30.11.2024 v\u00e4lisen\u00e4 aikana. Pilotin toteutuksessa oli mukana Ennakoi-hankkeen asiantuntijoiden lis\u00e4ksi hoitoty\u00f6n-, fysioterapian- sek\u00e4 geronomikoulutuksen opiskelijoita.<\/p>\n<p>[\/et_pb_text][et_pb_button button_url=&#8221;https:\/\/blogi.eoppimispalvelut.fi\/ennakoi\/4-tornio-etsivan-seniorityon-pilotti\/&#8221; button_text=&#8221;Lue lis\u00e4\u00e4 pilotista&#8221; _builder_version=&#8221;4.27.0&#8243; _module_preset=&#8221;default&#8221; global_colors_info=&#8221;{}&#8221;][\/et_pb_button][\/et_pb_column][\/et_pb_row][\/et_pb_section]<\/p>\n","protected":false},"excerpt":{"rendered":"<p>Pilotit1. Kemi, HEKO-pilotti Ennakoi-hankkeen ensimm\u00e4inen pilotti, jossa toteutettiin Hyvinvointia edist\u00e4v\u00e4t kotik\u00e4ynnit (HEKO) 75-vuotta kyseisn\u00e4 vuonna t\u00e4ytt\u00e4ville kemil\u00e4isille, jotka eiv\u00e4t ole sosiaali- ja terveyspalveluiden piiriss\u00e4, k\u00e4ynnistyi vuoden 2024 alussa Kemiss\u00e4. Kotik\u00e4ynnit, [&hellip;]<\/p>\n","protected":false},"author":4340,"featured_media":0,"parent":0,"menu_order":0,"comment_status":"closed","ping_status":"closed","template":"","meta":{"_et_pb_use_builder":"on","_et_pb_old_content":"","_et_gb_content_width":"","footnotes":""},"class_list":["post-340","page","type-page","status-publish","hentry"],"_links":{"self":[{"href":"https:\/\/blogi.eoppimispalvelut.fi\/ennakoi\/wp-json\/wp\/v2\/pages\/340","targetHints":{"allow":["GET"]}}],"collection":[{"href":"https:\/\/blogi.eoppimispalvelut.fi\/ennakoi\/wp-json\/wp\/v2\/pages"}],"about":[{"href":"https:\/\/blogi.eoppimispalvelut.fi\/ennakoi\/wp-json\/wp\/v2\/types\/page"}],"author":[{"embeddable":true,"href":"https:\/\/blogi.eoppimispalvelut.fi\/ennakoi\/wp-json\/wp\/v2\/users\/4340"}],"replies":[{"embeddable":true,"href":"https:\/\/blogi.eoppimispalvelut.fi\/ennakoi\/wp-json\/wp\/v2\/comments?post=340"}],"version-history":[{"count":8,"href":"https:\/\/blogi.eoppimispalvelut.fi\/ennakoi\/wp-json\/wp\/v2\/pages\/340\/revisions"}],"predecessor-version":[{"id":643,"href":"https:\/\/blogi.eoppimispalvelut.fi\/ennakoi\/wp-json\/wp\/v2\/pages\/340\/revisions\/643"}],"wp:attachment":[{"href":"https:\/\/blogi.eoppimispalvelut.fi\/ennakoi\/wp-json\/wp\/v2\/media?parent=340"}],"curies":[{"name":"wp","href":"https:\/\/api.w.org\/{rel}","templated":true}]}}