{"id":346,"date":"2024-04-02T13:28:15","date_gmt":"2024-04-02T10:28:15","guid":{"rendered":"https:\/\/blogi.eoppimispalvelut.fi\/ennakoi\/?page_id=346"},"modified":"2025-07-18T11:59:19","modified_gmt":"2025-07-18T08:59:19","slug":"1-kemi-heko-pilotti","status":"publish","type":"page","link":"https:\/\/blogi.eoppimispalvelut.fi\/ennakoi\/1-kemi-heko-pilotti\/","title":{"rendered":"1. Kemi, HEKO-pilotti"},"content":{"rendered":"<p>[et_pb_section fb_built=&#8221;1&#8243; _builder_version=&#8221;4.20.4&#8243; _module_preset=&#8221;default&#8221; global_colors_info=&#8221;{}&#8221;][et_pb_row _builder_version=&#8221;4.20.4&#8243; _module_preset=&#8221;default&#8221; global_colors_info=&#8221;{}&#8221;][et_pb_column type=&#8221;4_4&#8243; _builder_version=&#8221;4.20.4&#8243; _module_preset=&#8221;default&#8221; global_colors_info=&#8221;{}&#8221;][et_pb_text _builder_version=&#8221;4.20.4&#8243; _module_preset=&#8221;default&#8221; global_colors_info=&#8221;{}&#8221;]<\/p>\n<h1>\u00a01. Kemi, HEKO-pilotti<\/h1>\n<p><span>Ennakoi-hankkeen ensimm\u00e4inen pilotti k\u00e4ynnistyi vuoden 2024 alussa Kemiss\u00e4 Hyvinvointia edist\u00e4vin\u00e4 kotik\u00e4yntein\u00e4 (HEKO). HEKO-k\u00e4ynnit (1. k\u00e4ynti) toteutettiin 75-vuotta t\u00e4ytt\u00e4ville kemil\u00e4isille, jotka eiv\u00e4t viel\u00e4 ole sosiaali- ja terveyspalveluiden piiriss\u00e4. K\u00e4ynnit toteutettiin yhteisty\u00f6ss\u00e4 Lapin ammattikorkeakoulun geronomi- ja terveydenhoitajaopiskelijoiden sek\u00e4 Lapin hyvinvointialueen (Lapha) kanssa. Kotik\u00e4yntej\u00e4 toteutui yhteens\u00e4 49 ja k\u00e4ynneill\u00e4 toteutettiin toimintakyvyn arviointi (HEKO-mittari) sek\u00e4 annetiin neuvontaa ja ohjausta liikuntaan ja ravitsemukseen sek\u00e4 tietoa alueen ik\u00e4\u00e4ntyneille suunnatuista palveluista.<\/span><\/p>\n<p><span>HEKO-k\u00e4ynnin vastaanottaneilla oli halutessaan mahdollisuus ottaa vastaan toinen kotik\u00e4ynti (2. k\u00e4ynti), jossa toteutettiin tarkempi tasapainon mittaus hy\u00f6dynt\u00e4en <\/span><span>Ainone Balance\u00ae &#8211;<\/span><span>sovellusta. <\/span><span>Ainone Balance\u00ae -sovellus on kehitetty tasapainon mittaamisen ja ihmisen toimintakyvyn muutosten havaitsemisen tueksi (<\/span><a href=\"https:\/\/ainone.eu\/fi\/\">https:\/\/ainone.eu\/fi\/<\/a><span>).\u00a0 Lis\u00e4ksi 2. k\u00e4ynnill\u00e4 ohjattiin tasapainon ja lihasvoiman kotiharjoitteita. (<\/span><a href=\"https:\/\/www.voimaavanhuuteen.fi\/content\/uploads\/2016\/06\/K%C3%84VELY-KEVYM-A4-16-netti.pdf\">K\u00c4VELY-KEVYM-A4-16-netti.pdf (voimaavanhuuteen.fi)<\/a><span>, <\/span><a href=\"https:\/\/www.ikainstituutti.fi\/content\/uploads\/2019\/12\/saavutettava_TASAPAINO_TAITAVAKSI_SUOMI_2.pdf\">Tasapaino taitavaksi (ikainstituutti.fi)<\/a><span>.<\/span><span> Osalle ik\u00e4\u00e4ntyneist\u00e4 ohjattiin lis\u00e4ksi itsen\u00e4ist\u00e4 tasapainoharjoittelua kotiin saatavan YetiMini-laitteen avulla. Kahden kuukauden harjoittelujakson j\u00e4lkeen toteutettiin 3.kotik\u00e4ynti, jolloin toimintakykymittaukset toistettiin vaikuttavuuden arvioimiseksi.<\/span><\/p>\n<p>Kev\u00e4\u00e4ll\u00e4 2025 HEKO-pilotti toteutettiin uudelleen. Pilotti sis\u00e4lsi perinteisen 1.HEKO-k\u00e4ynnin ja seuranta-, palaute- ja kehitt\u00e4mistilaisuden. 1.HEKO-k\u00e4ynnill\u00e4 ohjattiin <a href=\"https:\/\/onnitv.fi\/\">OnniTV &#8211; OnniTV<\/a> ja sen hy\u00f6dynt\u00e4minen aktiivisuuden lis\u00e4\u00e4misess\u00e4. Seurantatilaisuudessa toimintakyky arvioitiin uudelleen vaikuttavuuden arvioimiseksi. Tilaisuudessa selvitettiin my\u00f6s osallistujien kokemuksia pilotista ja OnniTV:n hy\u00f6dynt\u00e4misest\u00e4. Lis\u00e4ksi osallistujilla oli mahdollisuus vaikuttaa ennakoivien toimien kehitt\u00e4miseen. Tilaisuus toteutettiin yhteisty\u00f6ss\u00e4 Ennakoi-hankkeen ja OnniTV:n kanssa.<\/p>\n<p><span><\/span><\/p>\n<p><span>Hyvinvointia edist\u00e4v\u00e4t kotik\u00e4ynnit<\/span><span>\u00a0(HEKO)<\/span><\/p>\n<p>Hyvinvointia edist\u00e4vi\u00e4 kotik\u00e4yntej\u00e4 (HEKO) on oppilaitosyhteisty\u00f6n\u00e4 toteutettu Kemiss\u00e4 vuodesta 2010 l\u00e4htien. \u00a0Ennakoi-hankkeessa pyrit\u00e4\u00e4n edelleen kehitt\u00e4m\u00e4\u00e4n kotik\u00e4yntien sis\u00e4lt\u00f6\u00e4 ja toteutusta teknologisia ratkaisuja hy\u00f6dynt\u00e4en.<\/p>\n<p><span>HEKO-k\u00e4ynneill\u00e4 <\/span><span>on tavoitteena tukea ik\u00e4ihmisten osallisuutta, voimavaroja ja kotona asumista. Hyvinvointia, itsen\u00e4ist\u00e4 suoriutumista arjessa ja toimintakyky\u00e4 tuetaan puuttumalla riitt\u00e4v\u00e4n ajoissa toimintakyvyn heikkenemiseen tai heikkenemisen riskitekij\u00f6ihin. <\/span><span>Varhaisella puuttumisella ja laaja-alaisella toimintakyky\u00e4 yll\u00e4pit\u00e4v\u00e4ll\u00e4 ja tukevalla toiminnalla voidaan ennaltaehk\u00e4ist\u00e4 ongelmien syntymist\u00e4 ja mahdollistetaan itsen\u00e4inen, turvallinen ja el\u00e4m\u00e4nlaatua parantava ik\u00e4\u00e4ntyminen. HEKO-k\u00e4ynnill\u00e4 ik\u00e4\u00e4ntyneelle tehd\u00e4\u00e4n toimintakyvyn arviointi sek\u00e4 tasapainon ja lihasvoiman mittaukset. Lis\u00e4ksi annetaan annetaan neuvontaa ja ohajusta liikuntaan ja ravitsemukseen sek\u00e4 tietoa erilaisista ik\u00e4\u00e4ntyneille suunnatuista palveluista sek\u00e4 ohjataan tarvittaviin palveluihin tilanteen niin vaatiessa. <\/span><\/p>\n<p><span>Hyvinvointia edist\u00e4vist\u00e4 palveluista on s\u00e4\u00e4detty laissa <em>Ik\u00e4\u00e4ntyneen v\u00e4est\u00f6n toimintakyvyn tukemisesta sek\u00e4 i\u00e4kk\u00e4iden sosiaali- ja terveyspalveluista.<\/em> Lis\u00e4ksi ik\u00e4\u00e4ntyvien hyvinvointia edist\u00e4vien palveluiden toteuttamista tukee laatusuositus <em>Aktiivisen ja toimintakykyisen ik\u00e4\u00e4ntymisen ja kest\u00e4vien palvelujen turvaamiseksi<\/em> vuosille 2024\u20132027. Hyvinvointialueiden ja kuntien velvollisuus on yhteisty\u00f6ss\u00e4 j\u00e4rjest\u00e4\u00e4 ik\u00e4\u00e4ntyneen v\u00e4est\u00f6n hyvinvointia, terveytt\u00e4, toimintakyky\u00e4 ja itsen\u00e4ist\u00e4 suoriutumista tukevia toimia. Lis\u00e4ksi velvollisuutena on j\u00e4rjest\u00e4\u00e4 terveystarkastuksia, vastaanottoja ja kotik\u00e4yntej\u00e4 erityisesti heille, joiden elinoloihin tai el\u00e4m\u00e4ntilanteeseen liittyy palveluntarvetta lis\u00e4\u00e4vi\u00e4 riskitekij\u00f6it\u00e4.\u00a0<\/span><span>\u00a0<\/span><\/p>\n<p><span>Hyvinvointia edist\u00e4viin palveluihin on sis\u00e4llytett\u00e4v\u00e4\u00a0<\/span><span>\u00a0<\/span><\/p>\n<ul>\n<li><span>Hyvinvoinnin ja terveellisten el\u00e4m\u00e4ntapojen edist\u00e4minen sek\u00e4 sairauksiin, tapaturmiin ja onnettomuuksien ehk\u00e4isyyn t\u00e4ht\u00e4\u00e4v\u00e4 ohjaus.<\/span><span><\/span><\/li>\n<li><span>Terveyden ja toimintakyvyn heikkenemist\u00e4 aiheutuvien sosiaalisten ja terveydellisten ongelmien tunnistaminen ja niihin liittyv\u00e4 varhainen tuki.<\/span><span><\/span><\/li>\n<li><span>Sosiaalihuoltoa ja muuta sosiaaliturvaa koskeva ohjaus.<\/span><span><\/span><\/li>\n<li><span>Sairaanhoitoa, monialaista kuntoutusta ja turvallista l\u00e4\u00e4kehoitoa koskeva ohjaus.<\/span><span><\/span><\/li>\n<li><span>Ohjaus kunnissa ja hyvinvointialueilla tarjolla olevien hyvinvointia, terveytt\u00e4, toimintakyky\u00e4 ja itsen\u00e4ist\u00e4 suoriutumista edist\u00e4vien palvelujen k\u00e4ytt\u00f6\u00f6n.<\/span><span><\/span><\/li>\n<\/ul>\n<p>[\/et_pb_text][\/et_pb_column][\/et_pb_row][\/et_pb_section]<\/p>\n","protected":false},"excerpt":{"rendered":"<p>\u00a01. Kemi, HEKO-pilotti Ennakoi-hankkeen ensimm\u00e4inen pilotti k\u00e4ynnistyi vuoden 2024 alussa Kemiss\u00e4 Hyvinvointia edist\u00e4vin\u00e4 kotik\u00e4yntein\u00e4 (HEKO). HEKO-k\u00e4ynnit (1. k\u00e4ynti) toteutettiin 75-vuotta t\u00e4ytt\u00e4ville kemil\u00e4isille, jotka eiv\u00e4t viel\u00e4 ole sosiaali- ja terveyspalveluiden piiriss\u00e4. [&hellip;]<\/p>\n","protected":false},"author":4340,"featured_media":0,"parent":0,"menu_order":0,"comment_status":"closed","ping_status":"closed","template":"","meta":{"_et_pb_use_builder":"on","_et_pb_old_content":"","_et_gb_content_width":"","footnotes":""},"class_list":["post-346","page","type-page","status-publish","hentry"],"_links":{"self":[{"href":"https:\/\/blogi.eoppimispalvelut.fi\/ennakoi\/wp-json\/wp\/v2\/pages\/346","targetHints":{"allow":["GET"]}}],"collection":[{"href":"https:\/\/blogi.eoppimispalvelut.fi\/ennakoi\/wp-json\/wp\/v2\/pages"}],"about":[{"href":"https:\/\/blogi.eoppimispalvelut.fi\/ennakoi\/wp-json\/wp\/v2\/types\/page"}],"author":[{"embeddable":true,"href":"https:\/\/blogi.eoppimispalvelut.fi\/ennakoi\/wp-json\/wp\/v2\/users\/4340"}],"replies":[{"embeddable":true,"href":"https:\/\/blogi.eoppimispalvelut.fi\/ennakoi\/wp-json\/wp\/v2\/comments?post=346"}],"version-history":[{"count":5,"href":"https:\/\/blogi.eoppimispalvelut.fi\/ennakoi\/wp-json\/wp\/v2\/pages\/346\/revisions"}],"predecessor-version":[{"id":645,"href":"https:\/\/blogi.eoppimispalvelut.fi\/ennakoi\/wp-json\/wp\/v2\/pages\/346\/revisions\/645"}],"wp:attachment":[{"href":"https:\/\/blogi.eoppimispalvelut.fi\/ennakoi\/wp-json\/wp\/v2\/media?parent=346"}],"curies":[{"name":"wp","href":"https:\/\/api.w.org\/{rel}","templated":true}]}}