{"id":35,"date":"2023-08-30T13:44:38","date_gmt":"2023-08-30T10:44:38","guid":{"rendered":"https:\/\/blogi.eoppimispalvelut.fi\/ennakoi\/?page_id=35"},"modified":"2024-09-26T11:20:42","modified_gmt":"2024-09-26T08:20:42","slug":"hankkeesta","status":"publish","type":"page","link":"https:\/\/blogi.eoppimispalvelut.fi\/ennakoi\/hankkeesta\/","title":{"rendered":"Hankkeesta"},"content":{"rendered":"<p>[et_pb_section fb_built=&#8221;1&#8243; _builder_version=&#8221;4.20.4&#8243; _module_preset=&#8221;default&#8221; global_colors_info=&#8221;{}&#8221;][et_pb_row _builder_version=&#8221;4.20.4&#8243; _module_preset=&#8221;default&#8221; global_colors_info=&#8221;{}&#8221;][et_pb_column type=&#8221;4_4&#8243; _builder_version=&#8221;4.20.4&#8243; _module_preset=&#8221;default&#8221; global_colors_info=&#8221;{}&#8221;][et_pb_text _builder_version=&#8221;4.20.4&#8243; _module_preset=&#8221;default&#8221; text_orientation=&#8221;center&#8221; global_colors_info=&#8221;{}&#8221;]<\/p>\n<h1>Ennakoi \u2013 teknologiset ratkaisut ennakoivan tiedon ker\u00e4\u00e4misess\u00e4 ja ik\u00e4ihmisten kotona asumisen tukemisessa<\/h1>\n<p>[\/et_pb_text][\/et_pb_column][\/et_pb_row][\/et_pb_section][et_pb_section fb_built=&#8221;1&#8243; _builder_version=&#8221;4.20.4&#8243; _module_preset=&#8221;default&#8221; width=&#8221;100%&#8221; custom_margin=&#8221;0px|0px|0px|0px|false|false&#8221; custom_padding=&#8221;0px|0px|0px|0px|false|false&#8221; global_colors_info=&#8221;{}&#8221;][et_pb_row column_structure=&#8221;1_2,1_2&#8243; use_custom_gutter=&#8221;on&#8221; gutter_width=&#8221;1&#8243; make_equal=&#8221;on&#8221; _builder_version=&#8221;4.20.4&#8243; _module_preset=&#8221;default&#8221; width=&#8221;100%&#8221; max_width=&#8221;none&#8221; custom_margin=&#8221;0px|0px|0px|0px|false|false&#8221; custom_padding=&#8221;0px|0px|0px|0px|false|false&#8221; global_colors_info=&#8221;{}&#8221;][et_pb_column type=&#8221;1_2&#8243; _builder_version=&#8221;4.20.4&#8243; _module_preset=&#8221;default&#8221; custom_padding=&#8221;0px|0px|0px|0px|false|false&#8221; global_colors_info=&#8221;{}&#8221;][et_pb_text _builder_version=&#8221;4.20.4&#8243; _module_preset=&#8221;default&#8221; max_width=&#8221;700px&#8221; module_alignment=&#8221;center&#8221; custom_margin=&#8221;0px|0px|0px|0px|false|false&#8221; custom_padding=&#8221;50px|20px|20px|20px|false|false&#8221; global_colors_info=&#8221;{}&#8221;]<\/p>\n<h2>TAUSTAA<\/h2>\n<p>[\/et_pb_text][et_pb_text _builder_version=&#8221;4.20.4&#8243; _module_preset=&#8221;default&#8221; max_width=&#8221;700px&#8221; module_alignment=&#8221;center&#8221; custom_margin=&#8221;0px|0px|0px|0px|false|false&#8221; custom_padding=&#8221;20px|20px|20px|20px|false|false&#8221; global_colors_info=&#8221;{}&#8221;]<\/p>\n<p>Suomalaisen vanhuspolitiikan keskeinen tavoite on ik\u00e4\u00e4ntyneen toimintakyvyn ja itsen\u00e4isen selviytymisen tukeminen. Itsen\u00e4inen selviytyminen omassa kodissa mahdollisimman pitk\u00e4\u00e4n on my\u00f6s useimman ik\u00e4\u00e4ntyneen oma toive<em>. <\/em>Liikkumisongelmat ovat yleisin syy avuntarpeen lis\u00e4\u00e4ntymiseen ja ne voivat heikent\u00e4\u00e4 ik\u00e4\u00e4ntyneen itsen\u00e4ist\u00e4 selviytymist\u00e4 p\u00e4ivitt\u00e4isist\u00e4 toiminnoista. Usein liikkumisongelmat kuitenkin huomataan ja niihin puututaan vasta, kun henkil\u00f6ll\u00e4 on jo kaatumishistoriaa tai h\u00e4n itse kertoo liikkumisongelmistaan. Prekliinisi\u00e4 liikkumisongelmia, jotka ennakoivat varsinaisia liikkumisongelmia, on usein vaikea ik\u00e4\u00e4ntyneen itsens\u00e4 huomata. T\u00e4st\u00e4 syyst\u00e4 n\u00e4it\u00e4 ennakoivia tekij\u00f6it\u00e4 on t\u00e4rke\u00e4 tunnistaa ajoissa ja niiden tunnistamiseen tulee k\u00e4ytt\u00e4\u00e4 riitt\u00e4v\u00e4n herkki\u00e4 mittareita, jotta toimintakyky\u00e4 uhkaaviin riskitekij\u00f6ihin voidaan puuttua ajoissa.<\/p>\n<p>Fyysinen aktiivisuus on keskinen tekij\u00e4 liikkumisongelmien ehk\u00e4isyss\u00e4 ja kotona asumisen tukemisessa. Erilaiset teknologiset ja pelilliset ratkaisut ovat yksi keino lis\u00e4t\u00e4 fyysist\u00e4 aktiivisuutta. Pelillisten harjoitteiden on todettu parantavan ik\u00e4\u00e4ntyneiden liikkumiskyky\u00e4 ja p\u00e4ivitt\u00e4isist\u00e4 toiminnoista suoriutumista. Liikuntapelit, aktiivisuuden seurannan mittalaitteet ja p\u00e4\u00e4lle puettava teknologia voivat KATI-esiselvityshankkeen (<a href=\"https:\/\/publications.vtt.fi\/pdf\/technology\/2020\/T373.pdf\">VTT Technology 373: Kotona asumista tukeva teknologia<\/a> ) mukaan tukea ik\u00e4\u00e4ntyneen kotona asumista. Potentiaalistaan huolimatta teknologiaa hy\u00f6dynnet\u00e4\u00e4n ik\u00e4\u00e4ntyneen toimintakyvyn tukemisessa kuitenkin viel\u00e4 melko v\u00e4h\u00e4n.<\/p>\n<p>Ik\u00e4\u00e4ntyneen itsen\u00e4ist\u00e4 kotona asumista tuetaan kannustamalla i\u00e4kk\u00e4it\u00e4 omaehtoiseen terveyden ja toimintakyvyn vahvistamiseen. Kuntien tulisi lis\u00e4t\u00e4 t\u00e4h\u00e4n liittyv\u00e4\u00e4 neuvontaa, lis\u00e4t\u00e4 tunnistettuihin riskiryhmiin kuuluvien ik\u00e4ihmisten etsint\u00e4\u00e4 ja ohjata heit\u00e4 hyvinvointia ja toimintakyky\u00e4 vahvistavan toiminnan pariin lis\u00e4t\u00e4. Tarvitaan uusia innovatiivisia tapoja toteuttaa ennakoivaa toimintaa, olemassa olvien teknologisten ratkaisujen hy\u00f6dynt\u00e4mist\u00e4 ja jatkokehitt\u00e4mist\u00e4 sek\u00e4 uusien teknologisten mahdollisuuksien l\u00f6yt\u00e4mist\u00e4.<\/p>\n<p>[\/et_pb_text][\/et_pb_column][et_pb_column type=&#8221;1_2&#8243; _builder_version=&#8221;4.20.4&#8243; _module_preset=&#8221;default&#8221; background_color=&#8221;#dbc9bb&#8221; custom_padding=&#8221;0px|0px|0px|0px|false|false&#8221; global_colors_info=&#8221;{}&#8221;][et_pb_text _builder_version=&#8221;4.20.4&#8243; _module_preset=&#8221;default&#8221; max_width=&#8221;700px&#8221; module_alignment=&#8221;center&#8221; custom_margin=&#8221;0px|0px|0px|0px|false|false&#8221; custom_padding=&#8221;50px|20px|20px|20px|false|false&#8221; global_colors_info=&#8221;{}&#8221;]<\/p>\n<h2>HANKKEEN VALMISTELU<\/h2>\n<p>[\/et_pb_text][et_pb_text _builder_version=&#8221;4.20.4&#8243; _module_preset=&#8221;default&#8221; max_width=&#8221;700px&#8221; module_alignment=&#8221;center&#8221; custom_margin=&#8221;0px|0px|0px|0px|false|false&#8221; custom_padding=&#8221;20px|20px|20px|20px|false|false&#8221; global_colors_info=&#8221;{}&#8221;]<\/p>\n<p>Lapin AMK on valmistellut hanketta yhteisty\u00f6ss\u00e4 alueen kuntien vanhuspalveluiden asiantuntijoiden, teknologiayritysten, j\u00e4rjest\u00f6jen toimijoiden ja alueella k\u00e4ynniss\u00e4 olevien hankkeiden asiantuntijoiden kanssa. Hankevalmistelun aikana on konsultoitu Lapin hyvinvointialueen asiantuntijoita.<\/p>\n<p>Hankkeen valmistelussa on hy\u00f6dynnetty olemassa olevia ennakoivia toimintamalleja, joita on kehitetty ja toteutettu oppilaitosyhteisty\u00f6n\u00e4 Kemin kaupungin kanssa Kunto65- ja Ik\u00e4terve-tarkastuksista (70 vuotta t\u00e4ytt\u00e4neille) sek\u00e4 Hyvinvointia edist\u00e4v\u00e4t kotik\u00e4ynnit 75-vuotta t\u00e4ytt\u00e4neille (HEKO) ja Hyvinvointirehvit 80-vuotta t\u00e4ytt\u00e4neille yhteisty\u00f6ss\u00e4 Rovaniemen kaupungin kanssa. Hankkeen sis\u00e4ll\u00f6n suunnittelussa on huomioitu my\u00f6s vuonna 2019 Lapin AMKissa toteutettu <em>Hyvinvointia edist\u00e4v\u00e4t kotik\u00e4ynnit digiaikaan -hanke<\/em>, jossa testattiin HEKO-mobiilisovellusta ennakoivan tiedon ker\u00e4\u00e4misess\u00e4 ja ker\u00e4ttiin ik\u00e4\u00e4ntyneiden ja k\u00e4yntej\u00e4 toteuttaneiden kokemuksia sovelluksen k\u00e4yt\u00f6st\u00e4.<\/p>\n<p>[\/et_pb_text][\/et_pb_column][\/et_pb_row][\/et_pb_section][et_pb_section fb_built=&#8221;1&#8243; _builder_version=&#8221;4.20.4&#8243; _module_preset=&#8221;default&#8221; width=&#8221;100%&#8221; custom_margin=&#8221;0px|0px|0px|0px|false|false&#8221; custom_padding=&#8221;0px|0px|0px|0px|false|false&#8221; global_colors_info=&#8221;{}&#8221;][et_pb_row column_structure=&#8221;1_2,1_2&#8243; use_custom_gutter=&#8221;on&#8221; gutter_width=&#8221;1&#8243; make_equal=&#8221;on&#8221; _builder_version=&#8221;4.20.4&#8243; _module_preset=&#8221;default&#8221; width=&#8221;100%&#8221; max_width=&#8221;none&#8221; custom_margin=&#8221;0px|0px|0px|0px|false|false&#8221; custom_padding=&#8221;0px|0px|0px|0px|false|false&#8221; global_colors_info=&#8221;{}&#8221;][et_pb_column type=&#8221;1_2&#8243; _builder_version=&#8221;4.20.4&#8243; _module_preset=&#8221;default&#8221; background_color=&#8221;#e5f6ef&#8221; custom_padding=&#8221;0px|0px|0px|0px|false|false&#8221; global_colors_info=&#8221;{}&#8221;][et_pb_text _builder_version=&#8221;4.20.4&#8243; _module_preset=&#8221;default&#8221; max_width=&#8221;700px&#8221; module_alignment=&#8221;center&#8221; custom_margin=&#8221;0px|0px|0px|0px|false|false&#8221; custom_padding=&#8221;50px|20px|20px|20px|false|false&#8221; global_colors_info=&#8221;{}&#8221;]<\/p>\n<h2>TAVOITTEET JA TULOKSET<\/h2>\n<p>[\/et_pb_text][et_pb_text _builder_version=&#8221;4.20.4&#8243; _module_preset=&#8221;default&#8221; max_width=&#8221;700px&#8221; module_alignment=&#8221;center&#8221; custom_margin=&#8221;0px|0px|0px|0px|false|false&#8221; custom_padding=&#8221;20px|20px|20px|20px|false|false&#8221; global_colors_info=&#8221;{}&#8221;]<\/p>\n<p>Hankeen tarkoituksena on edist\u00e4\u00e4 ennaltaehk\u00e4isevien palveluiden tuottamista hy\u00f6dynt\u00e4m\u00e4ll\u00e4 digitaalisia ja teknologisia ratkaisuja ik\u00e4ihmisten kotona asumisen tukemiseksi pitkien et\u00e4isyyksien alueella.<\/p>\n<p>Hankkeen tavoitteina on<\/p>\n<ul>\n<li><strong>Yhteiskehitt\u00e4\u00e4 ja pilotoida ennakoivan toiminnan malli<\/strong> ik\u00e4ihmisten toimintakyvyn riskitekij\u00f6iden tunnistamiseen ja kotona asumisen tukemiseen hy\u00f6dynt\u00e4en digitalisaatiota ja teknologisia ratkaisuja.<\/li>\n<li><strong>Lis\u00e4t\u00e4 eri toimijoiden tietoisuutta ja kyky\u00e4 neuvoa ja ohjata ik\u00e4ihmisi\u00e4 hy\u00f6dynt\u00e4m\u00e4\u00e4n digitaalisia ja teknologisia ratkaisuja. <\/strong>fyysisen aktiivisuuden lis\u00e4\u00e4misess\u00e4, jotta ik\u00e4ihmisi\u00e4 pystytt\u00e4isiin motivoimaan entist\u00e4 tehokkaammin omaehtoiseen toimintakyvyn ja hyvinvoinnin yll\u00e4pit\u00e4miseen.<\/li>\n<li><strong>Vahvistaa ja jatkokehitt\u00e4\u00e4 olemassa olevien digitaalisten ja teknologisten sovellusten hy\u00f6dynt\u00e4mist\u00e4 <\/strong>ik\u00e4ihmisten toimintakyvyn muutosten ja kotona asumisen riskitekij\u00f6iden tunnistamisen ennakoimisessa ja tiedon siirt\u00e4miss\u00e4 ja hy\u00f6dynt\u00e4misess\u00e4.<\/li>\n<li><strong>Selvitt\u00e4\u00e4 ja selkeytt\u00e4\u00e4 eri toimijoiden rooleja <\/strong>ik\u00e4ihmisten ennaltaehk\u00e4isevien palveluiden toteuttamisessa ja liiketoimintamahdollisuuksien l\u00f6yt\u00e4misess\u00e4.<\/li>\n<\/ul>\n<p>&nbsp;<\/p>\n<p>Hankkeen tuloksena on kehitetty ennakoivan toiminnan malli, jolla tuetaan ik\u00e4ihmisten toimintakyky\u00e4 ja kotona selviytymist\u00e4 hy\u00f6dynt\u00e4en digitaalisia ja teknologisia ratkaisuja. Pitk\u00e4n aikav\u00e4lin tuloksena lappilaiset ik\u00e4ihmiset asuvat kotona pidemp\u00e4\u00e4n ennakoivien toimien ja digitaalisten ja teknologisten ratkaisujen tuella. Hankkeessa kehitetty\u00e4 toimintamallia on tarkoitus hy\u00f6dynt\u00e4\u00e4 koko hyvinvointialueella.<\/p>\n<p>[\/et_pb_text][\/et_pb_column][et_pb_column type=&#8221;1_2&#8243; _builder_version=&#8221;4.20.4&#8243; _module_preset=&#8221;default&#8221; background_enable_color=&#8221;off&#8221; custom_padding=&#8221;0px|0px|0px|0px|false|false&#8221; global_colors_info=&#8221;{}&#8221;][et_pb_text _builder_version=&#8221;4.20.4&#8243; _module_preset=&#8221;default&#8221; max_width=&#8221;700px&#8221; module_alignment=&#8221;center&#8221; custom_margin=&#8221;0px|0px|0px|0px|false|false&#8221; custom_padding=&#8221;50px|20px|20px|20px|false|false&#8221; global_colors_info=&#8221;{}&#8221;]<\/p>\n<h2>HANKKEEN TOTEUTUS<\/h2>\n<p>[\/et_pb_text][et_pb_text _builder_version=&#8221;4.20.4&#8243; _module_preset=&#8221;default&#8221; max_width=&#8221;700px&#8221; module_alignment=&#8221;center&#8221; custom_margin=&#8221;0px|0px|0px|0px|false|false&#8221; custom_padding=&#8221;20px|20px|20px|20px|false|false&#8221; global_colors_info=&#8221;{}&#8221;]<\/p>\n<p>Hankkeen p\u00e4\u00e4toteuttajana toimii Lapin ammattikorkeakoulu yhteisty\u00f6ss\u00e4 Lapin hyvinvointialueen (Lapha)\u00a0 kanssa. Hankkeen kohderyhm\u00e4n\u00e4 ovat julkiset ja yksityiset sosiaali- ja terveysalan toimijat, j\u00e4rjest\u00f6t sek\u00e4 liikunta- ja kulttuuritoim. Hanke toteutetaan Laphan lounaisen Lapin palvelualueella ja pilottikuntina ovat Kemi, Tervola ja Tornio.\u00a0<\/p>\n<p>Hankkeen alussa nimet\u00e4\u00e4n kehitt\u00e4j\u00e4ty\u00f6ryhm\u00e4, joka ty\u00f6pajaty\u00f6skentelyn avulla valmistelee ennakoivan toiminnan mallit vuoden 2024 alussa. Ty\u00f6pajoissa valmistellaan ennakoivan tiedonkeruun menetelmi\u00e4 ja toimintakyky\u00e4 tukevia ratkaisuja, joissa hy\u00f6dynnet\u00e4\u00e4n digitalisaatiota ja teknologiaa. Kehitt\u00e4misty\u00f6h\u00f6n pyrit\u00e4\u00e4n osallistamaan toimijoita mahdollisimman laajasti ja aktivoidaan heit\u00e4 mukaan toimintaa innovoimaan erilaisille keskustelalustoille. Yhteisty\u00f6ss\u00e4 hankekuntien kanssa kehitettyj\u00e4 toimintamalleja pilotoidaan vuoden 2024 aikana. Hankkeen kolmentena vuonna kaikilla Laphan palvelualueilla toteutetaan ty\u00f6pajat, joiden tavoitteena on jakaa hankkeessa tuotettuja hyvi\u00e4 k\u00e4yt\u00e4nt\u00f6j\u00e4 ja yhten\u00e4ist\u00e4\u00e4 ennakoivan toiminnan k\u00e4yt\u00e4nt\u00f6j\u00e4. Ty\u00f6pajoihin toivotetaan tervetulleeksi kaikki ik\u00e4ihmisten ennaltaehk\u00e4iseviin palveluihin osallistuvat toimijat ja asiasta kiinnostuneet. Lis\u00e4ksi toteutetaan kaikille avoin loppuseminaari.<\/p>\n<p>[\/et_pb_text][et_pb_image src=&#8221;https:\/\/blogi.eoppimispalvelut.fi\/ennakoi\/files\/2024\/09\/Hankkeen_aikataulu_Ennakoi-100.jpg&#8221; title_text=&#8221;Hankkeen_aikataulu_Ennakoi-100&#8243; _builder_version=&#8221;4.27.0&#8243; _module_preset=&#8221;default&#8221; custom_margin=&#8221;40px|40px|40px|40px|false|false&#8221; hover_enabled=&#8221;0&#8243; global_colors_info=&#8221;{}&#8221; sticky_enabled=&#8221;0&#8243;][\/et_pb_image][\/et_pb_column][\/et_pb_row][\/et_pb_section]<\/p>\n","protected":false},"excerpt":{"rendered":"<p>Ennakoi \u2013 teknologiset ratkaisut ennakoivan tiedon ker\u00e4\u00e4misess\u00e4 ja ik\u00e4ihmisten kotona asumisen tukemisessaTAUSTAASuomalaisen vanhuspolitiikan keskeinen tavoite on ik\u00e4\u00e4ntyneen toimintakyvyn ja itsen\u00e4isen selviytymisen tukeminen. Itsen\u00e4inen selviytyminen omassa kodissa mahdollisimman pitk\u00e4\u00e4n on my\u00f6s [&hellip;]<\/p>\n","protected":false},"author":4340,"featured_media":0,"parent":0,"menu_order":0,"comment_status":"closed","ping_status":"closed","template":"","meta":{"_et_pb_use_builder":"on","_et_pb_old_content":"","_et_gb_content_width":"","footnotes":""},"class_list":["post-35","page","type-page","status-publish","hentry"],"_links":{"self":[{"href":"https:\/\/blogi.eoppimispalvelut.fi\/ennakoi\/wp-json\/wp\/v2\/pages\/35","targetHints":{"allow":["GET"]}}],"collection":[{"href":"https:\/\/blogi.eoppimispalvelut.fi\/ennakoi\/wp-json\/wp\/v2\/pages"}],"about":[{"href":"https:\/\/blogi.eoppimispalvelut.fi\/ennakoi\/wp-json\/wp\/v2\/types\/page"}],"author":[{"embeddable":true,"href":"https:\/\/blogi.eoppimispalvelut.fi\/ennakoi\/wp-json\/wp\/v2\/users\/4340"}],"replies":[{"embeddable":true,"href":"https:\/\/blogi.eoppimispalvelut.fi\/ennakoi\/wp-json\/wp\/v2\/comments?post=35"}],"version-history":[{"count":7,"href":"https:\/\/blogi.eoppimispalvelut.fi\/ennakoi\/wp-json\/wp\/v2\/pages\/35\/revisions"}],"predecessor-version":[{"id":415,"href":"https:\/\/blogi.eoppimispalvelut.fi\/ennakoi\/wp-json\/wp\/v2\/pages\/35\/revisions\/415"}],"wp:attachment":[{"href":"https:\/\/blogi.eoppimispalvelut.fi\/ennakoi\/wp-json\/wp\/v2\/media?parent=35"}],"curies":[{"name":"wp","href":"https:\/\/api.w.org\/{rel}","templated":true}]}}