{"id":361,"date":"2024-05-02T09:49:26","date_gmt":"2024-05-02T06:49:26","guid":{"rendered":"https:\/\/blogi.eoppimispalvelut.fi\/ennakoi\/?page_id=361"},"modified":"2025-07-21T14:15:14","modified_gmt":"2025-07-21T11:15:14","slug":"teknologiset-ratkaisut","status":"publish","type":"page","link":"https:\/\/blogi.eoppimispalvelut.fi\/ennakoi\/teknologiset-ratkaisut\/","title":{"rendered":"Teknologiset ratkaisut"},"content":{"rendered":"<p>[et_pb_section fb_built=&#8221;1&#8243; _builder_version=&#8221;4.20.4&#8243; _module_preset=&#8221;default&#8221; global_colors_info=&#8221;{}&#8221;][et_pb_row _builder_version=&#8221;4.20.4&#8243; _module_preset=&#8221;default&#8221; global_colors_info=&#8221;{}&#8221;][et_pb_column type=&#8221;4_4&#8243; _builder_version=&#8221;4.20.4&#8243; _module_preset=&#8221;default&#8221; global_colors_info=&#8221;{}&#8221;][et_pb_text _builder_version=&#8221;4.24.3&#8243; _module_preset=&#8221;default&#8221; text_orientation=&#8221;center&#8221; global_colors_info=&#8221;{}&#8221;]<\/p>\n<h1><span data-contrast=\"auto\" xml:lang=\"FI-FI\" lang=\"FI-FI\" class=\"TextRun SCXW106086024 BCX8\"><span class=\"NormalTextRun SCXW106086024 BCX8\">Hankkeen piloteissa hy\u00f6dynnett\u00e4vi\u00e4 teknologioita<\/span><\/span><\/h1>\n<p>[\/et_pb_text][\/et_pb_column][\/et_pb_row][\/et_pb_section][et_pb_section fb_built=&#8221;1&#8243; _builder_version=&#8221;4.20.4&#8243; _module_preset=&#8221;default&#8221; width=&#8221;100%&#8221; custom_margin=&#8221;0px|0px|0px|0px|false|false&#8221; custom_padding=&#8221;0px|0px|0px|0px|false|false&#8221; global_colors_info=&#8221;{}&#8221;][et_pb_row column_structure=&#8221;1_2,1_2&#8243; use_custom_gutter=&#8221;on&#8221; gutter_width=&#8221;1&#8243; make_equal=&#8221;on&#8221; _builder_version=&#8221;4.24.3&#8243; _module_preset=&#8221;default&#8221; width=&#8221;100%&#8221; max_width=&#8221;none&#8221; custom_margin=&#8221;0px|0px|0px|0px|false|false&#8221; custom_padding=&#8221;0px|0px|0px|0px|false|false&#8221; global_colors_info=&#8221;{}&#8221;][et_pb_column type=&#8221;1_2&#8243; _builder_version=&#8221;4.24.3&#8243; _module_preset=&#8221;default&#8221; custom_padding=&#8221;0px|0px|0px|0px|false|false&#8221; global_colors_info=&#8221;{}&#8221;][et_pb_text _builder_version=&#8221;4.24.3&#8243; _module_preset=&#8221;default&#8221; max_width=&#8221;700px&#8221; module_alignment=&#8221;center&#8221; custom_margin=&#8221;0px|0px|0px|0px|false|false&#8221; custom_padding=&#8221;50px|20px|20px|20px|false|false&#8221; global_colors_info=&#8221;{}&#8221;]<\/p>\n<h2><strong>HEKO-mobiili<\/strong><\/h2>\n<p>[\/et_pb_text][et_pb_text _builder_version=&#8221;4.24.3&#8243; _module_preset=&#8221;default&#8221; max_width=&#8221;700px&#8221; module_alignment=&#8221;center&#8221; custom_margin=&#8221;0px|0px|0px|0px|false|false&#8221; custom_padding=&#8221;20px|20px|20px|20px|false|false&#8221; global_colors_info=&#8221;{}&#8221;]<\/p>\n<p><span data-contrast=\"auto\">Ammattikorkeakoulun kehitt\u00e4m\u00e4n HEKO \u2013mobiilisovellusta on tarkoitus hy\u00f6dynt\u00e4\u00e4 ik\u00e4ihmisille suunnattujen hyvinvointia edist\u00e4vien kotik\u00e4yntien yhteydess\u00e4. Sovelluksella on tarkoitus edist\u00e4\u00e4 ker\u00e4tyn tiedon hy\u00f6dynt\u00e4mist\u00e4 hyvinvointiin liittyvien toimenpiteiden kohdistamisessa. Sovellusta k\u00e4ytt\u00e4\u00e4 vanhusty\u00f6ntekij\u00e4 asiakkaan kotona. Kotik\u00e4ynnit kohdistuvat itsen\u00e4isesti kotona asuviin ik\u00e4ihmisiin, jotka eiv\u00e4t viel\u00e4 ole sosiaali- ja terveyspalveluiden piiriss\u00e4.<\/span><span data-ccp-props=\"{&quot;201341983&quot;:0,&quot;335559739&quot;:160,&quot;335559740&quot;:259}\">\u00a0<\/span><\/p>\n<p><span data-contrast=\"auto\">Hankkeen aikana HEKO-mobiilia kehitet\u00e4\u00e4n tukemaan uusimpia ennakoinnin mallissa teht\u00e4vi\u00e4 toimenpiteit\u00e4. HEKO-mobiilille kehitet\u00e4\u00e4n my\u00f6s ker\u00e4tyn tiedon katsomiselle hallintapaneeli ja ohjelmaan kokeillaan liitt\u00e4\u00e4 uusia tapoja hyvinvoinnin kartoittamiseen. Uusia tutkittavia tapoja ovat\u00a0kognitiivisten toimintojen arviointiin pelillinen ratkaisu ja mahdollisuus kolmannen sektorin toimijoille tietojen kirjaamiseen.<\/span><span data-ccp-props=\"{&quot;134233117&quot;:false,&quot;134233118&quot;:false,&quot;201341983&quot;:0,&quot;335551550&quot;:0,&quot;335551620&quot;:0,&quot;335559738&quot;:0,&quot;335559739&quot;:0,&quot;335559740&quot;:259}\">\u00a0<\/span><\/p>\n<p><span data-contrast=\"auto\">Hekomobiilia hy\u00f6dynnet\u00e4\u00e4n Kemin Kunto65- ja Hekopiloteissa, Tornion palveluohjauksen ja etsiv\u00e4n seniority\u00f6n pilotissa sek\u00e4 Tervolan Hekopilotissa.<\/span><span data-ccp-props=\"{&quot;134233117&quot;:false,&quot;134233118&quot;:false,&quot;201341983&quot;:0,&quot;335551550&quot;:0,&quot;335551620&quot;:0,&quot;335559738&quot;:0,&quot;335559739&quot;:0,&quot;335559740&quot;:259}\">\u00a0<\/span><\/p>\n<p>[\/et_pb_text][et_pb_image src=&#8221;https:\/\/blogi.eoppimispalvelut.fi\/ennakoi\/files\/2024\/05\/a.png&#8221; title_text=&#8221;a&#8221; align=&#8221;center&#8221; _builder_version=&#8221;4.24.3&#8243; _module_preset=&#8221;default&#8221; max_height=&#8221;400px&#8221; custom_margin=&#8221;||20px||false|false&#8221; custom_padding=&#8221;20px|20px|20px|20px|false|false&#8221; global_colors_info=&#8221;{}&#8221;][\/et_pb_image][\/et_pb_column][et_pb_column type=&#8221;1_2&#8243; _builder_version=&#8221;4.24.3&#8243; _module_preset=&#8221;default&#8221; background_color=&#8221;#e5f6ef&#8221; custom_padding=&#8221;0px|0px|0px|0px|false|false&#8221; global_colors_info=&#8221;{}&#8221;][et_pb_text _builder_version=&#8221;4.24.3&#8243; _module_preset=&#8221;default&#8221; max_width=&#8221;700px&#8221; module_alignment=&#8221;center&#8221; custom_margin=&#8221;0px|0px|0px|0px|false|false&#8221; custom_padding=&#8221;50px|20px|20px|20px|false|false&#8221; global_colors_info=&#8221;{}&#8221;]<\/p>\n<h2><strong>iBalance Smart Combo <\/strong><\/h2>\n<p>[\/et_pb_text][et_pb_text _builder_version=&#8221;4.24.3&#8243; _module_preset=&#8221;default&#8221; max_width=&#8221;700px&#8221; module_alignment=&#8221;center&#8221; custom_margin=&#8221;0px|0px|0px|0px|false|false&#8221; custom_padding=&#8221;20px|20px|20px|20px|false|false&#8221; global_colors_info=&#8221;{}&#8221;]<\/p>\n<p>HUR Oy:n \u201c<strong>iBalance Smart Combo <\/strong>on suunniteltu vaativaan tasapainotestaukseen ja harjoitteluun. Smart Combon avulla voit luoda aidon kaatumisten ehk\u00e4isyohjelman, miss\u00e4 asiakas testataan, h\u00e4n harjoittelee tasapainoa ja h\u00e4nen tuloksiaan seurataan uusintatesteill\u00e4 samalla harjoittelua oikeaan suuntaan muokaten.\u201d (<a href=\"http:\/\/www.hurlabs.fi\/ibalance-smart-combo)\">http:\/\/www.hurlabs.fi\/ibalance-smart-combo)<\/a> iBalance Smart Comboa hy\u00f6dynnet\u00e4\u00e4n Kemiss\u00e4 toteutettavissa Kunto65- ja Ik\u00e4tervepiloteissa.<\/p>\n<p>[\/et_pb_text][et_pb_image src=&#8221;https:\/\/blogi.eoppimispalvelut.fi\/ennakoi\/files\/2024\/05\/b.jpg&#8221; title_text=&#8221;b&#8221; align=&#8221;center&#8221; _builder_version=&#8221;4.24.3&#8243; _module_preset=&#8221;default&#8221; max_height=&#8221;400px&#8221; custom_margin=&#8221;||20px||false|false&#8221; custom_padding=&#8221;20px|20px|20px|20px|false|false&#8221; global_colors_info=&#8221;{}&#8221;][\/et_pb_image][\/et_pb_column][\/et_pb_row][\/et_pb_section][et_pb_section fb_built=&#8221;1&#8243; _builder_version=&#8221;4.20.4&#8243; _module_preset=&#8221;default&#8221; width=&#8221;100%&#8221; custom_margin=&#8221;0px|0px|0px|0px|false|false&#8221; custom_padding=&#8221;0px|0px|0px|0px|false|false&#8221; global_colors_info=&#8221;{}&#8221;][et_pb_row column_structure=&#8221;1_2,1_2&#8243; use_custom_gutter=&#8221;on&#8221; gutter_width=&#8221;1&#8243; make_equal=&#8221;on&#8221; _builder_version=&#8221;4.24.3&#8243; _module_preset=&#8221;default&#8221; width=&#8221;100%&#8221; max_width=&#8221;none&#8221; custom_margin=&#8221;0px|0px|0px|0px|false|false&#8221; custom_padding=&#8221;0px|0px|0px|0px|false|false&#8221; global_colors_info=&#8221;{}&#8221;][et_pb_column type=&#8221;1_2&#8243; _builder_version=&#8221;4.24.3&#8243; _module_preset=&#8221;default&#8221; background_color=&#8221;#e5f6ef&#8221; custom_padding=&#8221;0px|0px|0px|0px|false|false&#8221; global_colors_info=&#8221;{}&#8221;][et_pb_text _builder_version=&#8221;4.24.3&#8243; _module_preset=&#8221;default&#8221; max_width=&#8221;700px&#8221; module_alignment=&#8221;center&#8221; custom_margin=&#8221;0px|0px|0px|0px|false|false&#8221; custom_padding=&#8221;50px|20px|20px|20px|false|false&#8221; global_colors_info=&#8221;{}&#8221;]<\/p>\n<h2><strong>Ainone Balance<\/strong><\/h2>\n<p>[\/et_pb_text][et_pb_text _builder_version=&#8221;4.24.3&#8243; _module_preset=&#8221;default&#8221; max_width=&#8221;700px&#8221; module_alignment=&#8221;center&#8221; custom_margin=&#8221;0px|0px|0px|0px|false|false&#8221; custom_padding=&#8221;20px|20px|20px|20px|false|false&#8221; global_colors_info=&#8221;{}&#8221;]<\/p>\n<p>\u201c<strong>Ainone Balance<\/strong> -tasapainon mittaussovelluksella voi mitata kehon huojuntaa Movesense -sensorin ja Ainone Balance -sovelluksen avulla. Sovelluksen avulla huojuntaa voidaan arvioida useilla eri tavoilla ja muokattavilla parametreilla, joiden tulokset ovat mitattavia, toistettavia ett\u00e4 kustannustehokkaita. Ainone Balance tuottaa nopeasti ja tehokkaasti objektiivisen tuloksen, jota terveydenhuollon ja urheilun ammattilaiset voivat hy\u00f6dynt\u00e4\u00e4 potilaiden tai asiakkaiden toimintakyvyn arvioinnissa, kuntoutuksessa tai valmennuksessa.\u201d ( <a href=\"https:\/\/ainone.eu\/fi\/solutions\/)\">https:\/\/ainone.eu\/fi\/solutions\/)<\/a> Ainone Balancea hy\u00f6dynnet\u00e4\u00e4n Kemin ja Tervolan piloteissa.<\/p>\n<p>[\/et_pb_text][\/et_pb_column][et_pb_column type=&#8221;1_2&#8243; _builder_version=&#8221;4.24.3&#8243; _module_preset=&#8221;default&#8221; custom_padding=&#8221;0px|0px|0px|0px|false|false&#8221; global_colors_info=&#8221;{}&#8221;][et_pb_text _builder_version=&#8221;4.24.3&#8243; _module_preset=&#8221;default&#8221; max_width=&#8221;700px&#8221; module_alignment=&#8221;center&#8221; custom_margin=&#8221;0px|0px|0px|0px|false|false&#8221; custom_padding=&#8221;50px|20px|20px|20px|false|false&#8221; global_colors_info=&#8221;{}&#8221;]<\/p>\n<h2><strong>Myontec MSleeve <\/strong><\/h2>\n<p>[\/et_pb_text][et_pb_text _builder_version=&#8221;4.24.3&#8243; _module_preset=&#8221;default&#8221; max_width=&#8221;700px&#8221; module_alignment=&#8221;center&#8221; custom_margin=&#8221;0px|0px|0px|0px|false|false&#8221; custom_padding=&#8221;20px|20px|20px|20px|false|false&#8221; global_colors_info=&#8221;{}&#8221;]<\/p>\n<p><strong>Myontecin <\/strong><strong>\u201c<\/strong>MSleeve on suunniteltu erityisesti fyysiseen toimintaan, urheiluun ja kuntoutukseen, ja sit\u00e4 voidaan k\u00e4ytt\u00e4\u00e4 ergonomiassa ja tutkimuksessa tai kenkien validoinnissa jne. MSleeve mittaa pohjelihasten lihasaktiivisuutta (S\u00e4\u00e4ri-, Gastrocnemius- ja Soleus-lihasten pinta-EMG) ja liikkeit\u00e4\u201d (<a href=\"https:\/\/www.myontec-usa.com\/)\">https:\/\/www.myontec-usa.com\/)<\/a> Myontecin \u00e4lys\u00e4\u00e4rystint\u00e4 hy\u00f6dynnet\u00e4\u00e4n Kemin Kunto65-pilotissa.<\/p>\n<p>[\/et_pb_text][\/et_pb_column][\/et_pb_row][et_pb_row column_structure=&#8221;1_2,1_2&#8243; use_custom_gutter=&#8221;on&#8221; gutter_width=&#8221;1&#8243; make_equal=&#8221;on&#8221; _builder_version=&#8221;4.24.3&#8243; _module_preset=&#8221;default&#8221; width=&#8221;100%&#8221; max_width=&#8221;none&#8221; custom_margin=&#8221;0px|0px|0px|0px|false|false&#8221; custom_padding=&#8221;0px|0px|0px|0px|false|false&#8221; global_colors_info=&#8221;{}&#8221;][et_pb_column type=&#8221;1_2&#8243; _builder_version=&#8221;4.24.3&#8243; _module_preset=&#8221;default&#8221; custom_padding=&#8221;0px|0px|0px|0px|false|false&#8221; global_colors_info=&#8221;{}&#8221;][et_pb_text _builder_version=&#8221;4.24.3&#8243; _module_preset=&#8221;default&#8221; max_width=&#8221;700px&#8221; module_alignment=&#8221;center&#8221; custom_margin=&#8221;0px|0px|0px|0px|false|false&#8221; custom_padding=&#8221;50px|20px|20px|20px|false|false&#8221; global_colors_info=&#8221;{}&#8221;]<\/p>\n<h2><strong>Yeticare YetiMini\u00a0<\/strong><\/h2>\n<p>[\/et_pb_text][et_pb_text _builder_version=&#8221;4.24.3&#8243; _module_preset=&#8221;default&#8221; max_width=&#8221;700px&#8221; module_alignment=&#8221;center&#8221; custom_margin=&#8221;0px|0px|0px|0px|false|false&#8221; custom_padding=&#8221;20px|20px|20px|20px|false|false&#8221; global_colors_info=&#8221;{}&#8221;]<\/p>\n<p>Yeticaren<strong> YetiMini <\/strong><strong>\u201c<\/strong>edist\u00e4\u00e4 merkityksellist\u00e4 arkea ja motivoi k\u00e4ytt\u00e4ji\u00e4 kognitiiviseen ja fyysiseen toimintaan. Suuri n\u00e4ytt\u00f6 kannustaa erinomaisesti sosiaaliseen vuorovaikutukseen ja tekee ryhm\u00e4toiminnan j\u00e4rjest\u00e4misest\u00e4 helppoa ja yksinkertaista. (<a href=\"https:\/\/yeticare.fi\/)\">https:\/\/yeticare.fi\/)<\/a> Yetihomea hy\u00f6dynnet\u00e4\u00e4n Kemin Heko-pilotissa sek\u00e4 Tervolan Heko-pilotissa.<\/p>\n<p>[\/et_pb_text][et_pb_image src=&#8221;https:\/\/blogi.eoppimispalvelut.fi\/ennakoi\/files\/2024\/05\/c.jpg&#8221; title_text=&#8221;c&#8221; align=&#8221;center&#8221; _builder_version=&#8221;4.24.3&#8243; _module_preset=&#8221;default&#8221; max_height=&#8221;400px&#8221; custom_margin=&#8221;||20px||false|false&#8221; custom_padding=&#8221;20px|20px|20px|20px|false|false&#8221; global_colors_info=&#8221;{}&#8221;][\/et_pb_image][\/et_pb_column][et_pb_column type=&#8221;1_2&#8243; _builder_version=&#8221;4.24.3&#8243; _module_preset=&#8221;default&#8221; background_color=&#8221;#e5f6ef&#8221; custom_padding=&#8221;0px|0px|0px|0px|false|false&#8221; global_colors_info=&#8221;{}&#8221;][et_pb_text _builder_version=&#8221;4.24.3&#8243; _module_preset=&#8221;default&#8221; max_width=&#8221;700px&#8221; module_alignment=&#8221;center&#8221; custom_margin=&#8221;0px|0px|0px|0px|false|false&#8221; custom_padding=&#8221;50px|20px|20px|20px|false|false&#8221; global_colors_info=&#8221;{}&#8221;]<\/p>\n<h2><strong>Polar-\u00e4lykello<\/strong><\/h2>\n<p>[\/et_pb_text][et_pb_text _builder_version=&#8221;4.24.3&#8243; _module_preset=&#8221;default&#8221; max_width=&#8221;700px&#8221; module_alignment=&#8221;center&#8221; custom_margin=&#8221;0px|0px|0px|0px|false|false&#8221; custom_padding=&#8221;20px|20px|20px|20px|false|false&#8221; global_colors_info=&#8221;{}&#8221;]<\/p>\n<p>Polarin \u201cIgnite 2 -fitnesskello on tyylik\u00e4s, helppok\u00e4ytt\u00f6inen ja \u00e4lyk\u00e4s. Saat henkil\u00f6kohtaista opastusta treeneihin, palautumiseen ja uneen. Lis\u00e4ksi kello n\u00e4ytt\u00e4\u00e4 ja tuntuu hyv\u00e4lt\u00e4 vuorokauden ymp\u00e4ri. <a href=\"https:\/\/www.polar.com\/fi\/\">https:\/\/www.polar.com\/fi\/<\/a>\u00a0 Ignite 2-fitnesskelloa hy\u00f6dynnet\u00e4\u00e4n Kemin Kunto65-pilotissa.<\/p>\n<p>[\/et_pb_text][\/et_pb_column][\/et_pb_row][\/et_pb_section]<\/p>\n","protected":false},"excerpt":{"rendered":"<p>Hankkeen piloteissa hy\u00f6dynnett\u00e4vi\u00e4 teknologioitaHEKO-mobiiliAmmattikorkeakoulun kehitt\u00e4m\u00e4n HEKO \u2013mobiilisovellusta on tarkoitus hy\u00f6dynt\u00e4\u00e4 ik\u00e4ihmisille suunnattujen hyvinvointia edist\u00e4vien kotik\u00e4yntien yhteydess\u00e4. Sovelluksella on tarkoitus edist\u00e4\u00e4 ker\u00e4tyn tiedon hy\u00f6dynt\u00e4mist\u00e4 hyvinvointiin liittyvien toimenpiteiden kohdistamisessa. Sovellusta k\u00e4ytt\u00e4\u00e4 vanhusty\u00f6ntekij\u00e4 [&hellip;]<\/p>\n","protected":false},"author":4340,"featured_media":0,"parent":0,"menu_order":0,"comment_status":"closed","ping_status":"closed","template":"","meta":{"_et_pb_use_builder":"on","_et_pb_old_content":"","_et_gb_content_width":"","footnotes":""},"class_list":["post-361","page","type-page","status-publish","hentry"],"_links":{"self":[{"href":"https:\/\/blogi.eoppimispalvelut.fi\/ennakoi\/wp-json\/wp\/v2\/pages\/361","targetHints":{"allow":["GET"]}}],"collection":[{"href":"https:\/\/blogi.eoppimispalvelut.fi\/ennakoi\/wp-json\/wp\/v2\/pages"}],"about":[{"href":"https:\/\/blogi.eoppimispalvelut.fi\/ennakoi\/wp-json\/wp\/v2\/types\/page"}],"author":[{"embeddable":true,"href":"https:\/\/blogi.eoppimispalvelut.fi\/ennakoi\/wp-json\/wp\/v2\/users\/4340"}],"replies":[{"embeddable":true,"href":"https:\/\/blogi.eoppimispalvelut.fi\/ennakoi\/wp-json\/wp\/v2\/comments?post=361"}],"version-history":[{"count":7,"href":"https:\/\/blogi.eoppimispalvelut.fi\/ennakoi\/wp-json\/wp\/v2\/pages\/361\/revisions"}],"predecessor-version":[{"id":648,"href":"https:\/\/blogi.eoppimispalvelut.fi\/ennakoi\/wp-json\/wp\/v2\/pages\/361\/revisions\/648"}],"wp:attachment":[{"href":"https:\/\/blogi.eoppimispalvelut.fi\/ennakoi\/wp-json\/wp\/v2\/media?parent=361"}],"curies":[{"name":"wp","href":"https:\/\/api.w.org\/{rel}","templated":true}]}}