{"id":403,"date":"2024-09-18T11:28:22","date_gmt":"2024-09-18T08:28:22","guid":{"rendered":"https:\/\/blogi.eoppimispalvelut.fi\/ennakoi\/?page_id=403"},"modified":"2024-11-18T14:47:55","modified_gmt":"2024-11-18T12:47:55","slug":"tervola-heko-pilotti","status":"publish","type":"page","link":"https:\/\/blogi.eoppimispalvelut.fi\/ennakoi\/tervola-heko-pilotti\/","title":{"rendered":"3. Tervola, HEKO-pilotti"},"content":{"rendered":"<p>[et_pb_section fb_built=&#8221;1&#8243; _builder_version=&#8221;4.27.2&#8243; _module_preset=&#8221;default&#8221; global_colors_info=&#8221;{}&#8221;][et_pb_row _builder_version=&#8221;4.27.0&#8243; _module_preset=&#8221;default&#8221; global_colors_info=&#8221;{}&#8221;][et_pb_column type=&#8221;4_4&#8243; _builder_version=&#8221;4.27.0&#8243; _module_preset=&#8221;default&#8221; global_colors_info=&#8221;{}&#8221;][et_pb_text _builder_version=&#8221;4.27.2&#8243; _module_preset=&#8221;default&#8221; hover_enabled=&#8221;0&#8243; global_colors_info=&#8221;{}&#8221; sticky_enabled=&#8221;0&#8243;]<\/p>\n<h1>3. Tervola, HEKO-pilotti<\/h1>\n<p>[\/et_pb_text][et_pb_text _builder_version=&#8221;4.27.2&#8243; _module_preset=&#8221;default&#8221; hover_enabled=&#8221;0&#8243; sticky_enabled=&#8221;0&#8243;]<\/p>\n<p>Ennakoi-hankkeen kolmantena pilottina k\u00e4ynnistyi syyskuussa <em>Hyvinvointia edist\u00e4v\u00e4t kotik\u00e4ynnit<\/em> (HEKO) Tervolassa. HEKO-k\u00e4ynti\u00e4 tarjottiin kaikille t\u00e4n\u00e4 vuonna 75 vuotta t\u00e4ytt\u00e4ville tervolalaisille (n=33), jotka eiv\u00e4t kuulu s\u00e4\u00e4nn\u00f6llisten sote-palveluiden piiriin. 10 otti k\u00e4ynnin vastaan. \u00a0\u00a0Kotik\u00e4yntej\u00e4 toteutettiin moniammatillisesti geronomi- ja fysioterapeuttiopiskelijan yhteisty\u00f6n\u00e4 ja k\u00e4yntien toteutusta opiskelijoiden kanssa olivat suunnittelemassa Ennakoi- hankkeen asiantuntijat ja hyvinvointialue Laphan toimijat Tervolasta.<\/p>\n<p>Ensimm\u00e4isen HEKO-k\u00e4ynnin vastaanottaneilla oli halutessaan mahdollisuus ottaa vastaan my\u00f6s toinen kotik\u00e4ynti (2. k\u00e4ynti), jossa toteutettiin tarkempi tasapainon mittaus hy\u00f6dynt\u00e4en\u00a0Ainone Balance\u00ae \u2013sovellusta.\u00a0Ainone Balance\u00ae -sovellus on kehitetty tasapainon mittaamisen ja ihmisen toimintakyvyn muutosten havaitsemisen tueksi (<a href=\"https:\/\/ainone.eu\/fi\/\">https:\/\/ainone.eu\/fi\/<\/a>).\u00a0 Lis\u00e4ksi 2. k\u00e4ynnill\u00e4 ohjattiin tasapainon ja lihasvoiman kotiharjoitteita. (<a href=\"https:\/\/www.voimaavanhuuteen.fi\/content\/uploads\/2016\/06\/K%C3%84VELY-KEVYM-A4-16-netti.pdf\">K\u00c4VELY-KEVYM-A4-16-netti.pdf (voimaavanhuuteen.fi)<\/a>,\u00a0<a href=\"https:\/\/www.ikainstituutti.fi\/content\/uploads\/2019\/12\/saavutettava_TASAPAINO_TAITAVAKSI_SUOMI_2.pdf\">Tasapaino taitavaksi (ikainstituutti.fi)<\/a>.\u00a0Osalle ik\u00e4\u00e4ntyneist\u00e4 ohjattiin lis\u00e4ksi itsen\u00e4ist\u00e4 harjoittelua YetiHome -laitteella, jonka avulla tasapainoa harjoitettiin erilaisten digitaalisten pelien yhteydess\u00e4. Kahden kuukauden harjoittelujakson j\u00e4lkeen toimintakykymittaukset tullaan toistamaan 3. kotik\u00e4ynnill\u00e4 vaikuttavuuden arvioimiseksi.<\/p>\n<p>HEKO-k\u00e4yntien keskeinen tavoite on ik\u00e4ihmisten osallisuuden, voimavarojen ja kotona asumisen tukeminen. Ik\u00e4\u00e4ntyneen hyvinvointia ja\u00a0itsen\u00e4ist\u00e4 suoriutumista arjessa tuetaan ennakoimalla ajoissa mahdollinen toimintakyvyn heikkeneminen tai sit\u00e4 uhkaavat riskitekij\u00e4t. Varhaisen puuttumisen ja toimintakyky\u00e4 tukevan toiminnan avulla voidaan ehk\u00e4ist\u00e4 ongelmien syntyminen ja mahdollistetaan itsen\u00e4inen, turvallinen ja el\u00e4m\u00e4nlaatua tukeva ik\u00e4\u00e4ntyminen.<\/p>\n<p>&nbsp;<\/p>\n<p>Tutustu Tervola-lehden artikkeliin HEKO-k\u00e4ynneist\u00e4. <a href=\"https:\/\/www.visualdesign.fi\/wp-content\/uploads\/2024\/10\/TERVOLA_A_20241002_01.pdf\">TERVOLA_A_20241002_01.pdf<\/a><\/p>\n<p>&nbsp;<\/p>\n<p>[\/et_pb_text][\/et_pb_column][\/et_pb_row][\/et_pb_section]<\/p>\n","protected":false},"excerpt":{"rendered":"<p>3. Tervola, HEKO-pilottiEnnakoi-hankkeen kolmantena pilottina k\u00e4ynnistyi syyskuussa Hyvinvointia edist\u00e4v\u00e4t kotik\u00e4ynnit (HEKO) Tervolassa. HEKO-k\u00e4ynti\u00e4 tarjottiin kaikille t\u00e4n\u00e4 vuonna 75 vuotta t\u00e4ytt\u00e4ville tervolalaisille (n=33), jotka eiv\u00e4t kuulu s\u00e4\u00e4nn\u00f6llisten sote-palveluiden piiriin. 10 otti [&hellip;]<\/p>\n","protected":false},"author":4340,"featured_media":0,"parent":0,"menu_order":0,"comment_status":"closed","ping_status":"closed","template":"","meta":{"_et_pb_use_builder":"on","_et_pb_old_content":"","_et_gb_content_width":"","footnotes":""},"class_list":["post-403","page","type-page","status-publish","hentry"],"_links":{"self":[{"href":"https:\/\/blogi.eoppimispalvelut.fi\/ennakoi\/wp-json\/wp\/v2\/pages\/403","targetHints":{"allow":["GET"]}}],"collection":[{"href":"https:\/\/blogi.eoppimispalvelut.fi\/ennakoi\/wp-json\/wp\/v2\/pages"}],"about":[{"href":"https:\/\/blogi.eoppimispalvelut.fi\/ennakoi\/wp-json\/wp\/v2\/types\/page"}],"author":[{"embeddable":true,"href":"https:\/\/blogi.eoppimispalvelut.fi\/ennakoi\/wp-json\/wp\/v2\/users\/4340"}],"replies":[{"embeddable":true,"href":"https:\/\/blogi.eoppimispalvelut.fi\/ennakoi\/wp-json\/wp\/v2\/comments?post=403"}],"version-history":[{"count":5,"href":"https:\/\/blogi.eoppimispalvelut.fi\/ennakoi\/wp-json\/wp\/v2\/pages\/403\/revisions"}],"predecessor-version":[{"id":493,"href":"https:\/\/blogi.eoppimispalvelut.fi\/ennakoi\/wp-json\/wp\/v2\/pages\/403\/revisions\/493"}],"wp:attachment":[{"href":"https:\/\/blogi.eoppimispalvelut.fi\/ennakoi\/wp-json\/wp\/v2\/media?parent=403"}],"curies":[{"name":"wp","href":"https:\/\/api.w.org\/{rel}","templated":true}]}}