{"id":456,"date":"2024-10-28T12:30:20","date_gmt":"2024-10-28T10:30:20","guid":{"rendered":"https:\/\/blogi.eoppimispalvelut.fi\/ennakoi\/?page_id=456"},"modified":"2024-10-28T12:30:21","modified_gmt":"2024-10-28T10:30:21","slug":"tietosuojaseloste","status":"publish","type":"page","link":"https:\/\/blogi.eoppimispalvelut.fi\/ennakoi\/tietosuojaseloste\/","title":{"rendered":"Tietosuojaseloste"},"content":{"rendered":"\n[et_pb_section fb_built=&#8221;1&#8243; theme_builder_area=&#8221;post_content&#8221; _builder_version=&#8221;4.27.2&#8243; _module_preset=&#8221;default&#8221;][et_pb_row _builder_version=&#8221;4.27.2&#8243; _module_preset=&#8221;default&#8221; theme_builder_area=&#8221;post_content&#8221;][et_pb_column _builder_version=&#8221;4.27.2&#8243; _module_preset=&#8221;default&#8221; type=&#8221;4_4&#8243; theme_builder_area=&#8221;post_content&#8221;][et_pb_heading title=&#8221;Tietosuojaseloste&#8221; _builder_version=&#8221;4.27.2&#8243; _module_preset=&#8221;default&#8221; theme_builder_area=&#8221;post_content&#8221; hover_enabled=&#8221;0&#8243; sticky_enabled=&#8221;0&#8243;][\/et_pb_heading][\/et_pb_column][\/et_pb_row][et_pb_row _builder_version=&#8221;4.27.2&#8243; _module_preset=&#8221;default&#8221; theme_builder_area=&#8221;post_content&#8221;][et_pb_column _builder_version=&#8221;4.27.2&#8243; _module_preset=&#8221;default&#8221; type=&#8221;4_4&#8243; theme_builder_area=&#8221;post_content&#8221;][et_pb_text _builder_version=&#8221;4.27.2&#8243; _module_preset=&#8221;default&#8221; theme_builder_area=&#8221;post_content&#8221; hover_enabled=&#8221;0&#8243; sticky_enabled=&#8221;0&#8243;]<p>Rekisterinpit\u00e4j\u00e4 Lapin ammattikorkeakoulu Oy<\/p>\n<p>Jokiv\u00e4yl\u00e4 11 C<\/p>\n<p>96300 Rovaniemi<\/p>\n<p>y-tunnus: 2528792-5<\/p>\n<p><strong>Tietosuojavastaavan yhteystiedot<\/strong><\/p>\n<p>Tietosuojavastaava Jari Rantala, puh. +358(0)40 547 2583, s\u00e4hk\u00f6posti: tietosuoja(at)lapinamk.fi<\/p>\n<p><strong>Sivuston ker\u00e4\u00e4m\u00e4t tiedot<\/strong><\/p>\n<p>Sivusto ei ker\u00e4\u00e4 mit\u00e4\u00e4n tietoja.<\/p>\n<p><strong>Sivuston ker\u00e4\u00e4m\u00e4t henkil\u00f6tiedot<\/strong><\/p>\n<p>Sivusto ei ker\u00e4\u00e4 mit\u00e4\u00e4n henkil\u00f6tietoja.<\/p>\n<p><strong>Ev\u00e4steet<\/strong><\/p>\n<p>Sivusto ei k\u00e4yt\u00e4 ev\u00e4steit\u00e4.<\/p>\n<p><strong>Rekister\u00f6idyn oikeudet<\/strong><\/p>\n<p>Mik\u00e4li k\u00e4ytt\u00e4j\u00e4 huomaa ep\u00e4kohtia tietojensa k\u00e4sittelyss\u00e4, toivomme, ett\u00e4 meihin otettaan yhteytt\u00e4 asian korjaamiseksi.<\/p>\n<p>Rekister\u00f6idyn oikeudet:<\/p>\n<ul>\n<li style=\"list-style-type: none\">\n<ul>\n<li>Oikeus saada informaatiota henkil\u00f6tietojen k\u00e4sittelyst\u00e4<\/li>\n<li>Oikeus saada p\u00e4\u00e4sy tietoihin<\/li>\n<li>Oikeus oikaista tietoja<\/li>\n<li>Oikeus poistaa tiedot (oikeus tulla unohdetuksi)<\/li>\n<li>Yksi perusteista saada tiedot poistetuksi on, ett\u00e4 rekister\u00f6ity peruuttaa suostumuksen, johon k\u00e4sittely on perustunut, eik\u00e4 k\u00e4sittelyyn ole muuta laillista perustetta<\/li>\n<li>Oikeus rajoittaa tietojen k\u00e4sittely\u00e4<\/li>\n<li>Henkil\u00f6tietojen oikaisua tai poistoa tai k\u00e4sittelyn rajoitusta koskeva ilmoitusvelvollisuus<\/li>\n<li>Oikeus siirt\u00e4\u00e4 tiedot j\u00e4rjestelm\u00e4st\u00e4 toiseen<\/li>\n<li>Rekister\u00f6ity voi sallia automaattisen p\u00e4\u00e4t\u00f6ksenteon (ml. profilointi) nimenomaisella suostumuksellaan<\/li>\n<li>Rekister\u00f6idyll\u00e4 on oikeus tehd\u00e4 valitus Tietosuojavaltuutetun toimistoon, mik\u00e4li h\u00e4n katsoo, ett\u00e4 h\u00e4nt\u00e4 koskevien henkil\u00f6tietojen k\u00e4sittelyss\u00e4 on rikottu voimassa olevaa tietosuojalains\u00e4\u00e4d\u00e4nt\u00f6\u00e4. <a href=\"https:\/\/tietosuoja.fi\/ilmoitus-tietosuojavaltuutetulle\">https:\/\/tietosuoja.fi\/ilmoitus-tietosuojavaltuutetulle<\/a>.<\/li>\n<\/ul>\n<\/li>\n<\/ul>\n<p>Tietojen tarkastus-, oikaisu- ja poistamispyynn\u00f6t rekisterinpit\u00e4j\u00e4lle voidaan tehd\u00e4 lomakkeilla jotka l\u00f6ytyv\u00e4t osoitteesta\u00a0<a href=\"https:\/\/www.lapinamk.fi\/fi\/Esittely\/Tietosuoja\">https:\/\/www.lapinamk.fi\/fi\/Esittely\/Tietosuoja<\/a>. Sivulta l\u00f6ytyv\u00e4t lis\u00e4ohjeet pyynn\u00f6n l\u00e4hett\u00e4miseen.<\/p>\n<p>Neuvoja ja ohjeistusta rekister\u00f6idyn oikeuksiin liittyviss\u00e4 asioissa antaa tietosuojavastaava. Tietosuojavastaavan yhteystiedot t\u00e4m\u00e4n dokumentin alussa.<\/p>\n<p><strong>Tietosuojaselosteen muutokset<\/strong><\/p>\n<p>T\u00e4t\u00e4 tietosuojaselostetta voidaan p\u00e4ivitt\u00e4\u00e4 tarvittaessa esimerkiksi lains\u00e4\u00e4d\u00e4nn\u00f6n tai yhteystietojen muuttuessa. Jos tietosuojaselostetta muutetaan, muutoksesta ilmoitetaan k\u00e4ytt\u00e4j\u00e4lle verkkosivulle n\u00e4kyviin tulevalla ilmoituksella.<\/p>\n<p>P\u00e4ivitetty viimeksi 28.10.2024<\/p>[\/et_pb_text][\/et_pb_column][\/et_pb_row][\/et_pb_section]\n","protected":false},"excerpt":{"rendered":"<p>Rekisterinpit\u00e4j\u00e4 Lapin ammattikorkeakoulu Oy Jokiv\u00e4yl\u00e4 11 C 96300 Rovaniemi y-tunnus: 2528792-5 Tietosuojavastaavan yhteystiedot Tietosuojavastaava Jari Rantala, puh. +358(0)40 547 2583, s\u00e4hk\u00f6posti: tietosuoja(at)lapinamk.fi Sivuston ker\u00e4\u00e4m\u00e4t tiedot Sivusto ei ker\u00e4\u00e4 mit\u00e4\u00e4n tietoja. [&hellip;]<\/p>\n","protected":false},"author":37990,"featured_media":0,"parent":0,"menu_order":0,"comment_status":"closed","ping_status":"closed","template":"","meta":{"_et_pb_use_builder":"on","_et_pb_old_content":"","_et_gb_content_width":"","footnotes":""},"class_list":["post-456","page","type-page","status-publish","hentry"],"_links":{"self":[{"href":"https:\/\/blogi.eoppimispalvelut.fi\/ennakoi\/wp-json\/wp\/v2\/pages\/456","targetHints":{"allow":["GET"]}}],"collection":[{"href":"https:\/\/blogi.eoppimispalvelut.fi\/ennakoi\/wp-json\/wp\/v2\/pages"}],"about":[{"href":"https:\/\/blogi.eoppimispalvelut.fi\/ennakoi\/wp-json\/wp\/v2\/types\/page"}],"author":[{"embeddable":true,"href":"https:\/\/blogi.eoppimispalvelut.fi\/ennakoi\/wp-json\/wp\/v2\/users\/37990"}],"replies":[{"embeddable":true,"href":"https:\/\/blogi.eoppimispalvelut.fi\/ennakoi\/wp-json\/wp\/v2\/comments?post=456"}],"version-history":[{"count":3,"href":"https:\/\/blogi.eoppimispalvelut.fi\/ennakoi\/wp-json\/wp\/v2\/pages\/456\/revisions"}],"predecessor-version":[{"id":460,"href":"https:\/\/blogi.eoppimispalvelut.fi\/ennakoi\/wp-json\/wp\/v2\/pages\/456\/revisions\/460"}],"wp:attachment":[{"href":"https:\/\/blogi.eoppimispalvelut.fi\/ennakoi\/wp-json\/wp\/v2\/media?parent=456"}],"curies":[{"name":"wp","href":"https:\/\/api.w.org\/{rel}","templated":true}]}}