{"id":581,"date":"2025-04-25T12:52:58","date_gmt":"2025-04-25T09:52:58","guid":{"rendered":"https:\/\/blogi.eoppimispalvelut.fi\/ennakoi\/?page_id=581"},"modified":"2025-07-30T11:31:53","modified_gmt":"2025-07-30T08:31:53","slug":"alueelliset-tyopajat","status":"publish","type":"page","link":"https:\/\/blogi.eoppimispalvelut.fi\/ennakoi\/alueelliset-tyopajat\/","title":{"rendered":"Alueelliset ty\u00f6pajat"},"content":{"rendered":"<p>[et_pb_section fb_built=&#8221;1&#8243; _builder_version=&#8221;4.20.4&#8243; _module_preset=&#8221;default&#8221; global_colors_info=&#8221;{}&#8221;][et_pb_row _builder_version=&#8221;4.20.4&#8243; _module_preset=&#8221;default&#8221; global_colors_info=&#8221;{}&#8221;][et_pb_column type=&#8221;4_4&#8243; _builder_version=&#8221;4.20.4&#8243; _module_preset=&#8221;default&#8221; global_colors_info=&#8221;{}&#8221;][et_pb_text _builder_version=&#8221;4.27.4&#8243; _module_preset=&#8221;default&#8221; global_colors_info=&#8221;{}&#8221;]<\/p>\n<h1>Alueelliset ty\u00f6pajat<\/h1>\n<p>[\/et_pb_text][et_pb_text _builder_version=&#8221;4.27.4&#8243; _module_preset=&#8221;default&#8221; global_colors_info=&#8221;{}&#8221;]<\/p>\n<p>Ennakoi-hankkeen alueelliset ty\u00f6pajat toteutettiin huhtikuun 2025 aikana Lapin hyvinvointialueen kaikilla nelj\u00e4ll\u00e4 palvelualueella. Tornion, Rovaniemen, Kemij\u00e4rven ja Inarin (et\u00e4n\u00e4) ty\u00f6pajoihin oli kutsuttu ik\u00e4ihmisten ennaltaehk\u00e4isevien palvelujen toimijoita, teknologiayritysten edustajia, alueen asukkaita sek\u00e4 muita hankkeesta ja ennakoivasta toiminnasta kiinnostuneita.<\/p>\n<p>[\/et_pb_text][et_pb_text _builder_version=&#8221;4.27.4&#8243; _module_preset=&#8221;default&#8221; global_colors_info=&#8221;{}&#8221;]<\/p>\n<p><strong>Ty\u00f6pajoissa esitetyt tervehdykset:<\/strong><\/p>\n<p><a href=\"https:\/\/video.eoppimispalvelut.fi\/media\/Lapin+AMKin+tervehdys%2C+Jaana+Huovinen%2C+osaamisp%C3%A4%C3%A4llikk%C3%B6\/0_bi0ja652\"><span>Lapin AMKin tervehdys, Jaana Huovinen, osaamisp\u00e4\u00e4llikk\u00f6<\/span><\/a><\/p>\n<p><a href=\"https:\/\/video.eoppimispalvelut.fi\/media\/Laphan+tervehdys%2C+Rita+Oinas%2C+vastuuyksikk%C3%B6johtaja%2C+Ik%C3%A4%C3%A4ntyneiden+palvelu\/0_8y1wlcgb\"><span>Laphan tervehdys, Rita Oinas, vastuuyksikk\u00f6johtaja, Ik\u00e4\u00e4ntyneiden palvelut<\/span><\/a><\/p>\n<p><a href=\"https:\/\/video.eoppimispalvelut.fi\/media\/Hyvinvointialueyhti%C3%B6+Hyvil+OyAn+tervehdys%2C+Anna+Haverinen%2C+erityisasiantuntija\/0_4q9dxypa\"><span>Hyvinvointialueyhti\u00f6 Hyvil Oy:n tervehdys, Anna Haverinen, erityisasiantuntija<\/span><\/a><\/p>\n<p>[\/et_pb_text][\/et_pb_column][\/et_pb_row][et_pb_row _builder_version=&#8221;4.27.4&#8243; _module_preset=&#8221;default&#8221; global_colors_info=&#8221;{}&#8221;][et_pb_column type=&#8221;4_4&#8243; _builder_version=&#8221;4.27.4&#8243; _module_preset=&#8221;default&#8221; global_colors_info=&#8221;{}&#8221;][et_pb_text admin_label=&#8221;Teksti&#8221; _builder_version=&#8221;4.27.4&#8243; _module_preset=&#8221;default&#8221; hover_enabled=&#8221;0&#8243; global_colors_info=&#8221;{}&#8221; sticky_enabled=&#8221;0&#8243;]<\/p>\n<p>Jokaisessa ty\u00f6pajassa osallistujat pohtivat yhdess\u00e4 sit\u00e4, millaisia asioita tulisi ennakoida ik\u00e4\u00e4ntyneen kotona asumisen tukemiseksi, millaisesta teknologiasta olisi ennakoinnissa apua ja ket\u00e4 toimijoita ennakoinnissa voisi hy\u00f6dynt\u00e4\u00e4. Alla tiivistelm\u00e4t ty\u00f6pajojen tuotoksista.<\/p>\n<p>[\/et_pb_text][et_pb_image src=&#8221;https:\/\/blogi.eoppimispalvelut.fi\/ennakoi\/files\/2025\/04\/alueelliset_tulos_1.png&#8221; title_text=&#8221;alueelliset_tulos_1&#8243; show_in_lightbox=&#8221;on&#8221; _builder_version=&#8221;4.27.4&#8243; _module_preset=&#8221;default&#8221; custom_margin=&#8221;||29px|||&#8221; global_colors_info=&#8221;{}&#8221;][\/et_pb_image][et_pb_image src=&#8221;https:\/\/blogi.eoppimispalvelut.fi\/ennakoi\/files\/2025\/04\/alueelliset_tulos_2.png&#8221; title_text=&#8221;alueelliset_tulos_2&#8243; show_in_lightbox=&#8221;on&#8221; _builder_version=&#8221;4.27.4&#8243; _module_preset=&#8221;default&#8221; global_colors_info=&#8221;{}&#8221;][\/et_pb_image][et_pb_image src=&#8221;https:\/\/blogi.eoppimispalvelut.fi\/ennakoi\/files\/2025\/04\/alueelliset_tulos_3.png&#8221; title_text=&#8221;alueelliset_tulos_3&#8243; show_in_lightbox=&#8221;on&#8221; _builder_version=&#8221;4.27.4&#8243; _module_preset=&#8221;default&#8221; global_colors_info=&#8221;{}&#8221;][\/et_pb_image][\/et_pb_column][\/et_pb_row][et_pb_row _builder_version=&#8221;4.27.4&#8243; _module_preset=&#8221;default&#8221; global_colors_info=&#8221;{}&#8221;][et_pb_column type=&#8221;4_4&#8243; _builder_version=&#8221;4.27.4&#8243; _module_preset=&#8221;default&#8221; global_colors_info=&#8221;{}&#8221;][et_pb_text _builder_version=&#8221;4.27.4&#8243; _module_preset=&#8221;default&#8221; global_colors_info=&#8221;{}&#8221;]<\/p>\n<p><strong>Ty\u00f6pajoissa jaettua materiaalia:<\/strong><\/p>\n<p>Ik\u00e4instituutin Tasapaino taitavaksi-kotivoimisteluohjelma <a href=\"https:\/\/www.ikainstituutti.fi\/content\/uploads\/2019\/12\/saavutettava_TASAPAINO_TAITAVAKSI_SUOMI_2.pdf\">Tasapaino taitavaksi<\/a><\/p>\n<p>Ik\u00e4instituutin harjoitusohjelma tasapainon ja voiman lis\u00e4\u00e4miseksi\u00a0 <a href=\"https:\/\/www.voimaavanhuuteen.fi\/content\/uploads\/2016\/06\/K%C3%84VELY-KEVYM-A4-16-netti.pdf\">K\u00c4VELY-KEVYM-A4-16-netti.pdf<\/a><\/p>\n<p>Ravintoviraston ohje lautasmallista <a href=\"https:\/\/www.ruokavirasto.fi\/globalassets\/teemat\/terveytta-edistava-ruokavalio\/esitteet\/ravinto_ja_liikunta_tasapainoon.pdf\">LautasesiteA5_final.indd<\/a><\/p>\n<p><a href=\"https:\/\/blogi.eoppimispalvelut.fi\/ennakoi\/files\/2025\/04\/Kuinka-suojata-omia-teknologisia-laitteita.pdf\">Kuinka suojata omia teknologisia laitteita (pdf)<\/a><\/p>\n<p><a href=\"https:\/\/blogi.eoppimispalvelut.fi\/ennakoi\/files\/2025\/04\/Digi-tutuksi-linkkilista.pdf\">Digi tutuksi, linkkilista (pdf)<\/a><\/p>\n<p><a href=\"https:\/\/blogi.eoppimispalvelut.fi\/ennakoi\/files\/2025\/04\/Digi-tutuksi-paivan-materiaalia-tietovisa.pdf\">Digi tutuksi p\u00e4iv\u00e4n materiaalia, tietovisa (pdf)<\/a><\/p>\n<p><a href=\"https:\/\/blogi.eoppimispalvelut.fi\/ennakoi\/files\/2025\/05\/Haasta.pdf\"><span data-olk-copy-source=\"MessageBody\">Haastavampaa tasapainoharjoittelua (pdf)<\/span><\/a><\/p>\n<p>[\/et_pb_text][\/et_pb_column][\/et_pb_row][et_pb_row _builder_version=&#8221;4.27.4&#8243; _module_preset=&#8221;default&#8221; global_colors_info=&#8221;{}&#8221;][et_pb_column type=&#8221;4_4&#8243; _builder_version=&#8221;4.27.4&#8243; _module_preset=&#8221;default&#8221; global_colors_info=&#8221;{}&#8221;][et_pb_text _builder_version=&#8221;4.27.4&#8243; _module_preset=&#8221;default&#8221; global_colors_info=&#8221;{}&#8221;]<\/p>\n<p><strong>Ty\u00f6pajassa kuultuja teknologiayritysten esittelyj\u00e4:<\/strong><\/p>\n<p><a href=\"https:\/\/video.eoppimispalvelut.fi\/media\/Ainone+balance%2C+Matti+Vartiainen\/0_quoq2unz\">Ainone balance, Matti Vartiainen<\/a><\/p>\n<p><a href=\"https:\/\/video.eoppimispalvelut.fi\/media\/Myontec+MSleeve%2C+Riitta+Simonen\/0_gxeirmjz\">Myontec MSleeve, Riitta Simonen<\/a><\/p>\n<p><a href=\"https:\/\/video.eoppimispalvelut.fi\/media\/YetiCare%2C+Mirva+V%C3%A4%C3%A4n%C3%A4nen\/0_prmkwc14\">YetiCare, Mirva V\u00e4\u00e4n\u00e4nen<\/a><\/p>\n<p><a href=\"https:\/\/video.eoppimispalvelut.fi\/media\/Benete%2C+Kari+B%C3%A4ckman\/0_x8odempu\">Benete, Kari B\u00e4ckman<\/a><\/p>\n<p><a href=\"https:\/\/vimeo.com\/1066573812\/2758456d88?ts=0&amp;share=copy\">DigiRehab, Jussi Hautala<\/a><\/p>\n<p><a href=\"https:\/\/video.eoppimispalvelut.fi\/media\/Lapin+koti-+ja+m%C3%B6kkiyhdistys%2C+Jari+Kokko\/0_ye66p16w\">Lapin koti- ja m\u00f6kkiyhdistys, Jari Kokko<\/a><\/p>\n<p>[\/et_pb_text][\/et_pb_column][\/et_pb_row][\/et_pb_section]<\/p>\n","protected":false},"excerpt":{"rendered":"<p>Alueelliset ty\u00f6pajatEnnakoi-hankkeen alueelliset ty\u00f6pajat toteutettiin huhtikuun 2025 aikana Lapin hyvinvointialueen kaikilla nelj\u00e4ll\u00e4 palvelualueella. Tornion, Rovaniemen, Kemij\u00e4rven ja Inarin (et\u00e4n\u00e4) ty\u00f6pajoihin oli kutsuttu ik\u00e4ihmisten ennaltaehk\u00e4isevien palvelujen toimijoita, teknologiayritysten edustajia, alueen asukkaita [&hellip;]<\/p>\n","protected":false},"author":4340,"featured_media":0,"parent":0,"menu_order":0,"comment_status":"closed","ping_status":"closed","template":"","meta":{"_et_pb_use_builder":"on","_et_pb_old_content":"","_et_gb_content_width":"","footnotes":""},"class_list":["post-581","page","type-page","status-publish","hentry"],"_links":{"self":[{"href":"https:\/\/blogi.eoppimispalvelut.fi\/ennakoi\/wp-json\/wp\/v2\/pages\/581","targetHints":{"allow":["GET"]}}],"collection":[{"href":"https:\/\/blogi.eoppimispalvelut.fi\/ennakoi\/wp-json\/wp\/v2\/pages"}],"about":[{"href":"https:\/\/blogi.eoppimispalvelut.fi\/ennakoi\/wp-json\/wp\/v2\/types\/page"}],"author":[{"embeddable":true,"href":"https:\/\/blogi.eoppimispalvelut.fi\/ennakoi\/wp-json\/wp\/v2\/users\/4340"}],"replies":[{"embeddable":true,"href":"https:\/\/blogi.eoppimispalvelut.fi\/ennakoi\/wp-json\/wp\/v2\/comments?post=581"}],"version-history":[{"count":15,"href":"https:\/\/blogi.eoppimispalvelut.fi\/ennakoi\/wp-json\/wp\/v2\/pages\/581\/revisions"}],"predecessor-version":[{"id":653,"href":"https:\/\/blogi.eoppimispalvelut.fi\/ennakoi\/wp-json\/wp\/v2\/pages\/581\/revisions\/653"}],"wp:attachment":[{"href":"https:\/\/blogi.eoppimispalvelut.fi\/ennakoi\/wp-json\/wp\/v2\/media?parent=581"}],"curies":[{"name":"wp","href":"https:\/\/api.w.org\/{rel}","templated":true}]}}