{"id":89,"date":"2024-01-12T11:10:36","date_gmt":"2024-01-12T09:10:36","guid":{"rendered":"https:\/\/blogi.eoppimispalvelut.fi\/ennakoi\/?page_id=89"},"modified":"2025-03-26T10:13:15","modified_gmt":"2025-03-26T08:13:15","slug":"kehittamistyoryhman-tyoskentely","status":"publish","type":"page","link":"https:\/\/blogi.eoppimispalvelut.fi\/ennakoi\/kehittamistyoryhman-tyoskentely\/","title":{"rendered":"Kehitt\u00e4misty\u00f6ryhm\u00e4n ty\u00f6skentely"},"content":{"rendered":"<p>[et_pb_section fb_built=&#8221;1&#8243; _builder_version=&#8221;4.20.4&#8243; _module_preset=&#8221;default&#8221; hover_enabled=&#8221;0&#8243; global_colors_info=&#8221;{}&#8221; sticky_enabled=&#8221;0&#8243;][et_pb_row _builder_version=&#8221;4.27.4&#8243; _module_preset=&#8221;default&#8221; custom_padding=&#8221;54px|||||&#8221; hover_enabled=&#8221;0&#8243; global_colors_info=&#8221;{}&#8221; column_structure=&#8221;1_2,1_2&#8243; sticky_enabled=&#8221;0&#8243;][et_pb_column type=&#8221;1_2&#8243; _builder_version=&#8221;4.20.4&#8243; _module_preset=&#8221;default&#8221; global_colors_info=&#8221;{}&#8221;][et_pb_text _builder_version=&#8221;4.27.4&#8243; _module_preset=&#8221;default&#8221; hover_enabled=&#8221;0&#8243; global_colors_info=&#8221;{}&#8221; sticky_enabled=&#8221;0&#8243;]<\/p>\n<h1><strong>Ennakoivan toiminnan mallien kehitt\u00e4minen k\u00e4ynnistyy<\/strong><\/h1>\n<p>[\/et_pb_text][et_pb_text _builder_version=&#8221;4.20.4&#8243; _module_preset=&#8221;default&#8221; link_text_align=&#8221;left&#8221; header_text_align=&#8221;left&#8221; text_orientation=&#8221;center&#8221; global_colors_info=&#8221;{}&#8221;]<\/p>\n<p style=\"text-align: left\">Ennakoi- hankkeessa on tarkoituksena yhteiskehitt\u00e4\u00e4 ja pilotoida digitaalisia ja teknologisia ratkaisuja hy\u00f6dynt\u00e4v\u00e4 ennakoivan toiminnan malli\/ mallit ik\u00e4\u00e4ntyneen v\u00e4est\u00f6n kotona asumisen tukemiseksi. Kehitetty\u00e4 mallia\/ malleja on tarkoitus pilotoida yhteisty\u00f6kunnissa hankkeen edetess\u00e4.<br \/>Mallin yhteiskehitt\u00e4mist\u00e4 toteuttavaan ryhm\u00e4\u00e4n koottiin edustajia eri sektoreilta (pilottikunnat, vanhusneuvostot, j\u00e4rjest\u00f6t, seurakunta, hyvinvointialue, liikuntatoimi jne.) ja ty\u00f6ryhm\u00e4 aloitti ty\u00f6pajaty\u00f6skentelyn 16.1.2024. Yhteens\u00e4 kehitt\u00e4j\u00e4ryhm\u00e4n ty\u00f6pajoja toteutui 2024 tammi-helmikuun aikana viisi.<\/p>\n<p style=\"text-align: left\"><span data-contrast=\"auto\">Kehitt\u00e4misty\u00f6ryhm\u00e4\u00e4n osallituneilta kysyttiin heid\u00e4n kokemuksia yhteiskehitt\u00e4misen hy\u00f6dyist\u00e4. Vastauksia saatiin nelj\u00e4lt\u00e4 osallistujalta. Kaikki kyselyyn vasatanneet kokivat ty\u00f6pajat hy\u00f6dyllisiksi. Ty\u00f6pajat tarjosivat tilaisuuden verkostoitua muiden toimijoiden kanssa ja ty\u00f6pajat mahdollistivat ajatusten ja ideoiden vaihdon. Kehitt\u00e4misty\u00f6ryhm\u00e4n j\u00e4senet saivat ty\u00f6pajoista innostusta ty\u00f6h\u00f6ns\u00e4 ja tietoa my\u00f6s omaan hyvinvointiinsa. Ty\u00f6pajoissa saatiin tietoa Ennakoi-hankkeesta, ammattilaisten ty\u00f6tavoista ja apuv\u00e4lineist\u00e4 sek\u00e4 apuv\u00e4lineinnovaatioista ja erilaisista teknologioista kotona asumisen mahdollistajana. Lis\u00e4ksi osallistujat saivat tietoa ja ty\u00f6kaluja omaan arjen ty\u00f6h\u00f6n sek\u00e4 tietokoneen k\u00e4ytt\u00f6\u00f6n.<\/span><span data-ccp-props=\"{&quot;201341983&quot;:0,&quot;335551550&quot;:6,&quot;335551620&quot;:6,&quot;335559740&quot;:360}\">\u00a0<\/span><\/p>\n<p style=\"text-align: left\"><span data-contrast=\"auto\">Yli puolet vastanneista koki ty\u00f6pajoissa saamansa tiedon olevan omaa osaamista kehitt\u00e4v\u00e4\u00e4. Ty\u00f6pajoihin osallistuminen avasi uusia mahdollisuuksia kehitt\u00e4\u00e4 omaa ty\u00f6t\u00e4\u00e4n ja lis\u00e4si motivaatiota ja innostusta ty\u00f6el\u00e4m\u00e4\u00e4n. My\u00f6s teko\u00e4lyn k\u00e4ytt\u00f6\u00f6n saatiin osaamista.<\/span><span data-ccp-props=\"{&quot;201341983&quot;:0,&quot;335551550&quot;:6,&quot;335551620&quot;:6,&quot;335559740&quot;:360}\">\u00a0<\/span><span data-contrast=\"auto\">Kaikki kyselyyn vastanneet olivat sit\u00e4 mielt\u00e4, ett\u00e4 ty\u00f6pajat lis\u00e4siv\u00e4t verkostoitumista alueen eri toimijoiden kanssa. Alueen toimijat tulivat toisilleen tutuiksi ja ty\u00f6pajaty\u00f6skentely tarjosi monipuolisen oppimisymp\u00e4rist\u00f6n. <\/span><span data-ccp-props=\"{&quot;201341983&quot;:0,&quot;335551550&quot;:6,&quot;335551620&quot;:6,&quot;335559740&quot;:360}\">\u00a0V<\/span><span data-contrast=\"auto\">astaajat kokivat tulleensa kuulluksi ty\u00f6pajoissa ja heid\u00e4n ideansa ja ajatuksena huomioitiin, mik\u00e4 edisti innovatiivista ajattelua. Mielipiteit\u00e4 arvostettiin ja suunnitteilla olevaan pilottiin saatiin niit\u00e4 kehitett\u00e4vi\u00e4 asioita, mit\u00e4 haluttiin. <\/span><span data-ccp-props=\"{&quot;201341983&quot;:0,&quot;335551550&quot;:6,&quot;335551620&quot;:6,&quot;335559740&quot;:360}\">\u00a0<\/span><\/p>\n<p style=\"text-align: left\"><span data-contrast=\"auto\">Kaikki vastaajat kokivat saaneensa eri ennakoivan toiminnan malleista uusia ajatuksia oman ty\u00f6ns\u00e4 kehitt\u00e4miseen. Toimintamalleista koettiin saadun uusia ty\u00f6menetelmi\u00e4 my\u00f6s oman ty\u00f6hyvinvoinnin edist\u00e4miseen. Yhteisty\u00f6n toimintamalleja on my\u00f6s jo otettu k\u00e4yt\u00e4nt\u00f6\u00f6n.<\/span><span data-ccp-props=\"{&quot;201341983&quot;:0,&quot;335551550&quot;:6,&quot;335551620&quot;:6,&quot;335559740&quot;:360}\"> <\/span><\/p>\n<p style=\"text-align: left\"><span data-contrast=\"auto\" style=\"font-size: 14px;text-align: center\">Ty\u00f6pajat koettiin hyvin toteutetuiksi ja ik\u00e4\u00e4ntyvien ihmisten kannalta esill\u00e4 oli t\u00e4rke\u00e4\u00e4 asiaa toimintakyvyn edist\u00e4misest\u00e4. Ty\u00f6pajat koettiin my\u00f6s hyv\u00e4ksi ja rennoksi tavaksi perehdytt\u00e4\u00e4 t\u00e4ysin uuteen asiaan. <\/span><span data-contrast=\"auto\" style=\"font-size: 14px;text-align: center\">My\u00f6s vet\u00e4j\u00e4t saivat kiitosta ty\u00f6pajojen toteuttamisesta.<\/span><span data-ccp-props=\"{&quot;201341983&quot;:0,&quot;335551550&quot;:6,&quot;335551620&quot;:6,&quot;335559740&quot;:360}\" style=\"font-size: 14px;text-align: center\">\u00a0<\/span><\/p>\n<p style=\"text-align: left\">\n<p style=\"text-align: left\">\n<p style=\"text-align: left\">\n<p>[\/et_pb_text][et_pb_post_title _builder_version=&#8221;4.20.4&#8243; _module_preset=&#8221;default&#8221; global_colors_info=&#8221;{}&#8221;][\/et_pb_post_title][et_pb_text _builder_version=&#8221;4.20.4&#8243; _module_preset=&#8221;default&#8221; link_text_align=&#8221;left&#8221; header_text_align=&#8221;left&#8221; text_orientation=&#8221;center&#8221; global_colors_info=&#8221;{}&#8221;]<\/p>\n<p><strong>1. Ty\u00f6paja<\/strong> toteutui 16.1. Kemiss\u00e4, Lapin ammattikorkeakoulun tiloissa. Ty\u00f6pajassa tarkastellaan alueen kunnissa jo k\u00e4yt\u00f6ss\u00e4 olevia ennakoivan\/ ennaltaehk\u00e4isev\u00e4n toiminnan malleja ja muodostetaan yhteinen ymm\u00e4rrys ennakoivasta toiminnasta ja pilotoitavista toimintamalleista.<\/p>\n<p style=\"text-align: left\">[\/et_pb_text][et_pb_button button_url=&#8221;https:\/\/blogi.eoppimispalvelut.fi\/ennakoi\/1-tyopaja\/&#8221; button_text=&#8221;1. ty\u00f6paja&#8221; _builder_version=&#8221;4.20.4&#8243; _module_preset=&#8221;default&#8221; global_colors_info=&#8221;{}&#8221;][\/et_pb_button][et_pb_text _builder_version=&#8221;4.20.4&#8243; _module_preset=&#8221;default&#8221; link_text_align=&#8221;left&#8221; header_text_align=&#8221;left&#8221; text_orientation=&#8221;center&#8221; global_colors_info=&#8221;{}&#8221;]<\/p>\n<p style=\"text-align: left\"><strong>2. ty\u00f6paja<\/strong> toteutui 23.1. Torniossa, seurakunnan tiloissa. Tuolloin tarkastellaan eri toimijoiden rooleja ja vastuita ennakoivan toiminnan toteuttamisessa, sek\u00e4 ennakoivan tiedon ker\u00e4\u00e4misess\u00e4 ja hy\u00f6dynt\u00e4misess\u00e4. Tarkastelun alla on my\u00f6s tiedonsiirtoon liittyv\u00e4t lupa- ja suostumusasiat.<\/p>\n<p>[\/et_pb_text][et_pb_button button_url=&#8221;https:\/\/blogi.eoppimispalvelut.fi\/ennakoi\/2-tyopaja\/&#8221; button_text=&#8221;2. ty\u00f6paja&#8221; _builder_version=&#8221;4.20.4&#8243; _module_preset=&#8221;default&#8221; global_colors_info=&#8221;{}&#8221;][\/et_pb_button][et_pb_text _builder_version=&#8221;4.20.4&#8243; _module_preset=&#8221;default&#8221; link_text_align=&#8221;left&#8221; header_text_align=&#8221;left&#8221; text_orientation=&#8221;center&#8221; global_colors_info=&#8221;{}&#8221;]<\/p>\n<p style=\"text-align: left\"><strong>3. ty\u00f6paja<\/strong> toteutuu 6.2. Tervolassa, jossa kehitt\u00e4j\u00e4ryhm\u00e4 kokoontuu kunnan tiloissa. T\u00e4ss\u00e4 ty\u00f6pajassa on tarkoitus valmistella hankekunnissa pilotoitavia ennakoivan toiminnan malleja.<\/p>\n<p>[\/et_pb_text][et_pb_button button_url=&#8221;https:\/\/blogi.eoppimispalvelut.fi\/ennakoi\/3-tyopaja\/&#8221; button_text=&#8221;3. ty\u00f6paja&#8221; _builder_version=&#8221;4.20.4&#8243; _module_preset=&#8221;default&#8221; global_colors_info=&#8221;{}&#8221;][\/et_pb_button][et_pb_text _builder_version=&#8221;4.20.4&#8243; _module_preset=&#8221;default&#8221; link_text_align=&#8221;left&#8221; header_text_align=&#8221;left&#8221; text_orientation=&#8221;center&#8221; global_colors_info=&#8221;{}&#8221;]<\/p>\n<p style=\"text-align: left\"><strong>4. ty\u00f6paja<\/strong> toteutui 13.2. Kemiss\u00e4, Lapin AMKin tiloissa. Ty\u00f6pajassa kartoitetaan ennakoivan toiminnan mallin kannalta hy\u00f6dyllisi\u00e4 digitaalisia ja teknologisia ratkaisuja.<\/p>\n<p>[\/et_pb_text][et_pb_button button_url=&#8221;https:\/\/blogi.eoppimispalvelut.fi\/ennakoi\/4-tyopaja\/&#8221; button_text=&#8221;4. ty\u00f6paja&#8221; _builder_version=&#8221;4.20.4&#8243; _module_preset=&#8221;default&#8221; global_colors_info=&#8221;{}&#8221;][\/et_pb_button][et_pb_text _builder_version=&#8221;4.20.4&#8243; _module_preset=&#8221;default&#8221; link_text_align=&#8221;left&#8221; header_text_align=&#8221;left&#8221; text_orientation=&#8221;center&#8221; global_colors_info=&#8221;{}&#8221;]<\/p>\n<p style=\"text-align: left\"><strong>5. ty\u00f6paja<\/strong> toteutui 20.2. Kemiss\u00e4, Lapin AMkin tiloissa. Ty\u00f6pajassa valitaan hankekuntien toimijoiden kanssa ennakoivien toimintamallien pilotointiin tarvittavat digitaaliset ja teknologiset ratkaisut.<\/p>\n<p>[\/et_pb_text][et_pb_button button_url=&#8221;https:\/\/blogi.eoppimispalvelut.fi\/ennakoi\/5-tyopaja\/&#8221; button_text=&#8221;5. ty\u00f6paja&#8221; _builder_version=&#8221;4.20.4&#8243; _module_preset=&#8221;default&#8221; global_colors_info=&#8221;{}&#8221;][\/et_pb_button][\/et_pb_column][et_pb_column type=&#8221;1_2&#8243; _builder_version=&#8221;4.20.4&#8243; _module_preset=&#8221;default&#8221; global_colors_info=&#8221;{}&#8221;][et_pb_text _builder_version=&#8221;4.27.4&#8243; _module_preset=&#8221;default&#8221; hover_enabled=&#8221;0&#8243; sticky_enabled=&#8221;0&#8243;]<\/p>\n<h1 style=\"text-align: left\"><strong>Kehitt\u00e4misty\u00f6ryhm\u00e4n palautety\u00f6paja 28.12025<\/strong><\/h1>\n<p>[\/et_pb_text][et_pb_text _builder_version=&#8221;4.27.4&#8243; _module_preset=&#8221;default&#8221; hover_enabled=&#8221;0&#8243; sticky_enabled=&#8221;0&#8243;]<\/p>\n<p><span>Ennakoi-hankkeen kehitt\u00e4misty\u00f6ryhm\u00e4 kokoontui vuoden 2024 alussa viiteen yhteiskehitt\u00e4misen ty\u00f6pajaan. Ty\u00f6pajojen tavoitteena oli luoda yhteinen ymm\u00e4rrys Lapin hyvinvointialueen ennakoivasta toiminnasta ik\u00e4ihmisten kotona asumisen tukemiseksi sek\u00e4 suunnitella hankkeessa pilotoitavia ennakoinnin toimintamalleja. Lis\u00e4ksi ty\u00f6pajoissa pyrittiin selvitt\u00e4m\u00e4\u00e4n ja selkeytt\u00e4m\u00e4\u00e4n eri toimijoiden rooleja ja vastuita ennakoivan tiedon ker\u00e4\u00e4misess\u00e4, hy\u00f6dynt\u00e4misess\u00e4 sek\u00e4 ennakoivien toimien toteuttamisessa.\u00a0<\/span><span>\u00a0<\/span><\/p>\n<p><span>Ennakoivan toimintamallin pilotit ovat toteutuneet vuoden 2024 aikana. Pilottien aikana on saatu hyvi\u00e4 kokemuksia niin toimintakyvyn arvioinnista kuin fyysisen aktiivisuuden lis\u00e4\u00e4misest\u00e4 hy\u00f6dynt\u00e4en teknologisia ratkaisuja. Kehitt\u00e4misty\u00f6ryhm\u00e4n oli aika tarkastella toteutunutta ja valmistella kehitt\u00e4misty\u00f6n tulosten esitt\u00e4mist\u00e4 huhtikuussa 2025 toteutuvissa alueellisissa ty\u00f6pajoissa. \u00a0<\/span><\/p>\n<p><span>Aluksi ty\u00f6pajassa pohdittiin, mik\u00e4 ennakoinnissa on t\u00e4rke\u00e4\u00e4<\/span><span data-contrast=\"auto\"> ja miksi.\u00a0Keskeisimmiksi asioiksi kehitt\u00e4j\u00e4ryhm\u00e4n j\u00e4senet nostivat<\/span><span data-contrast=\"auto\"> matalan kynnyksen neuvonnan<\/span><span data-contrast=\"auto\">, josta saa helposti ohjausta, ohjaus tapahtuu oikeaan aikaan ja asiakkaan tarpeen mukaisesti. Lis\u00e4ksi t\u00e4rke\u00e4ksi koettiin <\/span><span data-contrast=\"auto\">toimijoiden tavoitettavuus ja osaaminen<\/span><span data-contrast=\"auto\">. My\u00f6s<\/span><span data-contrast=\"auto\"> verkostoty\u00f6 sek\u00e4 ik\u00e4\u00e4ntyvien oma aktiivisuus ja motivaatio<\/span><span data-contrast=\"auto\"> koettiin merkityksellisiksi asioiksi.<\/span><span data-ccp-props=\"{&quot;335559685&quot;:720}\">\u00a0<\/span><\/p>\n<p><span><em>\u201dMatalakynnyksen neuvonta-saa helposti ohjauksen ja neuvonnan\u201d <\/em><\/span><\/p>\n<p><span><em>\u201dPuheeksi ottaminen, Kuulluksi tuleminen\u201d <\/em><\/span><\/p>\n<p><span><em>\u201dToimintakyky\u00e4 tukeva toiminta- kuntouttava ty\u00f6ote\u201d<\/em><\/span><\/p>\n<p><span><em>\u201dViestint\u00e4 ennakoivasta toiminnasta\u201d <\/em><\/span><\/p>\n<p><span><em>\u201dToimijoiden tunnettavuus\u201d <\/em><\/span><\/p>\n<p><span><em>\u201dOma aktiivisuus\u201d <\/em><\/span><\/p>\n<p><span><em>\u201dArvostus ja ennakkoluulottomuus\u201d <\/em><\/span><\/p>\n<p><span><em>\u201dAmmattitaitoinen toimija\u201d <\/em><\/span><\/p>\n<p><span><em>\u201dRiitt\u00e4v\u00e4t resurssit\u201d <\/em><\/span><\/p>\n<p><span><em>\u201dPositiivisuus ja kannustus\u201d <\/em><\/span><\/p>\n<p><span><em>\u201dYhteisty\u00f6 ja verkostot\u201d <\/em><\/span><\/p>\n<p><span><em>\u201dAsiakkaalla turvallinen ymp\u00e4rist\u00f6\u201d <\/em><\/span><\/p>\n<p><span><em>\u201dRiitt\u00e4v\u00e4n ajoissa huomioiminen (ty\u00f6terveys, el\u00e4k\u00f6ityminen)\u201d<\/em><\/span><\/p>\n<p>Kehitt\u00e4misty\u00f6ryhm\u00e4 nosti hankkeessa pilotoiduista ennakoinnin mallista merkityksellisimm\u00e4ksi Etsiv\u00e4n seniority\u00f6n- mallin sek\u00e4 varhaisen puuttumisen eli Kunto65-mallin. Ty\u00f6ryhm\u00e4 oli sit\u00e4 mielt\u00e4, ett\u00e4 ennaltaehk\u00e4isev\u00e4 toiminta tulee aloittaa riitt\u00e4v\u00e4n ajoissa, jolloin siit\u00e4 on mahdollisimman paljon hy\u00f6ty\u00e4 ik\u00e4\u00e4ntyville. Lis\u00e4ksi etsiv\u00e4 seniority\u00f6 ehk\u00e4isee syrj\u00e4ytymist\u00e4 ja vahvistaa ik\u00e4\u00e4ntyvien osallisuutta.<\/p>\n<p>Ty\u00f6pajassa pohdittiin viel\u00e4, ketk\u00e4 toimijat voisivat olla toteuttamassa ennakoinnin mallia ja miksi. Mahdollisia toimijoita ty\u00f6ryhm\u00e4n mielest\u00e4 voisi olla laajasti alueen eri toimijat kuten kyl\u00e4yhdistykset, j\u00e4rjest\u00f6t, yhdistykset, kunnat, kaupungit, hyvinvointialue, vapaaehtoiset jne.<\/p>\n<p><span data-contrast=\"auto\">\u00a0<\/span><\/p>\n<p><strong><em>Ennakoi-hanke kiitt\u00e4\u00e4 kehitt\u00e4misty\u00f6ryhm\u00e4\u00e4 aktiivisesta osallistumisesta kehitt\u00e4misty\u00f6h\u00f6n ja sen arviointiin.<\/em><\/strong><\/p>\n<p>[\/et_pb_text][\/et_pb_column][\/et_pb_row][\/et_pb_section]<\/p>\n","protected":false},"excerpt":{"rendered":"<p>Ennakoivan toiminnan mallien kehitt\u00e4minen k\u00e4ynnistyyEnnakoi- hankkeessa on tarkoituksena yhteiskehitt\u00e4\u00e4 ja pilotoida digitaalisia ja teknologisia ratkaisuja hy\u00f6dynt\u00e4v\u00e4 ennakoivan toiminnan malli\/ mallit ik\u00e4\u00e4ntyneen v\u00e4est\u00f6n kotona asumisen tukemiseksi. Kehitetty\u00e4 mallia\/ malleja on tarkoitus [&hellip;]<\/p>\n","protected":false},"author":4340,"featured_media":0,"parent":0,"menu_order":0,"comment_status":"closed","ping_status":"closed","template":"","meta":{"_et_pb_use_builder":"on","_et_pb_old_content":"","_et_gb_content_width":"","footnotes":""},"class_list":["post-89","page","type-page","status-publish","hentry"],"_links":{"self":[{"href":"https:\/\/blogi.eoppimispalvelut.fi\/ennakoi\/wp-json\/wp\/v2\/pages\/89","targetHints":{"allow":["GET"]}}],"collection":[{"href":"https:\/\/blogi.eoppimispalvelut.fi\/ennakoi\/wp-json\/wp\/v2\/pages"}],"about":[{"href":"https:\/\/blogi.eoppimispalvelut.fi\/ennakoi\/wp-json\/wp\/v2\/types\/page"}],"author":[{"embeddable":true,"href":"https:\/\/blogi.eoppimispalvelut.fi\/ennakoi\/wp-json\/wp\/v2\/users\/4340"}],"replies":[{"embeddable":true,"href":"https:\/\/blogi.eoppimispalvelut.fi\/ennakoi\/wp-json\/wp\/v2\/comments?post=89"}],"version-history":[{"count":12,"href":"https:\/\/blogi.eoppimispalvelut.fi\/ennakoi\/wp-json\/wp\/v2\/pages\/89\/revisions"}],"predecessor-version":[{"id":564,"href":"https:\/\/blogi.eoppimispalvelut.fi\/ennakoi\/wp-json\/wp\/v2\/pages\/89\/revisions\/564"}],"wp:attachment":[{"href":"https:\/\/blogi.eoppimispalvelut.fi\/ennakoi\/wp-json\/wp\/v2\/media?parent=89"}],"curies":[{"name":"wp","href":"https:\/\/api.w.org\/{rel}","templated":true}]}}