{"id":44,"date":"2020-02-24T15:23:03","date_gmt":"2020-02-24T13:23:03","guid":{"rendered":"https:\/\/blogi.eoppimispalvelut.fi\/erytila\/?page_id=44"},"modified":"2020-02-24T15:28:02","modified_gmt":"2020-02-24T13:28:02","slug":"tietoja-minusta","status":"publish","type":"page","link":"https:\/\/blogi.eoppimispalvelut.fi\/erytila\/tietoja-minusta\/","title":{"rendered":"Tietoja minusta"},"content":{"rendered":"<p>Hei! Olen 21-vuotias Kemil\u00e4inen ja opiskelen digitaalista myynti\u00e4 ja markkinointia Lapin Ammattikorkea koulussa.<\/p>\n<p>Ota yhteytt\u00e4 jos kiinnostuit: elisa.rytila@edu.lapinamk.fi<\/p>\n","protected":false},"excerpt":{"rendered":"<p>Hei! Olen 21-vuotias Kemil\u00e4inen ja opiskelen digitaalista myynti\u00e4 ja markkinointia Lapin Ammattikorkea koulussa. Ota yhteytt\u00e4 jos kiinnostuit: elisa.rytila@edu.lapinamk.fi<\/p>\n","protected":false},"author":3503,"featured_media":0,"parent":0,"menu_order":0,"comment_status":"closed","ping_status":"closed","template":"","meta":{"footnotes":""},"class_list":["post-44","page","type-page","status-publish","hentry","nodate","item-wrap"],"_links":{"self":[{"href":"https:\/\/blogi.eoppimispalvelut.fi\/erytila\/wp-json\/wp\/v2\/pages\/44","targetHints":{"allow":["GET"]}}],"collection":[{"href":"https:\/\/blogi.eoppimispalvelut.fi\/erytila\/wp-json\/wp\/v2\/pages"}],"about":[{"href":"https:\/\/blogi.eoppimispalvelut.fi\/erytila\/wp-json\/wp\/v2\/types\/page"}],"author":[{"embeddable":true,"href":"https:\/\/blogi.eoppimispalvelut.fi\/erytila\/wp-json\/wp\/v2\/users\/3503"}],"replies":[{"embeddable":true,"href":"https:\/\/blogi.eoppimispalvelut.fi\/erytila\/wp-json\/wp\/v2\/comments?post=44"}],"version-history":[{"count":3,"href":"https:\/\/blogi.eoppimispalvelut.fi\/erytila\/wp-json\/wp\/v2\/pages\/44\/revisions"}],"predecessor-version":[{"id":57,"href":"https:\/\/blogi.eoppimispalvelut.fi\/erytila\/wp-json\/wp\/v2\/pages\/44\/revisions\/57"}],"wp:attachment":[{"href":"https:\/\/blogi.eoppimispalvelut.fi\/erytila\/wp-json\/wp\/v2\/media?parent=44"}],"curies":[{"name":"wp","href":"https:\/\/api.w.org\/{rel}","templated":true}]}}