{"id":11,"date":"2020-07-03T09:31:44","date_gmt":"2020-07-03T06:31:44","guid":{"rendered":"https:\/\/blogi.eoppimispalvelut.fi\/etasote\/?page_id=11"},"modified":"2020-12-01T10:51:29","modified_gmt":"2020-12-01T08:51:29","slug":"roadshow","status":"publish","type":"page","link":"https:\/\/blogi.eoppimispalvelut.fi\/etasote\/roadshow\/","title":{"rendered":"Innovaatiop\u00e4iv\u00e4t"},"content":{"rendered":"<p>Et\u00e4sote-hanke j\u00e4rjest\u00e4\u00e4 Lapin alueen sote-alan yksityisen, julkisen ja kolmannen sektorin toimijoille, sek\u00e4 Lapin Amkin opiskelijoille innovaatiop\u00e4iv\u00e4t. Tapahtumat j\u00e4rjestet\u00e4\u00e4n et\u00e4n\u00e4.<\/p>\n<p>Uusimpia innovaatioitaan ovat esittelem\u00e4ss\u00e4 mm.<br \/>\n<a href=\"http:\/\/www.haltija.fi\">Haltija Oy<\/a><br \/>\n<a href=\"https:\/\/rehaboo.com\/\">Rehaboo Oy<\/a><br \/>\n<a href=\"https:\/\/seniortek.fi\/\">Seniortek Oy<\/a><br \/>\n<a href=\"https:\/\/www.medeka.fi\/\">Medeka Oy Oy<\/a><br \/>\n<a href=\"https:\/\/www.suvantocare.fi\/\">Suvanto Care Oy<\/a><br \/>\n<a href=\"http:\/\/www.arctic-connect.com\/\">Arctic Connect Oy<\/a><br \/>\n<a href=\"https:\/\/ainone.eu\/\">Ainone Balance Oy<\/a><\/p>\n<p><strong>Innovaatiop\u00e4iv\u00e4 keskiviikkona 11.11.2020, klo 9:00 &#8211; 14:15<br \/>\n<\/strong>Aiheena: Teknologiset ratkaisut kuntoutuksessa<br \/>\n&#8211; Alkusanat ja hankkeiden esittely<br \/>\n&#8211; Yritysten esittelyt<br \/>\n&#8211; Ty\u00f6pajat teemoittain:<br \/>\n1) Et\u00e4ohjaus, Arctic Connect<br \/>\n2) Liikkumisen virtuaalinen motivointi, Medeka<br \/>\n3) Terapia\/harjoittelu ja sen seuranta, Rehaboo ja Ainone Balance<br \/>\n4) P\u00e4ivitt\u00e4isen toimintakyvyn\/aktiivisuuden seuranta, Seniortek<br \/>\n5) Virkistys \u2013 aktivointi, Haltija<\/p>\n<p><span style=\"color: #00ccff\"><strong><a style=\"color: #00ccff\" href=\"https:\/\/youtu.be\/mQf9CLqtSeo\">11.11. p\u00e4iv\u00e4n tallenteeseen p\u00e4\u00e4set t\u00e4st\u00e4<\/a><\/strong><\/span><\/p>\n<p><strong>Innovaatiop\u00e4iv\u00e4 perjantaina 27.11.2020<\/p>\n<p><\/strong>Aiheena: Teknologiset ratkaisut ik\u00e4ihmisten kotihoidossa<br \/>\n&#8211; Alkusanat ja hankkeiden esittely<br \/>\n&#8211; Yritysten esittelyt<br \/>\n&#8211; Ty\u00f6pajat teemoittain:<br \/>\n1) Turvallinen asuminen, Seniortek<br \/>\n2) Teknologia kotihoidon ja omaisten tukena, Suvantocare<br \/>\n3) Et\u00e4ohjaus, Arctic Connect<br \/>\n4) Virkistys \u2013 aktivointi, Haltija<\/p>\n<p><a href=\"https:\/\/youtu.be\/FIh2qewgg7M\"><strong><span style=\"color: #00ccff\">27.11. p\u00e4iv\u00e4n tallenteeseen p\u00e4\u00e4st\u00e4 t\u00e4st\u00e4<\/span><\/strong><\/a><\/p>\n<p>&nbsp;<\/p>\n<figure id=\"attachment_272\" aria-describedby=\"caption-attachment-272\" style=\"width: 900px\" class=\"wp-caption alignnone\"><a href=\"https:\/\/blogi.eoppimispalvelut.fi\/etasote\/files\/2020\/10\/11.11.-aikataulu.jpg\"><img loading=\"lazy\" decoding=\"async\" class=\"size-medium wp-image-272\" src=\"https:\/\/blogi.eoppimispalvelut.fi\/etasote\/files\/2020\/10\/11.11.-aikataulu-900x1350.jpg\" alt=\"\" width=\"900\" height=\"1350\" srcset=\"https:\/\/blogi.eoppimispalvelut.fi\/etasote\/files\/2020\/10\/11.11.-aikataulu-900x1350.jpg 900w, https:\/\/blogi.eoppimispalvelut.fi\/etasote\/files\/2020\/10\/11.11.-aikataulu-768x1152.jpg 768w, https:\/\/blogi.eoppimispalvelut.fi\/etasote\/files\/2020\/10\/11.11.-aikataulu-1024x1536.jpg 1024w, https:\/\/blogi.eoppimispalvelut.fi\/etasote\/files\/2020\/10\/11.11.-aikataulu.jpg 1181w\" sizes=\"auto, (max-width: 706px) 89vw, (max-width: 767px) 82vw, 740px\" \/><\/a><figcaption id=\"caption-attachment-272\" class=\"wp-caption-text\">11.11. Innovaatiop\u00e4iv\u00e4n aikataulu<\/figcaption><\/figure>\n<p>&nbsp;<\/p>\n<figure id=\"attachment_273\" aria-describedby=\"caption-attachment-273\" style=\"width: 900px\" class=\"wp-caption alignnone\"><a href=\"https:\/\/blogi.eoppimispalvelut.fi\/etasote\/files\/2020\/10\/27.11.-aikataulu.jpg\"><img loading=\"lazy\" decoding=\"async\" class=\"size-medium wp-image-273\" src=\"https:\/\/blogi.eoppimispalvelut.fi\/etasote\/files\/2020\/10\/27.11.-aikataulu-900x1350.jpg\" alt=\"\" width=\"900\" height=\"1350\" srcset=\"https:\/\/blogi.eoppimispalvelut.fi\/etasote\/files\/2020\/10\/27.11.-aikataulu-900x1350.jpg 900w, https:\/\/blogi.eoppimispalvelut.fi\/etasote\/files\/2020\/10\/27.11.-aikataulu-768x1152.jpg 768w, https:\/\/blogi.eoppimispalvelut.fi\/etasote\/files\/2020\/10\/27.11.-aikataulu-1024x1536.jpg 1024w, https:\/\/blogi.eoppimispalvelut.fi\/etasote\/files\/2020\/10\/27.11.-aikataulu.jpg 1181w\" sizes=\"auto, (max-width: 706px) 89vw, (max-width: 767px) 82vw, 740px\" \/><\/a><figcaption id=\"caption-attachment-273\" class=\"wp-caption-text\">27.11. Innovaatiop\u00e4iv\u00e4n aikataulu<\/figcaption><\/figure>\n<hr \/>\n<p><a href=\"https:\/\/blogi.eoppimispalvelut.fi\/etasote\/etasote-hanke\/logo-rivi\/\" rel=\"attachment wp-att-142\"><img loading=\"lazy\" decoding=\"async\" class=\"alignnone size-medium wp-image-142\" src=\"https:\/\/blogi.eoppimispalvelut.fi\/etasote\/files\/2020\/08\/logo-rivi-900x112.jpg\" alt=\"\" width=\"900\" height=\"112\" srcset=\"https:\/\/blogi.eoppimispalvelut.fi\/etasote\/files\/2020\/08\/logo-rivi-900x112.jpg 900w, https:\/\/blogi.eoppimispalvelut.fi\/etasote\/files\/2020\/08\/logo-rivi-1280x159.jpg 1280w, https:\/\/blogi.eoppimispalvelut.fi\/etasote\/files\/2020\/08\/logo-rivi-768x96.jpg 768w, https:\/\/blogi.eoppimispalvelut.fi\/etasote\/files\/2020\/08\/logo-rivi-1536x191.jpg 1536w, https:\/\/blogi.eoppimispalvelut.fi\/etasote\/files\/2020\/08\/logo-rivi-2048x255.jpg 2048w\" sizes=\"auto, (max-width: 706px) 89vw, (max-width: 767px) 82vw, 740px\" \/><\/a><\/p>\n","protected":false},"excerpt":{"rendered":"<p>Et\u00e4sote-hanke j\u00e4rjest\u00e4\u00e4 Lapin alueen sote-alan yksityisen, julkisen ja kolmannen sektorin toimijoille, sek\u00e4 Lapin Amkin opiskelijoille innovaatiop\u00e4iv\u00e4t. Tapahtumat j\u00e4rjestet\u00e4\u00e4n et\u00e4n\u00e4. Uusimpia innovaatioitaan ovat esittelem\u00e4ss\u00e4 mm. Haltija Oy Rehaboo Oy Seniortek Oy Medeka Oy Oy Suvanto Care Oy Arctic Connect Oy Ainone Balance Oy Innovaatiop\u00e4iv\u00e4 keskiviikkona 11.11.2020, klo 9:00 &#8211; 14:15 Aiheena: Teknologiset ratkaisut kuntoutuksessa &#8211; Alkusanat &hellip; <\/p>\n<p class=\"link-more\"><a href=\"https:\/\/blogi.eoppimispalvelut.fi\/etasote\/roadshow\/\" class=\"more-link\">Jatka lukemista<span class=\"screen-reader-text\"> &#8220;Innovaatiop\u00e4iv\u00e4t&#8221;<\/span><\/a><\/p>\n","protected":false},"author":4411,"featured_media":0,"parent":0,"menu_order":0,"comment_status":"closed","ping_status":"closed","template":"","meta":{"footnotes":""},"class_list":["post-11","page","type-page","status-publish","hentry"],"_links":{"self":[{"href":"https:\/\/blogi.eoppimispalvelut.fi\/etasote\/wp-json\/wp\/v2\/pages\/11","targetHints":{"allow":["GET"]}}],"collection":[{"href":"https:\/\/blogi.eoppimispalvelut.fi\/etasote\/wp-json\/wp\/v2\/pages"}],"about":[{"href":"https:\/\/blogi.eoppimispalvelut.fi\/etasote\/wp-json\/wp\/v2\/types\/page"}],"author":[{"embeddable":true,"href":"https:\/\/blogi.eoppimispalvelut.fi\/etasote\/wp-json\/wp\/v2\/users\/4411"}],"replies":[{"embeddable":true,"href":"https:\/\/blogi.eoppimispalvelut.fi\/etasote\/wp-json\/wp\/v2\/comments?post=11"}],"version-history":[{"count":25,"href":"https:\/\/blogi.eoppimispalvelut.fi\/etasote\/wp-json\/wp\/v2\/pages\/11\/revisions"}],"predecessor-version":[{"id":371,"href":"https:\/\/blogi.eoppimispalvelut.fi\/etasote\/wp-json\/wp\/v2\/pages\/11\/revisions\/371"}],"wp:attachment":[{"href":"https:\/\/blogi.eoppimispalvelut.fi\/etasote\/wp-json\/wp\/v2\/media?parent=11"}],"curies":[{"name":"wp","href":"https:\/\/api.w.org\/{rel}","templated":true}]}}