{"id":189,"date":"2020-09-08T16:00:33","date_gmt":"2020-09-08T13:00:33","guid":{"rendered":"https:\/\/blogi.eoppimispalvelut.fi\/etasote\/?page_id=189"},"modified":"2020-09-09T15:17:26","modified_gmt":"2020-09-09T12:17:26","slug":"1-teeman-esitykset","status":"publish","type":"page","link":"https:\/\/blogi.eoppimispalvelut.fi\/etasote\/tallenteet\/1-teeman-esitykset\/","title":{"rendered":"1. teeman esitykset"},"content":{"rendered":"<h5><span style=\"color: #000000\"><strong>TEEMA 1: TIETOSUOJA JA TIETOTURVA<\/strong><\/span><\/h5>\n<ul>\n<li style=\"list-style-type: none\">\n<ul>\n<li>Tietosuojaan ja -turvallisuuteen liittyv\u00e4t m\u00e4\u00e4ritelm\u00e4t sek\u00e4 lains\u00e4\u00e4d\u00e4nt\u00f6<\/li>\n<li>Yrityksen toimintaa ohjaavat periaatteet, politiikat<\/li>\n<li>Riskien tunnistaminen, hallinta ja varautuminen<\/li>\n<li>Et\u00e4ty\u00f6skentelyyn ja et\u00e4palveluihin liittyv\u00e4t erityiskysymykset<\/li>\n<\/ul>\n<\/li>\n<\/ul>\n<p><a style=\"font-size: 1rem\" href=\"https:\/\/youtu.be\/ZloP0sGpkRM\">Kuuntele t\u00e4st\u00e4 webinaarin tallenne<\/a><\/p>\n<p>Webinaarin diat:<\/p>\n<p>[pdf-embedder url=&#8221;https:\/\/blogi.eoppimispalvelut.fi\/etasote\/files\/2020\/08\/Tietosuoja-ja-tietoturva.pdf&#8221; title=&#8221;Tietosuoja ja tietoturva&#8221;]<\/p>\n<p>&nbsp;<\/p>\n<p>&nbsp;<\/p>\n<p><a href=\"https:\/\/youtu.be\/Ppclxg4QL3A\">Kuuntele t\u00e4st\u00e4 klinikan tallenne<\/a><\/p>\n<p>Klinikan diat:<\/p>\n<p>[pdf-embedder url=&#8221;https:\/\/blogi.eoppimispalvelut.fi\/etasote\/files\/2020\/09\/Tietosuoja-ja-tietoturva-v2.pdf&#8221; title=&#8221;Tietosuoja ja tietoturva -v2&#8243;]<\/p>\n","protected":false},"excerpt":{"rendered":"<p>TEEMA 1: TIETOSUOJA JA TIETOTURVA Tietosuojaan ja -turvallisuuteen liittyv\u00e4t m\u00e4\u00e4ritelm\u00e4t sek\u00e4 lains\u00e4\u00e4d\u00e4nt\u00f6 Yrityksen toimintaa ohjaavat periaatteet, politiikat Riskien tunnistaminen, hallinta ja varautuminen Et\u00e4ty\u00f6skentelyyn ja et\u00e4palveluihin liittyv\u00e4t erityiskysymykset Kuuntele t\u00e4st\u00e4 webinaarin tallenne Webinaarin diat: [pdf-embedder url=&#8221;https:\/\/blogi.eoppimispalvelut.fi\/etasote\/files\/2020\/08\/Tietosuoja-ja-tietoturva.pdf&#8221; title=&#8221;Tietosuoja ja tietoturva&#8221;] &nbsp; &nbsp; Kuuntele t\u00e4st\u00e4 klinikan tallenne Klinikan diat: [pdf-embedder url=&#8221;https:\/\/blogi.eoppimispalvelut.fi\/etasote\/files\/2020\/09\/Tietosuoja-ja-tietoturva-v2.pdf&#8221; title=&#8221;Tietosuoja ja tietoturva -v2&#8243;]<\/p>\n","protected":false},"author":4411,"featured_media":0,"parent":12,"menu_order":0,"comment_status":"closed","ping_status":"closed","template":"","meta":{"footnotes":""},"class_list":["post-189","page","type-page","status-publish","hentry"],"_links":{"self":[{"href":"https:\/\/blogi.eoppimispalvelut.fi\/etasote\/wp-json\/wp\/v2\/pages\/189","targetHints":{"allow":["GET"]}}],"collection":[{"href":"https:\/\/blogi.eoppimispalvelut.fi\/etasote\/wp-json\/wp\/v2\/pages"}],"about":[{"href":"https:\/\/blogi.eoppimispalvelut.fi\/etasote\/wp-json\/wp\/v2\/types\/page"}],"author":[{"embeddable":true,"href":"https:\/\/blogi.eoppimispalvelut.fi\/etasote\/wp-json\/wp\/v2\/users\/4411"}],"replies":[{"embeddable":true,"href":"https:\/\/blogi.eoppimispalvelut.fi\/etasote\/wp-json\/wp\/v2\/comments?post=189"}],"version-history":[{"count":9,"href":"https:\/\/blogi.eoppimispalvelut.fi\/etasote\/wp-json\/wp\/v2\/pages\/189\/revisions"}],"predecessor-version":[{"id":214,"href":"https:\/\/blogi.eoppimispalvelut.fi\/etasote\/wp-json\/wp\/v2\/pages\/189\/revisions\/214"}],"up":[{"embeddable":true,"href":"https:\/\/blogi.eoppimispalvelut.fi\/etasote\/wp-json\/wp\/v2\/pages\/12"}],"wp:attachment":[{"href":"https:\/\/blogi.eoppimispalvelut.fi\/etasote\/wp-json\/wp\/v2\/media?parent=189"}],"curies":[{"name":"wp","href":"https:\/\/api.w.org\/{rel}","templated":true}]}}