{"id":195,"date":"2020-09-08T16:16:03","date_gmt":"2020-09-08T13:16:03","guid":{"rendered":"https:\/\/blogi.eoppimispalvelut.fi\/etasote\/?page_id=195"},"modified":"2020-09-18T13:46:56","modified_gmt":"2020-09-18T10:46:56","slug":"2-teeman-esitykset","status":"publish","type":"page","link":"https:\/\/blogi.eoppimispalvelut.fi\/etasote\/tallenteet\/2-teeman-esitykset\/","title":{"rendered":"2. teeman esitykset"},"content":{"rendered":"<h5><span style=\"color: #000000\"><strong>TEEMA 2: ERILAISET TEKNOLOGISET RATKAISUT JA SOVELLUKSET<\/strong><\/span><\/h5>\n<ul>\n<li style=\"list-style-type: none\">\n<ul>\n<li>L\u00e4ht\u00f6tilanteen selvitys<\/li>\n<li>Tarvekartoitus, taustakysymykset pilottialueille (Arki l\u00e4hemm\u00e4s)<\/li>\n<li>Erilaiset ratkaisut (luettelo ja esim miss\u00e4 k\u00e4ytetty, taulukko pilottien toteutuksista Arki l\u00e4hemm\u00e4s)<\/li>\n<li>Monialainen tiimi mukana suunnittelussa ja toteutuksessa (sis\u00e4lt\u00f6, teknologia, IT)<\/li>\n<li>Kustannustehokkuus<\/li>\n<\/ul>\n<\/li>\n<\/ul>\n<p>&nbsp;<\/p>\n<p><a href=\"https:\/\/youtu.be\/I7Qorp0zBjk\">Kuuntele t\u00e4st\u00e4 webinaarin tallenne<\/a><\/p>\n<p>&nbsp;<\/p>\n<p>Webinaarin diat:<\/p>\n<p>[pdf-embedder url=&#8221;https:\/\/blogi.eoppimispalvelut.fi\/etasote\/files\/2020\/09\/Teema2_teknologiset-ratkaisut-ja-sovellukset.pdf&#8221; title=&#8221;Teema2_teknologiset ratkaisut ja sovellukset&#8221;]<\/p>\n<p>&nbsp;<\/p>\n","protected":false},"excerpt":{"rendered":"<p>TEEMA 2: ERILAISET TEKNOLOGISET RATKAISUT JA SOVELLUKSET L\u00e4ht\u00f6tilanteen selvitys Tarvekartoitus, taustakysymykset pilottialueille (Arki l\u00e4hemm\u00e4s) Erilaiset ratkaisut (luettelo ja esim miss\u00e4 k\u00e4ytetty, taulukko pilottien toteutuksista Arki l\u00e4hemm\u00e4s) Monialainen tiimi mukana suunnittelussa ja toteutuksessa (sis\u00e4lt\u00f6, teknologia, IT) Kustannustehokkuus &nbsp; Kuuntele t\u00e4st\u00e4 webinaarin tallenne &nbsp; Webinaarin diat: [pdf-embedder url=&#8221;https:\/\/blogi.eoppimispalvelut.fi\/etasote\/files\/2020\/09\/Teema2_teknologiset-ratkaisut-ja-sovellukset.pdf&#8221; title=&#8221;Teema2_teknologiset ratkaisut ja sovellukset&#8221;] &nbsp;<\/p>\n","protected":false},"author":4411,"featured_media":0,"parent":12,"menu_order":0,"comment_status":"closed","ping_status":"closed","template":"","meta":{"footnotes":""},"class_list":["post-195","page","type-page","status-publish","hentry"],"_links":{"self":[{"href":"https:\/\/blogi.eoppimispalvelut.fi\/etasote\/wp-json\/wp\/v2\/pages\/195","targetHints":{"allow":["GET"]}}],"collection":[{"href":"https:\/\/blogi.eoppimispalvelut.fi\/etasote\/wp-json\/wp\/v2\/pages"}],"about":[{"href":"https:\/\/blogi.eoppimispalvelut.fi\/etasote\/wp-json\/wp\/v2\/types\/page"}],"author":[{"embeddable":true,"href":"https:\/\/blogi.eoppimispalvelut.fi\/etasote\/wp-json\/wp\/v2\/users\/4411"}],"replies":[{"embeddable":true,"href":"https:\/\/blogi.eoppimispalvelut.fi\/etasote\/wp-json\/wp\/v2\/comments?post=195"}],"version-history":[{"count":4,"href":"https:\/\/blogi.eoppimispalvelut.fi\/etasote\/wp-json\/wp\/v2\/pages\/195\/revisions"}],"predecessor-version":[{"id":235,"href":"https:\/\/blogi.eoppimispalvelut.fi\/etasote\/wp-json\/wp\/v2\/pages\/195\/revisions\/235"}],"up":[{"embeddable":true,"href":"https:\/\/blogi.eoppimispalvelut.fi\/etasote\/wp-json\/wp\/v2\/pages\/12"}],"wp:attachment":[{"href":"https:\/\/blogi.eoppimispalvelut.fi\/etasote\/wp-json\/wp\/v2\/media?parent=195"}],"curies":[{"name":"wp","href":"https:\/\/api.w.org\/{rel}","templated":true}]}}