{"id":222,"date":"2020-09-14T12:20:17","date_gmt":"2020-09-14T09:20:17","guid":{"rendered":"https:\/\/blogi.eoppimispalvelut.fi\/etasote\/?page_id=222"},"modified":"2020-09-21T09:12:02","modified_gmt":"2020-09-21T06:12:02","slug":"teema-3","status":"publish","type":"page","link":"https:\/\/blogi.eoppimispalvelut.fi\/etasote\/teema-3\/","title":{"rendered":"3. teeman esitykset"},"content":{"rendered":"<h5><span style=\"color: #000000\"><strong>TEEMA 3: ET\u00c4OHJAUKSEEN LIITTYV\u00c4 OSAAMINEN<\/strong><\/span><\/h5>\n<ul>\n<li style=\"list-style-type: none\">\n<ul>\n<li>Et\u00e4ohjauksen \/ -kuntoutuksen m\u00e4\u00e4ritelm\u00e4<\/li>\n<li>Et\u00e4ohjausosaamisen kartoitus<\/li>\n<li>Et\u00e4ohjaustilanteeseen valmistautuminen<\/li>\n<li>eAvustaja apuna et\u00e4ohjaustilanteessa<\/li>\n<li>Et\u00e4ohjauksessa huomioitavat vuorovaikutukselliset tekij\u00e4t<\/li>\n<li>Et\u00e4ohjauksen harjoittelu, simulaationa<\/li>\n<\/ul>\n<\/li>\n<\/ul>\n<p><a href=\"https:\/\/youtu.be\/_ZMxJap7UF0\">Webinaarin tallenteen n\u00e4et t\u00e4st\u00e4<\/a><\/p>\n<p>&nbsp;<\/p>\n<p>Webinaarin diat:<\/p>\n<p>[pdf-embedder url=&#8221;https:\/\/blogi.eoppimispalvelut.fi\/etasote\/files\/2020\/09\/Teema3_Et\u00e4ohjausosaaminen.pdf&#8221;]<\/p>\n<p>&nbsp;<\/p>\n<p>&nbsp;<\/p>\n","protected":false},"excerpt":{"rendered":"<p>TEEMA 3: ET\u00c4OHJAUKSEEN LIITTYV\u00c4 OSAAMINEN Et\u00e4ohjauksen \/ -kuntoutuksen m\u00e4\u00e4ritelm\u00e4 Et\u00e4ohjausosaamisen kartoitus Et\u00e4ohjaustilanteeseen valmistautuminen eAvustaja apuna et\u00e4ohjaustilanteessa Et\u00e4ohjauksessa huomioitavat vuorovaikutukselliset tekij\u00e4t Et\u00e4ohjauksen harjoittelu, simulaationa Webinaarin tallenteen n\u00e4et t\u00e4st\u00e4 &nbsp; Webinaarin diat: [pdf-embedder url=&#8221;https:\/\/blogi.eoppimispalvelut.fi\/etasote\/files\/2020\/09\/Teema3_Et\u00e4ohjausosaaminen.pdf&#8221;] &nbsp; &nbsp;<\/p>\n","protected":false},"author":4411,"featured_media":0,"parent":0,"menu_order":0,"comment_status":"closed","ping_status":"closed","template":"","meta":{"footnotes":""},"class_list":["post-222","page","type-page","status-publish","hentry"],"_links":{"self":[{"href":"https:\/\/blogi.eoppimispalvelut.fi\/etasote\/wp-json\/wp\/v2\/pages\/222","targetHints":{"allow":["GET"]}}],"collection":[{"href":"https:\/\/blogi.eoppimispalvelut.fi\/etasote\/wp-json\/wp\/v2\/pages"}],"about":[{"href":"https:\/\/blogi.eoppimispalvelut.fi\/etasote\/wp-json\/wp\/v2\/types\/page"}],"author":[{"embeddable":true,"href":"https:\/\/blogi.eoppimispalvelut.fi\/etasote\/wp-json\/wp\/v2\/users\/4411"}],"replies":[{"embeddable":true,"href":"https:\/\/blogi.eoppimispalvelut.fi\/etasote\/wp-json\/wp\/v2\/comments?post=222"}],"version-history":[{"count":4,"href":"https:\/\/blogi.eoppimispalvelut.fi\/etasote\/wp-json\/wp\/v2\/pages\/222\/revisions"}],"predecessor-version":[{"id":243,"href":"https:\/\/blogi.eoppimispalvelut.fi\/etasote\/wp-json\/wp\/v2\/pages\/222\/revisions\/243"}],"wp:attachment":[{"href":"https:\/\/blogi.eoppimispalvelut.fi\/etasote\/wp-json\/wp\/v2\/media?parent=222"}],"curies":[{"name":"wp","href":"https:\/\/api.w.org\/{rel}","templated":true}]}}