{"id":237,"date":"2020-09-18T13:53:47","date_gmt":"2020-09-18T10:53:47","guid":{"rendered":"https:\/\/blogi.eoppimispalvelut.fi\/etasote\/?page_id=237"},"modified":"2020-09-21T09:35:07","modified_gmt":"2020-09-21T06:35:07","slug":"4-teeman-esitykset","status":"publish","type":"page","link":"https:\/\/blogi.eoppimispalvelut.fi\/etasote\/4-teeman-esitykset\/","title":{"rendered":"4. teeman esitykset"},"content":{"rendered":"<h5><span style=\"color: #000000\"><strong>TEEMA 4: TY\u00d6N UUDELLEEN MUOTOILU<\/strong><\/span><\/h5>\n<ul>\n<li style=\"list-style-type: none\">\n<ul>\n<li>ty\u00f6n muotoilu \u2013 mit\u00e4 se voisi olla?<\/li>\n<li>ty\u00f6n muotoilun yhteydet ty\u00f6hyvinvointiin ja ty\u00f6n tuottavuuteen<\/li>\n<li>ty\u00f6n muotoilun ulottuvuudet: ty\u00f6aika, ty\u00f6tilat ja ty\u00f6tavat<\/li>\n<li>ty\u00f6n muotoilua yksin ja yhdess\u00e4<\/li>\n<li>ty\u00f6n muotoilun mahdollisuudet omissa ja ty\u00f6yhteis\u00f6n ty\u00f6prosesseissa<\/li>\n<\/ul>\n<\/li>\n<\/ul>\n<p><a href=\"https:\/\/youtu.be\/d64u8rsjH68\">Webinaarin tallenteeseen t\u00e4st\u00e4<\/a><\/p>\n<p>&nbsp;<\/p>\n<p>Webinaarin diat<\/p>\n<p>[pdf-embedder url=&#8221;https:\/\/blogi.eoppimispalvelut.fi\/etasote\/files\/2020\/09\/Ty\u00f6n-uudelleen-muotoilu-Webinaarin-materiaali-15.9.2020.pdf&#8221; title=&#8221;Ty\u00f6n uudelleen muotoilu Webinaarin materiaali 15.9.2020&#8243;]<\/p>\n<p>&nbsp;<\/p>\n<p>&nbsp;<\/p>\n","protected":false},"excerpt":{"rendered":"<p>TEEMA 4: TY\u00d6N UUDELLEEN MUOTOILU ty\u00f6n muotoilu \u2013 mit\u00e4 se voisi olla? ty\u00f6n muotoilun yhteydet ty\u00f6hyvinvointiin ja ty\u00f6n tuottavuuteen ty\u00f6n muotoilun ulottuvuudet: ty\u00f6aika, ty\u00f6tilat ja ty\u00f6tavat ty\u00f6n muotoilua yksin ja yhdess\u00e4 ty\u00f6n muotoilun mahdollisuudet omissa ja ty\u00f6yhteis\u00f6n ty\u00f6prosesseissa Webinaarin tallenteeseen t\u00e4st\u00e4 &nbsp; Webinaarin diat [pdf-embedder url=&#8221;https:\/\/blogi.eoppimispalvelut.fi\/etasote\/files\/2020\/09\/Ty\u00f6n-uudelleen-muotoilu-Webinaarin-materiaali-15.9.2020.pdf&#8221; title=&#8221;Ty\u00f6n uudelleen muotoilu Webinaarin materiaali 15.9.2020&#8243;] &nbsp; &nbsp;<\/p>\n","protected":false},"author":4411,"featured_media":0,"parent":0,"menu_order":0,"comment_status":"closed","ping_status":"closed","template":"","meta":{"footnotes":""},"class_list":["post-237","page","type-page","status-publish","hentry"],"_links":{"self":[{"href":"https:\/\/blogi.eoppimispalvelut.fi\/etasote\/wp-json\/wp\/v2\/pages\/237","targetHints":{"allow":["GET"]}}],"collection":[{"href":"https:\/\/blogi.eoppimispalvelut.fi\/etasote\/wp-json\/wp\/v2\/pages"}],"about":[{"href":"https:\/\/blogi.eoppimispalvelut.fi\/etasote\/wp-json\/wp\/v2\/types\/page"}],"author":[{"embeddable":true,"href":"https:\/\/blogi.eoppimispalvelut.fi\/etasote\/wp-json\/wp\/v2\/users\/4411"}],"replies":[{"embeddable":true,"href":"https:\/\/blogi.eoppimispalvelut.fi\/etasote\/wp-json\/wp\/v2\/comments?post=237"}],"version-history":[{"count":4,"href":"https:\/\/blogi.eoppimispalvelut.fi\/etasote\/wp-json\/wp\/v2\/pages\/237\/revisions"}],"predecessor-version":[{"id":248,"href":"https:\/\/blogi.eoppimispalvelut.fi\/etasote\/wp-json\/wp\/v2\/pages\/237\/revisions\/248"}],"wp:attachment":[{"href":"https:\/\/blogi.eoppimispalvelut.fi\/etasote\/wp-json\/wp\/v2\/media?parent=237"}],"curies":[{"name":"wp","href":"https:\/\/api.w.org\/{rel}","templated":true}]}}