{"id":240,"date":"2020-09-18T13:54:01","date_gmt":"2020-09-18T10:54:01","guid":{"rendered":"https:\/\/blogi.eoppimispalvelut.fi\/etasote\/?page_id=240"},"modified":"2020-10-01T11:52:21","modified_gmt":"2020-10-01T08:52:21","slug":"5-teeman-esitykset","status":"publish","type":"page","link":"https:\/\/blogi.eoppimispalvelut.fi\/etasote\/5-teeman-esitykset\/","title":{"rendered":"5. teeman esitykset"},"content":{"rendered":"<h5><span style=\"color: #000000\"><strong>TEEMA 5: TY\u00d6N ORGANISOINTI JA JOHTAMINEN MUUTOSTILANTEESSA<\/strong><\/span><\/h5>\n<ul>\n<li style=\"list-style-type: none\">\n<ul>\n<li>muuttuvan ty\u00f6n haasteet ja mahdollisuudet<\/li>\n<li>ty\u00f6el\u00e4m\u00e4n muutostilanteiden kohtaaminen \u2013 resilienssin vahvistaminen<\/li>\n<li>ty\u00f6n organisoinnin ja hallinnan keinoja<\/li>\n<li>johtajana muutoksessa<\/li>\n<\/ul>\n<\/li>\n<\/ul>\n<p><a href=\"https:\/\/youtu.be\/uQKwLt2L_o0\">Webinaarin tallenteen n\u00e4et t\u00e4st\u00e4<\/a><\/p>\n<p>Webinaarin diat<\/p>\n<p>[pdf-embedder url=&#8221;https:\/\/blogi.eoppimispalvelut.fi\/etasote\/files\/2020\/10\/Ty\u00f6n-organisointi-ja-johtaminen-muutoksessa-Webinaari-22.9.-ja-23.9.2020.pdf&#8221; title=&#8221;Ty\u00f6n organisointi ja johtaminen muutoksessa Webinaari 22.9. ja 23.9.2020&#8243;]<\/p>\n<p>&nbsp;<\/p>\n","protected":false},"excerpt":{"rendered":"<p>TEEMA 5: TY\u00d6N ORGANISOINTI JA JOHTAMINEN MUUTOSTILANTEESSA muuttuvan ty\u00f6n haasteet ja mahdollisuudet ty\u00f6el\u00e4m\u00e4n muutostilanteiden kohtaaminen \u2013 resilienssin vahvistaminen ty\u00f6n organisoinnin ja hallinnan keinoja johtajana muutoksessa Webinaarin tallenteen n\u00e4et t\u00e4st\u00e4 Webinaarin diat [pdf-embedder url=&#8221;https:\/\/blogi.eoppimispalvelut.fi\/etasote\/files\/2020\/10\/Ty\u00f6n-organisointi-ja-johtaminen-muutoksessa-Webinaari-22.9.-ja-23.9.2020.pdf&#8221; title=&#8221;Ty\u00f6n organisointi ja johtaminen muutoksessa Webinaari 22.9. ja 23.9.2020&#8243;] &nbsp;<\/p>\n","protected":false},"author":4411,"featured_media":0,"parent":0,"menu_order":0,"comment_status":"closed","ping_status":"closed","template":"","meta":{"footnotes":""},"class_list":["post-240","page","type-page","status-publish","hentry"],"_links":{"self":[{"href":"https:\/\/blogi.eoppimispalvelut.fi\/etasote\/wp-json\/wp\/v2\/pages\/240","targetHints":{"allow":["GET"]}}],"collection":[{"href":"https:\/\/blogi.eoppimispalvelut.fi\/etasote\/wp-json\/wp\/v2\/pages"}],"about":[{"href":"https:\/\/blogi.eoppimispalvelut.fi\/etasote\/wp-json\/wp\/v2\/types\/page"}],"author":[{"embeddable":true,"href":"https:\/\/blogi.eoppimispalvelut.fi\/etasote\/wp-json\/wp\/v2\/users\/4411"}],"replies":[{"embeddable":true,"href":"https:\/\/blogi.eoppimispalvelut.fi\/etasote\/wp-json\/wp\/v2\/comments?post=240"}],"version-history":[{"count":3,"href":"https:\/\/blogi.eoppimispalvelut.fi\/etasote\/wp-json\/wp\/v2\/pages\/240\/revisions"}],"predecessor-version":[{"id":261,"href":"https:\/\/blogi.eoppimispalvelut.fi\/etasote\/wp-json\/wp\/v2\/pages\/240\/revisions\/261"}],"wp:attachment":[{"href":"https:\/\/blogi.eoppimispalvelut.fi\/etasote\/wp-json\/wp\/v2\/media?parent=240"}],"curies":[{"name":"wp","href":"https:\/\/api.w.org\/{rel}","templated":true}]}}