{"id":277,"date":"2020-11-02T15:18:52","date_gmt":"2020-11-02T13:18:52","guid":{"rendered":"https:\/\/blogi.eoppimispalvelut.fi\/etasote\/?page_id=277"},"modified":"2020-11-11T14:26:27","modified_gmt":"2020-11-11T12:26:27","slug":"yhteistyossa-arki-lahemmas-hanke","status":"publish","type":"page","link":"https:\/\/blogi.eoppimispalvelut.fi\/etasote\/yhteistyossa-arki-lahemmas-hanke\/","title":{"rendered":"Yhteisty\u00f6ss\u00e4 Arki l\u00e4hemm\u00e4s &#8211; hanke"},"content":{"rendered":"<div class=\"css-1dbjc4n r-1adg3ll r-15d164r\">\n<div class=\"css-1dbjc4n\">\n<p class=\"css-901oao r-hkyrab r-1qd0xha r-a023e6 r-16dba41 r-ad9z0x r-bcqeeo r-qvutc0\" dir=\"auto\" data-testid=\"UserDescription\"><span class=\"css-901oao css-16my406 r-1qd0xha r-ad9z0x r-bcqeeo r-qvutc0\">Arki l\u00e4hemm\u00e4s hankkeessa (EMR) edistet\u00e4\u00e4n kuntoutuspalvelujen saatavuutta harvaan asutuilla maaseutualueilla sek\u00e4 monipuolistetaan palvelutarjontaa et\u00e4kuntoutusta hy\u00f6dynt\u00e4en.<\/span><\/p>\n<div dir=\"auto\" data-testid=\"UserDescription\">Lis\u00e4tietoja:<\/div>\n<div dir=\"auto\" data-testid=\"UserDescription\"><a href=\"https:\/\/www.oamk.fi\/c5\/fi\/tutkimus-ja-kehitys\/hankkeet\/arki-lahemmas\/\">https:\/\/www.oamk.fi\/c5\/fi\/tutkimus-ja-kehitys\/hankkeet\/arki-lahemmas\/<\/a><\/div>\n<div dir=\"auto\" data-testid=\"UserDescription\"><\/div>\n<div dir=\"auto\" data-testid=\"UserDescription\"><\/div>\n<div dir=\"auto\" data-testid=\"UserDescription\"><\/div>\n<\/div>\n<div class=\"css-1dbjc4n\">\n<div dir=\"auto\" data-testid=\"UserDescription\"><\/div>\n<p class=\"css-901oao r-hkyrab r-1qd0xha r-a023e6 r-16dba41 r-ad9z0x r-bcqeeo r-qvutc0\" dir=\"auto\" data-testid=\"UserDescription\"><span class=\"css-901oao css-16my406 r-1qd0xha r-ad9z0x r-bcqeeo r-qvutc0\"><strong>Hankkeen webinaari 1.12.2020 klo 9 \u2013 12!<\/strong><br \/>\nTule kuuntelemaan kokemuksia Arki l\u00e4hemm\u00e4s -hankkeen toteutuksesta ja tuloksista sek\u00e4 esimerkkej\u00e4 hyvist\u00e4 et\u00e4kuntoutuksen k\u00e4yt\u00e4nteist\u00e4. Ohjelma <\/span><span class=\"css-901oao css-16my406 r-1qd0xha r-ad9z0x r-bcqeeo r-qvutc0\">julkaistaan l\u00e4hemp\u00e4n\u00e4 tapahtuma-ajankohtaa.<\/span><\/p>\n<\/div>\n<\/div>\n<div dir=\"auto\" data-testid=\"UserDescription\"><a href=\"https:\/\/webropol.com\/s\/arkilahemmas01122020\">Ilmoittaudu t\u00e4st\u00e4 webinaariin<\/a><\/div>\n<div dir=\"auto\" data-testid=\"UserDescription\"><\/div>\n<div dir=\"auto\" data-testid=\"UserDescription\">Ilmoittautumisen takaraja on 15.11.<\/div>\n<div dir=\"auto\" data-testid=\"UserDescription\">Webinaarin osallistumislinkki l\u00e4hetet\u00e4\u00e4n ilmoittautuneille.<\/div>\n<div dir=\"auto\" data-testid=\"UserDescription\"><\/div>\n<div dir=\"auto\" data-testid=\"UserDescription\"><\/div>\n<div dir=\"auto\" data-testid=\"UserDescription\"><\/div>\n<div dir=\"auto\" data-testid=\"UserDescription\"><\/div>\n<div dir=\"auto\" data-testid=\"UserDescription\"><a href=\"https:\/\/blogi.eoppimispalvelut.fi\/etasote\/files\/2020\/11\/Arkilahemmas.jpg\"><img loading=\"lazy\" decoding=\"async\" class=\"size-full wp-image-286 alignleft\" src=\"https:\/\/blogi.eoppimispalvelut.fi\/etasote\/files\/2020\/11\/Arkilahemmas.jpg\" alt=\"\" width=\"615\" height=\"868\" \/><\/a><\/div>\n<div dir=\"auto\" data-testid=\"UserDescription\"><\/div>\n<div dir=\"auto\" data-testid=\"UserDescription\"><\/div>\n<div dir=\"auto\" data-testid=\"UserDescription\"><\/div>\n<div dir=\"auto\" data-testid=\"UserDescription\"><\/div>\n<div dir=\"auto\" data-testid=\"UserDescription\"><\/div>\n<div dir=\"auto\" data-testid=\"UserDescription\"><\/div>\n<div dir=\"auto\" data-testid=\"UserDescription\"><\/div>\n<div dir=\"auto\" data-testid=\"UserDescription\"><\/div>\n<div dir=\"auto\" data-testid=\"UserDescription\"><\/div>\n<div dir=\"auto\" data-testid=\"UserDescription\"><\/div>\n<div dir=\"auto\" data-testid=\"UserDescription\"><\/div>\n<div dir=\"auto\" data-testid=\"UserDescription\"><\/div>\n<div dir=\"auto\" data-testid=\"UserDescription\"><\/div>\n<div dir=\"auto\" data-testid=\"UserDescription\"><\/div>\n<div dir=\"auto\" data-testid=\"UserDescription\"><\/div>\n<div dir=\"auto\" data-testid=\"UserDescription\"><\/div>\n<div dir=\"auto\" data-testid=\"UserDescription\"><\/div>\n<div dir=\"auto\" data-testid=\"UserDescription\"><\/div>\n<div dir=\"auto\" data-testid=\"UserDescription\"><\/div>\n<div dir=\"auto\" data-testid=\"UserDescription\"><\/div>\n<div dir=\"auto\" data-testid=\"UserDescription\"><\/div>\n<div dir=\"auto\" data-testid=\"UserDescription\"><\/div>\n<div dir=\"auto\" data-testid=\"UserDescription\"><\/div>\n<div dir=\"auto\" data-testid=\"UserDescription\"><\/div>\n<div dir=\"auto\" data-testid=\"UserDescription\"><\/div>\n<div dir=\"auto\" data-testid=\"UserDescription\"><\/div>\n<div dir=\"auto\" data-testid=\"UserDescription\"><\/div>\n<div dir=\"auto\" data-testid=\"UserDescription\"><\/div>\n<div dir=\"auto\" data-testid=\"UserDescription\"><\/div>\n<div dir=\"auto\" data-testid=\"UserDescription\"><\/div>\n<div dir=\"auto\" data-testid=\"UserDescription\"><\/div>\n<div dir=\"auto\" data-testid=\"UserDescription\"><\/div>\n<div dir=\"auto\" data-testid=\"UserDescription\"><\/div>\n<div dir=\"auto\" data-testid=\"UserDescription\"><\/div>\n<div dir=\"auto\" data-testid=\"UserDescription\">[pdf-embedder url=&#8221;https:\/\/blogi.eoppimispalvelut.fi\/etasote\/files\/2020\/11\/OAMK-Arki-lahemmas_hanke_esittely_Roadshow_syksy2020_valmis.pdf&#8221; title=&#8221;OAMK Arki l\u00e4hemm\u00e4s_hanke_esittely_Roadshow_syksy2020_valmis&#8221;]<\/div>\n<div dir=\"auto\" data-testid=\"UserDescription\"><\/div>\n<div dir=\"auto\" data-testid=\"UserDescription\"><\/div>\n","protected":false},"excerpt":{"rendered":"<p>Arki l\u00e4hemm\u00e4s hankkeessa (EMR) edistet\u00e4\u00e4n kuntoutuspalvelujen saatavuutta harvaan asutuilla maaseutualueilla sek\u00e4 monipuolistetaan palvelutarjontaa et\u00e4kuntoutusta hy\u00f6dynt\u00e4en. Lis\u00e4tietoja: https:\/\/www.oamk.fi\/c5\/fi\/tutkimus-ja-kehitys\/hankkeet\/arki-lahemmas\/ Hankkeen webinaari 1.12.2020 klo 9 \u2013 12! Tule kuuntelemaan kokemuksia Arki l\u00e4hemm\u00e4s -hankkeen toteutuksesta ja tuloksista sek\u00e4 esimerkkej\u00e4 hyvist\u00e4 et\u00e4kuntoutuksen k\u00e4yt\u00e4nteist\u00e4. Ohjelma julkaistaan l\u00e4hemp\u00e4n\u00e4 tapahtuma-ajankohtaa. Ilmoittaudu t\u00e4st\u00e4 webinaariin Ilmoittautumisen takaraja on 15.11. Webinaarin osallistumislinkki l\u00e4hetet\u00e4\u00e4n ilmoittautuneille. [pdf-embedder url=&#8221;https:\/\/blogi.eoppimispalvelut.fi\/etasote\/files\/2020\/11\/OAMK-Arki-lahemmas_hanke_esittely_Roadshow_syksy2020_valmis.pdf&#8221; &hellip; <\/p>\n<p class=\"link-more\"><a href=\"https:\/\/blogi.eoppimispalvelut.fi\/etasote\/yhteistyossa-arki-lahemmas-hanke\/\" class=\"more-link\">Jatka lukemista<span class=\"screen-reader-text\"> &#8220;Yhteisty\u00f6ss\u00e4 Arki l\u00e4hemm\u00e4s &#8211; hanke&#8221;<\/span><\/a><\/p>\n","protected":false},"author":4411,"featured_media":0,"parent":0,"menu_order":0,"comment_status":"closed","ping_status":"closed","template":"","meta":{"footnotes":""},"class_list":["post-277","page","type-page","status-publish","hentry"],"_links":{"self":[{"href":"https:\/\/blogi.eoppimispalvelut.fi\/etasote\/wp-json\/wp\/v2\/pages\/277","targetHints":{"allow":["GET"]}}],"collection":[{"href":"https:\/\/blogi.eoppimispalvelut.fi\/etasote\/wp-json\/wp\/v2\/pages"}],"about":[{"href":"https:\/\/blogi.eoppimispalvelut.fi\/etasote\/wp-json\/wp\/v2\/types\/page"}],"author":[{"embeddable":true,"href":"https:\/\/blogi.eoppimispalvelut.fi\/etasote\/wp-json\/wp\/v2\/users\/4411"}],"replies":[{"embeddable":true,"href":"https:\/\/blogi.eoppimispalvelut.fi\/etasote\/wp-json\/wp\/v2\/comments?post=277"}],"version-history":[{"count":15,"href":"https:\/\/blogi.eoppimispalvelut.fi\/etasote\/wp-json\/wp\/v2\/pages\/277\/revisions"}],"predecessor-version":[{"id":344,"href":"https:\/\/blogi.eoppimispalvelut.fi\/etasote\/wp-json\/wp\/v2\/pages\/277\/revisions\/344"}],"wp:attachment":[{"href":"https:\/\/blogi.eoppimispalvelut.fi\/etasote\/wp-json\/wp\/v2\/media?parent=277"}],"curies":[{"name":"wp","href":"https:\/\/api.w.org\/{rel}","templated":true}]}}