{"id":9,"date":"2020-07-03T09:31:44","date_gmt":"2020-07-03T06:31:44","guid":{"rendered":"https:\/\/blogi.eoppimispalvelut.fi\/etasote\/?page_id=9"},"modified":"2020-12-18T09:27:57","modified_gmt":"2020-12-18T07:27:57","slug":"webinaarit","status":"publish","type":"page","link":"https:\/\/blogi.eoppimispalvelut.fi\/etasote\/webinaarit\/","title":{"rendered":"Webinaarit ja klinikat"},"content":{"rendered":"<h5><span style=\"color: #000000\">Syksyn 2020 webinaarit ja klinikat aiheittain:<\/span><\/h5>\n<p>Alta l\u00f6yd\u00e4t listan syksyn webinaareista ja klinikoista aihealueittain.<br \/>\nJokainen webinaari ja yhteinen klinikka toteutetaan kahdesti (aamu- ja iltap\u00e4iv\u00e4), joten voit ilmoittautua itsellesi sopivaan ajankohtaan.<\/p>\n<p>Klinikoilla keskustellaan yhdess\u00e4 webinaarin teemasta ja asiantuntijoille voi esitt\u00e4\u00e4 aiheeseen liittyvi\u00e4 kysymyksi\u00e4.<\/p>\n<p>Yksityiskohtaiset ohjaus- ja neuvontaklinikka on tarkempaa yksityist\u00e4 ohjausta yritt\u00e4j\u00e4lle aiheeseen liittyen. Yksityisi\u00e4 ohjauksia j\u00e4rjestet\u00e4\u00e4n kaksi kertaa \/teema ja ohjaukseen otetaan yritykset ilmoittautumisj\u00e4rjestyksess\u00e4.<\/p>\n<p>&nbsp;<\/p>\n<hr \/>\n<h5><span style=\"color: #000000\"><strong>TEEMA 1: Tietosuoja ja tietoturva<\/strong><\/span><\/h5>\n<ul>\n<li style=\"list-style-type: none\">\n<ul>\n<li>Tietosuojaan ja -turvallisuuteen liittyv\u00e4t m\u00e4\u00e4ritelm\u00e4t sek\u00e4 lains\u00e4\u00e4d\u00e4nt\u00f6<\/li>\n<li>Yrityksen toimintaa ohjaavat periaatteet, politiikat<\/li>\n<li>Riskien tunnistaminen, hallinta ja varautuminen<\/li>\n<li>Et\u00e4ty\u00f6skentelyyn ja et\u00e4palveluihin liittyv\u00e4t erityiskysymykset<\/li>\n<\/ul>\n<\/li>\n<\/ul>\n<p><strong>Esiintyj\u00e4t<\/strong> Jukka Rautakorpi, erityisasiantuntija, LapIt &amp; Jatta Kivel\u00e4, asiakkuusp\u00e4\u00e4llikk\u00f6, LapIt<br \/>\n<strong>Webinaarit<\/strong>\u00a0 6.10,\u00a0 klo 8.30-10.00\u00a0 (ilmoittautuminen 4.10. menness\u00e4)<br \/>\n<strong>Klinikat\u00a0 <\/strong>3.9, klo 17.00-18.30\u00a0 \u00a0\/\u00a0 \u00a04.9, klo 8.30-10.00 (ilmoittautuminen 1.9. menness\u00e4)<br \/>\n<strong>Yksityiskohtaiset ohjaus- ja konsultointiklinikat<\/strong> ajankohta sovitaan asiakkaan kanssa<\/p>\n<p>&nbsp;<\/p>\n<hr \/>\n<h5><span style=\"text-decoration: underline\"><span style=\"color: #000000;text-decoration: underline\"><strong>TEEMA 2: Erilaiset teknologiset ratkaisut ja sovellukset<\/strong><\/span><\/span><\/h5>\n<ul>\n<li style=\"list-style-type: none\">\n<ul>\n<li>L\u00e4ht\u00f6tilanteen selvitys<\/li>\n<li>Tarvekartoitus, taustakysymykset pilottialueille (Arki l\u00e4hemm\u00e4s)<\/li>\n<li>Erilaiset ratkaisut (luettelo ja esim miss\u00e4 k\u00e4ytetty, taulukko pilottien toteutuksista Arki l\u00e4hemm\u00e4s)<\/li>\n<li>Monialainen tiimi mukana suunnittelussa ja toteutuksessa (sis\u00e4lt\u00f6, teknologia, IT)<\/li>\n<li>Kustannustehokkuus<\/li>\n<\/ul>\n<\/li>\n<\/ul>\n<p><strong>Esiintyj\u00e4t<\/strong>\u00a0 Sari Arolaakso, TtM, fysioterapia &amp; Pirjo Lappalainen, toimintaterapeutti (YAMK), AmO, Oamk toimintaterapian lehtori, Arki l\u00e4hemm\u00e4s hanke projektip\u00e4\u00e4llikk\u00f6<br \/>\n<strong>Webinaarit<\/strong>\u00a0 1.9.2020,\u00a0 klo 8.30-10.00\u00a0 \/\u00a0 17.00-18.30\u00a0 (Ilmoittautuminen 30.8. menness\u00e4)<br \/>\n<strong>Klinikat<\/strong>\u00a0 7.9.2020,\u00a0 klo 8.30-10.00\u00a0 \/\u00a0 17.00-18.30\u00a0 (Ilmoittautuminen 5.9. menness\u00e4)<br \/>\n<strong>Yksityiskohtaiset ohjaus- ja konsultointiklinikat<\/strong>\u00a0 \u00a015.9.2020 (aika sovitaan erikseen, ilmoittautuminen 13.9. menness\u00e4)<\/p>\n<p>&nbsp;<\/p>\n<hr \/>\n<h5><span style=\"text-decoration: underline\"><span style=\"color: #000000;text-decoration: underline\"><strong>TEEMA 3: Et\u00e4ohjaukseen liittyv\u00e4 osaaminen<\/strong><\/span><\/span><\/h5>\n<ul>\n<li style=\"list-style-type: none\">\n<ul>\n<li>Et\u00e4ohjauksen \/ -kuntoutuksen m\u00e4\u00e4ritelm\u00e4<\/li>\n<li>Et\u00e4ohjausosaamisen kartoitus<\/li>\n<li>Et\u00e4ohjaustilanteeseen valmistautuminen<\/li>\n<li>eAvustaja apuna et\u00e4ohjaustilanteessa<\/li>\n<li>Et\u00e4ohjauksessa huomioitavat vuorovaikutukselliset tekij\u00e4t<\/li>\n<li>Et\u00e4ohjauksen harjoittelu, simulaationa<\/li>\n<\/ul>\n<\/li>\n<\/ul>\n<p><strong>Esiintyj\u00e4t<\/strong> Sari Arolaakso, TtM, fysioterapia, Sari Pet\u00e4j\u00e4 &amp; Marjukka Rasa lehtori, YTT, erikoissosiaality\u00f6ntekij\u00e4<br \/>\n<strong>Webinaarit<\/strong>\u00a0 11.9.2020,\u00a0 klo\u00a0 8.30-10.00\u00a0 \/\u00a0 17.00-18.30 \u00a0 (Ilmoittautuminen 9.9. menness\u00e4)<br \/>\n<strong>Klinikat\u00a0<\/strong> 15.9.2020,\u00a0 klo\u00a0 10.00-11.30 \/\u00a0 17.00-18.30\u00a0 \u00a0 (Ilmoittautuminen 13.9. menness\u00e4)<br \/>\n<strong>Yksityiskohtaiset ohjaus- ja konsultointiklinikat<\/strong> 21.9.\/24.9.\/25.9.2020 (sovitaan yrityksen kanssa, Ilmoittautuminen 18.9. menness\u00e4)<\/p>\n<h5><\/h5>\n<hr \/>\n<h5><span style=\"text-decoration: underline\"><span style=\"color: #000000;text-decoration: underline\"><strong>TEEMA 4: Ty\u00f6n uudelleen muotoilu<\/strong><\/span><\/span><\/h5>\n<ul>\n<li style=\"list-style-type: none\">\n<ul>\n<li>ty\u00f6n muotoilu \u2013 mit\u00e4 se voisi olla?<\/li>\n<li>ty\u00f6n muotoilun yhteydet ty\u00f6hyvinvointiin ja ty\u00f6n tuottavuuteen<\/li>\n<li>ty\u00f6n muotoilun ulottuvuudet: ty\u00f6aika, ty\u00f6tilat ja ty\u00f6tavat<\/li>\n<li>ty\u00f6n muotoilua yksin ja yhdess\u00e4<\/li>\n<li>ty\u00f6n muotoilun mahdollisuudet omissa ja ty\u00f6yhteis\u00f6n ty\u00f6prosesseissa<\/li>\n<\/ul>\n<\/li>\n<\/ul>\n<p><strong>Esiintyj\u00e4<\/strong>\u00a0 Anne Puro, lehtori, PsM, ty\u00f6- ja organisaatiopsykologi<br \/>\n<strong>Webinaarit\u00a0<\/strong> 15.9.2020 klo 8.30-10.00\u00a0 \/\u00a0 16.9.2020 klo 17.00-18.30 (Ilmoittautuminen 13.9. menness\u00e4)<br \/>\n<strong>Klinikat<\/strong>\u00a0 22.9.2020 klo 8.30-10.00\u00a0 \/\u00a0 23.9.2020 klo 17.00-18.30 (Ilmoittautuminen 20.9. menness\u00e4)<br \/>\n<strong>Yksityiskohtaiset ohjaus- ja konsultointiklinikat<\/strong> 28.-30.9.2020 (sovitaan yrityksen kanssa, Ilmoittautuminen 26.9. menness\u00e4)<\/p>\n<h5><\/h5>\n<hr \/>\n<h5><span style=\"text-decoration: underline\"><span style=\"color: #000000;text-decoration: underline\"><strong>TEEMA 5: Ty\u00f6n organisointi ja johtaminen muutostilanteessa<\/strong><\/span><\/span><\/h5>\n<ul>\n<li style=\"list-style-type: none\">\n<ul>\n<li>muuttuvan ty\u00f6n haasteet ja mahdollisuudet<\/li>\n<li>ty\u00f6el\u00e4m\u00e4n muutostilanteiden kohtaaminen \u2013 resilienssin vahvistaminen<\/li>\n<li>ty\u00f6n organisoinnin ja hallinnan keinoja<\/li>\n<li>johtajana muutoksessa<\/li>\n<\/ul>\n<\/li>\n<\/ul>\n<p><strong>Esiintyj\u00e4\u00a0<\/strong> Anne Puro, lehtori, PsM, ty\u00f6- ja organisaatiopsykologi<br \/>\n<strong>Webinaarit\u00a0<\/strong> 22.9.2020 klo 17.00-18.30 \/ 23.9.2020 klo 8.30-10.00 (Ilmoittautuminen 20.9. menness\u00e4)<br \/>\n<strong>Klinikat<\/strong>\u00a0 29.9.2020 klo 8.30-10.00 \/ 30.9.2020 klo 17.00-18.30\u00a0 (Ilmoittautuminen 27.9. menness\u00e4)<br \/>\n<strong>Yksityiskohtaiset ohjaus- ja konsultointiklinikat\u00a0<\/strong>5.-7.10.2020 (sovitaan yrityksen kanssa, Ilmoittautuminen 1.10. menness\u00e4)<\/p>\n<p>&nbsp;<\/p>\n<p>&nbsp;<\/p>\n<hr \/>\n<p><a href=\"https:\/\/blogi.eoppimispalvelut.fi\/etasote\/etasote-hanke\/logo-rivi\/\" rel=\"attachment wp-att-142\"><img loading=\"lazy\" decoding=\"async\" class=\"alignnone size-medium wp-image-142\" src=\"https:\/\/blogi.eoppimispalvelut.fi\/etasote\/files\/2020\/08\/logo-rivi-900x112.jpg\" alt=\"\" width=\"900\" height=\"112\" srcset=\"https:\/\/blogi.eoppimispalvelut.fi\/etasote\/files\/2020\/08\/logo-rivi-900x112.jpg 900w, https:\/\/blogi.eoppimispalvelut.fi\/etasote\/files\/2020\/08\/logo-rivi-1280x159.jpg 1280w, https:\/\/blogi.eoppimispalvelut.fi\/etasote\/files\/2020\/08\/logo-rivi-768x96.jpg 768w, https:\/\/blogi.eoppimispalvelut.fi\/etasote\/files\/2020\/08\/logo-rivi-1536x191.jpg 1536w, https:\/\/blogi.eoppimispalvelut.fi\/etasote\/files\/2020\/08\/logo-rivi-2048x255.jpg 2048w\" sizes=\"auto, (max-width: 706px) 89vw, (max-width: 767px) 82vw, 740px\" \/><\/a><\/p>\n","protected":false},"excerpt":{"rendered":"<p>Syksyn 2020 webinaarit ja klinikat aiheittain: Alta l\u00f6yd\u00e4t listan syksyn webinaareista ja klinikoista aihealueittain. Jokainen webinaari ja yhteinen klinikka toteutetaan kahdesti (aamu- ja iltap\u00e4iv\u00e4), joten voit ilmoittautua itsellesi sopivaan ajankohtaan. Klinikoilla keskustellaan yhdess\u00e4 webinaarin teemasta ja asiantuntijoille voi esitt\u00e4\u00e4 aiheeseen liittyvi\u00e4 kysymyksi\u00e4. Yksityiskohtaiset ohjaus- ja neuvontaklinikka on tarkempaa yksityist\u00e4 ohjausta yritt\u00e4j\u00e4lle aiheeseen liittyen. Yksityisi\u00e4 ohjauksia &hellip; <\/p>\n<p class=\"link-more\"><a href=\"https:\/\/blogi.eoppimispalvelut.fi\/etasote\/webinaarit\/\" class=\"more-link\">Jatka lukemista<span class=\"screen-reader-text\"> &#8220;Webinaarit ja klinikat&#8221;<\/span><\/a><\/p>\n","protected":false},"author":4411,"featured_media":0,"parent":0,"menu_order":0,"comment_status":"closed","ping_status":"closed","template":"","meta":{"footnotes":""},"class_list":["post-9","page","type-page","status-publish","hentry"],"_links":{"self":[{"href":"https:\/\/blogi.eoppimispalvelut.fi\/etasote\/wp-json\/wp\/v2\/pages\/9","targetHints":{"allow":["GET"]}}],"collection":[{"href":"https:\/\/blogi.eoppimispalvelut.fi\/etasote\/wp-json\/wp\/v2\/pages"}],"about":[{"href":"https:\/\/blogi.eoppimispalvelut.fi\/etasote\/wp-json\/wp\/v2\/types\/page"}],"author":[{"embeddable":true,"href":"https:\/\/blogi.eoppimispalvelut.fi\/etasote\/wp-json\/wp\/v2\/users\/4411"}],"replies":[{"embeddable":true,"href":"https:\/\/blogi.eoppimispalvelut.fi\/etasote\/wp-json\/wp\/v2\/comments?post=9"}],"version-history":[{"count":30,"href":"https:\/\/blogi.eoppimispalvelut.fi\/etasote\/wp-json\/wp\/v2\/pages\/9\/revisions"}],"predecessor-version":[{"id":386,"href":"https:\/\/blogi.eoppimispalvelut.fi\/etasote\/wp-json\/wp\/v2\/pages\/9\/revisions\/386"}],"wp:attachment":[{"href":"https:\/\/blogi.eoppimispalvelut.fi\/etasote\/wp-json\/wp\/v2\/media?parent=9"}],"curies":[{"name":"wp","href":"https:\/\/api.w.org\/{rel}","templated":true}]}}